{"id":54926,"date":"2021-03-27T19:57:56","date_gmt":"2021-03-27T18:57:56","guid":{"rendered":"http:\/\/museumek.eu\/?page_id=54926"},"modified":"2021-03-27T19:57:56","modified_gmt":"2021-03-27T18:57:56","slug":"axxxvi13","status":"publish","type":"page","link":"http:\/\/museumek.eu\/?page_id=54926","title":{"rendered":"A\/XXXVI\/13"},"content":{"rendered":"<p><strong>Abteilung Austria\/Ungarn\/B\u00f6hmen, Keramik 1860 \u2013 1960, Inventarnummer A\/XXXVI\/13<\/strong><\/p>\n<p>B. Bloch &#038; Co. Porzellan-, Majolika-, Ofen- u. Terracottafabriken, B\u00f6hmen\/Austria, Eichwald\/Dubi, um 1930, Tasse mit Unterteller eines Service, K\u00fcnstler unbekannt, Werks.-Nr. ohne, Exemplar Nr. ohne), gemarkt Firmenmarke mit dem Wort ORIGINAL halbkreisf\u00f6rmig, darunter in einem Sechseck E, neben dem E mittig ein Punkt, unter dem Sechseck Bloch &#038; Co, darunter EICHWALD, darunter Czechoslovakia gr\u00fcner Stempel auf Glasur (sowohl auf de rTasse, als auch auf dem Unterteller sowie zus\u00e4tzlich auf dem Unterteller, 1 brauner Stempel auf Glasur und 3 schwarzer Stempel auf Glasur, nicht signiert, Literatur: Waltraud Neuwirth, Bl\u00fchender Jugendstil, Band II, S. 223 ff., Beschreibung der Fabrik, weitere Literatur: Volker M\u00f6lle Riessner, Amphora, Die Porzellan- und Keramikmanufaktur in Nord-B\u00f6hmen, Seite 183, Beschreibung der Bloch&#8217;schen Fabriken, weitere Literatur: Dieter Z\u00fchlsdorff, Markenlexikon, Porzellan und Keramikreport 1885 &#8211; 1935, Seite 369, Werk-Teil 1., Gruppennummer des Werkteils 19., laufende Nummer der Gruppe 128, identische Marke (dort f\u00fcr die Zeit ab 1928) sowie Werk-Teil 3., laufende Nummer des Werkteils 305, dort Beschreibung der Bloch&#8217;schen Fabriken, weitere Literatur: Ludwig Danckert, Handbuch des Europ\u00e4ischen Porzellans, 7. Auflage, Seite 150\/151, kurze Beschreibung der Bloch&#8216; schen Fabriken, Seite 151, identische Marke, 1869 Gr\u00fcndung durch Anton Tschinkel Siderolithwaarenfabrik, aufgekauft 1885 von C. Teichert und firmiert als Mei\u00dfner Ofen- und Porzellanfabrik Filiale Eichwald, 1899 \u00dcbernahme durch Bernhard Bloch und Firmierung als B. Bloch &#038; Co. Porzellan-, Majolika-, Ofen- u. Terracottafabriken oder auch B. Bloch &#038; Co. Ofen- und Porzellanfabrik, 1921 Trennung in zwei Firmen, erstens Eichwalder Porzellan- und Ofenfabrik Bernhard Bloch &#038; Co. und zweitens B. Bloch (Inhaber Stella Bloch), sp\u00e4ter firmierte eine der Fabriken dann noch als Eichwalder Porzellan-, Ofen- und Wandplattenfabrik Dr. Widera &#038; Co., in unterschiedlicher Literatur wird die Historie der Bloch\u2018schen Fabriken unterschiedlich dargestellt,<br \/>\nTasse: H\u00f6he 6 cm, Breite 9, Unterteller Durchmesser 11 cm<\/p>\n<p><a href=\"http:\/\/museumek.eu\/?attachment_id=54862\" rel=\"attachment wp-att-54862\"><img loading=\"lazy\" src=\"http:\/\/museumek.eu\/wp-content\/uploads\/2011\/09\/Bloch-Service-Kanne-1-300x179.jpg\" alt=\"\" title=\"Bloch Service Kanne 1\" width=\"300\" height=\"179\" class=\"alignnone size-medium wp-image-54862\" srcset=\"http:\/\/museumek.eu\/wp-content\/uploads\/2011\/09\/Bloch-Service-Kanne-1-300x179.jpg 300w, http:\/\/museumek.eu\/wp-content\/uploads\/2011\/09\/Bloch-Service-Kanne-1-150x89.jpg 150w, http:\/\/museumek.eu\/wp-content\/uploads\/2011\/09\/Bloch-Service-Kanne-1-500x298.jpg 500w, http:\/\/museumek.eu\/wp-content\/uploads\/2011\/09\/Bloch-Service-Kanne-1.jpg 640w\" sizes=\"(max-width: 300px) 100vw, 300px\" \/><\/a><\/p>\n<p><a href=\"http:\/\/museumek.eu\/?attachment_id=54902\" rel=\"attachment wp-att-54902\"><img loading=\"lazy\" src=\"http:\/\/museumek.eu\/wp-content\/uploads\/2011\/09\/Bloch-Service-Tasse-1-300x217.jpg\" alt=\"\" title=\"Bloch Service Tasse 1\" width=\"300\" height=\"217\" class=\"alignnone size-medium wp-image-54902\" srcset=\"http:\/\/museumek.eu\/wp-content\/uploads\/2011\/09\/Bloch-Service-Tasse-1-300x217.jpg 300w, http:\/\/museumek.eu\/wp-content\/uploads\/2011\/09\/Bloch-Service-Tasse-1-150x108.jpg 150w, http:\/\/museumek.eu\/wp-content\/uploads\/2011\/09\/Bloch-Service-Tasse-1-413x300.jpg 413w, http:\/\/museumek.eu\/wp-content\/uploads\/2011\/09\/Bloch-Service-Tasse-1.jpg 640w\" sizes=\"(max-width: 300px) 100vw, 300px\" \/><\/a><\/p>\n<p><a href=\"http:\/\/museumek.eu\/?attachment_id=54903\" rel=\"attachment wp-att-54903\"><img loading=\"lazy\" src=\"http:\/\/museumek.eu\/wp-content\/uploads\/2011\/09\/Bloch-Service-Tasse-2-282x300.jpg\" alt=\"\" title=\"Bloch Service Tasse 2\" width=\"282\" height=\"300\" class=\"alignnone size-medium wp-image-54903\" srcset=\"http:\/\/museumek.eu\/wp-content\/uploads\/2011\/09\/Bloch-Service-Tasse-2-282x300.jpg 282w, http:\/\/museumek.eu\/wp-content\/uploads\/2011\/09\/Bloch-Service-Tasse-2-141x150.jpg 141w, http:\/\/museumek.eu\/wp-content\/uploads\/2011\/09\/Bloch-Service-Tasse-2.jpg 480w\" sizes=\"(max-width: 282px) 100vw, 282px\" \/><\/a><\/p>\n<p><a href=\"http:\/\/museumek.eu\/?attachment_id=54904\" rel=\"attachment wp-att-54904\"><img loading=\"lazy\" src=\"http:\/\/museumek.eu\/wp-content\/uploads\/2011\/09\/Bloch-Service-Tasse-3-260x300.jpg\" alt=\"\" title=\"Bloch Service Tasse 3\" width=\"260\" height=\"300\" class=\"alignnone size-medium wp-image-54904\" srcset=\"http:\/\/museumek.eu\/wp-content\/uploads\/2011\/09\/Bloch-Service-Tasse-3-260x300.jpg 260w, http:\/\/museumek.eu\/wp-content\/uploads\/2011\/09\/Bloch-Service-Tasse-3-130x150.jpg 130w, http:\/\/museumek.eu\/wp-content\/uploads\/2011\/09\/Bloch-Service-Tasse-3.jpg 480w\" sizes=\"(max-width: 260px) 100vw, 260px\" \/><\/a><\/p>\n<p><a href=\"http:\/\/museumek.eu\/?attachment_id=54905\" rel=\"attachment wp-att-54905\"><img loading=\"lazy\" src=\"http:\/\/museumek.eu\/wp-content\/uploads\/2011\/09\/Bloch-Service-Unterteller-1-296x300.jpg\" alt=\"\" title=\"Bloch Service Unterteller 1\" width=\"296\" height=\"300\" class=\"alignnone size-medium wp-image-54905\" srcset=\"http:\/\/museumek.eu\/wp-content\/uploads\/2011\/09\/Bloch-Service-Unterteller-1-296x300.jpg 296w, http:\/\/museumek.eu\/wp-content\/uploads\/2011\/09\/Bloch-Service-Unterteller-1-148x150.jpg 148w, http:\/\/museumek.eu\/wp-content\/uploads\/2011\/09\/Bloch-Service-Unterteller-1.jpg 480w\" sizes=\"(max-width: 296px) 100vw, 296px\" \/><\/a><\/p>\n<p><a href=\"http:\/\/museumek.eu\/?attachment_id=54906\" rel=\"attachment wp-att-54906\"><img loading=\"lazy\" src=\"http:\/\/museumek.eu\/wp-content\/uploads\/2011\/09\/Bloch-Service-Unterteller-2-300x290.jpg\" alt=\"\" title=\"Bloch Service Unterteller 2\" width=\"300\" height=\"290\" class=\"alignnone size-medium wp-image-54906\" srcset=\"http:\/\/museumek.eu\/wp-content\/uploads\/2011\/09\/Bloch-Service-Unterteller-2-300x290.jpg 300w, http:\/\/museumek.eu\/wp-content\/uploads\/2011\/09\/Bloch-Service-Unterteller-2-150x145.jpg 150w, http:\/\/museumek.eu\/wp-content\/uploads\/2011\/09\/Bloch-Service-Unterteller-2-310x300.jpg 310w, http:\/\/museumek.eu\/wp-content\/uploads\/2011\/09\/Bloch-Service-Unterteller-2.jpg 496w\" sizes=\"(max-width: 300px) 100vw, 300px\" \/><\/a><\/p>\n<p><a href=\"http:\/\/museumek.eu\/?attachment_id=54907\" rel=\"attachment wp-att-54907\"><img loading=\"lazy\" src=\"http:\/\/museumek.eu\/wp-content\/uploads\/2011\/09\/Bloch-Service-Unterteller-3-197x300.jpg\" alt=\"\" title=\"Bloch Service Unterteller 3\" width=\"197\" height=\"300\" class=\"alignnone size-medium wp-image-54907\" srcset=\"http:\/\/museumek.eu\/wp-content\/uploads\/2011\/09\/Bloch-Service-Unterteller-3-197x300.jpg 197w, http:\/\/museumek.eu\/wp-content\/uploads\/2011\/09\/Bloch-Service-Unterteller-3-98x150.jpg 98w, http:\/\/museumek.eu\/wp-content\/uploads\/2011\/09\/Bloch-Service-Unterteller-3.jpg 422w\" sizes=\"(max-width: 197px) 100vw, 197px\" \/><\/a><\/p>\n<p><a href=\"http:\/\/museumek.eu\/?attachment_id=54908\" rel=\"attachment wp-att-54908\"><img loading=\"lazy\" src=\"http:\/\/museumek.eu\/wp-content\/uploads\/2011\/09\/Bloch-Service-Unterteller-4-281x300.jpg\" alt=\"\" title=\"Bloch Service Unterteller 4\" width=\"281\" height=\"300\" class=\"alignnone size-medium wp-image-54908\" srcset=\"http:\/\/museumek.eu\/wp-content\/uploads\/2011\/09\/Bloch-Service-Unterteller-4-281x300.jpg 281w, http:\/\/museumek.eu\/wp-content\/uploads\/2011\/09\/Bloch-Service-Unterteller-4-140x150.jpg 140w, http:\/\/museumek.eu\/wp-content\/uploads\/2011\/09\/Bloch-Service-Unterteller-4.jpg 480w\" sizes=\"(max-width: 281px) 100vw, 281px\" \/><\/a><\/p>\n<p><a href=\"http:\/\/museumek.eu\/?attachment_id=54909\" rel=\"attachment wp-att-54909\"><img loading=\"lazy\" src=\"http:\/\/museumek.eu\/wp-content\/uploads\/2011\/09\/Bloch-Service-Unterteller-5-300x276.jpg\" alt=\"\" title=\"Bloch Service Unterteller 5\" width=\"300\" height=\"276\" class=\"alignnone size-medium wp-image-54909\" srcset=\"http:\/\/museumek.eu\/wp-content\/uploads\/2011\/09\/Bloch-Service-Unterteller-5-300x276.jpg 300w, http:\/\/museumek.eu\/wp-content\/uploads\/2011\/09\/Bloch-Service-Unterteller-5-150x138.jpg 150w, http:\/\/museumek.eu\/wp-content\/uploads\/2011\/09\/Bloch-Service-Unterteller-5-325x300.jpg 325w, http:\/\/museumek.eu\/wp-content\/uploads\/2011\/09\/Bloch-Service-Unterteller-5.jpg 520w\" sizes=\"(max-width: 300px) 100vw, 300px\" \/><\/a><\/p>\n<p><a href=\"http:\/\/museumek.eu\/?attachment_id=54910\" rel=\"attachment wp-att-54910\"><img loading=\"lazy\" src=\"http:\/\/museumek.eu\/wp-content\/uploads\/2011\/09\/Bloch-Service-Unterteller-6-284x300.jpg\" alt=\"\" title=\"Bloch Service Unterteller 6\" width=\"284\" height=\"300\" class=\"alignnone size-medium wp-image-54910\" srcset=\"http:\/\/museumek.eu\/wp-content\/uploads\/2011\/09\/Bloch-Service-Unterteller-6-284x300.jpg 284w, http:\/\/museumek.eu\/wp-content\/uploads\/2011\/09\/Bloch-Service-Unterteller-6-142x150.jpg 142w, http:\/\/museumek.eu\/wp-content\/uploads\/2011\/09\/Bloch-Service-Unterteller-6.jpg 480w\" sizes=\"(max-width: 284px) 100vw, 284px\" \/><\/a><\/p>\n","protected":false},"excerpt":{"rendered":"<p>Abteilung Austria\/Ungarn\/B\u00f6hmen, Keramik 1860 \u2013 1960, Inventarnummer A\/XXXVI\/13 B. Bloch &#038; Co. Porzellan-, Majolika-, Ofen- u. Terracottafabriken, B\u00f6hmen\/Austria, Eichwald\/Dubi, um 1930, Tasse mit Unterteller eines Service, K\u00fcnstler unbekannt, Werks.-Nr. ohne, Exemplar Nr. ohne), gemarkt Firmenmarke mit dem Wort ORIGINAL halbkreisf\u00f6rmig, &hellip; <a href=\"http:\/\/museumek.eu\/?page_id=54926\">Weiterlesen <span class=\"meta-nav\">&rarr;<\/span><\/a><\/p>\n","protected":false},"author":1,"featured_media":0,"parent":54918,"menu_order":13,"comment_status":"closed","ping_status":"open","template":"","meta":[],"_links":{"self":[{"href":"http:\/\/museumek.eu\/index.php?rest_route=\/wp\/v2\/pages\/54926"}],"collection":[{"href":"http:\/\/museumek.eu\/index.php?rest_route=\/wp\/v2\/pages"}],"about":[{"href":"http:\/\/museumek.eu\/index.php?rest_route=\/wp\/v2\/types\/page"}],"author":[{"embeddable":true,"href":"http:\/\/museumek.eu\/index.php?rest_route=\/wp\/v2\/users\/1"}],"replies":[{"embeddable":true,"href":"http:\/\/museumek.eu\/index.php?rest_route=%2Fwp%2Fv2%2Fcomments&post=54926"}],"version-history":[{"count":2,"href":"http:\/\/museumek.eu\/index.php?rest_route=\/wp\/v2\/pages\/54926\/revisions"}],"predecessor-version":[{"id":54928,"href":"http:\/\/museumek.eu\/index.php?rest_route=\/wp\/v2\/pages\/54926\/revisions\/54928"}],"up":[{"embeddable":true,"href":"http:\/\/museumek.eu\/index.php?rest_route=\/wp\/v2\/pages\/54918"}],"wp:attachment":[{"href":"http:\/\/museumek.eu\/index.php?rest_route=%2Fwp%2Fv2%2Fmedia&parent=54926"}],"curies":[{"name":"wp","href":"https:\/\/api.w.org\/{rel}","templated":true}]}}