{"id":55053,"date":"2021-03-30T20:21:36","date_gmt":"2021-03-30T18:21:36","guid":{"rendered":"http:\/\/museumek.eu\/?page_id=55053"},"modified":"2021-03-30T20:21:36","modified_gmt":"2021-03-30T18:21:36","slug":"ai188","status":"publish","type":"page","link":"http:\/\/museumek.eu\/?page_id=55053","title":{"rendered":"A\/I\/188"},"content":{"rendered":"<p><strong>Abteilung Austria\/Ungarn\/B\u00f6hmen, Keramik 1860 &#8211; 1960, Inventarnummer A\/I\/188<\/strong><\/p>\n<p>Friedrich Goldscheider Erste Wiener Terrakottafabrik, Austria, Wien, ca. 1895, Figur M\u00fcllerin beim Kirchgang, K\u00fcnstler unbekannt, Werks.-Nr. 520, Exemplar Nr. ohne, Modelleur Nr. ohne, gemarkt Firmenmarke mit F. GOLDSCHEIDER, darunter WIEN gepresst (der Stempel ist verkehrt herum aufgebracht worden) sowie 520 und VA (evtl. Signatur des K\u00fcnstlers) geritzt, nicht signiert, Literatur: Robert E. Dechant\/Filipp Goldscheider, Firmengeschichte und Werkverzeichnis, Seite 292, dort nicht erfasst sowie Seite 604, Firmenmarke Nr. GS 3 (f\u00fcr die Zeit 1887 \u2013 1897) identisch, die Urspr\u00fcnge der Firma gehen zur\u00fcck auf das Pilsener Handelsunternehmen Moritz Goldscheider der 1860\u2018 Jahre, nach dem Tode von Moritz Goldscheider werden die Br\u00fcder Eduard und Friedrich Goldscheider Eigent\u00fcmer und firmieren ab 1877 als M. Goldscheider\u2019s Erben, Thon-und Kunststeinmanufactur Werk Moldau und ab 1878 als Br\u00fcder Goldscheider, im Jahre 1878 wandert Friedrich Goldscheider nach Wien aus und Eduard f\u00fchrt die Firma in Pilsen bis zum Konkurs 1892 allein weiter, Friedrich Goldscheider firmiert in Wien ab 1880 als Goldscheider\u2019sche Porzellan-Manufaktur und Porzellanmalerei, neben Handelsgesch\u00e4ften betreibt die Firma vorwiegend die Porzellanmalerei, das Porzellan wird von b\u00f6hmischen Manufakturen bezogen und teilweise auch in B\u00f6hmen bemalt, ab 1885 \u00e4ndert sich die Firmierung in Goldscheider\u2019sche Porzellan-Manufaktur und Majolicafabrik, das Jahr 1885 gilt als das offizielle Gr\u00fcndungsjahr, ab 1887 bezeichnet Friedrich Goldscheider seine Fabrik als Erste Wiener Terracotta- und Majolika-Fabrik Friedrich Goldscheider oder als Erste Wiener Kunst-Terracotta-Fabrik und kunstgewerbliche Ateliers Friedrich Goldscheider und offiziell ab 1894 als Friedrich Goldscheider Erste Wiener Terrakottafabrik, Friedrich Goldscheider stirbt im Jahre 1897, seine Ehefrau Regine Goldscheider wird Alleineigent\u00fcmer und firmiert ab 1899 als Friedrich Goldscheider in Wien, Berlin und Leipzig, ab 1907 firmiert die Firma als Erste Wiener Terrakottafabrik und Atelier f\u00fcr k\u00fcnstlerische Fayencen Friedrich Goldscheider, im Jahre 1918 stirbt Regine und die S\u00f6hne Walter und Marcell Goldscheider werden Inhaber, ab 1921 \u00e4ndert sich die Firmierung in Wiener Manufaktur Friedrich Goldscheider, 1928 scheidet Marcell Goldscheider aus und gr\u00fcndet seine eigene Firma in Wien, 1939 wird die Firma arisiert und Josef Schuster wird Inhaber, Firmierung ab 1939, Wiener Manufaktur Friedrich Goldscheider Nachf., Inhaber Josef Schuster, ab 1941 lautet die Firmierung Wiener Manufaktur Josef Schuster, vorm. Friedrich Goldscheider, nach dem WK II erh\u00e4lt Friedrich Goldscheider seine Firma zur\u00fcck und firmiert ab 1950 wieder als Wiener Manufaktur Friedrich Goldscheider, in dieser Zeit verkauft er die Firma an die Majolikafabrik Carstens, in Fredelsloh, die in Fredelsloh Wiederauflagen alter Modelle in minderwertigem braunem Ton aber auch neue Modelle ebenfalls in dieser Tonart produziert, ab 1953 firmiert die Firma als Kunstkeramische Manufaktur Goldscheider GmbH und 1960 wird die Produktion in Fredelsloh eingestellt, zu dieser Figur ist zugeh\u00f6rig die Figur M\u00fcller, mit gleicher Werks.-Nr. 520, siehe MEK A\/I\/187, <strong> das MEK Exemplar dieser Figur ist eines der Wenigen erhalten gebliebenen Exemplare, wenn nicht sogar das Einzige erhalten gebliebene Exemplar<\/strong>,<br \/>\nH\u00f6he 30,5 cm, Breite 13,5 cm<\/p>\n<p><a href=\"http:\/\/museumek.eu\/?attachment_id=55030\" rel=\"attachment wp-att-55030\"><img loading=\"lazy\" src=\"http:\/\/museumek.eu\/wp-content\/uploads\/2020\/04\/Goldscheider-M\u00fcller-eines-Paares-12-226x300.jpg\" alt=\"\" title=\"Goldscheider M\u00fcller eines Paares 1\" width=\"226\" height=\"300\" class=\"alignnone size-medium wp-image-55030\" srcset=\"http:\/\/museumek.eu\/wp-content\/uploads\/2020\/04\/Goldscheider-M\u00fcller-eines-Paares-12-226x300.jpg 226w, http:\/\/museumek.eu\/wp-content\/uploads\/2020\/04\/Goldscheider-M\u00fcller-eines-Paares-12-113x150.jpg 113w, http:\/\/museumek.eu\/wp-content\/uploads\/2020\/04\/Goldscheider-M\u00fcller-eines-Paares-12.jpg 480w\" sizes=\"(max-width: 226px) 100vw, 226px\" \/><\/a><\/p>\n<p><a href=\"http:\/\/museumek.eu\/?attachment_id=55031\" rel=\"attachment wp-att-55031\"><img loading=\"lazy\" src=\"http:\/\/museumek.eu\/wp-content\/uploads\/2020\/04\/Goldscheider-M\u00fcllerin-eines-Paares-1-143x300.jpg\" alt=\"\" title=\"Goldscheider M\u00fcllerin eines Paares 1\" width=\"143\" height=\"300\" class=\"alignnone size-medium wp-image-55031\" srcset=\"http:\/\/museumek.eu\/wp-content\/uploads\/2020\/04\/Goldscheider-M\u00fcllerin-eines-Paares-1-143x300.jpg 143w, http:\/\/museumek.eu\/wp-content\/uploads\/2020\/04\/Goldscheider-M\u00fcllerin-eines-Paares-1-71x150.jpg 71w, http:\/\/museumek.eu\/wp-content\/uploads\/2020\/04\/Goldscheider-M\u00fcllerin-eines-Paares-1.jpg 306w\" sizes=\"(max-width: 143px) 100vw, 143px\" \/><\/a><\/p>\n<p><a href=\"http:\/\/museumek.eu\/?attachment_id=55032\" rel=\"attachment wp-att-55032\"><img loading=\"lazy\" src=\"http:\/\/museumek.eu\/wp-content\/uploads\/2020\/04\/Goldscheider-M\u00fcllerin-eines-Paares-2-100x300.jpg\" alt=\"\" title=\"Goldscheider M\u00fcllerin eines Paares 2\" width=\"100\" height=\"300\" class=\"alignnone size-medium wp-image-55032\" srcset=\"http:\/\/museumek.eu\/wp-content\/uploads\/2020\/04\/Goldscheider-M\u00fcllerin-eines-Paares-2-100x300.jpg 100w, http:\/\/museumek.eu\/wp-content\/uploads\/2020\/04\/Goldscheider-M\u00fcllerin-eines-Paares-2-50x150.jpg 50w\" sizes=\"(max-width: 100px) 100vw, 100px\" \/><\/a><\/p>\n<p><a href=\"http:\/\/museumek.eu\/?attachment_id=55033\" rel=\"attachment wp-att-55033\"><img loading=\"lazy\" src=\"http:\/\/museumek.eu\/wp-content\/uploads\/2020\/04\/Goldscheider-M\u00fcllerin-eines-Paares-3-107x300.jpg\" alt=\"\" title=\"Goldscheider M\u00fcllerin eines Paares 3\" width=\"107\" height=\"300\" class=\"alignnone size-medium wp-image-55033\" srcset=\"http:\/\/museumek.eu\/wp-content\/uploads\/2020\/04\/Goldscheider-M\u00fcllerin-eines-Paares-3-107x300.jpg 107w, http:\/\/museumek.eu\/wp-content\/uploads\/2020\/04\/Goldscheider-M\u00fcllerin-eines-Paares-3-53x150.jpg 53w\" sizes=\"(max-width: 107px) 100vw, 107px\" \/><\/a><\/p>\n<p><a href=\"http:\/\/museumek.eu\/?attachment_id=55034\" rel=\"attachment wp-att-55034\"><img loading=\"lazy\" src=\"http:\/\/museumek.eu\/wp-content\/uploads\/2020\/04\/Goldscheider-M\u00fcllerin-eines-Paares-4-134x300.jpg\" alt=\"\" title=\"Goldscheider M\u00fcllerin eines Paares 4\" width=\"134\" height=\"300\" class=\"alignnone size-medium wp-image-55034\" srcset=\"http:\/\/museumek.eu\/wp-content\/uploads\/2020\/04\/Goldscheider-M\u00fcllerin-eines-Paares-4-134x300.jpg 134w, http:\/\/museumek.eu\/wp-content\/uploads\/2020\/04\/Goldscheider-M\u00fcllerin-eines-Paares-4-67x150.jpg 67w, http:\/\/museumek.eu\/wp-content\/uploads\/2020\/04\/Goldscheider-M\u00fcllerin-eines-Paares-4.jpg 286w\" sizes=\"(max-width: 134px) 100vw, 134px\" \/><\/a><\/p>\n<p><a href=\"http:\/\/museumek.eu\/?attachment_id=55035\" rel=\"attachment wp-att-55035\"><img loading=\"lazy\" src=\"http:\/\/museumek.eu\/wp-content\/uploads\/2020\/04\/Goldscheider-M\u00fcllerin-eines-Paares-5-211x300.jpg\" alt=\"\" title=\"Goldscheider M\u00fcllerin eines Paares 5\" width=\"211\" height=\"300\" class=\"alignnone size-medium wp-image-55035\" srcset=\"http:\/\/museumek.eu\/wp-content\/uploads\/2020\/04\/Goldscheider-M\u00fcllerin-eines-Paares-5-211x300.jpg 211w, http:\/\/museumek.eu\/wp-content\/uploads\/2020\/04\/Goldscheider-M\u00fcllerin-eines-Paares-5-105x150.jpg 105w, http:\/\/museumek.eu\/wp-content\/uploads\/2020\/04\/Goldscheider-M\u00fcllerin-eines-Paares-5.jpg 452w\" sizes=\"(max-width: 211px) 100vw, 211px\" \/><\/a><\/p>\n<p><a href=\"http:\/\/museumek.eu\/?attachment_id=55036\" rel=\"attachment wp-att-55036\"><img loading=\"lazy\" src=\"http:\/\/museumek.eu\/wp-content\/uploads\/2020\/04\/Goldscheider-M\u00fcllerin-eines-Paares-6-159x300.jpg\" alt=\"\" title=\"Goldscheider M\u00fcllerin eines Paares 6\" width=\"159\" height=\"300\" class=\"alignnone size-medium wp-image-55036\" srcset=\"http:\/\/museumek.eu\/wp-content\/uploads\/2020\/04\/Goldscheider-M\u00fcllerin-eines-Paares-6-159x300.jpg 159w, http:\/\/museumek.eu\/wp-content\/uploads\/2020\/04\/Goldscheider-M\u00fcllerin-eines-Paares-6-79x150.jpg 79w\" sizes=\"(max-width: 159px) 100vw, 159px\" \/><\/a><\/p>\n<p><a href=\"http:\/\/museumek.eu\/?attachment_id=55037\" rel=\"attachment wp-att-55037\"><img loading=\"lazy\" src=\"http:\/\/museumek.eu\/wp-content\/uploads\/2020\/04\/Goldscheider-M\u00fcllerin-eines-Paares-7-300x214.jpg\" alt=\"\" title=\"Goldscheider M\u00fcllerin eines Paares 7\" width=\"300\" height=\"214\" class=\"alignnone size-medium wp-image-55037\" srcset=\"http:\/\/museumek.eu\/wp-content\/uploads\/2020\/04\/Goldscheider-M\u00fcllerin-eines-Paares-7-300x214.jpg 300w, http:\/\/museumek.eu\/wp-content\/uploads\/2020\/04\/Goldscheider-M\u00fcllerin-eines-Paares-7-150x107.jpg 150w, http:\/\/museumek.eu\/wp-content\/uploads\/2020\/04\/Goldscheider-M\u00fcllerin-eines-Paares-7-420x300.jpg 420w, http:\/\/museumek.eu\/wp-content\/uploads\/2020\/04\/Goldscheider-M\u00fcllerin-eines-Paares-7.jpg 640w\" sizes=\"(max-width: 300px) 100vw, 300px\" \/><\/a><\/p>\n<p><a href=\"http:\/\/museumek.eu\/?attachment_id=55038\" rel=\"attachment wp-att-55038\"><img loading=\"lazy\" src=\"http:\/\/museumek.eu\/wp-content\/uploads\/2020\/04\/Goldscheider-M\u00fcllerin-eines-Paares-8-300x227.jpg\" alt=\"\" title=\"Goldscheider M\u00fcllerin eines Paares 8\" width=\"300\" height=\"227\" class=\"alignnone size-medium wp-image-55038\" srcset=\"http:\/\/museumek.eu\/wp-content\/uploads\/2020\/04\/Goldscheider-M\u00fcllerin-eines-Paares-8-300x227.jpg 300w, http:\/\/museumek.eu\/wp-content\/uploads\/2020\/04\/Goldscheider-M\u00fcllerin-eines-Paares-8-150x113.jpg 150w, http:\/\/museumek.eu\/wp-content\/uploads\/2020\/04\/Goldscheider-M\u00fcllerin-eines-Paares-8-395x300.jpg 395w, http:\/\/museumek.eu\/wp-content\/uploads\/2020\/04\/Goldscheider-M\u00fcllerin-eines-Paares-8.jpg 632w\" sizes=\"(max-width: 300px) 100vw, 300px\" \/><\/a><\/p>\n<p><a href=\"http:\/\/museumek.eu\/?attachment_id=55039\" rel=\"attachment wp-att-55039\"><img loading=\"lazy\" src=\"http:\/\/museumek.eu\/wp-content\/uploads\/2020\/04\/Goldscheider-M\u00fcllerin-eines-Paares-9-300x187.jpg\" alt=\"\" title=\"Goldscheider M\u00fcllerin eines Paares 9\" width=\"300\" height=\"187\" class=\"alignnone size-medium wp-image-55039\" srcset=\"http:\/\/museumek.eu\/wp-content\/uploads\/2020\/04\/Goldscheider-M\u00fcllerin-eines-Paares-9-300x187.jpg 300w, http:\/\/museumek.eu\/wp-content\/uploads\/2020\/04\/Goldscheider-M\u00fcllerin-eines-Paares-9-150x93.jpg 150w, http:\/\/museumek.eu\/wp-content\/uploads\/2020\/04\/Goldscheider-M\u00fcllerin-eines-Paares-9-481x300.jpg 481w, http:\/\/museumek.eu\/wp-content\/uploads\/2020\/04\/Goldscheider-M\u00fcllerin-eines-Paares-9.jpg 640w\" sizes=\"(max-width: 300px) 100vw, 300px\" \/><\/a><\/p>\n<p><a href=\"http:\/\/museumek.eu\/?attachment_id=55040\" rel=\"attachment wp-att-55040\"><img loading=\"lazy\" src=\"http:\/\/museumek.eu\/wp-content\/uploads\/2020\/04\/Goldscheider-M\u00fcllerin-eines-Paares-10-300x220.jpg\" alt=\"\" title=\"Goldscheider M\u00fcllerin eines Paares 10\" width=\"300\" height=\"220\" class=\"alignnone size-medium wp-image-55040\" srcset=\"http:\/\/museumek.eu\/wp-content\/uploads\/2020\/04\/Goldscheider-M\u00fcllerin-eines-Paares-10-300x220.jpg 300w, http:\/\/museumek.eu\/wp-content\/uploads\/2020\/04\/Goldscheider-M\u00fcllerin-eines-Paares-10-150x110.jpg 150w, http:\/\/museumek.eu\/wp-content\/uploads\/2020\/04\/Goldscheider-M\u00fcllerin-eines-Paares-10-407x300.jpg 407w, http:\/\/museumek.eu\/wp-content\/uploads\/2020\/04\/Goldscheider-M\u00fcllerin-eines-Paares-10.jpg 640w\" sizes=\"(max-width: 300px) 100vw, 300px\" \/><\/a><\/p>\n<p><a href=\"http:\/\/museumek.eu\/?attachment_id=55041\" rel=\"attachment wp-att-55041\"><img loading=\"lazy\" src=\"http:\/\/museumek.eu\/wp-content\/uploads\/2020\/04\/Goldscheider-M\u00fcllerin-eines-Paares-11-300x282.jpg\" alt=\"\" title=\"Goldscheider M\u00fcllerin eines Paares 11\" width=\"300\" height=\"282\" class=\"alignnone size-medium wp-image-55041\" srcset=\"http:\/\/museumek.eu\/wp-content\/uploads\/2020\/04\/Goldscheider-M\u00fcllerin-eines-Paares-11-300x282.jpg 300w, http:\/\/museumek.eu\/wp-content\/uploads\/2020\/04\/Goldscheider-M\u00fcllerin-eines-Paares-11-150x141.jpg 150w, http:\/\/museumek.eu\/wp-content\/uploads\/2020\/04\/Goldscheider-M\u00fcllerin-eines-Paares-11-318x300.jpg 318w, http:\/\/museumek.eu\/wp-content\/uploads\/2020\/04\/Goldscheider-M\u00fcllerin-eines-Paares-11.jpg 509w\" sizes=\"(max-width: 300px) 100vw, 300px\" \/><\/a><\/p>\n","protected":false},"excerpt":{"rendered":"<p>Abteilung Austria\/Ungarn\/B\u00f6hmen, Keramik 1860 &#8211; 1960, Inventarnummer A\/I\/188 Friedrich Goldscheider Erste Wiener Terrakottafabrik, Austria, Wien, ca. 1895, Figur M\u00fcllerin beim Kirchgang, K\u00fcnstler unbekannt, Werks.-Nr. 520, Exemplar Nr. ohne, Modelleur Nr. ohne, gemarkt Firmenmarke mit F. GOLDSCHEIDER, darunter WIEN gepresst (der &hellip; <a href=\"http:\/\/museumek.eu\/?page_id=55053\">Weiterlesen <span class=\"meta-nav\">&rarr;<\/span><\/a><\/p>\n","protected":false},"author":1,"featured_media":0,"parent":45965,"menu_order":188,"comment_status":"closed","ping_status":"open","template":"","meta":[],"_links":{"self":[{"href":"http:\/\/museumek.eu\/index.php?rest_route=\/wp\/v2\/pages\/55053"}],"collection":[{"href":"http:\/\/museumek.eu\/index.php?rest_route=\/wp\/v2\/pages"}],"about":[{"href":"http:\/\/museumek.eu\/index.php?rest_route=\/wp\/v2\/types\/page"}],"author":[{"embeddable":true,"href":"http:\/\/museumek.eu\/index.php?rest_route=\/wp\/v2\/users\/1"}],"replies":[{"embeddable":true,"href":"http:\/\/museumek.eu\/index.php?rest_route=%2Fwp%2Fv2%2Fcomments&post=55053"}],"version-history":[{"count":2,"href":"http:\/\/museumek.eu\/index.php?rest_route=\/wp\/v2\/pages\/55053\/revisions"}],"predecessor-version":[{"id":55055,"href":"http:\/\/museumek.eu\/index.php?rest_route=\/wp\/v2\/pages\/55053\/revisions\/55055"}],"up":[{"embeddable":true,"href":"http:\/\/museumek.eu\/index.php?rest_route=\/wp\/v2\/pages\/45965"}],"wp:attachment":[{"href":"http:\/\/museumek.eu\/index.php?rest_route=%2Fwp%2Fv2%2Fmedia&parent=55053"}],"curies":[{"name":"wp","href":"https:\/\/api.w.org\/{rel}","templated":true}]}}