{"id":55066,"date":"2021-03-31T19:28:13","date_gmt":"2021-03-31T17:28:13","guid":{"rendered":"http:\/\/museumek.eu\/?page_id=55066"},"modified":"2021-04-01T16:00:19","modified_gmt":"2021-04-01T14:00:19","slug":"fotos-und-beschreibung","status":"publish","type":"page","link":"http:\/\/museumek.eu\/?page_id=55066","title":{"rendered":"Fotos und Beschreibung"},"content":{"rendered":"<p><strong>Abteilung Deutschland, Keramik 1860 \u2013 1960, Inventarnummer D\/CXCI\/1<\/strong><\/p>\n<p>Porzellanfabrik und &#8211; malerei Franz Prause und Nachf. Porzellanfabrik Franz Prause GmbH, Deutschland\/Schlesien, Altwasser, dann Niedersalzbrunn, 1921 bis um 1933, Aschenbecher, K\u00fcnstler unbekannt, Werks.-Nr. ohne, Exemplar Nr. ohne, gemarkt Firmenmarke mit Kreis, in diesem Kreis ein kleinerer Kreis, zwischen diesen beiden Kreisen Franz Prause Nieder-Salzbrunn, im kleinen Kreis FP (F gespiegelt) f\u00fcr Franz Prause und NS f\u00fcr Niedersalzbrunn dunkelgr\u00fcner Stempel unter Glasur, nicht signiert, Literatur: Robert E. R\u00f6ntgen, Deutsche Porzellanmarken von 1710 bis heute, Seite 259, Marke 2005 identisch (dort f\u00fcr die Zeit nach 1910 bis ca. 1936), weitere Literatur: Dieter Z\u00fchlsdorff, Markenlexikon, Band 1, Porzellan und Keramik Report 1885 &#8211; 1935, Seite 97, Werk- Teil 1., Gruppenummer des Werkteils 1., laufende Nummer innerhalb der Gruppe 2001, identische Marke (dort f\u00fcr die Zeit nach 1910) sowie Seite 575, Werkteil- Nummer 3., laufende Nummer des Werkteils 925, dort kurze unvollst\u00e4ndige Beschreibung der Fabrik, weitere Literatur: Ludwig Danckert, Handbuch des Europ\u00e4ischen Porzellans, 7. Auflage, Seite 478, dort kurze unvollst\u00e4ndige Beschreibung der Fabrik sowie identische Marke, weitere Literatur: Gustav Wei\u00df, Ullstein Porzellanbuch, Seite 287, Marke Nr. 13 identisch (dort f\u00fcr die Zeit 1899), weitere Literatur: Gerhard Schmidt-Stein, Schlesisches Porzellan vor 1945, Seite 148 ff., dort ausf\u00fchrliche Beschreibung der Fabrik, Seite 150, identische Marke (f\u00fcr die Zeit 1921 bis ca. 1933), die Anf\u00e4nge der Fabrik gehen zur\u00fcck bis 1849, wohl dem Jahr in dem Franz Prause seine Porzellanmalerei in Altwasser gr\u00fcndete, Prause f\u00fchrte wohl gleichzeitig ein Gesch\u00e4ft f\u00fcr Porzellan- Glas- und Topfwaren, Prause verstarb wohl vor 1882 und seine Witwe Juliane Prause f\u00fchrte die Gesch\u00e4fte weiter, wobei nicht ganz sicher ist, ob sie Porzellanmalerei auch fortf\u00fchrte oder nur das Handelsgesch\u00e4ft f\u00fcr Porzellan- Glas- und Topfwaren, zum 1. Januar 1891 wurde eine Handelsgesellschaft gegr\u00fcndet, die das Gesch\u00e4ft in Altwasser bis ca. 1894 weiterbetrieb und gleichzeitig eine Porzellanfabrik betrieb, die wohl 1894 gegr\u00fcndet wurde und sich auf einem Grund befand, der zu Niedersalzbrunn geh\u00f6rt, Firmierung Porzellanfabrik und &#8211; malerei Franz Prause, Gesellschafter der Fabrik waren Julius und Ernst Prause, wohl S\u00f6hne von Franz Prause, um 1913 war Georg Prause Gesch\u00e4ftsf\u00fchrer, wohl ein Enkel von Franz Prause, am 28. November 1921 wurde die Fabrik in eine GmbH umgewandelt, Firmierung Porzellanfabrik Franz Prause GmbH, 1923 und 1924 verstarben Julius und Ernst Prause, 1924 waren Georg und Johannes Prause die Gesellschafter, 1933 wurde die Fabrik auf Grund der Folgen der Weltwirtschaftskrise von 1929 aufgel\u00f6st,<br \/>\nH\u00f6he 4 cm, Breite 11,5 cm  <\/p>\n<p><a href=\"http:\/\/museumek.eu\/?attachment_id=55070\" rel=\"attachment wp-att-55070\"><img loading=\"lazy\" src=\"http:\/\/museumek.eu\/wp-content\/uploads\/2021\/03\/Franz-Prause-Aschenbecher-1-300x300.jpg\" alt=\"\" title=\"Franz Prause Aschenbecher 1\" width=\"300\" height=\"300\" class=\"alignnone size-medium wp-image-55070\" srcset=\"http:\/\/museumek.eu\/wp-content\/uploads\/2021\/03\/Franz-Prause-Aschenbecher-1-300x300.jpg 300w, http:\/\/museumek.eu\/wp-content\/uploads\/2021\/03\/Franz-Prause-Aschenbecher-1-150x150.jpg 150w, http:\/\/museumek.eu\/wp-content\/uploads\/2021\/03\/Franz-Prause-Aschenbecher-1-299x300.jpg 299w, http:\/\/museumek.eu\/wp-content\/uploads\/2021\/03\/Franz-Prause-Aschenbecher-1.jpg 480w\" sizes=\"(max-width: 300px) 100vw, 300px\" \/><\/a><\/p>\n<p><a href=\"http:\/\/museumek.eu\/?attachment_id=55071\" rel=\"attachment wp-att-55071\"><img loading=\"lazy\" src=\"http:\/\/museumek.eu\/wp-content\/uploads\/2021\/03\/Franz-Prause-Aschenbecher-2-300x284.jpg\" alt=\"\" title=\"Franz Prause Aschenbecher 2\" width=\"300\" height=\"284\" class=\"alignnone size-medium wp-image-55071\" srcset=\"http:\/\/museumek.eu\/wp-content\/uploads\/2021\/03\/Franz-Prause-Aschenbecher-2-300x284.jpg 300w, http:\/\/museumek.eu\/wp-content\/uploads\/2021\/03\/Franz-Prause-Aschenbecher-2-150x142.jpg 150w, http:\/\/museumek.eu\/wp-content\/uploads\/2021\/03\/Franz-Prause-Aschenbecher-2-316x300.jpg 316w, http:\/\/museumek.eu\/wp-content\/uploads\/2021\/03\/Franz-Prause-Aschenbecher-2.jpg 506w\" sizes=\"(max-width: 300px) 100vw, 300px\" \/><\/a><\/p>\n<p><a href=\"http:\/\/museumek.eu\/?attachment_id=55072\" rel=\"attachment wp-att-55072\"><img loading=\"lazy\" src=\"http:\/\/museumek.eu\/wp-content\/uploads\/2021\/03\/Franz-Prause-Aschenbecher-3-300x279.jpg\" alt=\"\" title=\"Franz Prause Aschenbecher 3\" width=\"300\" height=\"279\" class=\"alignnone size-medium wp-image-55072\" srcset=\"http:\/\/museumek.eu\/wp-content\/uploads\/2021\/03\/Franz-Prause-Aschenbecher-3-300x279.jpg 300w, http:\/\/museumek.eu\/wp-content\/uploads\/2021\/03\/Franz-Prause-Aschenbecher-3-150x139.jpg 150w, http:\/\/museumek.eu\/wp-content\/uploads\/2021\/03\/Franz-Prause-Aschenbecher-3-321x300.jpg 321w, http:\/\/museumek.eu\/wp-content\/uploads\/2021\/03\/Franz-Prause-Aschenbecher-3.jpg 515w\" sizes=\"(max-width: 300px) 100vw, 300px\" \/><\/a><\/p>\n<p><a href=\"http:\/\/museumek.eu\/?attachment_id=55073\" rel=\"attachment wp-att-55073\"><img loading=\"lazy\" src=\"http:\/\/museumek.eu\/wp-content\/uploads\/2021\/03\/Franz-Prause-Aschenbecher-4-300x282.jpg\" alt=\"\" title=\"Franz Prause Aschenbecher 4\" width=\"300\" height=\"282\" class=\"alignnone size-medium wp-image-55073\" srcset=\"http:\/\/museumek.eu\/wp-content\/uploads\/2021\/03\/Franz-Prause-Aschenbecher-4-300x282.jpg 300w, http:\/\/museumek.eu\/wp-content\/uploads\/2021\/03\/Franz-Prause-Aschenbecher-4-150x141.jpg 150w, http:\/\/museumek.eu\/wp-content\/uploads\/2021\/03\/Franz-Prause-Aschenbecher-4-318x300.jpg 318w, http:\/\/museumek.eu\/wp-content\/uploads\/2021\/03\/Franz-Prause-Aschenbecher-4.jpg 510w\" sizes=\"(max-width: 300px) 100vw, 300px\" \/><\/a><\/p>\n","protected":false},"excerpt":{"rendered":"<p>Abteilung Deutschland, Keramik 1860 \u2013 1960, Inventarnummer D\/CXCI\/1 Porzellanfabrik und &#8211; malerei Franz Prause und Nachf. Porzellanfabrik Franz Prause GmbH, Deutschland\/Schlesien, Altwasser, dann Niedersalzbrunn, 1921 bis um 1933, Aschenbecher, K\u00fcnstler unbekannt, Werks.-Nr. ohne, Exemplar Nr. ohne, gemarkt Firmenmarke mit Kreis, &hellip; <a href=\"http:\/\/museumek.eu\/?page_id=55066\">Weiterlesen <span class=\"meta-nav\">&rarr;<\/span><\/a><\/p>\n","protected":false},"author":1,"featured_media":0,"parent":55057,"menu_order":1,"comment_status":"closed","ping_status":"open","template":"","meta":[],"_links":{"self":[{"href":"http:\/\/museumek.eu\/index.php?rest_route=\/wp\/v2\/pages\/55066"}],"collection":[{"href":"http:\/\/museumek.eu\/index.php?rest_route=\/wp\/v2\/pages"}],"about":[{"href":"http:\/\/museumek.eu\/index.php?rest_route=\/wp\/v2\/types\/page"}],"author":[{"embeddable":true,"href":"http:\/\/museumek.eu\/index.php?rest_route=\/wp\/v2\/users\/1"}],"replies":[{"embeddable":true,"href":"http:\/\/museumek.eu\/index.php?rest_route=%2Fwp%2Fv2%2Fcomments&post=55066"}],"version-history":[{"count":10,"href":"http:\/\/museumek.eu\/index.php?rest_route=\/wp\/v2\/pages\/55066\/revisions"}],"predecessor-version":[{"id":59514,"href":"http:\/\/museumek.eu\/index.php?rest_route=\/wp\/v2\/pages\/55066\/revisions\/59514"}],"up":[{"embeddable":true,"href":"http:\/\/museumek.eu\/index.php?rest_route=\/wp\/v2\/pages\/55057"}],"wp:attachment":[{"href":"http:\/\/museumek.eu\/index.php?rest_route=%2Fwp%2Fv2%2Fmedia&parent=55066"}],"curies":[{"name":"wp","href":"https:\/\/api.w.org\/{rel}","templated":true}]}}