{"id":55124,"date":"2021-04-02T22:18:41","date_gmt":"2021-04-02T20:18:41","guid":{"rendered":"http:\/\/museumek.eu\/?page_id=55124"},"modified":"2021-04-02T22:18:41","modified_gmt":"2021-04-02T20:18:41","slug":"dclxii2","status":"publish","type":"page","link":"http:\/\/museumek.eu\/?page_id=55124","title":{"rendered":"D\/CLXII\/2"},"content":{"rendered":"<p><strong>Abteilung Deutschland, Keramik 1860 \u2013 1960, Inventarnummer D\/CLXII\/2<\/strong><\/p>\n<p>Porzellanfabrik Sch\u00f6dl, Jacob &#038; Co. und Nachf. Porzellanfabrik Hertel, Jacob &#038; Co. und Nachf. Porzellanfabrik Hertel, Jacob &#038; Co. GmbH, Deutschland, Rehau, um 1910, Tasse mit Untertasse, K\u00fcnstler unbekannt, Werks.-Nr. ohne, Exemplar Nr. ohne, gemarkt Firmenmarke mit Krone, darunter H J (f\u00fcr Hertel und Jacob) &#038; Co, darunter BAVARIA dunkelgr\u00fcner Stempel unter Glasur, 60 und JH (?, wohl Malersignatur) in Silber auf Glasur gemalt, nicht signiert, Literatur: Dieter Z\u00fchlsdorff, Markenlexikon Band 1, Porzellan und Keramik Report 1885 &#8211; 1935, Seite 39, Werk-Teil 1., Gruppen-Nummer des Werkteils 1., laufende Nummer innerhalb der Gruppe 552, identische Marke (dort f\u00fcr die Zeit von 1910 bis 1922) sowie Seite 593, Werk-Teil 3., laufende Nummer des Werkteils 1054, kurze Beschreibung der Fabrik, weitere Literatur: Robert E. R\u00f6ntgen, Deutsche Porzellanmarken von 1710 bis heute, Seite 285, Marke 2224 identisch (dort f\u00fcr die Zeit von 1910 bis ca. 1922), weitere Literatur: Ludwig Danckert, Handbuch des Europ\u00e4ischen Porzellans, 7. Auflage, Seite 577, dort sehr kurze und unvollst\u00e4ndige Beschreibung der Fabrik sowie Abbildung der identischen Marke, weitere Literatur: Gustav Wei\u00df, Ullstein Porzellanbuch, Seite 297, eine der Marken Nr. 2 identisch, weitere Literatur: J. G. Th. Graesse und E. Jaennicke, F\u00fchrer f\u00fcr Sammler von Porzellan und Fayence, Seite 503, Marke 2 identisch, 1906 gr\u00fcndeten Sch\u00f6dl und Jacob die Porzellanfabrik in Rehau, Firmierung Porzellanfabrik Sch\u00f6dl, Jacob &#038; Co., mit Firmenmarke Krone und darunter SJ (f\u00fcr Sch\u00f6dl und Jacob) &#038; Co., ca. 1909\/1910 scheidet Sch\u00f6dl wieder aus und Karl Hertel sen. wird Mitinhaber, Firmierung ab da Porzellanfabrik Hertel, Jacob &#038; Co., wohl noch 1910 wird die Fabrik GmbH, Firmierung ab da Porzellanfabrik Hertel, Jacob &#038; Co. GmbH, Gesellschafter der GmbH sind Karl hertel sen. und Karl Kunstmann, die Fabrik wurde 1968 an Melitta verkauft und 1980 stillgelegt, Durchmesser 19 cm<\/p>\n<p><a href=\"http:\/\/museumek.eu\/?attachment_id=55096\" rel=\"attachment wp-att-55096\"><img loading=\"lazy\" src=\"http:\/\/museumek.eu\/wp-content\/uploads\/2020\/09\/Hertel-Jacob-und-Co-Teller-1-290x300.jpg\" alt=\"\" title=\"Hertel, Jacob und Co Teller 1\" width=\"290\" height=\"300\" class=\"alignnone size-medium wp-image-55096\" srcset=\"http:\/\/museumek.eu\/wp-content\/uploads\/2020\/09\/Hertel-Jacob-und-Co-Teller-1-290x300.jpg 290w, http:\/\/museumek.eu\/wp-content\/uploads\/2020\/09\/Hertel-Jacob-und-Co-Teller-1-145x150.jpg 145w, http:\/\/museumek.eu\/wp-content\/uploads\/2020\/09\/Hertel-Jacob-und-Co-Teller-1.jpg 480w\" sizes=\"(max-width: 290px) 100vw, 290px\" \/><\/a><\/p>\n<p><a href=\"http:\/\/museumek.eu\/?attachment_id=55097\" rel=\"attachment wp-att-55097\"><img loading=\"lazy\" src=\"http:\/\/museumek.eu\/wp-content\/uploads\/2020\/09\/Hertel-Jacob-und-Co-Teller-2-300x121.jpg\" alt=\"\" title=\"Hertel, Jacob und Co Teller 2\" width=\"300\" height=\"121\" class=\"alignnone size-medium wp-image-55097\" srcset=\"http:\/\/museumek.eu\/wp-content\/uploads\/2020\/09\/Hertel-Jacob-und-Co-Teller-2-300x121.jpg 300w, http:\/\/museumek.eu\/wp-content\/uploads\/2020\/09\/Hertel-Jacob-und-Co-Teller-2-150x60.jpg 150w, http:\/\/museumek.eu\/wp-content\/uploads\/2020\/09\/Hertel-Jacob-und-Co-Teller-2-500x203.jpg 500w, http:\/\/museumek.eu\/wp-content\/uploads\/2020\/09\/Hertel-Jacob-und-Co-Teller-2.jpg 640w\" sizes=\"(max-width: 300px) 100vw, 300px\" \/><\/a><\/p>\n<p><a href=\"http:\/\/museumek.eu\/?attachment_id=55098\" rel=\"attachment wp-att-55098\"><img loading=\"lazy\" src=\"http:\/\/museumek.eu\/wp-content\/uploads\/2020\/09\/Hertel-Jacob-und-Co-Teller-3-300x295.jpg\" alt=\"\" title=\"Hertel, Jacob und Co Teller 3\" width=\"300\" height=\"295\" class=\"alignnone size-medium wp-image-55098\" srcset=\"http:\/\/museumek.eu\/wp-content\/uploads\/2020\/09\/Hertel-Jacob-und-Co-Teller-3-300x295.jpg 300w, http:\/\/museumek.eu\/wp-content\/uploads\/2020\/09\/Hertel-Jacob-und-Co-Teller-3-150x147.jpg 150w, http:\/\/museumek.eu\/wp-content\/uploads\/2020\/09\/Hertel-Jacob-und-Co-Teller-3-304x300.jpg 304w, http:\/\/museumek.eu\/wp-content\/uploads\/2020\/09\/Hertel-Jacob-und-Co-Teller-3.jpg 487w\" sizes=\"(max-width: 300px) 100vw, 300px\" \/><\/a><\/p>\n<p><a href=\"http:\/\/museumek.eu\/?attachment_id=55099\" rel=\"attachment wp-att-55099\"><img loading=\"lazy\" src=\"http:\/\/museumek.eu\/wp-content\/uploads\/2020\/09\/Hertel-Jacob-und-Co-Teller-4-235x300.jpg\" alt=\"\" title=\"Hertel, Jacob und Co Teller 4\" width=\"235\" height=\"300\" class=\"alignnone size-medium wp-image-55099\" srcset=\"http:\/\/museumek.eu\/wp-content\/uploads\/2020\/09\/Hertel-Jacob-und-Co-Teller-4-235x300.jpg 235w, http:\/\/museumek.eu\/wp-content\/uploads\/2020\/09\/Hertel-Jacob-und-Co-Teller-4-117x150.jpg 117w, http:\/\/museumek.eu\/wp-content\/uploads\/2020\/09\/Hertel-Jacob-und-Co-Teller-4.jpg 480w\" sizes=\"(max-width: 235px) 100vw, 235px\" \/><\/a><\/p>\n<p><a href=\"http:\/\/museumek.eu\/?attachment_id=55100\" rel=\"attachment wp-att-55100\"><img loading=\"lazy\" src=\"http:\/\/museumek.eu\/wp-content\/uploads\/2020\/09\/Hertel-Jacob-und-Co-Teller-5-289x300.jpg\" alt=\"\" title=\"Hertel, Jacob und Co Teller 5\" width=\"289\" height=\"300\" class=\"alignnone size-medium wp-image-55100\" srcset=\"http:\/\/museumek.eu\/wp-content\/uploads\/2020\/09\/Hertel-Jacob-und-Co-Teller-5-289x300.jpg 289w, http:\/\/museumek.eu\/wp-content\/uploads\/2020\/09\/Hertel-Jacob-und-Co-Teller-5-144x150.jpg 144w, http:\/\/museumek.eu\/wp-content\/uploads\/2020\/09\/Hertel-Jacob-und-Co-Teller-5.jpg 480w\" sizes=\"(max-width: 289px) 100vw, 289px\" \/><\/a><\/p>\n<p><a href=\"http:\/\/museumek.eu\/?attachment_id=55101\" rel=\"attachment wp-att-55101\"><img loading=\"lazy\" src=\"http:\/\/museumek.eu\/wp-content\/uploads\/2020\/09\/Hertel-Jacob-und-Co-Teller-6-220x300.jpg\" alt=\"\" title=\"Hertel, Jacob und Co Teller 6\" width=\"220\" height=\"300\" class=\"alignnone size-medium wp-image-55101\" srcset=\"http:\/\/museumek.eu\/wp-content\/uploads\/2020\/09\/Hertel-Jacob-und-Co-Teller-6-220x300.jpg 220w, http:\/\/museumek.eu\/wp-content\/uploads\/2020\/09\/Hertel-Jacob-und-Co-Teller-6-110x150.jpg 110w, http:\/\/museumek.eu\/wp-content\/uploads\/2020\/09\/Hertel-Jacob-und-Co-Teller-6.jpg 470w\" sizes=\"(max-width: 220px) 100vw, 220px\" \/><\/a><\/p>\n","protected":false},"excerpt":{"rendered":"<p>Abteilung Deutschland, Keramik 1860 \u2013 1960, Inventarnummer D\/CLXII\/2 Porzellanfabrik Sch\u00f6dl, Jacob &#038; Co. und Nachf. Porzellanfabrik Hertel, Jacob &#038; Co. und Nachf. Porzellanfabrik Hertel, Jacob &#038; Co. GmbH, Deutschland, Rehau, um 1910, Tasse mit Untertasse, K\u00fcnstler unbekannt, Werks.-Nr. ohne, Exemplar &hellip; <a href=\"http:\/\/museumek.eu\/?page_id=55124\">Weiterlesen <span class=\"meta-nav\">&rarr;<\/span><\/a><\/p>\n","protected":false},"author":1,"featured_media":0,"parent":49773,"menu_order":2,"comment_status":"closed","ping_status":"open","template":"","meta":[],"_links":{"self":[{"href":"http:\/\/museumek.eu\/index.php?rest_route=\/wp\/v2\/pages\/55124"}],"collection":[{"href":"http:\/\/museumek.eu\/index.php?rest_route=\/wp\/v2\/pages"}],"about":[{"href":"http:\/\/museumek.eu\/index.php?rest_route=\/wp\/v2\/types\/page"}],"author":[{"embeddable":true,"href":"http:\/\/museumek.eu\/index.php?rest_route=\/wp\/v2\/users\/1"}],"replies":[{"embeddable":true,"href":"http:\/\/museumek.eu\/index.php?rest_route=%2Fwp%2Fv2%2Fcomments&post=55124"}],"version-history":[{"count":2,"href":"http:\/\/museumek.eu\/index.php?rest_route=\/wp\/v2\/pages\/55124\/revisions"}],"predecessor-version":[{"id":55126,"href":"http:\/\/museumek.eu\/index.php?rest_route=\/wp\/v2\/pages\/55124\/revisions\/55126"}],"up":[{"embeddable":true,"href":"http:\/\/museumek.eu\/index.php?rest_route=\/wp\/v2\/pages\/49773"}],"wp:attachment":[{"href":"http:\/\/museumek.eu\/index.php?rest_route=%2Fwp%2Fv2%2Fmedia&parent=55124"}],"curies":[{"name":"wp","href":"https:\/\/api.w.org\/{rel}","templated":true}]}}