{"id":55234,"date":"2021-04-03T16:33:12","date_gmt":"2021-04-03T14:33:12","guid":{"rendered":"http:\/\/museumek.eu\/?page_id=55234"},"modified":"2021-04-03T16:33:12","modified_gmt":"2021-04-03T14:33:12","slug":"dlxxix6","status":"publish","type":"page","link":"http:\/\/museumek.eu\/?page_id=55234","title":{"rendered":"D\/LXXIX\/6"},"content":{"rendered":"<p><strong>Abteilung Deutschland, Keramik 1860 \u2013 1960, Inventarnummer D\/LXXIX\/6<\/strong><\/p>\n<p>Max Roesler Porzellan- und Steingutfabrik und Nachf. Max Roesler Porzellan- und Steingutfabrik AG, Deutschland, Rodach, vor\/um 1920, Kanne eines Service, K\u00fcnstler unbekannt, Werks.-Nr. 5086\/2 (Formnummer ?), Exemplar Nr. ohne, gemarkt Firmenmarke Wappenschild mit Heckenrose (Familienwappen der Roeslers) dar\u00fcber RMR (f\u00fcr Rodach und Max Roesler) blauer Stempel unter Glasur, 5086\/2 sowie nicht identifizierbares Zeichen gepresst, 212 R, kleiner Unterstrich sowie 479 gr\u00fcn auf Glasur gemalt, nicht signiert, Literatur: Gisela Reineking von Bock, Meister der Deutschen Keramik 1900 bis 1950, Seite 264, Beschreibung der Fabrik sowie Seite 327, Marke Nr. 176 identisch, weitere Literatur: Otto Pelka, Keramik der Neuzeit, Markentafel Nr. VII, Marke Nr. 119 identisch, Seite 212, Herstellerverzeichnis, Rodach, Max Roesler AG 119 sowie Seite 221 Namenverzeichnis, R\u00f6sler, Max, Steingutfabrik, M 119, weitere Literatur: Gustav Wei\u00df, Ullstein Porzellanbuch, Seite 297, Marke Nr. 9 identisch (dort ebenfalls mit Zusatz RMR), weitere Literatur: Dieter Z\u00fchlsdorff, Markenlexikon Band 1, Porzellan und Keramikreport 1885 &#8211; 1935, Seite 289, Werkteil-Nummer 1, Gruppennummer des Werkteils 5., fortlaufende Nummer der Gruppe 103, dort identische Marke (dort f\u00fcr die Zeit 1894 bis 1924) sowie Seite 594, Werkteil-Nummer 3, fortlaufende Nummer des Werkteils 1066, dort Fabrikbeschreibung, weitere Literatur: Robert E. R\u00f6ntgen, Deutsche Porzellanmarken von 1710 bis heute, Seite 290, dort identische Marke (f\u00fcr die Zeit 1894 bis 1925), die Fabrik wurde 1894 von Max Roesler gegr\u00fcndet, Firmierung Max Roesler Porzellan- und Steingutfabrik, im Jahre 1910 wurde die Fabrik in eine AG umgewandelt, Anteilseigner Max Roesler und Hermann Schraidt, Firmierung ab da Max Roesler Porzellan- und Steingutfabrik AG, 1919 verkaufte Roesler seine Aktienanteile an das Dresdner Bankhaus Gebr\u00fcder Arnold, die die Fabrik einem Industriekonsortium angliederten, 1924 kauft die AG die Gro\u00dfherzogliche Keramische Manufaktur Darmstadt, 1938 wurde die Fabrik an die Siemens-Schuckertwerke verkauft, die bisherige Firmierung wurde bis 1943 beibehalten, seit 1938 wurde aber keine Gebrauchs- und Kunstkeramik mehr produziert, sondern nur noch technische Keramik, an Hand der Markung l\u00e4\u00dft sich kein Produktionsdatum erkennen, insofern ist die genaue zeitliche Zuordnung schwierig,<br \/>\nH\u00f6he 15 cm, Breite 22 cm<\/p>\n<p><a href=\"http:\/\/museumek.eu\/?attachment_id=55149\" rel=\"attachment wp-att-55149\"><img loading=\"lazy\" src=\"http:\/\/museumek.eu\/wp-content\/uploads\/2013\/05\/R\u00f6\u00dfler-Service-Kanne-1-300x183.jpg\" alt=\"\" title=\"R\u00f6\u00dfler Service Kanne 1\" width=\"300\" height=\"183\" class=\"alignnone size-medium wp-image-55149\" srcset=\"http:\/\/museumek.eu\/wp-content\/uploads\/2013\/05\/R\u00f6\u00dfler-Service-Kanne-1-300x183.jpg 300w, http:\/\/museumek.eu\/wp-content\/uploads\/2013\/05\/R\u00f6\u00dfler-Service-Kanne-1-150x91.jpg 150w, http:\/\/museumek.eu\/wp-content\/uploads\/2013\/05\/R\u00f6\u00dfler-Service-Kanne-1-491x300.jpg 491w, http:\/\/museumek.eu\/wp-content\/uploads\/2013\/05\/R\u00f6\u00dfler-Service-Kanne-1.jpg 640w\" sizes=\"(max-width: 300px) 100vw, 300px\" \/><\/a><\/p>\n<p><a href=\"http:\/\/museumek.eu\/?attachment_id=55150\" rel=\"attachment wp-att-55150\"><img loading=\"lazy\" src=\"http:\/\/museumek.eu\/wp-content\/uploads\/2013\/05\/R\u00f6\u00dfler-Service-Kanne-2-300x236.jpg\" alt=\"\" title=\"R\u00f6\u00dfler Service Kanne 2\" width=\"300\" height=\"236\" class=\"alignnone size-medium wp-image-55150\" srcset=\"http:\/\/museumek.eu\/wp-content\/uploads\/2013\/05\/R\u00f6\u00dfler-Service-Kanne-2-300x236.jpg 300w, http:\/\/museumek.eu\/wp-content\/uploads\/2013\/05\/R\u00f6\u00dfler-Service-Kanne-2-150x118.jpg 150w, http:\/\/museumek.eu\/wp-content\/uploads\/2013\/05\/R\u00f6\u00dfler-Service-Kanne-2-381x300.jpg 381w, http:\/\/museumek.eu\/wp-content\/uploads\/2013\/05\/R\u00f6\u00dfler-Service-Kanne-2.jpg 610w\" sizes=\"(max-width: 300px) 100vw, 300px\" \/><\/a><\/p>\n<p><a href=\"http:\/\/museumek.eu\/?attachment_id=55151\" rel=\"attachment wp-att-55151\"><img loading=\"lazy\" src=\"http:\/\/museumek.eu\/wp-content\/uploads\/2013\/05\/R\u00f6\u00dfler-Service-Kanne-3-246x300.jpg\" alt=\"\" title=\"R\u00f6\u00dfler Service Kanne 3\" width=\"246\" height=\"300\" class=\"alignnone size-medium wp-image-55151\" srcset=\"http:\/\/museumek.eu\/wp-content\/uploads\/2013\/05\/R\u00f6\u00dfler-Service-Kanne-3-246x300.jpg 246w, http:\/\/museumek.eu\/wp-content\/uploads\/2013\/05\/R\u00f6\u00dfler-Service-Kanne-3-123x150.jpg 123w, http:\/\/museumek.eu\/wp-content\/uploads\/2013\/05\/R\u00f6\u00dfler-Service-Kanne-3.jpg 480w\" sizes=\"(max-width: 246px) 100vw, 246px\" \/><\/a><\/p>\n<p><a href=\"http:\/\/museumek.eu\/?attachment_id=55152\" rel=\"attachment wp-att-55152\"><img loading=\"lazy\" src=\"http:\/\/museumek.eu\/wp-content\/uploads\/2013\/05\/R\u00f6\u00dfler-Service-Kanne-4-241x300.jpg\" alt=\"\" title=\"R\u00f6\u00dfler Service Kanne 4\" width=\"241\" height=\"300\" class=\"alignnone size-medium wp-image-55152\" srcset=\"http:\/\/museumek.eu\/wp-content\/uploads\/2013\/05\/R\u00f6\u00dfler-Service-Kanne-4-241x300.jpg 241w, http:\/\/museumek.eu\/wp-content\/uploads\/2013\/05\/R\u00f6\u00dfler-Service-Kanne-4-120x150.jpg 120w, http:\/\/museumek.eu\/wp-content\/uploads\/2013\/05\/R\u00f6\u00dfler-Service-Kanne-4.jpg 480w\" sizes=\"(max-width: 241px) 100vw, 241px\" \/><\/a><\/p>\n<p><a href=\"http:\/\/museumek.eu\/?attachment_id=55153\" rel=\"attachment wp-att-55153\"><img loading=\"lazy\" src=\"http:\/\/museumek.eu\/wp-content\/uploads\/2013\/05\/R\u00f6\u00dfler-Service-Kanne-5-295x300.jpg\" alt=\"\" title=\"R\u00f6\u00dfler Service Kanne 5\" width=\"295\" height=\"300\" class=\"alignnone size-medium wp-image-55153\" srcset=\"http:\/\/museumek.eu\/wp-content\/uploads\/2013\/05\/R\u00f6\u00dfler-Service-Kanne-5-295x300.jpg 295w, http:\/\/museumek.eu\/wp-content\/uploads\/2013\/05\/R\u00f6\u00dfler-Service-Kanne-5-147x150.jpg 147w, http:\/\/museumek.eu\/wp-content\/uploads\/2013\/05\/R\u00f6\u00dfler-Service-Kanne-5.jpg 480w\" sizes=\"(max-width: 295px) 100vw, 295px\" \/><\/a><\/p>\n<p><a href=\"http:\/\/museumek.eu\/?attachment_id=55154\" rel=\"attachment wp-att-55154\"><img loading=\"lazy\" src=\"http:\/\/museumek.eu\/wp-content\/uploads\/2013\/05\/R\u00f6\u00dfler-Service-Kanne-6-300x248.jpg\" alt=\"\" title=\"R\u00f6\u00dfler Service Kanne 6\" width=\"300\" height=\"248\" class=\"alignnone size-medium wp-image-55154\" srcset=\"http:\/\/museumek.eu\/wp-content\/uploads\/2013\/05\/R\u00f6\u00dfler-Service-Kanne-6-300x248.jpg 300w, http:\/\/museumek.eu\/wp-content\/uploads\/2013\/05\/R\u00f6\u00dfler-Service-Kanne-6-150x124.jpg 150w, http:\/\/museumek.eu\/wp-content\/uploads\/2013\/05\/R\u00f6\u00dfler-Service-Kanne-6-362x300.jpg 362w, http:\/\/museumek.eu\/wp-content\/uploads\/2013\/05\/R\u00f6\u00dfler-Service-Kanne-6.jpg 580w\" sizes=\"(max-width: 300px) 100vw, 300px\" \/><\/a><\/p>\n<p><a href=\"http:\/\/museumek.eu\/?attachment_id=55155\" rel=\"attachment wp-att-55155\"><img loading=\"lazy\" src=\"http:\/\/museumek.eu\/wp-content\/uploads\/2013\/05\/R\u00f6\u00dfler-Service-Kanne-7-204x300.jpg\" alt=\"\" title=\"R\u00f6\u00dfler Service Kanne 7\" width=\"204\" height=\"300\" class=\"alignnone size-medium wp-image-55155\" srcset=\"http:\/\/museumek.eu\/wp-content\/uploads\/2013\/05\/R\u00f6\u00dfler-Service-Kanne-7-204x300.jpg 204w, http:\/\/museumek.eu\/wp-content\/uploads\/2013\/05\/R\u00f6\u00dfler-Service-Kanne-7-102x150.jpg 102w, http:\/\/museumek.eu\/wp-content\/uploads\/2013\/05\/R\u00f6\u00dfler-Service-Kanne-7.jpg 436w\" sizes=\"(max-width: 204px) 100vw, 204px\" \/><\/a><\/p>\n<p><a href=\"http:\/\/museumek.eu\/?attachment_id=55156\" rel=\"attachment wp-att-55156\"><img loading=\"lazy\" src=\"http:\/\/museumek.eu\/wp-content\/uploads\/2013\/05\/R\u00f6\u00dfler-Service-Kanne-8-263x300.jpg\" alt=\"\" title=\"R\u00f6\u00dfler Service Kanne 8\" width=\"263\" height=\"300\" class=\"alignnone size-medium wp-image-55156\" srcset=\"http:\/\/museumek.eu\/wp-content\/uploads\/2013\/05\/R\u00f6\u00dfler-Service-Kanne-8-263x300.jpg 263w, http:\/\/museumek.eu\/wp-content\/uploads\/2013\/05\/R\u00f6\u00dfler-Service-Kanne-8-131x150.jpg 131w, http:\/\/museumek.eu\/wp-content\/uploads\/2013\/05\/R\u00f6\u00dfler-Service-Kanne-8.jpg 480w\" sizes=\"(max-width: 263px) 100vw, 263px\" \/><\/a><\/p>\n<p><a href=\"http:\/\/museumek.eu\/?attachment_id=55157\" rel=\"attachment wp-att-55157\"><img loading=\"lazy\" src=\"http:\/\/museumek.eu\/wp-content\/uploads\/2013\/05\/R\u00f6\u00dfler-Service-Kanne-9-300x241.jpg\" alt=\"\" title=\"R\u00f6\u00dfler Service Kanne 9\" width=\"300\" height=\"241\" class=\"alignnone size-medium wp-image-55157\" srcset=\"http:\/\/museumek.eu\/wp-content\/uploads\/2013\/05\/R\u00f6\u00dfler-Service-Kanne-9-300x241.jpg 300w, http:\/\/museumek.eu\/wp-content\/uploads\/2013\/05\/R\u00f6\u00dfler-Service-Kanne-9-150x120.jpg 150w, http:\/\/museumek.eu\/wp-content\/uploads\/2013\/05\/R\u00f6\u00dfler-Service-Kanne-9-372x300.jpg 372w, http:\/\/museumek.eu\/wp-content\/uploads\/2013\/05\/R\u00f6\u00dfler-Service-Kanne-9.jpg 596w\" sizes=\"(max-width: 300px) 100vw, 300px\" \/><\/a><\/p>\n<p><a href=\"http:\/\/museumek.eu\/?attachment_id=55158\" rel=\"attachment wp-att-55158\"><img loading=\"lazy\" src=\"http:\/\/museumek.eu\/wp-content\/uploads\/2013\/05\/R\u00f6\u00dfler-Service-Kanne-10-300x163.jpg\" alt=\"\" title=\"R\u00f6\u00dfler Service Kanne 10\" width=\"300\" height=\"163\" class=\"alignnone size-medium wp-image-55158\" srcset=\"http:\/\/museumek.eu\/wp-content\/uploads\/2013\/05\/R\u00f6\u00dfler-Service-Kanne-10-300x163.jpg 300w, http:\/\/museumek.eu\/wp-content\/uploads\/2013\/05\/R\u00f6\u00dfler-Service-Kanne-10-150x81.jpg 150w, http:\/\/museumek.eu\/wp-content\/uploads\/2013\/05\/R\u00f6\u00dfler-Service-Kanne-10-500x272.jpg 500w, http:\/\/museumek.eu\/wp-content\/uploads\/2013\/05\/R\u00f6\u00dfler-Service-Kanne-10.jpg 640w\" sizes=\"(max-width: 300px) 100vw, 300px\" \/><\/a><\/p>\n<p><a href=\"http:\/\/museumek.eu\/?attachment_id=55159\" rel=\"attachment wp-att-55159\"><img loading=\"lazy\" src=\"http:\/\/museumek.eu\/wp-content\/uploads\/2013\/05\/R\u00f6\u00dfler-Service-Kanne-11-239x300.jpg\" alt=\"\" title=\"R\u00f6\u00dfler Service Kanne 11\" width=\"239\" height=\"300\" class=\"alignnone size-medium wp-image-55159\" srcset=\"http:\/\/museumek.eu\/wp-content\/uploads\/2013\/05\/R\u00f6\u00dfler-Service-Kanne-11-239x300.jpg 239w, http:\/\/museumek.eu\/wp-content\/uploads\/2013\/05\/R\u00f6\u00dfler-Service-Kanne-11-119x150.jpg 119w, http:\/\/museumek.eu\/wp-content\/uploads\/2013\/05\/R\u00f6\u00dfler-Service-Kanne-11.jpg 480w\" sizes=\"(max-width: 239px) 100vw, 239px\" \/><\/a><\/p>\n","protected":false},"excerpt":{"rendered":"<p>Abteilung Deutschland, Keramik 1860 \u2013 1960, Inventarnummer D\/LXXIX\/6 Max Roesler Porzellan- und Steingutfabrik und Nachf. Max Roesler Porzellan- und Steingutfabrik AG, Deutschland, Rodach, vor\/um 1920, Kanne eines Service, K\u00fcnstler unbekannt, Werks.-Nr. 5086\/2 (Formnummer ?), Exemplar Nr. ohne, gemarkt Firmenmarke Wappenschild &hellip; <a href=\"http:\/\/museumek.eu\/?page_id=55234\">Weiterlesen <span class=\"meta-nav\">&rarr;<\/span><\/a><\/p>\n","protected":false},"author":1,"featured_media":0,"parent":22061,"menu_order":6,"comment_status":"closed","ping_status":"open","template":"","meta":[],"_links":{"self":[{"href":"http:\/\/museumek.eu\/index.php?rest_route=\/wp\/v2\/pages\/55234"}],"collection":[{"href":"http:\/\/museumek.eu\/index.php?rest_route=\/wp\/v2\/pages"}],"about":[{"href":"http:\/\/museumek.eu\/index.php?rest_route=\/wp\/v2\/types\/page"}],"author":[{"embeddable":true,"href":"http:\/\/museumek.eu\/index.php?rest_route=\/wp\/v2\/users\/1"}],"replies":[{"embeddable":true,"href":"http:\/\/museumek.eu\/index.php?rest_route=%2Fwp%2Fv2%2Fcomments&post=55234"}],"version-history":[{"count":2,"href":"http:\/\/museumek.eu\/index.php?rest_route=\/wp\/v2\/pages\/55234\/revisions"}],"predecessor-version":[{"id":55236,"href":"http:\/\/museumek.eu\/index.php?rest_route=\/wp\/v2\/pages\/55234\/revisions\/55236"}],"up":[{"embeddable":true,"href":"http:\/\/museumek.eu\/index.php?rest_route=\/wp\/v2\/pages\/22061"}],"wp:attachment":[{"href":"http:\/\/museumek.eu\/index.php?rest_route=%2Fwp%2Fv2%2Fmedia&parent=55234"}],"curies":[{"name":"wp","href":"https:\/\/api.w.org\/{rel}","templated":true}]}}