{"id":55240,"date":"2021-04-03T16:36:11","date_gmt":"2021-04-03T14:36:11","guid":{"rendered":"http:\/\/museumek.eu\/?page_id=55240"},"modified":"2021-04-03T16:36:11","modified_gmt":"2021-04-03T14:36:11","slug":"dlxxix8","status":"publish","type":"page","link":"http:\/\/museumek.eu\/?page_id=55240","title":{"rendered":"D\/LXXIX\/8"},"content":{"rendered":"<p><strong>Abteilung Deutschland, Keramik 1860 \u2013 1960, Inventarnummer D\/LXXIX\/8<\/strong><\/p>\n<p>Max Roesler Porzellan- und Steingutfabrik und Nachf. Max Roesler Porzellan- und Steingutfabrik AG, Deutschland, Rodach, vor\/um 1920, zweite Tasse und Unterteller von 5 eines Service, K\u00fcnstler unbekannt, Werks.-Nr. 4026\/1 (Formnummer ?), Exemplar Nr. ohne, gemarkt Firmenmarke Tasse, Wappenschild mit Heckenrose (Familienwappen der Roeslers) dar\u00fcber RMR (f\u00fcr Rodach und Max Roesler) blauer Stempel unter Glasur, 4026, darunter Unterstrich, darunter 1 gepresst, R 212, darunter kleiner Unterstrich, darunter 479 rot auf Glasur gemalt, gemarkt Teller, keine Firmenmarke aber 4026 gepresst, nicht signiert, Literatur: Gisela Reineking von Bock, Meister der Deutschen Keramik 1900 bis 1950, Seite 264, Beschreibung der Fabrik sowie Seite 327, Marke Nr. 176 identisch, weitere Literatur: Otto Pelka, Keramik der Neuzeit, Markentafel Nr. VII, Marke Nr. 119 identisch, Seite 212, Herstellerverzeichnis, Rodach, Max Roesler AG 119 sowie Seite 221 Namenverzeichnis, R\u00f6sler, Max, Steingutfabrik, M 119, weitere Literatur: Gustav Wei\u00df, Ullstein Porzellanbuch, Seite 297, Marke Nr. 9 identisch (dort ebenfalls mit Zusatz RMR), weitere Literatur: Dieter Z\u00fchlsdorff, Markenlexikon Band 1, Porzellan und Keramikreport 1885 &#8211; 1935, Seite 289, Werkteil-Nummer 1, Gruppennummer des Werkteils 5., fortlaufende Nummer der Gruppe 103, dort identische Marke (dort f\u00fcr die Zeit 1894 bis 1924) sowie Seite 594, Werkteil-Nummer 3, fortlaufende Nummer des Werkteils 1066, dort Fabrikbeschreibung, weitere Literatur: Robert E. R\u00f6ntgen, Deutsche Porzellanmarken von 1710 bis heute, Seite 290, dort identische Marke (f\u00fcr die Zeit 1894 bis 1925), die Fabrik wurde 1894 von Max Roesler gegr\u00fcndet, Firmierung Max Roesler Porzellan- und Steingutfabrik, im Jahre 1910 wurde die Fabrik in eine AG umgewandelt, Anteilseigner Max Roesler und Hermann Schraidt, Firmierung ab da Max Roesler Porzellan- und Steingutfabrik AG, 1919 verkaufte Roesler seine Aktienanteile an das Dresdner Bankhaus Gebr\u00fcder Arnold, die die Fabrik einem Industriekonsortium angliederten, 1924 kauft die AG die Gro\u00dfherzogliche Keramische Manufaktur Darmstadt, 1938 wurde die Fabrik an die Siemens-Schuckertwerke verkauft, die bisherige Firmierung wurde bis 1943 beibehalten, seit 1938 wurde aber keine Gebrauchs- und Kunstkeramik mehr produziert, sondern nur noch technische Keramik, an Hand der Markung l\u00e4\u00dft sich kein Produktionsdatum erkennen, insofern ist die genaue zeitliche Zuordnung schwierig,<br \/>\nTasse: H\u00f6he 4,5 cm, Breite 10 cm, Teller: Durchmesser 13,5 cm<\/p>\n<p><a href=\"http:\/\/museumek.eu\/?attachment_id=55183\" rel=\"attachment wp-att-55183\"><img loading=\"lazy\" src=\"http:\/\/museumek.eu\/wp-content\/uploads\/2013\/05\/R\u00f6\u00dfler-Service-Kanne-13-300x183.jpg\" alt=\"\" title=\"R\u00f6\u00dfler Service Kanne 1\" width=\"300\" height=\"183\" class=\"alignnone size-medium wp-image-55183\" srcset=\"http:\/\/museumek.eu\/wp-content\/uploads\/2013\/05\/R\u00f6\u00dfler-Service-Kanne-13-300x183.jpg 300w, http:\/\/museumek.eu\/wp-content\/uploads\/2013\/05\/R\u00f6\u00dfler-Service-Kanne-13-150x91.jpg 150w, http:\/\/museumek.eu\/wp-content\/uploads\/2013\/05\/R\u00f6\u00dfler-Service-Kanne-13-491x300.jpg 491w, http:\/\/museumek.eu\/wp-content\/uploads\/2013\/05\/R\u00f6\u00dfler-Service-Kanne-13.jpg 640w\" sizes=\"(max-width: 300px) 100vw, 300px\" \/><\/a><\/p>\n<p><a href=\"http:\/\/museumek.eu\/?attachment_id=55180\" rel=\"attachment wp-att-55180\"><img loading=\"lazy\" src=\"http:\/\/museumek.eu\/wp-content\/uploads\/2013\/05\/R\u00f6\u00dfler-Service-zweite-Tasse-1-300x211.jpg\" alt=\"\" title=\"R\u00f6\u00dfler Service zweite Tasse 1\" width=\"300\" height=\"211\" class=\"alignnone size-medium wp-image-55180\" srcset=\"http:\/\/museumek.eu\/wp-content\/uploads\/2013\/05\/R\u00f6\u00dfler-Service-zweite-Tasse-1-300x211.jpg 300w, http:\/\/museumek.eu\/wp-content\/uploads\/2013\/05\/R\u00f6\u00dfler-Service-zweite-Tasse-1-150x105.jpg 150w, http:\/\/museumek.eu\/wp-content\/uploads\/2013\/05\/R\u00f6\u00dfler-Service-zweite-Tasse-1-425x300.jpg 425w, http:\/\/museumek.eu\/wp-content\/uploads\/2013\/05\/R\u00f6\u00dfler-Service-zweite-Tasse-1.jpg 640w\" sizes=\"(max-width: 300px) 100vw, 300px\" \/><\/a><\/p>\n<p><a href=\"http:\/\/museumek.eu\/?attachment_id=55181\" rel=\"attachment wp-att-55181\"><img loading=\"lazy\" src=\"http:\/\/museumek.eu\/wp-content\/uploads\/2013\/05\/R\u00f6\u00dfler-Service-zweite-Tasse-2-300x232.jpg\" alt=\"\" title=\"R\u00f6\u00dfler Service zweite Tasse 2\" width=\"300\" height=\"232\" class=\"alignnone size-medium wp-image-55181\" srcset=\"http:\/\/museumek.eu\/wp-content\/uploads\/2013\/05\/R\u00f6\u00dfler-Service-zweite-Tasse-2-300x232.jpg 300w, http:\/\/museumek.eu\/wp-content\/uploads\/2013\/05\/R\u00f6\u00dfler-Service-zweite-Tasse-2-150x116.jpg 150w, http:\/\/museumek.eu\/wp-content\/uploads\/2013\/05\/R\u00f6\u00dfler-Service-zweite-Tasse-2-386x300.jpg 386w, http:\/\/museumek.eu\/wp-content\/uploads\/2013\/05\/R\u00f6\u00dfler-Service-zweite-Tasse-2.jpg 619w\" sizes=\"(max-width: 300px) 100vw, 300px\" \/><\/a><\/p>\n<p><a href=\"http:\/\/museumek.eu\/?attachment_id=55182\" rel=\"attachment wp-att-55182\"><img loading=\"lazy\" src=\"http:\/\/museumek.eu\/wp-content\/uploads\/2013\/05\/R\u00f6\u00dfler-Service-zweite-Tasse-3-300x296.jpg\" alt=\"\" title=\"R\u00f6\u00dfler Service zweite Tasse 3\" width=\"300\" height=\"296\" class=\"alignnone size-medium wp-image-55182\" srcset=\"http:\/\/museumek.eu\/wp-content\/uploads\/2013\/05\/R\u00f6\u00dfler-Service-zweite-Tasse-3-300x296.jpg 300w, http:\/\/museumek.eu\/wp-content\/uploads\/2013\/05\/R\u00f6\u00dfler-Service-zweite-Tasse-3-150x148.jpg 150w, http:\/\/museumek.eu\/wp-content\/uploads\/2013\/05\/R\u00f6\u00dfler-Service-zweite-Tasse-3-303x300.jpg 303w, http:\/\/museumek.eu\/wp-content\/uploads\/2013\/05\/R\u00f6\u00dfler-Service-zweite-Tasse-3.jpg 486w\" sizes=\"(max-width: 300px) 100vw, 300px\" \/><\/a><\/p>\n<p><a href=\"http:\/\/museumek.eu\/?attachment_id=55184\" rel=\"attachment wp-att-55184\"><img loading=\"lazy\" src=\"http:\/\/museumek.eu\/wp-content\/uploads\/2013\/05\/R\u00f6\u00dfler-Service-zweite-Tasse-4-136x300.jpg\" alt=\"\" title=\"R\u00f6\u00dfler Service zweite Tasse 4\" width=\"136\" height=\"300\" class=\"alignnone size-medium wp-image-55184\" srcset=\"http:\/\/museumek.eu\/wp-content\/uploads\/2013\/05\/R\u00f6\u00dfler-Service-zweite-Tasse-4-136x300.jpg 136w, http:\/\/museumek.eu\/wp-content\/uploads\/2013\/05\/R\u00f6\u00dfler-Service-zweite-Tasse-4-68x150.jpg 68w\" sizes=\"(max-width: 136px) 100vw, 136px\" \/><\/a><\/p>\n<p><a href=\"http:\/\/museumek.eu\/?attachment_id=55185\" rel=\"attachment wp-att-55185\"><img loading=\"lazy\" src=\"http:\/\/museumek.eu\/wp-content\/uploads\/2013\/05\/R\u00f6\u00dfler-Service-zweite-Tasse-5-218x300.jpg\" alt=\"\" title=\"R\u00f6\u00dfler Service zweite Tasse 5\" width=\"218\" height=\"300\" class=\"alignnone size-medium wp-image-55185\" srcset=\"http:\/\/museumek.eu\/wp-content\/uploads\/2013\/05\/R\u00f6\u00dfler-Service-zweite-Tasse-5-218x300.jpg 218w, http:\/\/museumek.eu\/wp-content\/uploads\/2013\/05\/R\u00f6\u00dfler-Service-zweite-Tasse-5-109x150.jpg 109w, http:\/\/museumek.eu\/wp-content\/uploads\/2013\/05\/R\u00f6\u00dfler-Service-zweite-Tasse-5.jpg 467w\" sizes=\"(max-width: 218px) 100vw, 218px\" \/><\/a><\/p>\n<p><a href=\"http:\/\/museumek.eu\/?attachment_id=55186\" rel=\"attachment wp-att-55186\"><img loading=\"lazy\" src=\"http:\/\/museumek.eu\/wp-content\/uploads\/2013\/05\/R\u00f6\u00dfler-Service-zweite-Tasse-6-262x300.jpg\" alt=\"\" title=\"R\u00f6\u00dfler Service zweite Tasse 6\" width=\"262\" height=\"300\" class=\"alignnone size-medium wp-image-55186\" srcset=\"http:\/\/museumek.eu\/wp-content\/uploads\/2013\/05\/R\u00f6\u00dfler-Service-zweite-Tasse-6-262x300.jpg 262w, http:\/\/museumek.eu\/wp-content\/uploads\/2013\/05\/R\u00f6\u00dfler-Service-zweite-Tasse-6-131x150.jpg 131w, http:\/\/museumek.eu\/wp-content\/uploads\/2013\/05\/R\u00f6\u00dfler-Service-zweite-Tasse-6.jpg 336w\" sizes=\"(max-width: 262px) 100vw, 262px\" \/><\/a><\/p>\n<p><a href=\"http:\/\/museumek.eu\/?attachment_id=55187\" rel=\"attachment wp-att-55187\"><img loading=\"lazy\" src=\"http:\/\/museumek.eu\/wp-content\/uploads\/2013\/05\/R\u00f6\u00dfler-Service-zweite-Tasse-7-300x247.jpg\" alt=\"\" title=\"R\u00f6\u00dfler Service zweite Tasse 7\" width=\"300\" height=\"247\" class=\"alignnone size-medium wp-image-55187\" srcset=\"http:\/\/museumek.eu\/wp-content\/uploads\/2013\/05\/R\u00f6\u00dfler-Service-zweite-Tasse-7-300x247.jpg 300w, http:\/\/museumek.eu\/wp-content\/uploads\/2013\/05\/R\u00f6\u00dfler-Service-zweite-Tasse-7-150x123.jpg 150w, http:\/\/museumek.eu\/wp-content\/uploads\/2013\/05\/R\u00f6\u00dfler-Service-zweite-Tasse-7-363x300.jpg 363w, http:\/\/museumek.eu\/wp-content\/uploads\/2013\/05\/R\u00f6\u00dfler-Service-zweite-Tasse-7.jpg 581w\" sizes=\"(max-width: 300px) 100vw, 300px\" \/><\/a><\/p>\n<p><a href=\"http:\/\/museumek.eu\/?attachment_id=55188\" rel=\"attachment wp-att-55188\"><img loading=\"lazy\" src=\"http:\/\/museumek.eu\/wp-content\/uploads\/2013\/05\/R\u00f6\u00dfler-Service-Teller-zur-zweiten-Tasse-1-300x300.jpg\" alt=\"\" title=\"R\u00f6\u00dfler Service Teller zur zweiten Tasse 1\" width=\"300\" height=\"300\" class=\"alignnone size-medium wp-image-55188\" srcset=\"http:\/\/museumek.eu\/wp-content\/uploads\/2013\/05\/R\u00f6\u00dfler-Service-Teller-zur-zweiten-Tasse-1-300x300.jpg 300w, http:\/\/museumek.eu\/wp-content\/uploads\/2013\/05\/R\u00f6\u00dfler-Service-Teller-zur-zweiten-Tasse-1-150x150.jpg 150w, http:\/\/museumek.eu\/wp-content\/uploads\/2013\/05\/R\u00f6\u00dfler-Service-Teller-zur-zweiten-Tasse-1-299x300.jpg 299w, http:\/\/museumek.eu\/wp-content\/uploads\/2013\/05\/R\u00f6\u00dfler-Service-Teller-zur-zweiten-Tasse-1.jpg 480w\" sizes=\"(max-width: 300px) 100vw, 300px\" \/><\/a><\/p>\n<p><a href=\"http:\/\/museumek.eu\/?attachment_id=55189\" rel=\"attachment wp-att-55189\"><img loading=\"lazy\" src=\"http:\/\/museumek.eu\/wp-content\/uploads\/2013\/05\/R\u00f6\u00dfler-Service-Teller-zur-zweiten-Tasse-2-300x300.jpg\" alt=\"\" title=\"R\u00f6\u00dfler Service Teller zur zweiten Tasse 2\" width=\"300\" height=\"300\" class=\"alignnone size-medium wp-image-55189\" srcset=\"http:\/\/museumek.eu\/wp-content\/uploads\/2013\/05\/R\u00f6\u00dfler-Service-Teller-zur-zweiten-Tasse-2-300x300.jpg 300w, http:\/\/museumek.eu\/wp-content\/uploads\/2013\/05\/R\u00f6\u00dfler-Service-Teller-zur-zweiten-Tasse-2-150x150.jpg 150w, http:\/\/museumek.eu\/wp-content\/uploads\/2013\/05\/R\u00f6\u00dfler-Service-Teller-zur-zweiten-Tasse-2.jpg 480w\" sizes=\"(max-width: 300px) 100vw, 300px\" \/><\/a><\/p>\n<p><a href=\"http:\/\/museumek.eu\/?attachment_id=55190\" rel=\"attachment wp-att-55190\"><img loading=\"lazy\" src=\"http:\/\/museumek.eu\/wp-content\/uploads\/2013\/05\/R\u00f6\u00dfler-Service-Teller-zur-zweiten-Tasse-3-300x212.jpg\" alt=\"\" title=\"R\u00f6\u00dfler Service Teller zur zweiten Tasse 3\" width=\"300\" height=\"212\" class=\"alignnone size-medium wp-image-55190\" srcset=\"http:\/\/museumek.eu\/wp-content\/uploads\/2013\/05\/R\u00f6\u00dfler-Service-Teller-zur-zweiten-Tasse-3-300x212.jpg 300w, http:\/\/museumek.eu\/wp-content\/uploads\/2013\/05\/R\u00f6\u00dfler-Service-Teller-zur-zweiten-Tasse-3-150x106.jpg 150w, http:\/\/museumek.eu\/wp-content\/uploads\/2013\/05\/R\u00f6\u00dfler-Service-Teller-zur-zweiten-Tasse-3-423x300.jpg 423w, http:\/\/museumek.eu\/wp-content\/uploads\/2013\/05\/R\u00f6\u00dfler-Service-Teller-zur-zweiten-Tasse-3.jpg 640w\" sizes=\"(max-width: 300px) 100vw, 300px\" \/><\/a><\/p>\n","protected":false},"excerpt":{"rendered":"<p>Abteilung Deutschland, Keramik 1860 \u2013 1960, Inventarnummer D\/LXXIX\/8 Max Roesler Porzellan- und Steingutfabrik und Nachf. Max Roesler Porzellan- und Steingutfabrik AG, Deutschland, Rodach, vor\/um 1920, zweite Tasse und Unterteller von 5 eines Service, K\u00fcnstler unbekannt, Werks.-Nr. 4026\/1 (Formnummer ?), Exemplar &hellip; <a href=\"http:\/\/museumek.eu\/?page_id=55240\">Weiterlesen <span class=\"meta-nav\">&rarr;<\/span><\/a><\/p>\n","protected":false},"author":1,"featured_media":0,"parent":22061,"menu_order":8,"comment_status":"closed","ping_status":"open","template":"","meta":[],"_links":{"self":[{"href":"http:\/\/museumek.eu\/index.php?rest_route=\/wp\/v2\/pages\/55240"}],"collection":[{"href":"http:\/\/museumek.eu\/index.php?rest_route=\/wp\/v2\/pages"}],"about":[{"href":"http:\/\/museumek.eu\/index.php?rest_route=\/wp\/v2\/types\/page"}],"author":[{"embeddable":true,"href":"http:\/\/museumek.eu\/index.php?rest_route=\/wp\/v2\/users\/1"}],"replies":[{"embeddable":true,"href":"http:\/\/museumek.eu\/index.php?rest_route=%2Fwp%2Fv2%2Fcomments&post=55240"}],"version-history":[{"count":2,"href":"http:\/\/museumek.eu\/index.php?rest_route=\/wp\/v2\/pages\/55240\/revisions"}],"predecessor-version":[{"id":55242,"href":"http:\/\/museumek.eu\/index.php?rest_route=\/wp\/v2\/pages\/55240\/revisions\/55242"}],"up":[{"embeddable":true,"href":"http:\/\/museumek.eu\/index.php?rest_route=\/wp\/v2\/pages\/22061"}],"wp:attachment":[{"href":"http:\/\/museumek.eu\/index.php?rest_route=%2Fwp%2Fv2%2Fmedia&parent=55240"}],"curies":[{"name":"wp","href":"https:\/\/api.w.org\/{rel}","templated":true}]}}