{"id":55245,"date":"2021-04-03T16:38:15","date_gmt":"2021-04-03T14:38:15","guid":{"rendered":"http:\/\/museumek.eu\/?page_id=55245"},"modified":"2021-04-03T16:38:15","modified_gmt":"2021-04-03T14:38:15","slug":"dlxxix9","status":"publish","type":"page","link":"http:\/\/museumek.eu\/?page_id=55245","title":{"rendered":"D\/LXXIX\/9"},"content":{"rendered":"<p><strong>Abteilung Deutschland, Keramik 1860 \u2013 1960, Inventarnummer D\/LXXIX\/9<\/strong><\/p>\n<p>Max Roesler Porzellan- und Steingutfabrik und Nachf. Max Roesler Porzellan- und Steingutfabrik AG, Deutschland, Rodach, vor\/um 1920, dritte Tasse und Unterteller von 5 eines Service, K\u00fcnstler unbekannt, Werks.-Nr. 4026\/1 (Formnummer ?), Exemplar Nr. ohne, gemarkt Firmenmarke Tasse, keine Firmenmarke aber 4026, darunter Unterstrich, darunter 1 gepresst, 212 R, darunter 479 (die 7 sieht aus wie eine 2, ist aber eine 7, siehe die anderen MEK Exemplare des Service) rot auf Glasur gemalt, gemarkt Teller, keine Firmenmarke aber 1 gepresst, nicht signiert, Literatur: Gisela Reineking von Bock, Meister der Deutschen Keramik 1900 bis 1950, Seite 264, Beschreibung der Fabrik sowie Seite 327, Marke Nr. 176 identisch, weitere Literatur: Otto Pelka, Keramik der Neuzeit, Markentafel Nr. VII, Marke Nr. 119 identisch, Seite 212, Herstellerverzeichnis, Rodach, Max Roesler AG 119 sowie Seite 221 Namenverzeichnis, R\u00f6sler, Max, Steingutfabrik, M 119, weitere Literatur: Gustav Wei\u00df, Ullstein Porzellanbuch, Seite 297, Marke Nr. 9 identisch (dort ebenfalls mit Zusatz RMR), weitere Literatur: Dieter Z\u00fchlsdorff, Markenlexikon Band 1, Porzellan und Keramikreport 1885 &#8211; 1935, Seite 289, Werkteil-Nummer 1, Gruppennummer des Werkteils 5., fortlaufende Nummer der Gruppe 103, dort identische Marke (dort f\u00fcr die Zeit 1894 bis 1924) sowie Seite 594, Werkteil-Nummer 3, fortlaufende Nummer des Werkteils 1066, dort Fabrikbeschreibung, weitere Literatur: Robert E. R\u00f6ntgen, Deutsche Porzellanmarken von 1710 bis heute, Seite 290, dort identische Marke (f\u00fcr die Zeit 1894 bis 1925), die Fabrik wurde 1894 von Max Roesler gegr\u00fcndet, Firmierung Max Roesler Porzellan- und Steingutfabrik, im Jahre 1910 wurde die Fabrik in eine AG umgewandelt, Anteilseigner Max Roesler und Hermann Schraidt, Firmierung ab da Max Roesler Porzellan- und Steingutfabrik AG, 1919 verkaufte Roesler seine Aktienanteile an das Dresdner Bankhaus Gebr\u00fcder Arnold, die die Fabrik einem Industriekonsortium angliederten, 1924 kauft die AG die Gro\u00dfherzogliche Keramische Manufaktur Darmstadt, 1938 wurde die Fabrik an die Siemens-Schuckertwerke verkauft, die bisherige Firmierung wurde bis 1943 beibehalten, seit 1938 wurde aber keine Gebrauchs- und Kunstkeramik mehr produziert, sondern nur noch technische Keramik, an Hand der Markung l\u00e4\u00dft sich kein Produktionsdatum erkennen, insofern ist die genaue zeitliche Zuordnung schwierig,<br \/>\nTasse: H\u00f6he 4,5 cm, Breite 10 cm, Teller: Durchmesser 13,5 cm<\/p>\n<p><a href=\"http:\/\/museumek.eu\/?attachment_id=55183\" rel=\"attachment wp-att-55183\"><img loading=\"lazy\" src=\"http:\/\/museumek.eu\/wp-content\/uploads\/2013\/05\/R\u00f6\u00dfler-Service-Kanne-13-300x183.jpg\" alt=\"\" title=\"R\u00f6\u00dfler Service Kanne 1\" width=\"300\" height=\"183\" class=\"alignnone size-medium wp-image-55183\" srcset=\"http:\/\/museumek.eu\/wp-content\/uploads\/2013\/05\/R\u00f6\u00dfler-Service-Kanne-13-300x183.jpg 300w, http:\/\/museumek.eu\/wp-content\/uploads\/2013\/05\/R\u00f6\u00dfler-Service-Kanne-13-150x91.jpg 150w, http:\/\/museumek.eu\/wp-content\/uploads\/2013\/05\/R\u00f6\u00dfler-Service-Kanne-13-491x300.jpg 491w, http:\/\/museumek.eu\/wp-content\/uploads\/2013\/05\/R\u00f6\u00dfler-Service-Kanne-13.jpg 640w\" sizes=\"(max-width: 300px) 100vw, 300px\" \/><\/a><\/p>\n<p><a href=\"http:\/\/museumek.eu\/?attachment_id=55197\" rel=\"attachment wp-att-55197\"><img loading=\"lazy\" src=\"http:\/\/museumek.eu\/wp-content\/uploads\/2013\/05\/R\u00f6\u00dfler-Service-dritte-Tasse-1-300x222.jpg\" alt=\"\" title=\"R\u00f6\u00dfler Service dritte Tasse 1\" width=\"300\" height=\"222\" class=\"alignnone size-medium wp-image-55197\" srcset=\"http:\/\/museumek.eu\/wp-content\/uploads\/2013\/05\/R\u00f6\u00dfler-Service-dritte-Tasse-1-300x222.jpg 300w, http:\/\/museumek.eu\/wp-content\/uploads\/2013\/05\/R\u00f6\u00dfler-Service-dritte-Tasse-1-150x111.jpg 150w, http:\/\/museumek.eu\/wp-content\/uploads\/2013\/05\/R\u00f6\u00dfler-Service-dritte-Tasse-1-404x300.jpg 404w, http:\/\/museumek.eu\/wp-content\/uploads\/2013\/05\/R\u00f6\u00dfler-Service-dritte-Tasse-1.jpg 640w\" sizes=\"(max-width: 300px) 100vw, 300px\" \/><\/a><\/p>\n<p><a href=\"http:\/\/museumek.eu\/?attachment_id=55198\" rel=\"attachment wp-att-55198\"><img loading=\"lazy\" src=\"http:\/\/museumek.eu\/wp-content\/uploads\/2013\/05\/R\u00f6\u00dfler-Service-dritte-Tasse-2-300x243.jpg\" alt=\"\" title=\"R\u00f6\u00dfler Service dritte Tasse 2\" width=\"300\" height=\"243\" class=\"alignnone size-medium wp-image-55198\" srcset=\"http:\/\/museumek.eu\/wp-content\/uploads\/2013\/05\/R\u00f6\u00dfler-Service-dritte-Tasse-2-300x243.jpg 300w, http:\/\/museumek.eu\/wp-content\/uploads\/2013\/05\/R\u00f6\u00dfler-Service-dritte-Tasse-2-150x121.jpg 150w, http:\/\/museumek.eu\/wp-content\/uploads\/2013\/05\/R\u00f6\u00dfler-Service-dritte-Tasse-2-370x300.jpg 370w, http:\/\/museumek.eu\/wp-content\/uploads\/2013\/05\/R\u00f6\u00dfler-Service-dritte-Tasse-2.jpg 592w\" sizes=\"(max-width: 300px) 100vw, 300px\" \/><\/a><\/p>\n<p><a href=\"http:\/\/museumek.eu\/?attachment_id=55199\" rel=\"attachment wp-att-55199\"><img loading=\"lazy\" src=\"http:\/\/museumek.eu\/wp-content\/uploads\/2013\/05\/R\u00f6\u00dfler-Service-dritte-Tasse-3-295x300.jpg\" alt=\"\" title=\"R\u00f6\u00dfler Service dritte Tasse 3\" width=\"295\" height=\"300\" class=\"alignnone size-medium wp-image-55199\" srcset=\"http:\/\/museumek.eu\/wp-content\/uploads\/2013\/05\/R\u00f6\u00dfler-Service-dritte-Tasse-3-295x300.jpg 295w, http:\/\/museumek.eu\/wp-content\/uploads\/2013\/05\/R\u00f6\u00dfler-Service-dritte-Tasse-3-147x150.jpg 147w, http:\/\/museumek.eu\/wp-content\/uploads\/2013\/05\/R\u00f6\u00dfler-Service-dritte-Tasse-3.jpg 480w\" sizes=\"(max-width: 295px) 100vw, 295px\" \/><\/a><\/p>\n<p><a href=\"http:\/\/museumek.eu\/?attachment_id=55200\" rel=\"attachment wp-att-55200\"><img loading=\"lazy\" src=\"http:\/\/museumek.eu\/wp-content\/uploads\/2013\/05\/R\u00f6\u00dfler-Service-dritte-Tasse-4-300x194.jpg\" alt=\"\" title=\"R\u00f6\u00dfler Service dritte Tasse 4\" width=\"300\" height=\"194\" class=\"alignnone size-medium wp-image-55200\" srcset=\"http:\/\/museumek.eu\/wp-content\/uploads\/2013\/05\/R\u00f6\u00dfler-Service-dritte-Tasse-4-300x194.jpg 300w, http:\/\/museumek.eu\/wp-content\/uploads\/2013\/05\/R\u00f6\u00dfler-Service-dritte-Tasse-4-150x97.jpg 150w, http:\/\/museumek.eu\/wp-content\/uploads\/2013\/05\/R\u00f6\u00dfler-Service-dritte-Tasse-4-462x300.jpg 462w, http:\/\/museumek.eu\/wp-content\/uploads\/2013\/05\/R\u00f6\u00dfler-Service-dritte-Tasse-4.jpg 640w\" sizes=\"(max-width: 300px) 100vw, 300px\" \/><\/a><\/p>\n<p><a href=\"http:\/\/museumek.eu\/?attachment_id=55201\" rel=\"attachment wp-att-55201\"><img loading=\"lazy\" src=\"http:\/\/museumek.eu\/wp-content\/uploads\/2013\/05\/R\u00f6\u00dfler-Service-dritte-Tasse-5-300x256.jpg\" alt=\"\" title=\"R\u00f6\u00dfler Service dritte Tasse 5\" width=\"300\" height=\"256\" class=\"alignnone size-medium wp-image-55201\" srcset=\"http:\/\/museumek.eu\/wp-content\/uploads\/2013\/05\/R\u00f6\u00dfler-Service-dritte-Tasse-5-300x256.jpg 300w, http:\/\/museumek.eu\/wp-content\/uploads\/2013\/05\/R\u00f6\u00dfler-Service-dritte-Tasse-5-150x128.jpg 150w, http:\/\/museumek.eu\/wp-content\/uploads\/2013\/05\/R\u00f6\u00dfler-Service-dritte-Tasse-5-350x300.jpg 350w, http:\/\/museumek.eu\/wp-content\/uploads\/2013\/05\/R\u00f6\u00dfler-Service-dritte-Tasse-5.jpg 561w\" sizes=\"(max-width: 300px) 100vw, 300px\" \/><\/a><\/p>\n<p><a href=\"http:\/\/museumek.eu\/?attachment_id=55202\" rel=\"attachment wp-att-55202\"><img loading=\"lazy\" src=\"http:\/\/museumek.eu\/wp-content\/uploads\/2013\/05\/R\u00f6\u00dfler-Service-Teller-zur-dritten-Tasse-1-298x300.jpg\" alt=\"\" title=\"R\u00f6\u00dfler Service Teller zur dritten Tasse 1\" width=\"298\" height=\"300\" class=\"alignnone size-medium wp-image-55202\" srcset=\"http:\/\/museumek.eu\/wp-content\/uploads\/2013\/05\/R\u00f6\u00dfler-Service-Teller-zur-dritten-Tasse-1-298x300.jpg 298w, http:\/\/museumek.eu\/wp-content\/uploads\/2013\/05\/R\u00f6\u00dfler-Service-Teller-zur-dritten-Tasse-1-150x150.jpg 150w, http:\/\/museumek.eu\/wp-content\/uploads\/2013\/05\/R\u00f6\u00dfler-Service-Teller-zur-dritten-Tasse-1.jpg 480w\" sizes=\"(max-width: 298px) 100vw, 298px\" \/><\/a><\/p>\n<p><a href=\"http:\/\/museumek.eu\/?attachment_id=55203\" rel=\"attachment wp-att-55203\"><img loading=\"lazy\" src=\"http:\/\/museumek.eu\/wp-content\/uploads\/2013\/05\/R\u00f6\u00dfler-Service-Teller-zur-dritten-Tasse-2-300x290.jpg\" alt=\"\" title=\"R\u00f6\u00dfler Service Teller zur dritten Tasse 2\" width=\"300\" height=\"290\" class=\"alignnone size-medium wp-image-55203\" srcset=\"http:\/\/museumek.eu\/wp-content\/uploads\/2013\/05\/R\u00f6\u00dfler-Service-Teller-zur-dritten-Tasse-2-300x290.jpg 300w, http:\/\/museumek.eu\/wp-content\/uploads\/2013\/05\/R\u00f6\u00dfler-Service-Teller-zur-dritten-Tasse-2-150x145.jpg 150w, http:\/\/museumek.eu\/wp-content\/uploads\/2013\/05\/R\u00f6\u00dfler-Service-Teller-zur-dritten-Tasse-2-310x300.jpg 310w, http:\/\/museumek.eu\/wp-content\/uploads\/2013\/05\/R\u00f6\u00dfler-Service-Teller-zur-dritten-Tasse-2.jpg 496w\" sizes=\"(max-width: 300px) 100vw, 300px\" \/><\/a><\/p>\n<p><a href=\"http:\/\/museumek.eu\/?attachment_id=55204\" rel=\"attachment wp-att-55204\"><img loading=\"lazy\" src=\"http:\/\/museumek.eu\/wp-content\/uploads\/2013\/05\/R\u00f6\u00dfler-Service-Teller-zur-dritten-Tasse-4-293x300.jpg\" alt=\"\" title=\"R\u00f6\u00dfler Service Teller zur dritten Tasse 4\" width=\"293\" height=\"300\" class=\"alignnone size-medium wp-image-55204\" srcset=\"http:\/\/museumek.eu\/wp-content\/uploads\/2013\/05\/R\u00f6\u00dfler-Service-Teller-zur-dritten-Tasse-4-293x300.jpg 293w, http:\/\/museumek.eu\/wp-content\/uploads\/2013\/05\/R\u00f6\u00dfler-Service-Teller-zur-dritten-Tasse-4-146x150.jpg 146w, http:\/\/museumek.eu\/wp-content\/uploads\/2013\/05\/R\u00f6\u00dfler-Service-Teller-zur-dritten-Tasse-4.jpg 480w\" sizes=\"(max-width: 293px) 100vw, 293px\" \/><\/a><\/p>\n","protected":false},"excerpt":{"rendered":"<p>Abteilung Deutschland, Keramik 1860 \u2013 1960, Inventarnummer D\/LXXIX\/9 Max Roesler Porzellan- und Steingutfabrik und Nachf. Max Roesler Porzellan- und Steingutfabrik AG, Deutschland, Rodach, vor\/um 1920, dritte Tasse und Unterteller von 5 eines Service, K\u00fcnstler unbekannt, Werks.-Nr. 4026\/1 (Formnummer ?), Exemplar &hellip; <a href=\"http:\/\/museumek.eu\/?page_id=55245\">Weiterlesen <span class=\"meta-nav\">&rarr;<\/span><\/a><\/p>\n","protected":false},"author":1,"featured_media":0,"parent":22061,"menu_order":9,"comment_status":"closed","ping_status":"open","template":"","meta":[],"_links":{"self":[{"href":"http:\/\/museumek.eu\/index.php?rest_route=\/wp\/v2\/pages\/55245"}],"collection":[{"href":"http:\/\/museumek.eu\/index.php?rest_route=\/wp\/v2\/pages"}],"about":[{"href":"http:\/\/museumek.eu\/index.php?rest_route=\/wp\/v2\/types\/page"}],"author":[{"embeddable":true,"href":"http:\/\/museumek.eu\/index.php?rest_route=\/wp\/v2\/users\/1"}],"replies":[{"embeddable":true,"href":"http:\/\/museumek.eu\/index.php?rest_route=%2Fwp%2Fv2%2Fcomments&post=55245"}],"version-history":[{"count":2,"href":"http:\/\/museumek.eu\/index.php?rest_route=\/wp\/v2\/pages\/55245\/revisions"}],"predecessor-version":[{"id":55247,"href":"http:\/\/museumek.eu\/index.php?rest_route=\/wp\/v2\/pages\/55245\/revisions\/55247"}],"up":[{"embeddable":true,"href":"http:\/\/museumek.eu\/index.php?rest_route=\/wp\/v2\/pages\/22061"}],"wp:attachment":[{"href":"http:\/\/museumek.eu\/index.php?rest_route=%2Fwp%2Fv2%2Fmedia&parent=55245"}],"curies":[{"name":"wp","href":"https:\/\/api.w.org\/{rel}","templated":true}]}}