{"id":55248,"date":"2021-04-03T16:39:17","date_gmt":"2021-04-03T14:39:17","guid":{"rendered":"http:\/\/museumek.eu\/?page_id=55248"},"modified":"2021-04-03T16:39:17","modified_gmt":"2021-04-03T14:39:17","slug":"dlxxix10","status":"publish","type":"page","link":"http:\/\/museumek.eu\/?page_id=55248","title":{"rendered":"D\/LXXIX\/10"},"content":{"rendered":"<p><strong>Abteilung Deutschland, Keramik 1860 \u2013 1960, Inventarnummer D\/LXXIX\/10<\/strong><\/p>\n<p>Max Roesler Porzellan- und Steingutfabrik und Nachf. Max Roesler Porzellan- und Steingutfabrik AG, Deutschland, Rodach, vor\/um 1920, vierte Tasse und Unterteller von 5 eines Service, K\u00fcnstler unbekannt, Werks.-Nr. 4026\/1 (Formnummer ?), Exemplar Nr. ohne, gemarkt Firmenmarke Tasse, Wappenschild mit Heckenrose (Familienwappen der Roeslers) dar\u00fcber RMR (f\u00fcr Rodach und Max Roesler) blauer Stempel unter Glasur, 4026, darunter Unterstrich, darunter 1 gepresst, R 212 rot auf Glasur gemalt, gemarkt Teller, keine Firmenmarke aber 4026 darunter 1 gepresst, nicht signiert, Literatur: Gisela Reineking von Bock, Meister der Deutschen Keramik 1900 bis 1950, Seite 264, Beschreibung der Fabrik sowie Seite 327, Marke Nr. 176 identisch, weitere Literatur: Otto Pelka, Keramik der Neuzeit, Markentafel Nr. VII, Marke Nr. 119 identisch, Seite 212, Herstellerverzeichnis, Rodach, Max Roesler AG 119 sowie Seite 221 Namenverzeichnis, R\u00f6sler, Max, Steingutfabrik, M 119, weitere Literatur: Gustav Wei\u00df, Ullstein Porzellanbuch, Seite 297, Marke Nr. 9 identisch (dort ebenfalls mit Zusatz RMR), weitere Literatur: Dieter Z\u00fchlsdorff, Markenlexikon Band 1, Porzellan und Keramikreport 1885 &#8211; 1935, Seite 289, Werkteil-Nummer 1, Gruppennummer des Werkteils 5., fortlaufende Nummer der Gruppe 103, dort identische Marke (dort f\u00fcr die Zeit 1894 bis 1924) sowie Seite 594, Werkteil-Nummer 3, fortlaufende Nummer des Werkteils 1066, dort Fabrikbeschreibung, weitere Literatur: Robert E. R\u00f6ntgen, Deutsche Porzellanmarken von 1710 bis heute, Seite 290, dort identische Marke (f\u00fcr die Zeit 1894 bis 1925), die Fabrik wurde 1894 von Max Roesler gegr\u00fcndet, Firmierung Max Roesler Porzellan- und Steingutfabrik, im Jahre 1910 wurde die Fabrik in eine AG umgewandelt, Anteilseigner Max Roesler und Hermann Schraidt, Firmierung ab da Max Roesler Porzellan- und Steingutfabrik AG, 1919 verkaufte Roesler seine Aktienanteile an das Dresdner Bankhaus Gebr\u00fcder Arnold, die die Fabrik einem Industriekonsortium angliederten, 1924 kauft die AG die Gro\u00dfherzogliche Keramische Manufaktur Darmstadt, 1938 wurde die Fabrik an die Siemens-Schuckertwerke verkauft, die bisherige Firmierung wurde bis 1943 beibehalten, seit 1938 wurde aber keine Gebrauchs- und Kunstkeramik mehr produziert, sondern nur noch technische Keramik, an Hand der Markung l\u00e4\u00dft sich kein Produktionsdatum erkennen, insofern ist die genaue zeitliche Zuordnung schwierig,<br \/>\nTasse: H\u00f6he 4,5 cm, Breite 10 cm, Teller: Durchmesser 13,5 cm<\/p>\n<p><a href=\"http:\/\/museumek.eu\/?attachment_id=55183\" rel=\"attachment wp-att-55183\"><img loading=\"lazy\" src=\"http:\/\/museumek.eu\/wp-content\/uploads\/2013\/05\/R\u00f6\u00dfler-Service-Kanne-13-300x183.jpg\" alt=\"\" title=\"R\u00f6\u00dfler Service Kanne 1\" width=\"300\" height=\"183\" class=\"alignnone size-medium wp-image-55183\" srcset=\"http:\/\/museumek.eu\/wp-content\/uploads\/2013\/05\/R\u00f6\u00dfler-Service-Kanne-13-300x183.jpg 300w, http:\/\/museumek.eu\/wp-content\/uploads\/2013\/05\/R\u00f6\u00dfler-Service-Kanne-13-150x91.jpg 150w, http:\/\/museumek.eu\/wp-content\/uploads\/2013\/05\/R\u00f6\u00dfler-Service-Kanne-13-491x300.jpg 491w, http:\/\/museumek.eu\/wp-content\/uploads\/2013\/05\/R\u00f6\u00dfler-Service-Kanne-13.jpg 640w\" sizes=\"(max-width: 300px) 100vw, 300px\" \/><\/a><\/p>\n<p><a href=\"http:\/\/museumek.eu\/?attachment_id=55211\" rel=\"attachment wp-att-55211\"><img loading=\"lazy\" src=\"http:\/\/museumek.eu\/wp-content\/uploads\/2013\/05\/R\u00f6\u00dfler-Service-vierte-Tasse-1-300x220.jpg\" alt=\"\" title=\"R\u00f6\u00dfler Service vierte Tasse 1\" width=\"300\" height=\"220\" class=\"alignnone size-medium wp-image-55211\" srcset=\"http:\/\/museumek.eu\/wp-content\/uploads\/2013\/05\/R\u00f6\u00dfler-Service-vierte-Tasse-1-300x220.jpg 300w, http:\/\/museumek.eu\/wp-content\/uploads\/2013\/05\/R\u00f6\u00dfler-Service-vierte-Tasse-1-150x110.jpg 150w, http:\/\/museumek.eu\/wp-content\/uploads\/2013\/05\/R\u00f6\u00dfler-Service-vierte-Tasse-1-408x300.jpg 408w, http:\/\/museumek.eu\/wp-content\/uploads\/2013\/05\/R\u00f6\u00dfler-Service-vierte-Tasse-1.jpg 640w\" sizes=\"(max-width: 300px) 100vw, 300px\" \/><\/a><\/p>\n<p><a href=\"http:\/\/museumek.eu\/?attachment_id=55212\" rel=\"attachment wp-att-55212\"><img loading=\"lazy\" src=\"http:\/\/museumek.eu\/wp-content\/uploads\/2013\/05\/R\u00f6\u00dfler-Service-vierte-Tasse-2-300x218.jpg\" alt=\"\" title=\"R\u00f6\u00dfler Service vierte Tasse 2\" width=\"300\" height=\"218\" class=\"alignnone size-medium wp-image-55212\" srcset=\"http:\/\/museumek.eu\/wp-content\/uploads\/2013\/05\/R\u00f6\u00dfler-Service-vierte-Tasse-2-300x218.jpg 300w, http:\/\/museumek.eu\/wp-content\/uploads\/2013\/05\/R\u00f6\u00dfler-Service-vierte-Tasse-2-150x109.jpg 150w, http:\/\/museumek.eu\/wp-content\/uploads\/2013\/05\/R\u00f6\u00dfler-Service-vierte-Tasse-2-412x300.jpg 412w, http:\/\/museumek.eu\/wp-content\/uploads\/2013\/05\/R\u00f6\u00dfler-Service-vierte-Tasse-2.jpg 640w\" sizes=\"(max-width: 300px) 100vw, 300px\" \/><\/a><\/p>\n<p><a href=\"http:\/\/museumek.eu\/?attachment_id=55213\" rel=\"attachment wp-att-55213\"><img loading=\"lazy\" src=\"http:\/\/museumek.eu\/wp-content\/uploads\/2013\/05\/R\u00f6\u00dfler-Service-vierte-Tasse-3-300x288.jpg\" alt=\"\" title=\"R\u00f6\u00dfler Service vierte Tasse 3\" width=\"300\" height=\"288\" class=\"alignnone size-medium wp-image-55213\" srcset=\"http:\/\/museumek.eu\/wp-content\/uploads\/2013\/05\/R\u00f6\u00dfler-Service-vierte-Tasse-3-300x288.jpg 300w, http:\/\/museumek.eu\/wp-content\/uploads\/2013\/05\/R\u00f6\u00dfler-Service-vierte-Tasse-3-150x144.jpg 150w, http:\/\/museumek.eu\/wp-content\/uploads\/2013\/05\/R\u00f6\u00dfler-Service-vierte-Tasse-3-312x300.jpg 312w, http:\/\/museumek.eu\/wp-content\/uploads\/2013\/05\/R\u00f6\u00dfler-Service-vierte-Tasse-3.jpg 500w\" sizes=\"(max-width: 300px) 100vw, 300px\" \/><\/a><\/p>\n<p><a href=\"http:\/\/museumek.eu\/?attachment_id=55214\" rel=\"attachment wp-att-55214\"><img loading=\"lazy\" src=\"http:\/\/museumek.eu\/wp-content\/uploads\/2013\/05\/R\u00f6\u00dfler-Service-vierte-Tasse-4-193x300.jpg\" alt=\"\" title=\"R\u00f6\u00dfler Service vierte Tasse 4\" width=\"193\" height=\"300\" class=\"alignnone size-medium wp-image-55214\" srcset=\"http:\/\/museumek.eu\/wp-content\/uploads\/2013\/05\/R\u00f6\u00dfler-Service-vierte-Tasse-4-193x300.jpg 193w, http:\/\/museumek.eu\/wp-content\/uploads\/2013\/05\/R\u00f6\u00dfler-Service-vierte-Tasse-4-96x150.jpg 96w, http:\/\/museumek.eu\/wp-content\/uploads\/2013\/05\/R\u00f6\u00dfler-Service-vierte-Tasse-4.jpg 412w\" sizes=\"(max-width: 193px) 100vw, 193px\" \/><\/a><\/p>\n<p><a href=\"http:\/\/museumek.eu\/?attachment_id=55215\" rel=\"attachment wp-att-55215\"><img loading=\"lazy\" src=\"http:\/\/museumek.eu\/wp-content\/uploads\/2013\/05\/R\u00f6\u00dfler-Service-vierte-Tasse-5-222x300.jpg\" alt=\"\" title=\"R\u00f6\u00dfler Service vierte Tasse 5\" width=\"222\" height=\"300\" class=\"alignnone size-medium wp-image-55215\" srcset=\"http:\/\/museumek.eu\/wp-content\/uploads\/2013\/05\/R\u00f6\u00dfler-Service-vierte-Tasse-5-222x300.jpg 222w, http:\/\/museumek.eu\/wp-content\/uploads\/2013\/05\/R\u00f6\u00dfler-Service-vierte-Tasse-5-111x150.jpg 111w, http:\/\/museumek.eu\/wp-content\/uploads\/2013\/05\/R\u00f6\u00dfler-Service-vierte-Tasse-5.jpg 474w\" sizes=\"(max-width: 222px) 100vw, 222px\" \/><\/a><\/p>\n<p><a href=\"http:\/\/museumek.eu\/?attachment_id=55216\" rel=\"attachment wp-att-55216\"><img loading=\"lazy\" src=\"http:\/\/museumek.eu\/wp-content\/uploads\/2013\/05\/R\u00f6\u00dfler-Service-vierte-Tasse-6-300x204.jpg\" alt=\"\" title=\"R\u00f6\u00dfler Service vierte Tasse 6\" width=\"300\" height=\"204\" class=\"alignnone size-medium wp-image-55216\" srcset=\"http:\/\/museumek.eu\/wp-content\/uploads\/2013\/05\/R\u00f6\u00dfler-Service-vierte-Tasse-6-300x204.jpg 300w, http:\/\/museumek.eu\/wp-content\/uploads\/2013\/05\/R\u00f6\u00dfler-Service-vierte-Tasse-6-150x102.jpg 150w, http:\/\/museumek.eu\/wp-content\/uploads\/2013\/05\/R\u00f6\u00dfler-Service-vierte-Tasse-6-440x300.jpg 440w, http:\/\/museumek.eu\/wp-content\/uploads\/2013\/05\/R\u00f6\u00dfler-Service-vierte-Tasse-6.jpg 640w\" sizes=\"(max-width: 300px) 100vw, 300px\" \/><\/a><\/p>\n<p><a href=\"http:\/\/museumek.eu\/?attachment_id=55217\" rel=\"attachment wp-att-55217\"><img loading=\"lazy\" src=\"http:\/\/museumek.eu\/wp-content\/uploads\/2013\/05\/R\u00f6\u00dfler-Service-vierte-Tasse-7-300x254.jpg\" alt=\"\" title=\"R\u00f6\u00dfler Service vierte Tasse 7\" width=\"300\" height=\"254\" class=\"alignnone size-medium wp-image-55217\" srcset=\"http:\/\/museumek.eu\/wp-content\/uploads\/2013\/05\/R\u00f6\u00dfler-Service-vierte-Tasse-7-300x254.jpg 300w, http:\/\/museumek.eu\/wp-content\/uploads\/2013\/05\/R\u00f6\u00dfler-Service-vierte-Tasse-7-150x127.jpg 150w, http:\/\/museumek.eu\/wp-content\/uploads\/2013\/05\/R\u00f6\u00dfler-Service-vierte-Tasse-7-353x300.jpg 353w, http:\/\/museumek.eu\/wp-content\/uploads\/2013\/05\/R\u00f6\u00dfler-Service-vierte-Tasse-7.jpg 565w\" sizes=\"(max-width: 300px) 100vw, 300px\" \/><\/a><\/p>\n<p><a href=\"http:\/\/museumek.eu\/?attachment_id=55218\" rel=\"attachment wp-att-55218\"><img loading=\"lazy\" src=\"http:\/\/museumek.eu\/wp-content\/uploads\/2013\/05\/R\u00f6\u00dfler-Service-Teller-zur-vierten-Tasse-1-296x300.jpg\" alt=\"\" title=\"R\u00f6\u00dfler Service Teller zur vierten Tasse 1\" width=\"296\" height=\"300\" class=\"alignnone size-medium wp-image-55218\" srcset=\"http:\/\/museumek.eu\/wp-content\/uploads\/2013\/05\/R\u00f6\u00dfler-Service-Teller-zur-vierten-Tasse-1-296x300.jpg 296w, http:\/\/museumek.eu\/wp-content\/uploads\/2013\/05\/R\u00f6\u00dfler-Service-Teller-zur-vierten-Tasse-1-148x150.jpg 148w, http:\/\/museumek.eu\/wp-content\/uploads\/2013\/05\/R\u00f6\u00dfler-Service-Teller-zur-vierten-Tasse-1.jpg 480w\" sizes=\"(max-width: 296px) 100vw, 296px\" \/><\/a><\/p>\n<p><a href=\"http:\/\/museumek.eu\/?attachment_id=55219\" rel=\"attachment wp-att-55219\"><img loading=\"lazy\" src=\"http:\/\/museumek.eu\/wp-content\/uploads\/2013\/05\/R\u00f6\u00dfler-Service-Teller-zur-vierten-Tasse-2-300x298.jpg\" alt=\"\" title=\"R\u00f6\u00dfler Service Teller zur vierten Tasse 2\" width=\"300\" height=\"298\" class=\"alignnone size-medium wp-image-55219\" srcset=\"http:\/\/museumek.eu\/wp-content\/uploads\/2013\/05\/R\u00f6\u00dfler-Service-Teller-zur-vierten-Tasse-2-300x298.jpg 300w, http:\/\/museumek.eu\/wp-content\/uploads\/2013\/05\/R\u00f6\u00dfler-Service-Teller-zur-vierten-Tasse-2-150x150.jpg 150w, http:\/\/museumek.eu\/wp-content\/uploads\/2013\/05\/R\u00f6\u00dfler-Service-Teller-zur-vierten-Tasse-2-301x300.jpg 301w, http:\/\/museumek.eu\/wp-content\/uploads\/2013\/05\/R\u00f6\u00dfler-Service-Teller-zur-vierten-Tasse-2.jpg 483w\" sizes=\"(max-width: 300px) 100vw, 300px\" \/><\/a><\/p>\n<p><a href=\"http:\/\/museumek.eu\/?attachment_id=55220\" rel=\"attachment wp-att-55220\"><img loading=\"lazy\" src=\"http:\/\/museumek.eu\/wp-content\/uploads\/2013\/05\/R\u00f6\u00dfler-Service-Teller-zur-vierten-Tasse-3-282x300.jpg\" alt=\"\" title=\"R\u00f6\u00dfler Service Teller zur vierten Tasse 3\" width=\"282\" height=\"300\" class=\"alignnone size-medium wp-image-55220\" srcset=\"http:\/\/museumek.eu\/wp-content\/uploads\/2013\/05\/R\u00f6\u00dfler-Service-Teller-zur-vierten-Tasse-3-282x300.jpg 282w, http:\/\/museumek.eu\/wp-content\/uploads\/2013\/05\/R\u00f6\u00dfler-Service-Teller-zur-vierten-Tasse-3-141x150.jpg 141w, http:\/\/museumek.eu\/wp-content\/uploads\/2013\/05\/R\u00f6\u00dfler-Service-Teller-zur-vierten-Tasse-3.jpg 480w\" sizes=\"(max-width: 282px) 100vw, 282px\" \/><\/a><\/p>\n","protected":false},"excerpt":{"rendered":"<p>Abteilung Deutschland, Keramik 1860 \u2013 1960, Inventarnummer D\/LXXIX\/10 Max Roesler Porzellan- und Steingutfabrik und Nachf. Max Roesler Porzellan- und Steingutfabrik AG, Deutschland, Rodach, vor\/um 1920, vierte Tasse und Unterteller von 5 eines Service, K\u00fcnstler unbekannt, Werks.-Nr. 4026\/1 (Formnummer ?), Exemplar &hellip; <a href=\"http:\/\/museumek.eu\/?page_id=55248\">Weiterlesen <span class=\"meta-nav\">&rarr;<\/span><\/a><\/p>\n","protected":false},"author":1,"featured_media":0,"parent":22061,"menu_order":10,"comment_status":"closed","ping_status":"open","template":"","meta":[],"_links":{"self":[{"href":"http:\/\/museumek.eu\/index.php?rest_route=\/wp\/v2\/pages\/55248"}],"collection":[{"href":"http:\/\/museumek.eu\/index.php?rest_route=\/wp\/v2\/pages"}],"about":[{"href":"http:\/\/museumek.eu\/index.php?rest_route=\/wp\/v2\/types\/page"}],"author":[{"embeddable":true,"href":"http:\/\/museumek.eu\/index.php?rest_route=\/wp\/v2\/users\/1"}],"replies":[{"embeddable":true,"href":"http:\/\/museumek.eu\/index.php?rest_route=%2Fwp%2Fv2%2Fcomments&post=55248"}],"version-history":[{"count":2,"href":"http:\/\/museumek.eu\/index.php?rest_route=\/wp\/v2\/pages\/55248\/revisions"}],"predecessor-version":[{"id":55250,"href":"http:\/\/museumek.eu\/index.php?rest_route=\/wp\/v2\/pages\/55248\/revisions\/55250"}],"up":[{"embeddable":true,"href":"http:\/\/museumek.eu\/index.php?rest_route=\/wp\/v2\/pages\/22061"}],"wp:attachment":[{"href":"http:\/\/museumek.eu\/index.php?rest_route=%2Fwp%2Fv2%2Fmedia&parent=55248"}],"curies":[{"name":"wp","href":"https:\/\/api.w.org\/{rel}","templated":true}]}}