{"id":55253,"date":"2021-04-03T16:41:00","date_gmt":"2021-04-03T14:41:00","guid":{"rendered":"http:\/\/museumek.eu\/?page_id=55253"},"modified":"2021-04-03T16:41:00","modified_gmt":"2021-04-03T14:41:00","slug":"dlxxix11","status":"publish","type":"page","link":"http:\/\/museumek.eu\/?page_id=55253","title":{"rendered":"D\/LXXIX\/11"},"content":{"rendered":"<p><strong>Abteilung Deutschland, Keramik 1860 \u2013 1960, Inventarnummer D\/LXXIX\/11<\/strong><\/p>\n<p>Max Roesler Porzellan- und Steingutfabrik und Nachf. Max Roesler Porzellan- und Steingutfabrik AG, Deutschland, Rodach, vor\/um 1920, f\u00fcnfte Tasse und Unterteller von 5 eines Service, K\u00fcnstler unbekannt, Werks.-Nr. 4026\/1 (Formnummer ?), Exemplar Nr. ohne, gemarkt Firmenmarke Tasse, Wappenschild mit Heckenrose (Familienwappen der Roeslers) dar\u00fcber RMR (f\u00fcr Rodach und Max Roesler) blauer Stempel unter Glasur, R 212 rot auf Glasur gemalt, gemarkt Teller, keinerlei Markungen, nicht signiert, Literatur: Gisela Reineking von Bock, Meister der Deutschen Keramik 1900 bis 1950, Seite 264, Beschreibung der Fabrik sowie Seite 327, Marke Nr. 176 identisch, weitere Literatur: Otto Pelka, Keramik der Neuzeit, Markentafel Nr. VII, Marke Nr. 119 identisch, Seite 212, Herstellerverzeichnis, Rodach, Max Roesler AG 119 sowie Seite 221 Namenverzeichnis, R\u00f6sler, Max, Steingutfabrik, M 119, weitere Literatur: Gustav Wei\u00df, Ullstein Porzellanbuch, Seite 297, Marke Nr. 9 identisch (dort ebenfalls mit Zusatz RMR), weitere Literatur: Dieter Z\u00fchlsdorff, Markenlexikon Band 1, Porzellan und Keramikreport 1885 &#8211; 1935, Seite 289, Werkteil-Nummer 1, Gruppennummer des Werkteils 5., fortlaufende Nummer der Gruppe 103, dort identische Marke (dort f\u00fcr die Zeit 1894 bis 1924) sowie Seite 594, Werkteil-Nummer 3, fortlaufende Nummer des Werkteils 1066, dort Fabrikbeschreibung, weitere Literatur: Robert E. R\u00f6ntgen, Deutsche Porzellanmarken von 1710 bis heute, Seite 290, dort identische Marke (f\u00fcr die Zeit 1894 bis 1925), die Fabrik wurde 1894 von Max Roesler gegr\u00fcndet, Firmierung Max Roesler Porzellan- und Steingutfabrik, im Jahre 1910 wurde die Fabrik in eine AG umgewandelt, Anteilseigner Max Roesler und Hermann Schraidt, Firmierung ab da Max Roesler Porzellan- und Steingutfabrik AG, 1919 verkaufte Roesler seine Aktienanteile an das Dresdner Bankhaus Gebr\u00fcder Arnold, die die Fabrik einem Industriekonsortium angliederten, 1924 kauft die AG die Gro\u00dfherzogliche Keramische Manufaktur Darmstadt, 1938 wurde die Fabrik an die Siemens-Schuckertwerke verkauft, die bisherige Firmierung wurde bis 1943 beibehalten, seit 1938 wurde aber keine Gebrauchs- und Kunstkeramik mehr produziert, sondern nur noch technische Keramik, an Hand der Markung l\u00e4\u00dft sich kein Produktionsdatum erkennen, insofern ist die genaue zeitliche Zuordnung schwierig,<br \/>\nTasse: H\u00f6he 4,5 cm, Breite 10 cm, Teller: Durchmesser 13,5 cm<\/p>\n<p><a href=\"http:\/\/museumek.eu\/?attachment_id=55183\" rel=\"attachment wp-att-55183\"><img loading=\"lazy\" src=\"http:\/\/museumek.eu\/wp-content\/uploads\/2013\/05\/R\u00f6\u00dfler-Service-Kanne-13-300x183.jpg\" alt=\"\" title=\"R\u00f6\u00dfler Service Kanne 1\" width=\"300\" height=\"183\" class=\"alignnone size-medium wp-image-55183\" srcset=\"http:\/\/museumek.eu\/wp-content\/uploads\/2013\/05\/R\u00f6\u00dfler-Service-Kanne-13-300x183.jpg 300w, http:\/\/museumek.eu\/wp-content\/uploads\/2013\/05\/R\u00f6\u00dfler-Service-Kanne-13-150x91.jpg 150w, http:\/\/museumek.eu\/wp-content\/uploads\/2013\/05\/R\u00f6\u00dfler-Service-Kanne-13-491x300.jpg 491w, http:\/\/museumek.eu\/wp-content\/uploads\/2013\/05\/R\u00f6\u00dfler-Service-Kanne-13.jpg 640w\" sizes=\"(max-width: 300px) 100vw, 300px\" \/><\/a><\/p>\n<p><a href=\"http:\/\/museumek.eu\/?attachment_id=55223\" rel=\"attachment wp-att-55223\"><img loading=\"lazy\" src=\"http:\/\/museumek.eu\/wp-content\/uploads\/2013\/05\/R\u00f6\u00dfler-Service-f\u00fcnfte-Tasse-1-300x204.jpg\" alt=\"\" title=\"R\u00f6\u00dfler Service f\u00fcnfte Tasse 1\" width=\"300\" height=\"204\" class=\"alignnone size-medium wp-image-55223\" srcset=\"http:\/\/museumek.eu\/wp-content\/uploads\/2013\/05\/R\u00f6\u00dfler-Service-f\u00fcnfte-Tasse-1-300x204.jpg 300w, http:\/\/museumek.eu\/wp-content\/uploads\/2013\/05\/R\u00f6\u00dfler-Service-f\u00fcnfte-Tasse-1-150x102.jpg 150w, http:\/\/museumek.eu\/wp-content\/uploads\/2013\/05\/R\u00f6\u00dfler-Service-f\u00fcnfte-Tasse-1-440x300.jpg 440w, http:\/\/museumek.eu\/wp-content\/uploads\/2013\/05\/R\u00f6\u00dfler-Service-f\u00fcnfte-Tasse-1.jpg 640w\" sizes=\"(max-width: 300px) 100vw, 300px\" \/><\/a><\/p>\n<p><a href=\"http:\/\/museumek.eu\/?attachment_id=55224\" rel=\"attachment wp-att-55224\"><img loading=\"lazy\" src=\"http:\/\/museumek.eu\/wp-content\/uploads\/2013\/05\/R\u00f6\u00dfler-Service-f\u00fcnfte-Tasse-2-300x230.jpg\" alt=\"\" title=\"R\u00f6\u00dfler Service f\u00fcnfte Tasse 2\" width=\"300\" height=\"230\" class=\"alignnone size-medium wp-image-55224\" srcset=\"http:\/\/museumek.eu\/wp-content\/uploads\/2013\/05\/R\u00f6\u00dfler-Service-f\u00fcnfte-Tasse-2-300x230.jpg 300w, http:\/\/museumek.eu\/wp-content\/uploads\/2013\/05\/R\u00f6\u00dfler-Service-f\u00fcnfte-Tasse-2-150x115.jpg 150w, http:\/\/museumek.eu\/wp-content\/uploads\/2013\/05\/R\u00f6\u00dfler-Service-f\u00fcnfte-Tasse-2-390x300.jpg 390w, http:\/\/museumek.eu\/wp-content\/uploads\/2013\/05\/R\u00f6\u00dfler-Service-f\u00fcnfte-Tasse-2.jpg 625w\" sizes=\"(max-width: 300px) 100vw, 300px\" \/><\/a><\/p>\n<p><a href=\"http:\/\/museumek.eu\/?attachment_id=55225\" rel=\"attachment wp-att-55225\"><img loading=\"lazy\" src=\"http:\/\/museumek.eu\/wp-content\/uploads\/2013\/05\/R\u00f6\u00dfler-Service-f\u00fcnfte-Tasse-3-300x277.jpg\" alt=\"\" title=\"R\u00f6\u00dfler Service f\u00fcnfte Tasse 3\" width=\"300\" height=\"277\" class=\"alignnone size-medium wp-image-55225\" srcset=\"http:\/\/museumek.eu\/wp-content\/uploads\/2013\/05\/R\u00f6\u00dfler-Service-f\u00fcnfte-Tasse-3-300x277.jpg 300w, http:\/\/museumek.eu\/wp-content\/uploads\/2013\/05\/R\u00f6\u00dfler-Service-f\u00fcnfte-Tasse-3-150x138.jpg 150w, http:\/\/museumek.eu\/wp-content\/uploads\/2013\/05\/R\u00f6\u00dfler-Service-f\u00fcnfte-Tasse-3.jpg 518w\" sizes=\"(max-width: 300px) 100vw, 300px\" \/><\/a><\/p>\n<p><a href=\"http:\/\/museumek.eu\/?attachment_id=55227\" rel=\"attachment wp-att-55227\"><img loading=\"lazy\" src=\"http:\/\/museumek.eu\/wp-content\/uploads\/2013\/05\/R\u00f6\u00dfler-Service-f\u00fcnfte-Tasse-4-300x245.jpg\" alt=\"\" title=\"R\u00f6\u00dfler Service f\u00fcnfte Tasse 4\" width=\"300\" height=\"245\" class=\"alignnone size-medium wp-image-55227\" srcset=\"http:\/\/museumek.eu\/wp-content\/uploads\/2013\/05\/R\u00f6\u00dfler-Service-f\u00fcnfte-Tasse-4-300x245.jpg 300w, http:\/\/museumek.eu\/wp-content\/uploads\/2013\/05\/R\u00f6\u00dfler-Service-f\u00fcnfte-Tasse-4-150x122.jpg 150w, http:\/\/museumek.eu\/wp-content\/uploads\/2013\/05\/R\u00f6\u00dfler-Service-f\u00fcnfte-Tasse-4-366x300.jpg 366w, http:\/\/museumek.eu\/wp-content\/uploads\/2013\/05\/R\u00f6\u00dfler-Service-f\u00fcnfte-Tasse-4.jpg 587w\" sizes=\"(max-width: 300px) 100vw, 300px\" \/><\/a><\/p>\n<p><a href=\"http:\/\/museumek.eu\/?attachment_id=55228\" rel=\"attachment wp-att-55228\"><img loading=\"lazy\" src=\"http:\/\/museumek.eu\/wp-content\/uploads\/2013\/05\/R\u00f6\u00dfler-Service-f\u00fcnfte-Tasse-5-220x300.jpg\" alt=\"\" title=\"R\u00f6\u00dfler Service f\u00fcnfte Tasse 5\" width=\"220\" height=\"300\" class=\"alignnone size-medium wp-image-55228\" srcset=\"http:\/\/museumek.eu\/wp-content\/uploads\/2013\/05\/R\u00f6\u00dfler-Service-f\u00fcnfte-Tasse-5-220x300.jpg 220w, http:\/\/museumek.eu\/wp-content\/uploads\/2013\/05\/R\u00f6\u00dfler-Service-f\u00fcnfte-Tasse-5-110x150.jpg 110w, http:\/\/museumek.eu\/wp-content\/uploads\/2013\/05\/R\u00f6\u00dfler-Service-f\u00fcnfte-Tasse-5.jpg 470w\" sizes=\"(max-width: 220px) 100vw, 220px\" \/><\/a><\/p>\n<p><a href=\"http:\/\/museumek.eu\/?attachment_id=55229\" rel=\"attachment wp-att-55229\"><img loading=\"lazy\" src=\"http:\/\/museumek.eu\/wp-content\/uploads\/2013\/05\/R\u00f6\u00dfler-Service-f\u00fcnfte-Tasse-6-300x231.jpg\" alt=\"\" title=\"R\u00f6\u00dfler Service f\u00fcnfte Tasse 6\" width=\"300\" height=\"231\" class=\"alignnone size-medium wp-image-55229\" srcset=\"http:\/\/museumek.eu\/wp-content\/uploads\/2013\/05\/R\u00f6\u00dfler-Service-f\u00fcnfte-Tasse-6-300x231.jpg 300w, http:\/\/museumek.eu\/wp-content\/uploads\/2013\/05\/R\u00f6\u00dfler-Service-f\u00fcnfte-Tasse-6-150x115.jpg 150w, http:\/\/museumek.eu\/wp-content\/uploads\/2013\/05\/R\u00f6\u00dfler-Service-f\u00fcnfte-Tasse-6-389x300.jpg 389w, http:\/\/museumek.eu\/wp-content\/uploads\/2013\/05\/R\u00f6\u00dfler-Service-f\u00fcnfte-Tasse-6.jpg 623w\" sizes=\"(max-width: 300px) 100vw, 300px\" \/><\/a><\/p>\n<p><a href=\"http:\/\/museumek.eu\/?attachment_id=55230\" rel=\"attachment wp-att-55230\"><img loading=\"lazy\" src=\"http:\/\/museumek.eu\/wp-content\/uploads\/2013\/05\/R\u00f6\u00dfler-Service-Teller-zur-f\u00fcnften-Tasse-1-300x297.jpg\" alt=\"\" title=\"R\u00f6\u00dfler Service Teller zur f\u00fcnften Tasse 1\" width=\"300\" height=\"297\" class=\"alignnone size-medium wp-image-55230\" srcset=\"http:\/\/museumek.eu\/wp-content\/uploads\/2013\/05\/R\u00f6\u00dfler-Service-Teller-zur-f\u00fcnften-Tasse-1-300x297.jpg 300w, http:\/\/museumek.eu\/wp-content\/uploads\/2013\/05\/R\u00f6\u00dfler-Service-Teller-zur-f\u00fcnften-Tasse-1-150x148.jpg 150w, http:\/\/museumek.eu\/wp-content\/uploads\/2013\/05\/R\u00f6\u00dfler-Service-Teller-zur-f\u00fcnften-Tasse-1-302x300.jpg 302w, http:\/\/museumek.eu\/wp-content\/uploads\/2013\/05\/R\u00f6\u00dfler-Service-Teller-zur-f\u00fcnften-Tasse-1.jpg 484w\" sizes=\"(max-width: 300px) 100vw, 300px\" \/><\/a><\/p>\n<p><a href=\"http:\/\/museumek.eu\/?attachment_id=55231\" rel=\"attachment wp-att-55231\"><img loading=\"lazy\" src=\"http:\/\/museumek.eu\/wp-content\/uploads\/2013\/05\/R\u00f6\u00dfler-Service-Teller-zur-f\u00fcnften-Tasse-2-300x297.jpg\" alt=\"\" title=\"R\u00f6\u00dfler Service Teller zur f\u00fcnften Tasse 2\" width=\"300\" height=\"297\" class=\"alignnone size-medium wp-image-55231\" srcset=\"http:\/\/museumek.eu\/wp-content\/uploads\/2013\/05\/R\u00f6\u00dfler-Service-Teller-zur-f\u00fcnften-Tasse-2-300x297.jpg 300w, http:\/\/museumek.eu\/wp-content\/uploads\/2013\/05\/R\u00f6\u00dfler-Service-Teller-zur-f\u00fcnften-Tasse-2-150x148.jpg 150w, http:\/\/museumek.eu\/wp-content\/uploads\/2013\/05\/R\u00f6\u00dfler-Service-Teller-zur-f\u00fcnften-Tasse-2-302x300.jpg 302w, http:\/\/museumek.eu\/wp-content\/uploads\/2013\/05\/R\u00f6\u00dfler-Service-Teller-zur-f\u00fcnften-Tasse-2.jpg 484w\" sizes=\"(max-width: 300px) 100vw, 300px\" \/><\/a><\/p>\n","protected":false},"excerpt":{"rendered":"<p>Abteilung Deutschland, Keramik 1860 \u2013 1960, Inventarnummer D\/LXXIX\/11 Max Roesler Porzellan- und Steingutfabrik und Nachf. Max Roesler Porzellan- und Steingutfabrik AG, Deutschland, Rodach, vor\/um 1920, f\u00fcnfte Tasse und Unterteller von 5 eines Service, K\u00fcnstler unbekannt, Werks.-Nr. 4026\/1 (Formnummer ?), Exemplar &hellip; <a href=\"http:\/\/museumek.eu\/?page_id=55253\">Weiterlesen <span class=\"meta-nav\">&rarr;<\/span><\/a><\/p>\n","protected":false},"author":1,"featured_media":0,"parent":55251,"menu_order":11,"comment_status":"closed","ping_status":"open","template":"","meta":[],"_links":{"self":[{"href":"http:\/\/museumek.eu\/index.php?rest_route=\/wp\/v2\/pages\/55253"}],"collection":[{"href":"http:\/\/museumek.eu\/index.php?rest_route=\/wp\/v2\/pages"}],"about":[{"href":"http:\/\/museumek.eu\/index.php?rest_route=\/wp\/v2\/types\/page"}],"author":[{"embeddable":true,"href":"http:\/\/museumek.eu\/index.php?rest_route=\/wp\/v2\/users\/1"}],"replies":[{"embeddable":true,"href":"http:\/\/museumek.eu\/index.php?rest_route=%2Fwp%2Fv2%2Fcomments&post=55253"}],"version-history":[{"count":2,"href":"http:\/\/museumek.eu\/index.php?rest_route=\/wp\/v2\/pages\/55253\/revisions"}],"predecessor-version":[{"id":55255,"href":"http:\/\/museumek.eu\/index.php?rest_route=\/wp\/v2\/pages\/55253\/revisions\/55255"}],"up":[{"embeddable":true,"href":"http:\/\/museumek.eu\/index.php?rest_route=\/wp\/v2\/pages\/55251"}],"wp:attachment":[{"href":"http:\/\/museumek.eu\/index.php?rest_route=%2Fwp%2Fv2%2Fmedia&parent=55253"}],"curies":[{"name":"wp","href":"https:\/\/api.w.org\/{rel}","templated":true}]}}