{"id":55501,"date":"2021-04-05T16:40:47","date_gmt":"2021-04-05T14:40:47","guid":{"rendered":"http:\/\/museumek.eu\/?page_id=55501"},"modified":"2021-04-05T16:49:35","modified_gmt":"2021-04-05T14:49:35","slug":"dvii2","status":"publish","type":"page","link":"http:\/\/museumek.eu\/?page_id=55501","title":{"rendered":"D\/VII\/2"},"content":{"rendered":"<p><strong>Abteilung Deutschland, Keramik 1860 \u2013 1960, Inventarnummer D\/VII\/2<\/strong><\/p>\n<p>Porzellanmalerei und Porzellanfabrik Ernst Bohne u. Nachf. Porzellanfabrik Ernst Bohne &#038; S\u00f6hne u. Nachf. Porzellanfabrik Ernst Bohne &#038; S\u00f6hne\/Zweigwerk der Porzellanfabrik Gebr\u00fcder Heubach AG u. Nachf. Porzellanfabrik Albert Stahl &#038; Co., vorm. Porzellanfabrik Ernst Bohne &#038; S\u00f6hne, Deutschland, Rudolstadt, um 1900, Porzellanblume, K\u00fcnstler unbekannt, Werks.-Nr. ohne, Exemplar Nr. ohne, gemarkt Firmenmarke mit Krone, darunter N (nachgemachte Neapelmarke) blauer Stempel unter Glasur, nicht signiert, Literatur: J. G. Th. Graesse und E. Jaenicke, F\u00fchrer f\u00fcr Sammler von Porzellan und Fayence, Steinzeug, Steingut usw., Seite 504, Marke Nr. 6 identisch, weitere Literatur: Gustav Wei\u00df, Ullstein Porzellanbuch, Seite 299, Marke 7 identisch, weitere Literatur: Dieter Z\u00fchlsdorff, Markenlexikon Band 1, Porzellan und Keramik Report 1885 &#8211; 1935, Werk-Teil 1., Gruppennummer des Werkteils 4., laufende Nummer innerhalb der Gruppe 146, identische Marke (dort g\u00fcltig ab 1901, Eintrag ins RWZR aber erst 1903) sowie Seite 596, Werk-Teil 3., laufende Nummer des Werkteils 1080, dort kurze Beschreibung der Fabrik, weitere Literatur, Ludwig Danckert, Handbuch des Europ\u00e4ischen Porzellans, 7. Auflage, Seite 598, kurze Beschreibung der Fabrik sowie Abbildung der identischen Marke, weitere Literatur: Robert E. R\u00f6ntgen, Deutsche Porzellanmarken von 1710 bis heute, Seite 291, dort Beschreibung der Fabrik und Marke 2276 identisch (dort g\u00fcltig f\u00fcr die Zeit 1901 &#8211; ca. 1937), weitere Literatur: Emanuel Poche, Porzellanmarken aus aller Welt, Marke 1285 identisch (dort gef\u00fchrt als E. Bohne &#038; S\u00f6hne f\u00fcr die Zeit 1854 &#8211; 1900, Marke in blau), 1848 gr\u00fcndete Ernst Bohne in Rudolstadt eine Porzellanmalerei, bereits 1850 begann er mit der eigenen Porzellanherstellung, Firmierung wohl Porzellanmalerei und Porzellanfabrik Ernst Bohne, wohl 1856 verstirbt Bohne und seine S\u00f6hne f\u00fchren die Fabrik weiter, wohl ab da \u00c4nderung der Firmierung in Porzellanfabrik Ernst Bohne &#038; S\u00f6hne, die Fabrik produziert Luxusporzellan, Rauchverzehrer, V\u00f6gel, Figuren, Lampenf\u00fc\u00dfe, Porzellanblumen, Bierkr\u00fcge usw., 1919\/1920 geht die Fabrik in den Besitz der Porzellanfabrik Gebr. Heubach AG \u00fcber, Firmierung ab da Porzellanfabrik Ernst Bohne &#038; S\u00f6hne\/Zweigwerk der Porzellanfabrik Gebr\u00fcder Heubach AG, nach deren Konkurs erwirbt Albert Stahl um 1937 die Bohne Fabrik, Firmierung ab da Porzellanfabrik Albert Stahl &#038; Co., vorm. Porzellanfabrik Ernst Bohne &#038; S\u00f6hne, 1960 wird die DDR Kommanditist und 1972 wird die Fabrik endg\u00fcltig verstaatlicht, H\u00f6he 2,5 cm, Breite 6 cm<\/p>\n<p><a href=\"http:\/\/museumek.eu\/?attachment_id=55486\" rel=\"attachment wp-att-55486\"><img loading=\"lazy\" src=\"http:\/\/museumek.eu\/wp-content\/uploads\/2012\/09\/Ernst-Bohne-Blume-1-1-284x300.jpg\" alt=\"\" title=\"Ernst Bohne Blume 1 1\" width=\"284\" height=\"300\" class=\"alignnone size-medium wp-image-55486\" srcset=\"http:\/\/museumek.eu\/wp-content\/uploads\/2012\/09\/Ernst-Bohne-Blume-1-1-284x300.jpg 284w, http:\/\/museumek.eu\/wp-content\/uploads\/2012\/09\/Ernst-Bohne-Blume-1-1-142x150.jpg 142w, http:\/\/museumek.eu\/wp-content\/uploads\/2012\/09\/Ernst-Bohne-Blume-1-1.jpg 480w\" sizes=\"(max-width: 284px) 100vw, 284px\" \/><\/a><\/p>\n<p><a href=\"http:\/\/museumek.eu\/?attachment_id=55487\" rel=\"attachment wp-att-55487\"><img loading=\"lazy\" src=\"http:\/\/museumek.eu\/wp-content\/uploads\/2012\/09\/Ernst-Bohne-Blume-1-2-234x300.jpg\" alt=\"\" title=\"Ernst Bohne Blume 1 2\" width=\"234\" height=\"300\" class=\"alignnone size-medium wp-image-55487\" srcset=\"http:\/\/museumek.eu\/wp-content\/uploads\/2012\/09\/Ernst-Bohne-Blume-1-2-234x300.jpg 234w, http:\/\/museumek.eu\/wp-content\/uploads\/2012\/09\/Ernst-Bohne-Blume-1-2-117x150.jpg 117w, http:\/\/museumek.eu\/wp-content\/uploads\/2012\/09\/Ernst-Bohne-Blume-1-2.jpg 480w\" sizes=\"(max-width: 234px) 100vw, 234px\" \/><\/a><\/p>\n<p><a href=\"http:\/\/museumek.eu\/?attachment_id=55488\" rel=\"attachment wp-att-55488\"><img loading=\"lazy\" src=\"http:\/\/museumek.eu\/wp-content\/uploads\/2012\/09\/Ernst-Bohne-Blume-1-3-287x300.jpg\" alt=\"\" title=\"Ernst Bohne Blume 1 3\" width=\"287\" height=\"300\" class=\"alignnone size-medium wp-image-55488\" srcset=\"http:\/\/museumek.eu\/wp-content\/uploads\/2012\/09\/Ernst-Bohne-Blume-1-3-287x300.jpg 287w, http:\/\/museumek.eu\/wp-content\/uploads\/2012\/09\/Ernst-Bohne-Blume-1-3-143x150.jpg 143w, http:\/\/museumek.eu\/wp-content\/uploads\/2012\/09\/Ernst-Bohne-Blume-1-3.jpg 480w\" sizes=\"(max-width: 287px) 100vw, 287px\" \/><\/a><\/p>\n","protected":false},"excerpt":{"rendered":"<p>Abteilung Deutschland, Keramik 1860 \u2013 1960, Inventarnummer D\/VII\/2 Porzellanmalerei und Porzellanfabrik Ernst Bohne u. Nachf. Porzellanfabrik Ernst Bohne &#038; S\u00f6hne u. Nachf. Porzellanfabrik Ernst Bohne &#038; S\u00f6hne\/Zweigwerk der Porzellanfabrik Gebr\u00fcder Heubach AG u. Nachf. Porzellanfabrik Albert Stahl &#038; Co., vorm. &hellip; <a href=\"http:\/\/museumek.eu\/?page_id=55501\">Weiterlesen <span class=\"meta-nav\">&rarr;<\/span><\/a><\/p>\n","protected":false},"author":1,"featured_media":0,"parent":1972,"menu_order":2,"comment_status":"closed","ping_status":"open","template":"","meta":[],"_links":{"self":[{"href":"http:\/\/museumek.eu\/index.php?rest_route=\/wp\/v2\/pages\/55501"}],"collection":[{"href":"http:\/\/museumek.eu\/index.php?rest_route=\/wp\/v2\/pages"}],"about":[{"href":"http:\/\/museumek.eu\/index.php?rest_route=\/wp\/v2\/types\/page"}],"author":[{"embeddable":true,"href":"http:\/\/museumek.eu\/index.php?rest_route=\/wp\/v2\/users\/1"}],"replies":[{"embeddable":true,"href":"http:\/\/museumek.eu\/index.php?rest_route=%2Fwp%2Fv2%2Fcomments&post=55501"}],"version-history":[{"count":4,"href":"http:\/\/museumek.eu\/index.php?rest_route=\/wp\/v2\/pages\/55501\/revisions"}],"predecessor-version":[{"id":55515,"href":"http:\/\/museumek.eu\/index.php?rest_route=\/wp\/v2\/pages\/55501\/revisions\/55515"}],"up":[{"embeddable":true,"href":"http:\/\/museumek.eu\/index.php?rest_route=\/wp\/v2\/pages\/1972"}],"wp:attachment":[{"href":"http:\/\/museumek.eu\/index.php?rest_route=%2Fwp%2Fv2%2Fmedia&parent=55501"}],"curies":[{"name":"wp","href":"https:\/\/api.w.org\/{rel}","templated":true}]}}