{"id":55572,"date":"2021-04-05T21:15:33","date_gmt":"2021-04-05T19:15:33","guid":{"rendered":"http:\/\/museumek.eu\/?page_id=55572"},"modified":"2021-04-05T21:15:33","modified_gmt":"2021-04-05T19:15:33","slug":"dxx5","status":"publish","type":"page","link":"http:\/\/museumek.eu\/?page_id=55572","title":{"rendered":"D\/XX\/5"},"content":{"rendered":"<p><strong>Abteilung Deutschland, Keramik 1860 \u2013 1960, Inventarnummer D\/XX\/5<\/strong><\/p>\n<p>Porzellanfabrik Gebr. Heubach und Nachf. Porzellanfabrik Gebr. Heubach AG und Nachf. Porzellanfabrik Gebr. Heubach Nachfolger, Inhaber Otto Friedrich F\u00fcrst zu Ysenburg und B\u00fcdingen, Deutschland, Lichte, vor\/um 1900, Vase eines Vasen Paares mit Bildnis einer Frau, K\u00fcnstler unbekannt, Werks.-Nr. ohne, Exemplar Nr. ohne, gemarkt Firmenmarke mit einem Wappenrahmen, in dem Rahmen ein aufrecht stehender bekr\u00f6nter L\u00f6we (oder B\u00e4r), der eine brennende Kerze h\u00e4lt (die brennende Kerze wurde auch bei anderen Heubach Marken verwendet), unter der Kerze die Buchstabe GLH (f\u00fcr Gebr. Heubach, Lichte), \u00fcber dem Rahmen befindet sich ein behelmter Ritterkopf (?), aus dem ein Schwertknauf (?) herausschaut, links und rechts umgibt den Rahmen wallendes Laub brauner Stempel sowie ein weiterer brauner Stempel mit einem Kreis, indem sich ein weiterer Kreis befindet, zwischen den Kreisen steht MADE N GERMANY wobei der Buchstabe I des Wortes IN fehlt (der gleiche Stempel befindet sich auch unter zweiten Vase des Vasen Paares, dort fehlt ebenfalls der Buchstabe I, insofern handelt es sich wohl tats\u00e4chlich um einen Schreibfehler im Stempel), geritzt 22 +, in rot gemalte 1, nicht signiert, in der gesamten nachfolgend aufgef\u00fchrten Fachliteratur sind die beiden Stempel nicht aufgef\u00fchrt, es gibt lediglich den ann\u00e4hernd gleichen Stempel mit dem Wappen \u00e4hnlichen Stempel, dort im Wappenrahmen sind auch die Buchstaben GLH sowie eine brennende Kerze, allerdings ohne das bekr\u00f6nte Tier, gleichfalls ist die \u00e4u\u00dfere Gestaltung um den Rahmen herum sehr \u00e4hnlich oder sogar gleich, genau kann man das nicht sagen, weil das MEK den Originalstempel beschreibt und in der Fachliteratur lediglich Zeichnungen dargestellt sind, Literatur: J. G. Th. Graesse und E. Jaennicke, F\u00fchrer f\u00fcr Sammler von Porzellan und Fayence, Steinzeug, Steingut usw., Seite 470, Marke Nr. 1 sehr \u00e4hnliche Marke, weitere Literatur: Otto Pelka, Keramik der Neuzeit, Markentafel V, sehr \u00e4hnliche Marke im Markenkasten 79 abgebildet, weitere Literatur: Gustav Wei\u00df, Ullstein Porzellanbuch, Seite 272, Marke Nr. 10 sehr \u00e4hnliche Marke, weitere Literatur: Emanuel Poche, Porzellanmarken aus aller Welt, Marke 1116 sehr \u00e4hnlich, weitere Literatur: Robert E. R\u00f6ntgen, Deutsche Porzellanmarken von 1710 bis heute, Seite 180, Marke Nr. 1359 sehr \u00e4hnlich, weitere Literatur: Ludwig Danckert, Handbuch des Europ\u00e4ischen Porzellans, 7. Auflage, Seite 325, dort sehr \u00e4hnliche Marke abgebildet, weitere Literatur: Dieter Z\u00fchlsdorf, Markenlexikon, Porzellan und Keramikreport, Band 1, Seite 114, Werk-Teil 1., Gruppennummer des Werkteils 1., laufende Nummer der Gruppe 2432, dort sehr \u00e4hnliche Marke, die Porzellanfabrik wurde 1822 von Johann Heinrich Leder gegr\u00fcndet, Firmierung nicht bekannt, 1824 wurden die Vettern von Leder, Wilhelm und Heinrich Liebmann, Eigent\u00fcmer, Firmierung nicht bekannt, 1830 \u2013 1843 ist Wilhelm Liebmann Alleineigent\u00fcmer, 1843 kauften die Br\u00fcder Christoph und Philipp Heubach aus Lauscha die Porzellanfabrik, Firmierung Porzellanfabrik Gebr. Heubach, 1904 wird die Fabrik AG, Firmierung ab da Porzellanfabrik Gebr. Heubach AG, die Fabrik bleibt bis 1938, dem Konkursjahr, in Familienbesitz, als Konkurskauf erwirbt Otto Friedrich F\u00fcrst zu Ysenburg und B\u00fcdingen die Fabrik und firmiert als Gebr. Heubach Nachf., 1948 wird die Fabrik verstaatlicht, H\u00f6he 17,5 cm, Breite 10 cm<\/p>\n<p><a href=\"http:\/\/museumek.eu\/?attachment_id=55542\" rel=\"attachment wp-att-55542\"><img loading=\"lazy\" src=\"http:\/\/museumek.eu\/wp-content\/uploads\/2011\/09\/gebr.-Heubach-Vasenpaar-Mann-und-Frau-1-281x300.jpg\" alt=\"\" title=\"gebr. Heubach Vasenpaar Mann und Frau 1\" width=\"281\" height=\"300\" class=\"alignnone size-medium wp-image-55542\" srcset=\"http:\/\/museumek.eu\/wp-content\/uploads\/2011\/09\/gebr.-Heubach-Vasenpaar-Mann-und-Frau-1-281x300.jpg 281w, http:\/\/museumek.eu\/wp-content\/uploads\/2011\/09\/gebr.-Heubach-Vasenpaar-Mann-und-Frau-1-140x150.jpg 140w, http:\/\/museumek.eu\/wp-content\/uploads\/2011\/09\/gebr.-Heubach-Vasenpaar-Mann-und-Frau-1.jpg 480w\" sizes=\"(max-width: 281px) 100vw, 281px\" \/><\/a><\/p>\n<p><a href=\"http:\/\/museumek.eu\/?attachment_id=55549\" rel=\"attachment wp-att-55549\"><img loading=\"lazy\" src=\"http:\/\/museumek.eu\/wp-content\/uploads\/2011\/09\/Gebr.-Heubach-Vasenpaar-Mann-und-Frau-hier-Frau-1-177x300.jpg\" alt=\"\" title=\"Gebr. Heubach Vasenpaar Mann und Frau hier Frau 1\" width=\"177\" height=\"300\" class=\"alignnone size-medium wp-image-55549\" srcset=\"http:\/\/museumek.eu\/wp-content\/uploads\/2011\/09\/Gebr.-Heubach-Vasenpaar-Mann-und-Frau-hier-Frau-1-177x300.jpg 177w, http:\/\/museumek.eu\/wp-content\/uploads\/2011\/09\/Gebr.-Heubach-Vasenpaar-Mann-und-Frau-hier-Frau-1-88x150.jpg 88w, http:\/\/museumek.eu\/wp-content\/uploads\/2011\/09\/Gebr.-Heubach-Vasenpaar-Mann-und-Frau-hier-Frau-1.jpg 378w\" sizes=\"(max-width: 177px) 100vw, 177px\" \/><\/a><\/p>\n<p><a href=\"http:\/\/museumek.eu\/?attachment_id=55550\" rel=\"attachment wp-att-55550\"><img loading=\"lazy\" src=\"http:\/\/museumek.eu\/wp-content\/uploads\/2011\/09\/Gebr.-Heubach-Vasenpaar-Mann-und-Frau-hier-Frau-2-227x300.jpg\" alt=\"\" title=\"Gebr. Heubach Vasenpaar Mann und Frau hier Frau 2\" width=\"227\" height=\"300\" class=\"alignnone size-medium wp-image-55550\" srcset=\"http:\/\/museumek.eu\/wp-content\/uploads\/2011\/09\/Gebr.-Heubach-Vasenpaar-Mann-und-Frau-hier-Frau-2-227x300.jpg 227w, http:\/\/museumek.eu\/wp-content\/uploads\/2011\/09\/Gebr.-Heubach-Vasenpaar-Mann-und-Frau-hier-Frau-2-113x150.jpg 113w, http:\/\/museumek.eu\/wp-content\/uploads\/2011\/09\/Gebr.-Heubach-Vasenpaar-Mann-und-Frau-hier-Frau-2.jpg 480w\" sizes=\"(max-width: 227px) 100vw, 227px\" \/><\/a><\/p>\n<p><a href=\"http:\/\/museumek.eu\/?attachment_id=55551\" rel=\"attachment wp-att-55551\"><img loading=\"lazy\" src=\"http:\/\/museumek.eu\/wp-content\/uploads\/2011\/09\/Gebr.-Heubach-Vasenpaar-Mann-und-Frau-hier-Frau-3-290x300.jpg\" alt=\"\" title=\"Gebr. Heubach Vasenpaar Mann und Frau hier Frau 3\" width=\"290\" height=\"300\" class=\"alignnone size-medium wp-image-55551\" srcset=\"http:\/\/museumek.eu\/wp-content\/uploads\/2011\/09\/Gebr.-Heubach-Vasenpaar-Mann-und-Frau-hier-Frau-3-290x300.jpg 290w, http:\/\/museumek.eu\/wp-content\/uploads\/2011\/09\/Gebr.-Heubach-Vasenpaar-Mann-und-Frau-hier-Frau-3-145x150.jpg 145w, http:\/\/museumek.eu\/wp-content\/uploads\/2011\/09\/Gebr.-Heubach-Vasenpaar-Mann-und-Frau-hier-Frau-3.jpg 480w\" sizes=\"(max-width: 290px) 100vw, 290px\" \/><\/a><\/p>\n<p><a href=\"http:\/\/museumek.eu\/?attachment_id=55552\" rel=\"attachment wp-att-55552\"><img loading=\"lazy\" src=\"http:\/\/museumek.eu\/wp-content\/uploads\/2011\/09\/Gebr.-Heubach-Vasenpaar-Mann-und-Frau-hier-Frau-4-274x300.jpg\" alt=\"\" title=\"Gebr. Heubach Vasenpaar Mann und Frau hier Frau 4\" width=\"274\" height=\"300\" class=\"alignnone size-medium wp-image-55552\" srcset=\"http:\/\/museumek.eu\/wp-content\/uploads\/2011\/09\/Gebr.-Heubach-Vasenpaar-Mann-und-Frau-hier-Frau-4-274x300.jpg 274w, http:\/\/museumek.eu\/wp-content\/uploads\/2011\/09\/Gebr.-Heubach-Vasenpaar-Mann-und-Frau-hier-Frau-4-137x150.jpg 137w, http:\/\/museumek.eu\/wp-content\/uploads\/2011\/09\/Gebr.-Heubach-Vasenpaar-Mann-und-Frau-hier-Frau-4.jpg 544w\" sizes=\"(max-width: 274px) 100vw, 274px\" \/><\/a><\/p>\n<p><a href=\"http:\/\/museumek.eu\/?attachment_id=55553\" rel=\"attachment wp-att-55553\"><img loading=\"lazy\" src=\"http:\/\/museumek.eu\/wp-content\/uploads\/2011\/09\/Gebr.-Heubach-Vasenpaar-Mann-und-Frau-hier-Frau-5-300x272.jpg\" alt=\"\" title=\"Gebr. Heubach Vasenpaar Mann und Frau hier Frau 5\" width=\"300\" height=\"272\" class=\"alignnone size-medium wp-image-55553\" srcset=\"http:\/\/museumek.eu\/wp-content\/uploads\/2011\/09\/Gebr.-Heubach-Vasenpaar-Mann-und-Frau-hier-Frau-5-300x272.jpg 300w, http:\/\/museumek.eu\/wp-content\/uploads\/2011\/09\/Gebr.-Heubach-Vasenpaar-Mann-und-Frau-hier-Frau-5-150x136.jpg 150w, http:\/\/museumek.eu\/wp-content\/uploads\/2011\/09\/Gebr.-Heubach-Vasenpaar-Mann-und-Frau-hier-Frau-5-330x300.jpg 330w, http:\/\/museumek.eu\/wp-content\/uploads\/2011\/09\/Gebr.-Heubach-Vasenpaar-Mann-und-Frau-hier-Frau-5.jpg 529w\" sizes=\"(max-width: 300px) 100vw, 300px\" \/><\/a><\/p>\n<p><a href=\"http:\/\/museumek.eu\/?attachment_id=55554\" rel=\"attachment wp-att-55554\"><img loading=\"lazy\" src=\"http:\/\/museumek.eu\/wp-content\/uploads\/2011\/09\/Gebr.-Heubach-Vasenpaar-Mann-und-Frau-hier-Frau-6-261x300.jpg\" alt=\"\" title=\"Gebr. Heubach Vasenpaar Mann und Frau hier Frau 6\" width=\"261\" height=\"300\" class=\"alignnone size-medium wp-image-55554\" srcset=\"http:\/\/museumek.eu\/wp-content\/uploads\/2011\/09\/Gebr.-Heubach-Vasenpaar-Mann-und-Frau-hier-Frau-6-261x300.jpg 261w, http:\/\/museumek.eu\/wp-content\/uploads\/2011\/09\/Gebr.-Heubach-Vasenpaar-Mann-und-Frau-hier-Frau-6-130x150.jpg 130w, http:\/\/museumek.eu\/wp-content\/uploads\/2011\/09\/Gebr.-Heubach-Vasenpaar-Mann-und-Frau-hier-Frau-6.jpg 480w\" sizes=\"(max-width: 261px) 100vw, 261px\" \/><\/a><\/p>\n<p><a href=\"http:\/\/museumek.eu\/?attachment_id=55555\" rel=\"attachment wp-att-55555\"><img loading=\"lazy\" src=\"http:\/\/museumek.eu\/wp-content\/uploads\/2011\/09\/Gebr.-Heubach-Vasenpaar-Mann-und-Frau-hier-Frau-7-202x300.jpg\" alt=\"\" title=\"Gebr. Heubach Vasenpaar Mann und Frau hier Frau 7\" width=\"202\" height=\"300\" class=\"alignnone size-medium wp-image-55555\" srcset=\"http:\/\/museumek.eu\/wp-content\/uploads\/2011\/09\/Gebr.-Heubach-Vasenpaar-Mann-und-Frau-hier-Frau-7-202x300.jpg 202w, http:\/\/museumek.eu\/wp-content\/uploads\/2011\/09\/Gebr.-Heubach-Vasenpaar-Mann-und-Frau-hier-Frau-7-101x150.jpg 101w, http:\/\/museumek.eu\/wp-content\/uploads\/2011\/09\/Gebr.-Heubach-Vasenpaar-Mann-und-Frau-hier-Frau-7.jpg 433w\" sizes=\"(max-width: 202px) 100vw, 202px\" \/><\/a><\/p>\n","protected":false},"excerpt":{"rendered":"<p>Abteilung Deutschland, Keramik 1860 \u2013 1960, Inventarnummer D\/XX\/5 Porzellanfabrik Gebr. Heubach und Nachf. Porzellanfabrik Gebr. Heubach AG und Nachf. Porzellanfabrik Gebr. Heubach Nachfolger, Inhaber Otto Friedrich F\u00fcrst zu Ysenburg und B\u00fcdingen, Deutschland, Lichte, vor\/um 1900, Vase eines Vasen Paares mit &hellip; <a href=\"http:\/\/museumek.eu\/?page_id=55572\">Weiterlesen <span class=\"meta-nav\">&rarr;<\/span><\/a><\/p>\n","protected":false},"author":1,"featured_media":0,"parent":3216,"menu_order":5,"comment_status":"closed","ping_status":"open","template":"","meta":[],"_links":{"self":[{"href":"http:\/\/museumek.eu\/index.php?rest_route=\/wp\/v2\/pages\/55572"}],"collection":[{"href":"http:\/\/museumek.eu\/index.php?rest_route=\/wp\/v2\/pages"}],"about":[{"href":"http:\/\/museumek.eu\/index.php?rest_route=\/wp\/v2\/types\/page"}],"author":[{"embeddable":true,"href":"http:\/\/museumek.eu\/index.php?rest_route=\/wp\/v2\/users\/1"}],"replies":[{"embeddable":true,"href":"http:\/\/museumek.eu\/index.php?rest_route=%2Fwp%2Fv2%2Fcomments&post=55572"}],"version-history":[{"count":2,"href":"http:\/\/museumek.eu\/index.php?rest_route=\/wp\/v2\/pages\/55572\/revisions"}],"predecessor-version":[{"id":55574,"href":"http:\/\/museumek.eu\/index.php?rest_route=\/wp\/v2\/pages\/55572\/revisions\/55574"}],"up":[{"embeddable":true,"href":"http:\/\/museumek.eu\/index.php?rest_route=\/wp\/v2\/pages\/3216"}],"wp:attachment":[{"href":"http:\/\/museumek.eu\/index.php?rest_route=%2Fwp%2Fv2%2Fmedia&parent=55572"}],"curies":[{"name":"wp","href":"https:\/\/api.w.org\/{rel}","templated":true}]}}