{"id":55622,"date":"2021-04-06T22:24:48","date_gmt":"2021-04-06T20:24:48","guid":{"rendered":"http:\/\/museumek.eu\/?page_id=55622"},"modified":"2021-04-06T22:24:48","modified_gmt":"2021-04-06T20:24:48","slug":"kurzbiografie-und-inventar-zum-kunstler","status":"publish","type":"page","link":"http:\/\/museumek.eu\/?page_id=55622","title":{"rendered":"Kurzbiografie und Inventar zum K\u00fcnstler"},"content":{"rendered":"<p>Wilhelm Thomasch wurde am 22.08.1893 in Teplitz-Sch\u00f6nau (Teplice-Sanov in Nordb\u00f6hmen) geboren. Er starb am 15.12.1964 in Sierndorf. Er studierte in seinem Geburtsort an der Kunstgewerbeschule und kam anschlie\u00dfend an die Akademie f\u00fcr bildende K\u00fcnste nach Wien. Als junger akademischer Bildhauer begann er in Polen (Pazikow) in einem Keramikbetrieb zu arbeiten und \u00fcbernahm bald darauf die technisch keramische Betriebsf\u00fchrung. Nach einigen Jahren wurde er nach Wien geholt und begann als junger Betriebsleiter bei dem sehr renommierten Keramikbetrieb Goldscheider, in Wien zu arbeiten. Nach seinen Entw\u00fcrfen und Modellen wurden auch k\u00fcnstlerisch wertvolle Keramikskulpturen von Wilhelm Thomasch bei Goldscheider in Serie produziert und weltweit vermarktet. Damit wird Wilhelm Thomasch auch als ein bedeutender K\u00fcnstler neben den gro\u00dfen K\u00fcnstlern wie Dakon, Kn\u00f6rlein, Larroux, Lavergne, Lorenzl usw. genannt. Weiterer Werdegang von Thomasch siehe Firmenbeschreibung MEK A\/LXVII\/1.<\/p>\n<p><strong>Abteilung Austria\/Ungarn\/B\u00f6hmen, Keramik 1860 \u2013 1960, Inventarnummer A\/LXVII\/1<\/strong><\/p>\n<p>Kunstkeramik Manufaktur Wilhelm Thomasch, Austria, Sierndorf, um 1930, Katze, K\u00fcnstler Wilhelm Thomasch (attr.), Werks.-Nr. 907, Exemplar Nr. 2 (?), gemarkt Firmenmarke mit Thomasch wobei das letzte h in einen leicht geschwungenen Unterstrich ausl\u00e4uft der wieder zur\u00fcck zum T f\u00fchrt, darunter W (soll wohl Wien bedeuten, um den Eindruck einer Wiener Werkstatt zu erwecken), darunter AUSTRIA gr\u00fcnlicher Stempel unter Glasur, 907 sowie 2 gepresst, signiert = gemarkt, Literatur, Thomasch wird in der g\u00e4ngigen Literatur z. B. Neuwirth, nicht erw\u00e4hnt und seine Firmenmarke ist nicht verzeichnet, die einzige Literatur, in der Thomasch erw\u00e4hnt und die Firmenmarke abgebildet ist, ist folgende Literatur: Robert E. Dechant\/Filipp Goldscheider, Goldscheider Firmengeschichte und Werkverzeichnis, Seite 600, K\u00fcnstlerverzeichnis, dort eine Biografie von Thomasch, Seite 610, Thomas eher negativ erw\u00e4hnt, weil Thomas seinen Firmenstempel \u00e4hnlich eines Goldscheider Stempels gestaltet halt (im Sinne seine Produkte in die &#8222;N\u00e4he&#8220; von Golscheider Produkten zu bringen) sowie Seite 611 Abbildung der identischen Firmenmarke, der studierte Kunstgewerbler Wilhelm Thomasch, der zuvor als Betriebsleiter f\u00fcr Goldscheider gearbeitet hatte und f\u00fcr Goldscheider diverse Modelle entwarf, erwarb 1926 zusammen mit seiner Frau, die seit 1857 bereits bestehende T\u00f6pferei und Hafnerei Slovak in Sierndorf. Bis dahin wurde in der Hafnerei ausschlie\u00dflich Gebrauchskeramik wie Blument\u00f6pfe, Schalen und Vasen usw. hergestellt. Wilhelm Thomasch konzentrierte sich nach und nach auf die Produktion von Kunstkeramik, die heute noch vom gro\u00dfen k\u00fcnstlerischen K\u00f6nnen zeugt. Nach WK II gelang ihm um 1950 der entscheidende Aufbau. Mit bis zu 60 Mitarbeitern, war die Keramikmanufaktur Thomasch einer der gr\u00f6\u00dften Arbeitgeber der Region und auch international gesch\u00e4ftlich t\u00e4tig. Bis zu 6 ehemalige Goldscheider Keramikk\u00fcnstler aus Wien unterst\u00fctzten mehrere Jahre die Kunstkeramik Aufbauarbeit bei Thomasch in Sierndorf. Durch Beteiligungen an Messen wurde die Marke \u201eTHOMASCH-AUSTRIA&#8220; nicht nur in \u00d6sterreich bekannt, Thomasch-Kunstkeramik wurde zum begehrten Produkt auch international. Der Verkauf von Thomasch Keramik erfolgte gro\u00dfteils \u00fcber gr\u00f6\u00dfere st\u00e4dtische Geschirr- und Eisenwarenhandlungen und dar\u00fcberhinaus \u00fcber gro\u00dfe Hotels mit einem exquisiten Geschenkartikel-Verkauf im Ausland. Der auch f\u00fcr Goldscheider t\u00e4tige Keramikk\u00fcnstler Alois Schulz hat in der Zeit von 1954 bis 1957 mehr als 100 Skulpturen f\u00fcr Thomasch modelliert. Wilhelm Thomasch starb am 15.12.1964 in Sierndorf. Seine Gattin Anna, Sohn Herwig Thomasch und Franz W\u00f6ginger (Bruder von Fr. Anna Thomasch) f\u00fchrten den Betrieb weiter. Frau Thomasch verstarb 1968. 1969 wurde der Betrieb geschlossen. H\u00f6he 20,5 cm, Breite 6,5 cm<\/p>\n<p><a href=\"http:\/\/museumek.eu\/?attachment_id=55599\" rel=\"attachment wp-att-55599\"><img loading=\"lazy\" src=\"http:\/\/museumek.eu\/wp-content\/uploads\/2021\/04\/Thomasch-Wien-Katze-1-129x300.jpg\" alt=\"\" title=\"Thomasch Wien Katze 1\" width=\"129\" height=\"300\" class=\"alignnone size-medium wp-image-55599\" srcset=\"http:\/\/museumek.eu\/wp-content\/uploads\/2021\/04\/Thomasch-Wien-Katze-1-129x300.jpg 129w, http:\/\/museumek.eu\/wp-content\/uploads\/2021\/04\/Thomasch-Wien-Katze-1-64x150.jpg 64w\" sizes=\"(max-width: 129px) 100vw, 129px\" \/><\/a><\/p>\n<p><a href=\"http:\/\/museumek.eu\/?attachment_id=55600\" rel=\"attachment wp-att-55600\"><img loading=\"lazy\" src=\"http:\/\/museumek.eu\/wp-content\/uploads\/2021\/04\/Thomasch-Wien-Katze-2-131x300.jpg\" alt=\"\" title=\"Thomasch Wien Katze 2\" width=\"131\" height=\"300\" class=\"alignnone size-medium wp-image-55600\" srcset=\"http:\/\/museumek.eu\/wp-content\/uploads\/2021\/04\/Thomasch-Wien-Katze-2-131x300.jpg 131w, http:\/\/museumek.eu\/wp-content\/uploads\/2021\/04\/Thomasch-Wien-Katze-2-65x150.jpg 65w\" sizes=\"(max-width: 131px) 100vw, 131px\" \/><\/a><\/p>\n<p><a href=\"http:\/\/museumek.eu\/?attachment_id=55601\" rel=\"attachment wp-att-55601\"><img loading=\"lazy\" src=\"http:\/\/museumek.eu\/wp-content\/uploads\/2021\/04\/Thomasch-Wien-Katze-3-141x300.jpg\" alt=\"\" title=\"Thomasch Wien Katze 3\" width=\"141\" height=\"300\" class=\"alignnone size-medium wp-image-55601\" srcset=\"http:\/\/museumek.eu\/wp-content\/uploads\/2021\/04\/Thomasch-Wien-Katze-3-141x300.jpg 141w, http:\/\/museumek.eu\/wp-content\/uploads\/2021\/04\/Thomasch-Wien-Katze-3-70x150.jpg 70w, http:\/\/museumek.eu\/wp-content\/uploads\/2021\/04\/Thomasch-Wien-Katze-3.jpg 301w\" sizes=\"(max-width: 141px) 100vw, 141px\" \/><\/a><\/p>\n<p><a href=\"http:\/\/museumek.eu\/?attachment_id=55602\" rel=\"attachment wp-att-55602\"><img loading=\"lazy\" src=\"http:\/\/museumek.eu\/wp-content\/uploads\/2021\/04\/Thomasch-Wien-Katze-4-118x300.jpg\" alt=\"\" title=\"Thomasch Wien Katze 4\" width=\"118\" height=\"300\" class=\"alignnone size-medium wp-image-55602\" srcset=\"http:\/\/museumek.eu\/wp-content\/uploads\/2021\/04\/Thomasch-Wien-Katze-4-118x300.jpg 118w, http:\/\/museumek.eu\/wp-content\/uploads\/2021\/04\/Thomasch-Wien-Katze-4-59x150.jpg 59w, http:\/\/museumek.eu\/wp-content\/uploads\/2021\/04\/Thomasch-Wien-Katze-4.jpg 252w\" sizes=\"(max-width: 118px) 100vw, 118px\" \/><\/a><\/p>\n<p><a href=\"http:\/\/museumek.eu\/?attachment_id=55603\" rel=\"attachment wp-att-55603\"><img loading=\"lazy\" src=\"http:\/\/museumek.eu\/wp-content\/uploads\/2021\/04\/Thomasch-Wien-Katze-5-181x300.jpg\" alt=\"\" title=\"Thomasch Wien Katze 5\" width=\"181\" height=\"300\" class=\"alignnone size-medium wp-image-55603\" srcset=\"http:\/\/museumek.eu\/wp-content\/uploads\/2021\/04\/Thomasch-Wien-Katze-5-181x300.jpg 181w, http:\/\/museumek.eu\/wp-content\/uploads\/2021\/04\/Thomasch-Wien-Katze-5-90x150.jpg 90w, http:\/\/museumek.eu\/wp-content\/uploads\/2021\/04\/Thomasch-Wien-Katze-5.jpg 388w\" sizes=\"(max-width: 181px) 100vw, 181px\" \/><\/a><\/p>\n<p><a href=\"http:\/\/museumek.eu\/?attachment_id=55604\" rel=\"attachment wp-att-55604\"><img loading=\"lazy\" src=\"http:\/\/museumek.eu\/wp-content\/uploads\/2021\/04\/Thomasch-Wien-Katze-6-300x228.jpg\" alt=\"\" title=\"Thomasch Wien Katze 6\" width=\"300\" height=\"228\" class=\"alignnone size-medium wp-image-55604\" srcset=\"http:\/\/museumek.eu\/wp-content\/uploads\/2021\/04\/Thomasch-Wien-Katze-6-300x228.jpg 300w, http:\/\/museumek.eu\/wp-content\/uploads\/2021\/04\/Thomasch-Wien-Katze-6-150x114.jpg 150w, http:\/\/museumek.eu\/wp-content\/uploads\/2021\/04\/Thomasch-Wien-Katze-6-393x300.jpg 393w, http:\/\/museumek.eu\/wp-content\/uploads\/2021\/04\/Thomasch-Wien-Katze-6.jpg 630w\" sizes=\"(max-width: 300px) 100vw, 300px\" \/><\/a><\/p>\n<p><a href=\"http:\/\/museumek.eu\/?attachment_id=55605\" rel=\"attachment wp-att-55605\"><img loading=\"lazy\" src=\"http:\/\/museumek.eu\/wp-content\/uploads\/2021\/04\/Thomasch-Wien-Katze-7-300x253.jpg\" alt=\"\" title=\"Thomasch Wien Katze 7\" width=\"300\" height=\"253\" class=\"alignnone size-medium wp-image-55605\" srcset=\"http:\/\/museumek.eu\/wp-content\/uploads\/2021\/04\/Thomasch-Wien-Katze-7-300x253.jpg 300w, http:\/\/museumek.eu\/wp-content\/uploads\/2021\/04\/Thomasch-Wien-Katze-7-150x126.jpg 150w, http:\/\/museumek.eu\/wp-content\/uploads\/2021\/04\/Thomasch-Wien-Katze-7-354x300.jpg 354w, http:\/\/museumek.eu\/wp-content\/uploads\/2021\/04\/Thomasch-Wien-Katze-7.jpg 567w\" sizes=\"(max-width: 300px) 100vw, 300px\" \/><\/a> <\/p>\n","protected":false},"excerpt":{"rendered":"<p>Wilhelm Thomasch wurde am 22.08.1893 in Teplitz-Sch\u00f6nau (Teplice-Sanov in Nordb\u00f6hmen) geboren. Er starb am 15.12.1964 in Sierndorf. Er studierte in seinem Geburtsort an der Kunstgewerbeschule und kam anschlie\u00dfend an die Akademie f\u00fcr bildende K\u00fcnste nach Wien. Als junger akademischer Bildhauer &hellip; <a href=\"http:\/\/museumek.eu\/?page_id=55622\">Weiterlesen <span class=\"meta-nav\">&rarr;<\/span><\/a><\/p>\n","protected":false},"author":1,"featured_media":0,"parent":55620,"menu_order":1,"comment_status":"closed","ping_status":"open","template":"","meta":[],"_links":{"self":[{"href":"http:\/\/museumek.eu\/index.php?rest_route=\/wp\/v2\/pages\/55622"}],"collection":[{"href":"http:\/\/museumek.eu\/index.php?rest_route=\/wp\/v2\/pages"}],"about":[{"href":"http:\/\/museumek.eu\/index.php?rest_route=\/wp\/v2\/types\/page"}],"author":[{"embeddable":true,"href":"http:\/\/museumek.eu\/index.php?rest_route=\/wp\/v2\/users\/1"}],"replies":[{"embeddable":true,"href":"http:\/\/museumek.eu\/index.php?rest_route=%2Fwp%2Fv2%2Fcomments&post=55622"}],"version-history":[{"count":2,"href":"http:\/\/museumek.eu\/index.php?rest_route=\/wp\/v2\/pages\/55622\/revisions"}],"predecessor-version":[{"id":55624,"href":"http:\/\/museumek.eu\/index.php?rest_route=\/wp\/v2\/pages\/55622\/revisions\/55624"}],"up":[{"embeddable":true,"href":"http:\/\/museumek.eu\/index.php?rest_route=\/wp\/v2\/pages\/55620"}],"wp:attachment":[{"href":"http:\/\/museumek.eu\/index.php?rest_route=%2Fwp%2Fv2%2Fmedia&parent=55622"}],"curies":[{"name":"wp","href":"https:\/\/api.w.org\/{rel}","templated":true}]}}