{"id":55678,"date":"2021-04-09T15:04:48","date_gmt":"2021-04-09T13:04:48","guid":{"rendered":"http:\/\/museumek.eu\/?page_id=55678"},"modified":"2021-04-09T15:04:48","modified_gmt":"2021-04-09T13:04:48","slug":"dclxxxiii3","status":"publish","type":"page","link":"http:\/\/museumek.eu\/?page_id=55678","title":{"rendered":"D\/CLXXXIII\/3"},"content":{"rendered":"<p><strong>Abteilung Deutschland, Keramik 1860 \u2013 1960, Inventarnummer D\/CLXXXIII\/3<\/strong><\/p>\n<p>Porzellanfabrik Arno Fischer, Deutschland, Ilmenau, um 1930, Schnapskanne mit 4 Stamperln, K\u00fcnstler Walter Bosse, Werks.-Nr. ohne, Exemplar Nr. ohne, gemarkt Firmenmarke Buchstabe I (f\u00fcr Ilmenau) \u00fcber einer Krone, darunter ein Becher \u00e4hnliches Gef\u00e4\u00df, darin untereinander ligiert FA (f\u00fcr Arno Fischer) br\u00e4unlicher Stempel unter Glasur, nicht signiert, Literatur: Emanuel Poche, Porzellanmarken aus aller Welt, Marke Nr. 391 identisch, weitere Literatur: Dieter Z\u00fchlsdorff, Marken Lexikon, Porzellan und Keramik Report 1885 &#8211; 1935, Seite 270, Werk-Teil 1., Gruppennummer 4., laufende Nummer innerhalb der Gruppe 617, identische Marke (dort g\u00fcltig f\u00fcr die Zeit ab 1927) sowie Seite 526, Werk-Teil 3., laufende Nummer des Werkteils 558, dort Beschreibung der Fabrik, die Fabrik wurde 1907 von Arno Fischer in Ilmenau gegr\u00fcndet, Firmierung Porzellanfabrik Arno Fischer, vor 1927 sind Fischers Sohn Gerhard Fischer und Teilhaber Josef Klinger Inhaber, Klinger scheidet bereits 1930 wieder aus, ab ca. 1926 bis ca. 1939 ist Walter Bosse k\u00fcnstlerischer Mitarbeiter, nach WK II wird die Fabrik verstaatlicht, die zugeh\u00f6rigen Stamperl sind in MEK D\/CLXXXIII\/4 bis D\/CLXXXIII\/7 beschrieben, H\u00f6he 15 cm (nur die Kanne ohne St\u00f6psel), Breite 15 cm <\/p>\n<p><a href=\"http:\/\/museumek.eu\/?attachment_id=55654\" rel=\"attachment wp-att-55654\"><img loading=\"lazy\" src=\"http:\/\/museumek.eu\/wp-content\/uploads\/2021\/01\/Arno-Fischer-Herzvase-mit-Stamperln-1-300x292.jpg\" alt=\"\" title=\"Arno Fischer Herzvase mit Stamperln 1\" width=\"300\" height=\"292\" class=\"alignnone size-medium wp-image-55654\" srcset=\"http:\/\/museumek.eu\/wp-content\/uploads\/2021\/01\/Arno-Fischer-Herzvase-mit-Stamperln-1-300x292.jpg 300w, http:\/\/museumek.eu\/wp-content\/uploads\/2021\/01\/Arno-Fischer-Herzvase-mit-Stamperln-1-150x146.jpg 150w, http:\/\/museumek.eu\/wp-content\/uploads\/2021\/01\/Arno-Fischer-Herzvase-mit-Stamperln-1-307x300.jpg 307w, http:\/\/museumek.eu\/wp-content\/uploads\/2021\/01\/Arno-Fischer-Herzvase-mit-Stamperln-1.jpg 492w\" sizes=\"(max-width: 300px) 100vw, 300px\" \/><\/a><\/p>\n<p><a href=\"http:\/\/museumek.eu\/?attachment_id=55655\" rel=\"attachment wp-att-55655\"><img loading=\"lazy\" src=\"http:\/\/museumek.eu\/wp-content\/uploads\/2021\/01\/Arno-Fischer-Herzvase-mit-Stamperln-2-235x300.jpg\" alt=\"\" title=\"Arno Fischer Herzvase mit Stamperln 2\" width=\"235\" height=\"300\" class=\"alignnone size-medium wp-image-55655\" srcset=\"http:\/\/museumek.eu\/wp-content\/uploads\/2021\/01\/Arno-Fischer-Herzvase-mit-Stamperln-2-235x300.jpg 235w, http:\/\/museumek.eu\/wp-content\/uploads\/2021\/01\/Arno-Fischer-Herzvase-mit-Stamperln-2-117x150.jpg 117w, http:\/\/museumek.eu\/wp-content\/uploads\/2021\/01\/Arno-Fischer-Herzvase-mit-Stamperln-2.jpg 480w\" sizes=\"(max-width: 235px) 100vw, 235px\" \/><\/a><\/p>\n<p><a href=\"http:\/\/museumek.eu\/?attachment_id=55656\" rel=\"attachment wp-att-55656\"><img loading=\"lazy\" src=\"http:\/\/museumek.eu\/wp-content\/uploads\/2021\/01\/Arno-Fischer-Herzvase-mit-Stamperln-3-127x300.jpg\" alt=\"\" title=\"Arno Fischer Herzvase mit Stamperln 3\" width=\"127\" height=\"300\" class=\"alignnone size-medium wp-image-55656\" srcset=\"http:\/\/museumek.eu\/wp-content\/uploads\/2021\/01\/Arno-Fischer-Herzvase-mit-Stamperln-3-127x300.jpg 127w, http:\/\/museumek.eu\/wp-content\/uploads\/2021\/01\/Arno-Fischer-Herzvase-mit-Stamperln-3-63x150.jpg 63w\" sizes=\"(max-width: 127px) 100vw, 127px\" \/><\/a><\/p>\n<p><a href=\"http:\/\/museumek.eu\/?attachment_id=55657\" rel=\"attachment wp-att-55657\"><img loading=\"lazy\" src=\"http:\/\/museumek.eu\/wp-content\/uploads\/2021\/01\/Arno-Fischer-Herzvase-mit-Stamperln-4-232x300.jpg\" alt=\"\" title=\"Arno Fischer Herzvase mit Stamperln 4\" width=\"232\" height=\"300\" class=\"alignnone size-medium wp-image-55657\" srcset=\"http:\/\/museumek.eu\/wp-content\/uploads\/2021\/01\/Arno-Fischer-Herzvase-mit-Stamperln-4-232x300.jpg 232w, http:\/\/museumek.eu\/wp-content\/uploads\/2021\/01\/Arno-Fischer-Herzvase-mit-Stamperln-4-116x150.jpg 116w, http:\/\/museumek.eu\/wp-content\/uploads\/2021\/01\/Arno-Fischer-Herzvase-mit-Stamperln-4.jpg 480w\" sizes=\"(max-width: 232px) 100vw, 232px\" \/><\/a><\/p>\n<p><a href=\"http:\/\/museumek.eu\/?attachment_id=55658\" rel=\"attachment wp-att-55658\"><img loading=\"lazy\" src=\"http:\/\/museumek.eu\/wp-content\/uploads\/2021\/01\/Arno-Fischer-Herzvase-mit-Stamperln-5-128x300.jpg\" alt=\"\" title=\"Arno Fischer Herzvase mit Stamperln 5\" width=\"128\" height=\"300\" class=\"alignnone size-medium wp-image-55658\" srcset=\"http:\/\/museumek.eu\/wp-content\/uploads\/2021\/01\/Arno-Fischer-Herzvase-mit-Stamperln-5-128x300.jpg 128w, http:\/\/museumek.eu\/wp-content\/uploads\/2021\/01\/Arno-Fischer-Herzvase-mit-Stamperln-5-64x150.jpg 64w, http:\/\/museumek.eu\/wp-content\/uploads\/2021\/01\/Arno-Fischer-Herzvase-mit-Stamperln-5.jpg 274w\" sizes=\"(max-width: 128px) 100vw, 128px\" \/><\/a><\/p>\n<p><a href=\"http:\/\/museumek.eu\/?attachment_id=55659\" rel=\"attachment wp-att-55659\"><img loading=\"lazy\" src=\"http:\/\/museumek.eu\/wp-content\/uploads\/2021\/01\/Arno-Fischer-Herzvase-mit-Stamperln-6-216x300.jpg\" alt=\"\" title=\"Arno Fischer Herzvase mit Stamperln 6\" width=\"216\" height=\"300\" class=\"alignnone size-medium wp-image-55659\" srcset=\"http:\/\/museumek.eu\/wp-content\/uploads\/2021\/01\/Arno-Fischer-Herzvase-mit-Stamperln-6-216x300.jpg 216w, http:\/\/museumek.eu\/wp-content\/uploads\/2021\/01\/Arno-Fischer-Herzvase-mit-Stamperln-6-108x150.jpg 108w, http:\/\/museumek.eu\/wp-content\/uploads\/2021\/01\/Arno-Fischer-Herzvase-mit-Stamperln-6.jpg 462w\" sizes=\"(max-width: 216px) 100vw, 216px\" \/><\/a><\/p>\n<p><a href=\"http:\/\/museumek.eu\/?attachment_id=55660\" rel=\"attachment wp-att-55660\"><img loading=\"lazy\" src=\"http:\/\/museumek.eu\/wp-content\/uploads\/2021\/01\/Arno-Fischer-Herzvase-mit-Stamperln-7-300x276.jpg\" alt=\"\" title=\"Arno Fischer Herzvase mit Stamperln 7\" width=\"300\" height=\"276\" class=\"alignnone size-medium wp-image-55660\" srcset=\"http:\/\/museumek.eu\/wp-content\/uploads\/2021\/01\/Arno-Fischer-Herzvase-mit-Stamperln-7-300x276.jpg 300w, http:\/\/museumek.eu\/wp-content\/uploads\/2021\/01\/Arno-Fischer-Herzvase-mit-Stamperln-7-150x138.jpg 150w, http:\/\/museumek.eu\/wp-content\/uploads\/2021\/01\/Arno-Fischer-Herzvase-mit-Stamperln-7-325x300.jpg 325w, http:\/\/museumek.eu\/wp-content\/uploads\/2021\/01\/Arno-Fischer-Herzvase-mit-Stamperln-7.jpg 521w\" sizes=\"(max-width: 300px) 100vw, 300px\" \/><\/a><\/p>\n<p><a href=\"http:\/\/museumek.eu\/?attachment_id=55661\" rel=\"attachment wp-att-55661\"><img loading=\"lazy\" src=\"http:\/\/museumek.eu\/wp-content\/uploads\/2021\/01\/Arno-Fischer-Herzvase-mit-Stamperln-8-211x300.jpg\" alt=\"\" title=\"Arno Fischer Herzvase mit Stamperln 8\" width=\"211\" height=\"300\" class=\"alignnone size-medium wp-image-55661\" srcset=\"http:\/\/museumek.eu\/wp-content\/uploads\/2021\/01\/Arno-Fischer-Herzvase-mit-Stamperln-8-211x300.jpg 211w, http:\/\/museumek.eu\/wp-content\/uploads\/2021\/01\/Arno-Fischer-Herzvase-mit-Stamperln-8-105x150.jpg 105w, http:\/\/museumek.eu\/wp-content\/uploads\/2021\/01\/Arno-Fischer-Herzvase-mit-Stamperln-8.jpg 451w\" sizes=\"(max-width: 211px) 100vw, 211px\" \/><\/a><\/p>\n","protected":false},"excerpt":{"rendered":"<p>Abteilung Deutschland, Keramik 1860 \u2013 1960, Inventarnummer D\/CLXXXIII\/3 Porzellanfabrik Arno Fischer, Deutschland, Ilmenau, um 1930, Schnapskanne mit 4 Stamperln, K\u00fcnstler Walter Bosse, Werks.-Nr. ohne, Exemplar Nr. ohne, gemarkt Firmenmarke Buchstabe I (f\u00fcr Ilmenau) \u00fcber einer Krone, darunter ein Becher \u00e4hnliches &hellip; <a href=\"http:\/\/museumek.eu\/?page_id=55678\">Weiterlesen <span class=\"meta-nav\">&rarr;<\/span><\/a><\/p>\n","protected":false},"author":1,"featured_media":0,"parent":52904,"menu_order":3,"comment_status":"closed","ping_status":"open","template":"","meta":[],"_links":{"self":[{"href":"http:\/\/museumek.eu\/index.php?rest_route=\/wp\/v2\/pages\/55678"}],"collection":[{"href":"http:\/\/museumek.eu\/index.php?rest_route=\/wp\/v2\/pages"}],"about":[{"href":"http:\/\/museumek.eu\/index.php?rest_route=\/wp\/v2\/types\/page"}],"author":[{"embeddable":true,"href":"http:\/\/museumek.eu\/index.php?rest_route=\/wp\/v2\/users\/1"}],"replies":[{"embeddable":true,"href":"http:\/\/museumek.eu\/index.php?rest_route=%2Fwp%2Fv2%2Fcomments&post=55678"}],"version-history":[{"count":2,"href":"http:\/\/museumek.eu\/index.php?rest_route=\/wp\/v2\/pages\/55678\/revisions"}],"predecessor-version":[{"id":55680,"href":"http:\/\/museumek.eu\/index.php?rest_route=\/wp\/v2\/pages\/55678\/revisions\/55680"}],"up":[{"embeddable":true,"href":"http:\/\/museumek.eu\/index.php?rest_route=\/wp\/v2\/pages\/52904"}],"wp:attachment":[{"href":"http:\/\/museumek.eu\/index.php?rest_route=%2Fwp%2Fv2%2Fmedia&parent=55678"}],"curies":[{"name":"wp","href":"https:\/\/api.w.org\/{rel}","templated":true}]}}