{"id":55796,"date":"2021-04-10T13:04:38","date_gmt":"2021-04-10T11:04:38","guid":{"rendered":"http:\/\/museumek.eu\/?page_id=55796"},"modified":"2021-04-10T13:04:38","modified_gmt":"2021-04-10T11:04:38","slug":"dclxxxix2","status":"publish","type":"page","link":"http:\/\/museumek.eu\/?page_id=55796","title":{"rendered":"D\/CLXXXIX\/2"},"content":{"rendered":"<p><strong>Abteilung Deutschland, Keramik 1860 \u2013 1960, Inventarnummer D\/CLXXXIX\/2<\/strong><\/p>\n<p>Porzellan-Manufaktur und Porzellanmalerei Rudolf W\u00e4chter, Deutschland, H\u00fcttensteinach und dann Kirchenlamitz, um 1935, Kanne eines Service mit Silberdekor, K\u00fcnstler unbekannt, Werks.-Nr. ohne, Exemplar Nr. ohne, gemarkt Firmenmarke Kanne ohne Marke, Marke nur bei Tassen und Tellern des Service,  Literatur: Ludwig Danckert, Handbuch des Europ\u00e4ischen Porzellans, 7. Auflage, Seite 274, dort kurze Beschreibung der Fabrik, weitere Literatur: Dieter Z\u00fchlsdorff, Markenlexikon, Porzellan und Keramikreport 1885 &#8211; 1935, Seite 525, Werkteil 3., laufende Nummer des Werkteils 555, dort Beschreibung der Fabrik, 1883 gr\u00fcndete Rudolf W\u00e4chter in H\u00fcttensteinach\/Th\u00fcringen eine Porzellanmalerei, welche sich auf L\u00fcsterdekore spezialisierte, Firmierung Porzellanmalerei Rudolf W\u00e4chter, 1914 \u00fcbersiedelte W\u00e4chter mit seiner Porzellanmalerei nach Kirchenlamitz\/Bayern, ab 1927 spezialisierte sich W\u00e4chter auf Dekore in Silber, um 1930 Aufnahme der eigenen Porzellanproduktion und wohl ab da Firmierung Porzellan-Manufaktur und Porzellanmalerei Rudolf W\u00e4chter, vorwiegend wurde Porzellan mit komplettem Silberdekor produziert, ab 1938 ist der Schwiegersohn von W\u00e4chter, Franz Schaller, Mitinhaber, W\u00e4chter verstirbt 1942 und Franz Schaller f\u00fchrt die Manufaktur fort, die Manufaktur existierte bis 1974,<br \/>\nH\u00f6he 23,5 cm, Breite 22,5 cm<\/p>\n<p><a href=\"http:\/\/museumek.eu\/?attachment_id=55740\" rel=\"attachment wp-att-55740\"><img loading=\"lazy\" src=\"http:\/\/museumek.eu\/wp-content\/uploads\/2021\/03\/w\u00e4chter-service-Kanne-1-300x281.jpg\" alt=\"\" title=\"w\u00e4chter service Kanne 1\" width=\"300\" height=\"281\" class=\"alignnone size-medium wp-image-55740\" srcset=\"http:\/\/museumek.eu\/wp-content\/uploads\/2021\/03\/w\u00e4chter-service-Kanne-1-300x281.jpg 300w, http:\/\/museumek.eu\/wp-content\/uploads\/2021\/03\/w\u00e4chter-service-Kanne-1-150x140.jpg 150w, http:\/\/museumek.eu\/wp-content\/uploads\/2021\/03\/w\u00e4chter-service-Kanne-1-320x300.jpg 320w, http:\/\/museumek.eu\/wp-content\/uploads\/2021\/03\/w\u00e4chter-service-Kanne-1.jpg 512w\" sizes=\"(max-width: 300px) 100vw, 300px\" \/><\/a><\/p>\n<p><a href=\"http:\/\/museumek.eu\/?attachment_id=55741\" rel=\"attachment wp-att-55741\"><img loading=\"lazy\" src=\"http:\/\/museumek.eu\/wp-content\/uploads\/2021\/03\/w\u00e4chter-service-Kanne-2-275x300.jpg\" alt=\"\" title=\"w\u00e4chter service Kanne 2\" width=\"275\" height=\"300\" class=\"alignnone size-medium wp-image-55741\" srcset=\"http:\/\/museumek.eu\/wp-content\/uploads\/2021\/03\/w\u00e4chter-service-Kanne-2-275x300.jpg 275w, http:\/\/museumek.eu\/wp-content\/uploads\/2021\/03\/w\u00e4chter-service-Kanne-2-137x150.jpg 137w, http:\/\/museumek.eu\/wp-content\/uploads\/2021\/03\/w\u00e4chter-service-Kanne-2.jpg 480w\" sizes=\"(max-width: 275px) 100vw, 275px\" \/><\/a><\/p>\n<p><a href=\"http:\/\/museumek.eu\/?attachment_id=55742\" rel=\"attachment wp-att-55742\"><img loading=\"lazy\" src=\"http:\/\/museumek.eu\/wp-content\/uploads\/2021\/03\/w\u00e4chter-service-Kanne-3-196x300.jpg\" alt=\"\" title=\"w\u00e4chter service Kanne 3\" width=\"196\" height=\"300\" class=\"alignnone size-medium wp-image-55742\" srcset=\"http:\/\/museumek.eu\/wp-content\/uploads\/2021\/03\/w\u00e4chter-service-Kanne-3-196x300.jpg 196w, http:\/\/museumek.eu\/wp-content\/uploads\/2021\/03\/w\u00e4chter-service-Kanne-3-98x150.jpg 98w, http:\/\/museumek.eu\/wp-content\/uploads\/2021\/03\/w\u00e4chter-service-Kanne-3.jpg 419w\" sizes=\"(max-width: 196px) 100vw, 196px\" \/><\/a><\/p>\n<p><a href=\"http:\/\/museumek.eu\/?attachment_id=55743\" rel=\"attachment wp-att-55743\"><img loading=\"lazy\" src=\"http:\/\/museumek.eu\/wp-content\/uploads\/2021\/03\/w\u00e4chter-service-Kanne-4-177x300.jpg\" alt=\"\" title=\"w\u00e4chter service Kanne 4\" width=\"177\" height=\"300\" class=\"alignnone size-medium wp-image-55743\" srcset=\"http:\/\/museumek.eu\/wp-content\/uploads\/2021\/03\/w\u00e4chter-service-Kanne-4-177x300.jpg 177w, http:\/\/museumek.eu\/wp-content\/uploads\/2021\/03\/w\u00e4chter-service-Kanne-4-88x150.jpg 88w, http:\/\/museumek.eu\/wp-content\/uploads\/2021\/03\/w\u00e4chter-service-Kanne-4.jpg 379w\" sizes=\"(max-width: 177px) 100vw, 177px\" \/><\/a><\/p>\n<p><a href=\"http:\/\/museumek.eu\/?attachment_id=55744\" rel=\"attachment wp-att-55744\"><img loading=\"lazy\" src=\"http:\/\/museumek.eu\/wp-content\/uploads\/2021\/03\/w\u00e4chter-service-Kanne-5-300x205.jpg\" alt=\"\" title=\"w\u00e4chter service Kanne 5\" width=\"300\" height=\"205\" class=\"alignnone size-medium wp-image-55744\" srcset=\"http:\/\/museumek.eu\/wp-content\/uploads\/2021\/03\/w\u00e4chter-service-Kanne-5-300x205.jpg 300w, http:\/\/museumek.eu\/wp-content\/uploads\/2021\/03\/w\u00e4chter-service-Kanne-5-150x102.jpg 150w, http:\/\/museumek.eu\/wp-content\/uploads\/2021\/03\/w\u00e4chter-service-Kanne-5-437x300.jpg 437w, http:\/\/museumek.eu\/wp-content\/uploads\/2021\/03\/w\u00e4chter-service-Kanne-5.jpg 640w\" sizes=\"(max-width: 300px) 100vw, 300px\" \/><\/a><\/p>\n<p><a href=\"http:\/\/museumek.eu\/?attachment_id=55745\" rel=\"attachment wp-att-55745\"><img loading=\"lazy\" src=\"http:\/\/museumek.eu\/wp-content\/uploads\/2021\/03\/w\u00e4chter-service-Kanne-6-286x300.jpg\" alt=\"\" title=\"w\u00e4chter service Kanne 6\" width=\"286\" height=\"300\" class=\"alignnone size-medium wp-image-55745\" srcset=\"http:\/\/museumek.eu\/wp-content\/uploads\/2021\/03\/w\u00e4chter-service-Kanne-6-286x300.jpg 286w, http:\/\/museumek.eu\/wp-content\/uploads\/2021\/03\/w\u00e4chter-service-Kanne-6-143x150.jpg 143w, http:\/\/museumek.eu\/wp-content\/uploads\/2021\/03\/w\u00e4chter-service-Kanne-6.jpg 480w\" sizes=\"(max-width: 286px) 100vw, 286px\" \/><\/a><\/p>\n<p><a href=\"http:\/\/museumek.eu\/?attachment_id=55746\" rel=\"attachment wp-att-55746\"><img loading=\"lazy\" src=\"http:\/\/museumek.eu\/wp-content\/uploads\/2021\/03\/w\u00e4chter-service-Kanne-7-241x300.jpg\" alt=\"\" title=\"w\u00e4chter service Kanne 7\" width=\"241\" height=\"300\" class=\"alignnone size-medium wp-image-55746\" srcset=\"http:\/\/museumek.eu\/wp-content\/uploads\/2021\/03\/w\u00e4chter-service-Kanne-7-241x300.jpg 241w, http:\/\/museumek.eu\/wp-content\/uploads\/2021\/03\/w\u00e4chter-service-Kanne-7-120x150.jpg 120w, http:\/\/museumek.eu\/wp-content\/uploads\/2021\/03\/w\u00e4chter-service-Kanne-7.jpg 480w\" sizes=\"(max-width: 241px) 100vw, 241px\" \/><\/a><\/p>\n","protected":false},"excerpt":{"rendered":"<p>Abteilung Deutschland, Keramik 1860 \u2013 1960, Inventarnummer D\/CLXXXIX\/2 Porzellan-Manufaktur und Porzellanmalerei Rudolf W\u00e4chter, Deutschland, H\u00fcttensteinach und dann Kirchenlamitz, um 1935, Kanne eines Service mit Silberdekor, K\u00fcnstler unbekannt, Werks.-Nr. ohne, Exemplar Nr. ohne, gemarkt Firmenmarke Kanne ohne Marke, Marke nur bei &hellip; <a href=\"http:\/\/museumek.eu\/?page_id=55796\">Weiterlesen <span class=\"meta-nav\">&rarr;<\/span><\/a><\/p>\n","protected":false},"author":1,"featured_media":0,"parent":54776,"menu_order":2,"comment_status":"closed","ping_status":"open","template":"","meta":[],"_links":{"self":[{"href":"http:\/\/museumek.eu\/index.php?rest_route=\/wp\/v2\/pages\/55796"}],"collection":[{"href":"http:\/\/museumek.eu\/index.php?rest_route=\/wp\/v2\/pages"}],"about":[{"href":"http:\/\/museumek.eu\/index.php?rest_route=\/wp\/v2\/types\/page"}],"author":[{"embeddable":true,"href":"http:\/\/museumek.eu\/index.php?rest_route=\/wp\/v2\/users\/1"}],"replies":[{"embeddable":true,"href":"http:\/\/museumek.eu\/index.php?rest_route=%2Fwp%2Fv2%2Fcomments&post=55796"}],"version-history":[{"count":2,"href":"http:\/\/museumek.eu\/index.php?rest_route=\/wp\/v2\/pages\/55796\/revisions"}],"predecessor-version":[{"id":55798,"href":"http:\/\/museumek.eu\/index.php?rest_route=\/wp\/v2\/pages\/55796\/revisions\/55798"}],"up":[{"embeddable":true,"href":"http:\/\/museumek.eu\/index.php?rest_route=\/wp\/v2\/pages\/54776"}],"wp:attachment":[{"href":"http:\/\/museumek.eu\/index.php?rest_route=%2Fwp%2Fv2%2Fmedia&parent=55796"}],"curies":[{"name":"wp","href":"https:\/\/api.w.org\/{rel}","templated":true}]}}