{"id":55799,"date":"2021-04-10T13:05:58","date_gmt":"2021-04-10T11:05:58","guid":{"rendered":"http:\/\/museumek.eu\/?page_id=55799"},"modified":"2021-04-10T13:05:58","modified_gmt":"2021-04-10T11:05:58","slug":"dclxxxix3","status":"publish","type":"page","link":"http:\/\/museumek.eu\/?page_id=55799","title":{"rendered":"D\/CLXXXIX\/3"},"content":{"rendered":"<p><strong>Abteilung Deutschland, Keramik 1860 \u2013 1960, Inventarnummer D\/CLXXXIX\/3<\/strong><\/p>\n<p>Porzellan-Manufaktur und Porzellanmalerei Rudolf W\u00e4chter, Deutschland, H\u00fcttensteinach und dann Kirchenlamitz, um 1935, Zuckerdose eines Service mit Silberdekor, K\u00fcnstler unbekannt, Werks.-Nr. ohne, Exemplar Nr. ohne, gemarkt Firmenmarke Zuckerdose ohne Marke, Marke nur bei Tassen und Tellern des Service,  Literatur: Ludwig Danckert, Handbuch des Europ\u00e4ischen Porzellans, 7. Auflage, Seite 274, dort kurze Beschreibung der Fabrik, weitere Literatur: Dieter Z\u00fchlsdorff, Markenlexikon, Porzellan und Keramikreport 1885 &#8211; 1935, Seite 525, Werkteil 3., laufende Nummer des Werkteils 555, dort Beschreibung der Fabrik, 1883 gr\u00fcndete Rudolf W\u00e4chter in H\u00fcttensteinach\/Th\u00fcringen eine Porzellanmalerei, welche sich auf L\u00fcsterdekore spezialisierte, Firmierung Porzellanmalerei Rudolf W\u00e4chter, 1914 \u00fcbersiedelte W\u00e4chter mit seiner Porzellanmalerei nach Kirchenlamitz\/Bayern, ab 1927 spezialisierte sich W\u00e4chter auf Dekore in Silber, um 1930 Aufnahme der eigenen Porzellanproduktion und wohl ab da Firmierung Porzellan-Manufaktur und Porzellanmalerei Rudolf W\u00e4chter, vorwiegend wurde Porzellan mit komplettem Silberdekor produziert, ab 1938 ist der Schwiegersohn von W\u00e4chter, Franz Schaller, Mitinhaber, W\u00e4chter verstirbt 1942 und Franz Schaller f\u00fchrt die Manufaktur fort, die Manufaktur existierte bis 1974,<br \/>\nH\u00f6he 11,5 cm, Breite 13 cm<\/p>\n<p><a href=\"http:\/\/museumek.eu\/?attachment_id=55740\" rel=\"attachment wp-att-55740\"><img loading=\"lazy\" src=\"http:\/\/museumek.eu\/wp-content\/uploads\/2021\/03\/w\u00e4chter-service-Kanne-1-300x281.jpg\" alt=\"\" title=\"w\u00e4chter service Kanne 1\" width=\"300\" height=\"281\" class=\"alignnone size-medium wp-image-55740\" srcset=\"http:\/\/museumek.eu\/wp-content\/uploads\/2021\/03\/w\u00e4chter-service-Kanne-1-300x281.jpg 300w, http:\/\/museumek.eu\/wp-content\/uploads\/2021\/03\/w\u00e4chter-service-Kanne-1-150x140.jpg 150w, http:\/\/museumek.eu\/wp-content\/uploads\/2021\/03\/w\u00e4chter-service-Kanne-1-320x300.jpg 320w, http:\/\/museumek.eu\/wp-content\/uploads\/2021\/03\/w\u00e4chter-service-Kanne-1.jpg 512w\" sizes=\"(max-width: 300px) 100vw, 300px\" \/><\/a><\/p>\n<p><a href=\"http:\/\/museumek.eu\/?attachment_id=55751\" rel=\"attachment wp-att-55751\"><img loading=\"lazy\" src=\"http:\/\/museumek.eu\/wp-content\/uploads\/2021\/03\/w\u00e4chter-service-Zuckerdose-1-300x292.jpg\" alt=\"\" title=\"w\u00e4chter service Zuckerdose 1\" width=\"300\" height=\"292\" class=\"alignnone size-medium wp-image-55751\" srcset=\"http:\/\/museumek.eu\/wp-content\/uploads\/2021\/03\/w\u00e4chter-service-Zuckerdose-1-300x292.jpg 300w, http:\/\/museumek.eu\/wp-content\/uploads\/2021\/03\/w\u00e4chter-service-Zuckerdose-1-150x146.jpg 150w, http:\/\/museumek.eu\/wp-content\/uploads\/2021\/03\/w\u00e4chter-service-Zuckerdose-1-308x300.jpg 308w, http:\/\/museumek.eu\/wp-content\/uploads\/2021\/03\/w\u00e4chter-service-Zuckerdose-1.jpg 493w\" sizes=\"(max-width: 300px) 100vw, 300px\" \/><\/a><\/p>\n<p><a href=\"http:\/\/museumek.eu\/?attachment_id=55752\" rel=\"attachment wp-att-55752\"><img loading=\"lazy\" src=\"http:\/\/museumek.eu\/wp-content\/uploads\/2021\/03\/w\u00e4chter-service-Zuckerdose-2-230x300.jpg\" alt=\"\" title=\"w\u00e4chter service Zuckerdose 2\" width=\"230\" height=\"300\" class=\"alignnone size-medium wp-image-55752\" srcset=\"http:\/\/museumek.eu\/wp-content\/uploads\/2021\/03\/w\u00e4chter-service-Zuckerdose-2-230x300.jpg 230w, http:\/\/museumek.eu\/wp-content\/uploads\/2021\/03\/w\u00e4chter-service-Zuckerdose-2-115x150.jpg 115w, http:\/\/museumek.eu\/wp-content\/uploads\/2021\/03\/w\u00e4chter-service-Zuckerdose-2.jpg 480w\" sizes=\"(max-width: 230px) 100vw, 230px\" \/><\/a><\/p>\n<p><a href=\"http:\/\/museumek.eu\/?attachment_id=55753\" rel=\"attachment wp-att-55753\"><img loading=\"lazy\" src=\"http:\/\/museumek.eu\/wp-content\/uploads\/2021\/03\/w\u00e4chter-service-Zuckerdose-3-223x300.jpg\" alt=\"\" title=\"w\u00e4chter service Zuckerdose 3\" width=\"223\" height=\"300\" class=\"alignnone size-medium wp-image-55753\" srcset=\"http:\/\/museumek.eu\/wp-content\/uploads\/2021\/03\/w\u00e4chter-service-Zuckerdose-3-223x300.jpg 223w, http:\/\/museumek.eu\/wp-content\/uploads\/2021\/03\/w\u00e4chter-service-Zuckerdose-3-111x150.jpg 111w, http:\/\/museumek.eu\/wp-content\/uploads\/2021\/03\/w\u00e4chter-service-Zuckerdose-3.jpg 477w\" sizes=\"(max-width: 223px) 100vw, 223px\" \/><\/a><\/p>\n<p><a href=\"http:\/\/museumek.eu\/?attachment_id=55754\" rel=\"attachment wp-att-55754\"><img loading=\"lazy\" src=\"http:\/\/museumek.eu\/wp-content\/uploads\/2021\/03\/w\u00e4chter-service-Zuckerdose-4-209x300.jpg\" alt=\"\" title=\"w\u00e4chter service Zuckerdose 4\" width=\"209\" height=\"300\" class=\"alignnone size-medium wp-image-55754\" srcset=\"http:\/\/museumek.eu\/wp-content\/uploads\/2021\/03\/w\u00e4chter-service-Zuckerdose-4-209x300.jpg 209w, http:\/\/museumek.eu\/wp-content\/uploads\/2021\/03\/w\u00e4chter-service-Zuckerdose-4-104x150.jpg 104w, http:\/\/museumek.eu\/wp-content\/uploads\/2021\/03\/w\u00e4chter-service-Zuckerdose-4.jpg 446w\" sizes=\"(max-width: 209px) 100vw, 209px\" \/><\/a><\/p>\n","protected":false},"excerpt":{"rendered":"<p>Abteilung Deutschland, Keramik 1860 \u2013 1960, Inventarnummer D\/CLXXXIX\/3 Porzellan-Manufaktur und Porzellanmalerei Rudolf W\u00e4chter, Deutschland, H\u00fcttensteinach und dann Kirchenlamitz, um 1935, Zuckerdose eines Service mit Silberdekor, K\u00fcnstler unbekannt, Werks.-Nr. ohne, Exemplar Nr. ohne, gemarkt Firmenmarke Zuckerdose ohne Marke, Marke nur bei &hellip; <a href=\"http:\/\/museumek.eu\/?page_id=55799\">Weiterlesen <span class=\"meta-nav\">&rarr;<\/span><\/a><\/p>\n","protected":false},"author":1,"featured_media":0,"parent":54776,"menu_order":3,"comment_status":"closed","ping_status":"open","template":"","meta":[],"_links":{"self":[{"href":"http:\/\/museumek.eu\/index.php?rest_route=\/wp\/v2\/pages\/55799"}],"collection":[{"href":"http:\/\/museumek.eu\/index.php?rest_route=\/wp\/v2\/pages"}],"about":[{"href":"http:\/\/museumek.eu\/index.php?rest_route=\/wp\/v2\/types\/page"}],"author":[{"embeddable":true,"href":"http:\/\/museumek.eu\/index.php?rest_route=\/wp\/v2\/users\/1"}],"replies":[{"embeddable":true,"href":"http:\/\/museumek.eu\/index.php?rest_route=%2Fwp%2Fv2%2Fcomments&post=55799"}],"version-history":[{"count":2,"href":"http:\/\/museumek.eu\/index.php?rest_route=\/wp\/v2\/pages\/55799\/revisions"}],"predecessor-version":[{"id":55801,"href":"http:\/\/museumek.eu\/index.php?rest_route=\/wp\/v2\/pages\/55799\/revisions\/55801"}],"up":[{"embeddable":true,"href":"http:\/\/museumek.eu\/index.php?rest_route=\/wp\/v2\/pages\/54776"}],"wp:attachment":[{"href":"http:\/\/museumek.eu\/index.php?rest_route=%2Fwp%2Fv2%2Fmedia&parent=55799"}],"curies":[{"name":"wp","href":"https:\/\/api.w.org\/{rel}","templated":true}]}}