{"id":55895,"date":"2021-04-10T21:26:21","date_gmt":"2021-04-10T19:26:21","guid":{"rendered":"http:\/\/museumek.eu\/?page_id=55895"},"modified":"2021-04-10T21:26:21","modified_gmt":"2021-04-10T19:26:21","slug":"alxviii1","status":"publish","type":"page","link":"http:\/\/museumek.eu\/?page_id=55895","title":{"rendered":"A\/LXVIII\/1"},"content":{"rendered":"<p><strong>Abteilung Austria, Keramik 1860 \u2013 1960, Inventarnummer A\/LXVIII\/1<\/strong><\/p>\n<p>Porzellanfabrik Franz Manka, Austria\/B\u00f6hmen, Altrohlau und Tellnitz bei Aussig, um 1920, Souciere eines Service, K\u00fcnstler unbekannt, Werks.-Nr. ohne, Exemplar Nr. ohne, gemarkt Firmenmarke in einer Glocke FM (f\u00fcr Franz Manka), darunter MADE IN CECHOSLOVAKIA blauer Stempel unter Glasur (vom obersten F Strich geht ein Strich senkrecht nach unten, evtl. soll damit ein ligiertes FA dargestellt werden, wobei das A dann f\u00fcr Altrohlau stehen k\u00f6nnte), nicht signiert, Literatur: Dieter Z\u00fchlsdorff, Markenlexikon Band 1, Porzellan und Keramik Report 1885 &#8211; 1935, Seite 382, Werk-Teil 1., Gruppennummer des Werkteils 22., laufende Nummer innerhalb der Gruppe 43 identische Marke (wobei die Buchstaben innerhalb der Glocke nicht exakt dargestellt sind, dort f\u00fcr die Zeit ab 1936) sowie Seite 465, Werk-Teil 3., laufende Nummer des Werkteils 33, dort kurze Beschreibung der Fabrik, weitere Literatur: Ludwig Danckert, Handbuch des Europ\u00e4ischen Porzellans, 7. Auflage, Seite 33, kurze Beschreibung der Fabrik sowie Abbildung der identischen Marke, zur Beschreibung der Fabrik macht das MEK folgende Aussage: zu Franz Manka finden sich unterschiedliche Informationen bei Z\u00fchlsdorf und bei Danckert, beide gehen davon aus, dass Manka die Fabrik in Altrohlau erst 1936 \u00fcbernommen hat, im tschechischen Internet finden sich Verkaufsangebote von Manka Porzellan, dort finden sich zwar auch keine weiteren Angaben zur Fabrik aber die Datierung des Porzellans geht zur\u00fcck bis 1909 und 1919, das MEK schliesst sich der Datierung 1919 an, da das Dekor des Service eindeutig ein Jugendstildekor ist und es nur schwer vorstellbar ist, dass Manka Ende der 1930&#8242; Jahre, also sogar nach der Art Deco Zeit, Porzellan produziert, welche im Jugendstil gehalten ist, genaue Angaben zu den beiden Fabriken Mankas m\u00fcssen noch recherchiert werden,<br \/>\nH\u00f6he 9 cm, Breite 22 cm<\/p>\n<p><a href=\"http:\/\/museumek.eu\/?attachment_id=55839\" rel=\"attachment wp-att-55839\"><img loading=\"lazy\" src=\"http:\/\/museumek.eu\/wp-content\/uploads\/2021\/04\/Franz-Manka-Service-quadratische-Schale-1-300x180.jpg\" alt=\"\" title=\"Franz Manka Service quadratische Schale 1\" width=\"300\" height=\"180\" class=\"alignnone size-medium wp-image-55839\" srcset=\"http:\/\/museumek.eu\/wp-content\/uploads\/2021\/04\/Franz-Manka-Service-quadratische-Schale-1-300x180.jpg 300w, http:\/\/museumek.eu\/wp-content\/uploads\/2021\/04\/Franz-Manka-Service-quadratische-Schale-1-150x90.jpg 150w, http:\/\/museumek.eu\/wp-content\/uploads\/2021\/04\/Franz-Manka-Service-quadratische-Schale-1-500x300.jpg 500w, http:\/\/museumek.eu\/wp-content\/uploads\/2021\/04\/Franz-Manka-Service-quadratische-Schale-1.jpg 640w\" sizes=\"(max-width: 300px) 100vw, 300px\" \/><\/a><\/p>\n<p><a href=\"http:\/\/museumek.eu\/?attachment_id=55840\" rel=\"attachment wp-att-55840\"><img loading=\"lazy\" src=\"http:\/\/museumek.eu\/wp-content\/uploads\/2021\/04\/Franz-Manka-Service-Souciere-1-300x153.jpg\" alt=\"\" title=\"Franz Manka Service Souciere 1\" width=\"300\" height=\"153\" class=\"alignnone size-medium wp-image-55840\" srcset=\"http:\/\/museumek.eu\/wp-content\/uploads\/2021\/04\/Franz-Manka-Service-Souciere-1-300x153.jpg 300w, http:\/\/museumek.eu\/wp-content\/uploads\/2021\/04\/Franz-Manka-Service-Souciere-1-150x76.jpg 150w, http:\/\/museumek.eu\/wp-content\/uploads\/2021\/04\/Franz-Manka-Service-Souciere-1-500x256.jpg 500w, http:\/\/museumek.eu\/wp-content\/uploads\/2021\/04\/Franz-Manka-Service-Souciere-1.jpg 640w\" sizes=\"(max-width: 300px) 100vw, 300px\" \/><\/a><\/p>\n<p><a href=\"http:\/\/museumek.eu\/?attachment_id=55841\" rel=\"attachment wp-att-55841\"><img loading=\"lazy\" src=\"http:\/\/museumek.eu\/wp-content\/uploads\/2021\/04\/Franz-Manka-Service-Souciere-2-300x235.jpg\" alt=\"\" title=\"Franz Manka Service Souciere 2\" width=\"300\" height=\"235\" class=\"alignnone size-medium wp-image-55841\" srcset=\"http:\/\/museumek.eu\/wp-content\/uploads\/2021\/04\/Franz-Manka-Service-Souciere-2-300x235.jpg 300w, http:\/\/museumek.eu\/wp-content\/uploads\/2021\/04\/Franz-Manka-Service-Souciere-2-150x117.jpg 150w, http:\/\/museumek.eu\/wp-content\/uploads\/2021\/04\/Franz-Manka-Service-Souciere-2-382x300.jpg 382w, http:\/\/museumek.eu\/wp-content\/uploads\/2021\/04\/Franz-Manka-Service-Souciere-2.jpg 612w\" sizes=\"(max-width: 300px) 100vw, 300px\" \/><\/a><\/p>\n<p><a href=\"http:\/\/museumek.eu\/?attachment_id=55842\" rel=\"attachment wp-att-55842\"><img loading=\"lazy\" src=\"http:\/\/museumek.eu\/wp-content\/uploads\/2021\/04\/Franz-Manka-Service-Souciere-3-207x300.jpg\" alt=\"\" title=\"Franz Manka Service Souciere 3\" width=\"207\" height=\"300\" class=\"alignnone size-medium wp-image-55842\" srcset=\"http:\/\/museumek.eu\/wp-content\/uploads\/2021\/04\/Franz-Manka-Service-Souciere-3-207x300.jpg 207w, http:\/\/museumek.eu\/wp-content\/uploads\/2021\/04\/Franz-Manka-Service-Souciere-3-103x150.jpg 103w, http:\/\/museumek.eu\/wp-content\/uploads\/2021\/04\/Franz-Manka-Service-Souciere-3.jpg 443w\" sizes=\"(max-width: 207px) 100vw, 207px\" \/><\/a><\/p>\n<p><a href=\"http:\/\/museumek.eu\/?attachment_id=55843\" rel=\"attachment wp-att-55843\"><img loading=\"lazy\" src=\"http:\/\/museumek.eu\/wp-content\/uploads\/2021\/04\/Franz-Manka-Service-Souciere-4-225x300.jpg\" alt=\"\" title=\"Franz Manka Service Souciere 4\" width=\"225\" height=\"300\" class=\"alignnone size-medium wp-image-55843\" srcset=\"http:\/\/museumek.eu\/wp-content\/uploads\/2021\/04\/Franz-Manka-Service-Souciere-4-225x300.jpg 225w, http:\/\/museumek.eu\/wp-content\/uploads\/2021\/04\/Franz-Manka-Service-Souciere-4-112x150.jpg 112w, http:\/\/museumek.eu\/wp-content\/uploads\/2021\/04\/Franz-Manka-Service-Souciere-4.jpg 480w\" sizes=\"(max-width: 225px) 100vw, 225px\" \/><\/a><\/p>\n<p><a href=\"http:\/\/museumek.eu\/?attachment_id=55844\" rel=\"attachment wp-att-55844\"><img loading=\"lazy\" src=\"http:\/\/museumek.eu\/wp-content\/uploads\/2021\/04\/Franz-Manka-Service-Souciere-5-148x300.jpg\" alt=\"\" title=\"Franz Manka Service Souciere 5\" width=\"148\" height=\"300\" class=\"alignnone size-medium wp-image-55844\" srcset=\"http:\/\/museumek.eu\/wp-content\/uploads\/2021\/04\/Franz-Manka-Service-Souciere-5-148x300.jpg 148w, http:\/\/museumek.eu\/wp-content\/uploads\/2021\/04\/Franz-Manka-Service-Souciere-5-74x150.jpg 74w, http:\/\/museumek.eu\/wp-content\/uploads\/2021\/04\/Franz-Manka-Service-Souciere-5.jpg 316w\" sizes=\"(max-width: 148px) 100vw, 148px\" \/><\/a><\/p>\n<p><a href=\"http:\/\/museumek.eu\/?attachment_id=55845\" rel=\"attachment wp-att-55845\"><img loading=\"lazy\" src=\"http:\/\/museumek.eu\/wp-content\/uploads\/2021\/04\/Franz-Manka-Service-Souciere-6-191x300.jpg\" alt=\"\" title=\"Franz Manka Service Souciere 6\" width=\"191\" height=\"300\" class=\"alignnone size-medium wp-image-55845\" srcset=\"http:\/\/museumek.eu\/wp-content\/uploads\/2021\/04\/Franz-Manka-Service-Souciere-6-191x300.jpg 191w, http:\/\/museumek.eu\/wp-content\/uploads\/2021\/04\/Franz-Manka-Service-Souciere-6-95x150.jpg 95w, http:\/\/museumek.eu\/wp-content\/uploads\/2021\/04\/Franz-Manka-Service-Souciere-6.jpg 408w\" sizes=\"(max-width: 191px) 100vw, 191px\" \/><\/a><\/p>\n<p><a href=\"http:\/\/museumek.eu\/?attachment_id=55846\" rel=\"attachment wp-att-55846\"><img loading=\"lazy\" src=\"http:\/\/museumek.eu\/wp-content\/uploads\/2021\/04\/Franz-Manka-Service-Souciere-7-261x300.jpg\" alt=\"\" title=\"Franz Manka Service Souciere 7\" width=\"261\" height=\"300\" class=\"alignnone size-medium wp-image-55846\" srcset=\"http:\/\/museumek.eu\/wp-content\/uploads\/2021\/04\/Franz-Manka-Service-Souciere-7-261x300.jpg 261w, http:\/\/museumek.eu\/wp-content\/uploads\/2021\/04\/Franz-Manka-Service-Souciere-7-130x150.jpg 130w, http:\/\/museumek.eu\/wp-content\/uploads\/2021\/04\/Franz-Manka-Service-Souciere-7.jpg 480w\" sizes=\"(max-width: 261px) 100vw, 261px\" \/><\/a><\/p>\n","protected":false},"excerpt":{"rendered":"<p>Abteilung Austria, Keramik 1860 \u2013 1960, Inventarnummer A\/LXVIII\/1 Porzellanfabrik Franz Manka, Austria\/B\u00f6hmen, Altrohlau und Tellnitz bei Aussig, um 1920, Souciere eines Service, K\u00fcnstler unbekannt, Werks.-Nr. ohne, Exemplar Nr. ohne, gemarkt Firmenmarke in einer Glocke FM (f\u00fcr Franz Manka), darunter MADE &hellip; <a href=\"http:\/\/museumek.eu\/?page_id=55895\">Weiterlesen <span class=\"meta-nav\">&rarr;<\/span><\/a><\/p>\n","protected":false},"author":1,"featured_media":0,"parent":55893,"menu_order":1,"comment_status":"closed","ping_status":"open","template":"","meta":[],"_links":{"self":[{"href":"http:\/\/museumek.eu\/index.php?rest_route=\/wp\/v2\/pages\/55895"}],"collection":[{"href":"http:\/\/museumek.eu\/index.php?rest_route=\/wp\/v2\/pages"}],"about":[{"href":"http:\/\/museumek.eu\/index.php?rest_route=\/wp\/v2\/types\/page"}],"author":[{"embeddable":true,"href":"http:\/\/museumek.eu\/index.php?rest_route=\/wp\/v2\/users\/1"}],"replies":[{"embeddable":true,"href":"http:\/\/museumek.eu\/index.php?rest_route=%2Fwp%2Fv2%2Fcomments&post=55895"}],"version-history":[{"count":2,"href":"http:\/\/museumek.eu\/index.php?rest_route=\/wp\/v2\/pages\/55895\/revisions"}],"predecessor-version":[{"id":55897,"href":"http:\/\/museumek.eu\/index.php?rest_route=\/wp\/v2\/pages\/55895\/revisions\/55897"}],"up":[{"embeddable":true,"href":"http:\/\/museumek.eu\/index.php?rest_route=\/wp\/v2\/pages\/55893"}],"wp:attachment":[{"href":"http:\/\/museumek.eu\/index.php?rest_route=%2Fwp%2Fv2%2Fmedia&parent=55895"}],"curies":[{"name":"wp","href":"https:\/\/api.w.org\/{rel}","templated":true}]}}