{"id":55898,"date":"2021-04-10T21:27:27","date_gmt":"2021-04-10T19:27:27","guid":{"rendered":"http:\/\/museumek.eu\/?page_id=55898"},"modified":"2021-04-10T21:27:27","modified_gmt":"2021-04-10T19:27:27","slug":"alxviii2","status":"publish","type":"page","link":"http:\/\/museumek.eu\/?page_id=55898","title":{"rendered":"A\/LXVIII\/2"},"content":{"rendered":"<p><strong>Abteilung Austria, Keramik 1860 \u2013 1960, Inventarnummer A\/LXVIII\/2<\/strong><\/p>\n<p>Porzellanfabrik Franz Manka, Austria\/B\u00f6hmen, Altrohlau und Tellnitz bei Aussig, um 1920, viereckige Schale eines Service, K\u00fcnstler unbekannt, Werks.-Nr. ohne, Exemplar Nr. ohne, gemarkt Firmenmarke in einer Glocke FM (f\u00fcr Franz Manka), darunter MADE IN CECHOSLOVAKIA blauer Stempel unter Glasur (vom obersten F Strich geht ein Strich senkrecht nach unten, evtl. soll damit ein ligiertes FA dargestellt werden, wobei das A dann f\u00fcr Altrohlau stehen k\u00f6nnte), nicht signiert, Literatur: Dieter Z\u00fchlsdorff, Markenlexikon Band 1, Porzellan und Keramik Report 1885 &#8211; 1935, Seite 382, Werk-Teil 1., Gruppennummer des Werkteils 22., laufende Nummer innerhalb der Gruppe 43 identische Marke (wobei die Buchstaben innerhalb der Glocke nicht exakt dargestellt sind, dort f\u00fcr die Zeit ab 1936) sowie Seite 465, Werk-Teil 3., laufende Nummer des Werkteils 33, dort kurze Beschreibung der Fabrik, weitere Literatur: Ludwig Danckert, Handbuch des Europ\u00e4ischen Porzellans, 7. Auflage, Seite 33, kurze Beschreibung der Fabrik sowie Abbildung der identischen Marke, zur Beschreibung der Fabrik macht das MEK folgende Aussage: zu Franz Manka finden sich unterschiedliche Informationen bei Z\u00fchlsdorf und bei Danckert, beide gehen davon aus, dass Manka die Fabrik in Altrohlau erst 1936 \u00fcbernommen hat, im tschechischen Internet finden sich Verkaufsangebote von Manka Porzellan, dort finden sich zwar auch keine weiteren Angaben zur Fabrik aber die Datierung des Porzellans geht zur\u00fcck bis 1909 und 1919, das MEK schliesst sich der Datierung 1919 an, da das Dekor des Service eindeutig ein Jugendstildekor ist und es nur schwer vorstellbar ist, dass Manka Ende der 1930&#8242; Jahre, also sogar nach der Art Deco Zeit, Porzellan produziert, welche im Jugendstil gehalten ist, genaue Angaben zu den beiden Fabriken Mankas m\u00fcssen noch recherchiert werden,<br \/>\nH\u00f6he 5 cm, Breite und Tiefe 23 cm<\/p>\n<p><a href=\"http:\/\/museumek.eu\/?attachment_id=55839\" rel=\"attachment wp-att-55839\"><img loading=\"lazy\" src=\"http:\/\/museumek.eu\/wp-content\/uploads\/2021\/04\/Franz-Manka-Service-quadratische-Schale-1-300x180.jpg\" alt=\"\" title=\"Franz Manka Service quadratische Schale 1\" width=\"300\" height=\"180\" class=\"alignnone size-medium wp-image-55839\" srcset=\"http:\/\/museumek.eu\/wp-content\/uploads\/2021\/04\/Franz-Manka-Service-quadratische-Schale-1-300x180.jpg 300w, http:\/\/museumek.eu\/wp-content\/uploads\/2021\/04\/Franz-Manka-Service-quadratische-Schale-1-150x90.jpg 150w, http:\/\/museumek.eu\/wp-content\/uploads\/2021\/04\/Franz-Manka-Service-quadratische-Schale-1-500x300.jpg 500w, http:\/\/museumek.eu\/wp-content\/uploads\/2021\/04\/Franz-Manka-Service-quadratische-Schale-1.jpg 640w\" sizes=\"(max-width: 300px) 100vw, 300px\" \/><\/a><\/p>\n<p><a href=\"http:\/\/museumek.eu\/?attachment_id=55856\" rel=\"attachment wp-att-55856\"><img loading=\"lazy\" src=\"http:\/\/museumek.eu\/wp-content\/uploads\/2021\/04\/Franz-Manka-Service-quadratische-Schale-2-300x296.jpg\" alt=\"\" title=\"Franz Manka Service quadratische Schale 2\" width=\"300\" height=\"296\" class=\"alignnone size-medium wp-image-55856\" srcset=\"http:\/\/museumek.eu\/wp-content\/uploads\/2021\/04\/Franz-Manka-Service-quadratische-Schale-2-300x296.jpg 300w, http:\/\/museumek.eu\/wp-content\/uploads\/2021\/04\/Franz-Manka-Service-quadratische-Schale-2-150x148.jpg 150w, http:\/\/museumek.eu\/wp-content\/uploads\/2021\/04\/Franz-Manka-Service-quadratische-Schale-2-303x300.jpg 303w, http:\/\/museumek.eu\/wp-content\/uploads\/2021\/04\/Franz-Manka-Service-quadratische-Schale-2.jpg 485w\" sizes=\"(max-width: 300px) 100vw, 300px\" \/><\/a><\/p>\n<p><a href=\"http:\/\/museumek.eu\/?attachment_id=55857\" rel=\"attachment wp-att-55857\"><img loading=\"lazy\" src=\"http:\/\/museumek.eu\/wp-content\/uploads\/2021\/04\/Franz-Manka-Service-quadratische-Schale-3-300x255.jpg\" alt=\"\" title=\"Franz Manka Service quadratische Schale 3\" width=\"300\" height=\"255\" class=\"alignnone size-medium wp-image-55857\" srcset=\"http:\/\/museumek.eu\/wp-content\/uploads\/2021\/04\/Franz-Manka-Service-quadratische-Schale-3-300x255.jpg 300w, http:\/\/museumek.eu\/wp-content\/uploads\/2021\/04\/Franz-Manka-Service-quadratische-Schale-3-150x127.jpg 150w, http:\/\/museumek.eu\/wp-content\/uploads\/2021\/04\/Franz-Manka-Service-quadratische-Schale-3-352x300.jpg 352w, http:\/\/museumek.eu\/wp-content\/uploads\/2021\/04\/Franz-Manka-Service-quadratische-Schale-3.jpg 564w\" sizes=\"(max-width: 300px) 100vw, 300px\" \/><\/a><\/p>\n<p><a href=\"http:\/\/museumek.eu\/?attachment_id=55858\" rel=\"attachment wp-att-55858\"><img loading=\"lazy\" src=\"http:\/\/museumek.eu\/wp-content\/uploads\/2021\/04\/Franz-Manka-Service-quadratische-Schale-4-300x127.jpg\" alt=\"\" title=\"Franz Manka Service quadratische Schale 4\" width=\"300\" height=\"127\" class=\"alignnone size-medium wp-image-55858\" srcset=\"http:\/\/museumek.eu\/wp-content\/uploads\/2021\/04\/Franz-Manka-Service-quadratische-Schale-4-300x127.jpg 300w, http:\/\/museumek.eu\/wp-content\/uploads\/2021\/04\/Franz-Manka-Service-quadratische-Schale-4-150x63.jpg 150w, http:\/\/museumek.eu\/wp-content\/uploads\/2021\/04\/Franz-Manka-Service-quadratische-Schale-4-500x213.jpg 500w, http:\/\/museumek.eu\/wp-content\/uploads\/2021\/04\/Franz-Manka-Service-quadratische-Schale-4.jpg 640w\" sizes=\"(max-width: 300px) 100vw, 300px\" \/><\/a><\/p>\n<p><a href=\"http:\/\/museumek.eu\/?attachment_id=55859\" rel=\"attachment wp-att-55859\"><img loading=\"lazy\" src=\"http:\/\/museumek.eu\/wp-content\/uploads\/2021\/04\/Franz-Manka-Service-quadratische-Schale-5-300x294.jpg\" alt=\"\" title=\"Franz Manka Service quadratische Schale 5\" width=\"300\" height=\"294\" class=\"alignnone size-medium wp-image-55859\" srcset=\"http:\/\/museumek.eu\/wp-content\/uploads\/2021\/04\/Franz-Manka-Service-quadratische-Schale-5-300x294.jpg 300w, http:\/\/museumek.eu\/wp-content\/uploads\/2021\/04\/Franz-Manka-Service-quadratische-Schale-5-150x147.jpg 150w, http:\/\/museumek.eu\/wp-content\/uploads\/2021\/04\/Franz-Manka-Service-quadratische-Schale-5-305x300.jpg 305w, http:\/\/museumek.eu\/wp-content\/uploads\/2021\/04\/Franz-Manka-Service-quadratische-Schale-5.jpg 489w\" sizes=\"(max-width: 300px) 100vw, 300px\" \/><\/a><\/p>\n<p><a href=\"http:\/\/museumek.eu\/?attachment_id=55860\" rel=\"attachment wp-att-55860\"><img loading=\"lazy\" src=\"http:\/\/museumek.eu\/wp-content\/uploads\/2021\/04\/Franz-Manka-Service-quadratische-Schale-6-291x300.jpg\" alt=\"\" title=\"Franz Manka Service quadratische Schale 6\" width=\"291\" height=\"300\" class=\"alignnone size-medium wp-image-55860\" srcset=\"http:\/\/museumek.eu\/wp-content\/uploads\/2021\/04\/Franz-Manka-Service-quadratische-Schale-6-291x300.jpg 291w, http:\/\/museumek.eu\/wp-content\/uploads\/2021\/04\/Franz-Manka-Service-quadratische-Schale-6-145x150.jpg 145w, http:\/\/museumek.eu\/wp-content\/uploads\/2021\/04\/Franz-Manka-Service-quadratische-Schale-6.jpg 480w\" sizes=\"(max-width: 291px) 100vw, 291px\" \/><\/a><\/p>\n","protected":false},"excerpt":{"rendered":"<p>Abteilung Austria, Keramik 1860 \u2013 1960, Inventarnummer A\/LXVIII\/2 Porzellanfabrik Franz Manka, Austria\/B\u00f6hmen, Altrohlau und Tellnitz bei Aussig, um 1920, viereckige Schale eines Service, K\u00fcnstler unbekannt, Werks.-Nr. ohne, Exemplar Nr. ohne, gemarkt Firmenmarke in einer Glocke FM (f\u00fcr Franz Manka), darunter &hellip; <a href=\"http:\/\/museumek.eu\/?page_id=55898\">Weiterlesen <span class=\"meta-nav\">&rarr;<\/span><\/a><\/p>\n","protected":false},"author":1,"featured_media":0,"parent":55893,"menu_order":2,"comment_status":"closed","ping_status":"open","template":"","meta":[],"_links":{"self":[{"href":"http:\/\/museumek.eu\/index.php?rest_route=\/wp\/v2\/pages\/55898"}],"collection":[{"href":"http:\/\/museumek.eu\/index.php?rest_route=\/wp\/v2\/pages"}],"about":[{"href":"http:\/\/museumek.eu\/index.php?rest_route=\/wp\/v2\/types\/page"}],"author":[{"embeddable":true,"href":"http:\/\/museumek.eu\/index.php?rest_route=\/wp\/v2\/users\/1"}],"replies":[{"embeddable":true,"href":"http:\/\/museumek.eu\/index.php?rest_route=%2Fwp%2Fv2%2Fcomments&post=55898"}],"version-history":[{"count":2,"href":"http:\/\/museumek.eu\/index.php?rest_route=\/wp\/v2\/pages\/55898\/revisions"}],"predecessor-version":[{"id":55900,"href":"http:\/\/museumek.eu\/index.php?rest_route=\/wp\/v2\/pages\/55898\/revisions\/55900"}],"up":[{"embeddable":true,"href":"http:\/\/museumek.eu\/index.php?rest_route=\/wp\/v2\/pages\/55893"}],"wp:attachment":[{"href":"http:\/\/museumek.eu\/index.php?rest_route=%2Fwp%2Fv2%2Fmedia&parent=55898"}],"curies":[{"name":"wp","href":"https:\/\/api.w.org\/{rel}","templated":true}]}}