{"id":55907,"date":"2021-04-10T22:26:55","date_gmt":"2021-04-10T20:26:55","guid":{"rendered":"http:\/\/museumek.eu\/?page_id=55907"},"modified":"2021-04-10T22:26:55","modified_gmt":"2021-04-10T20:26:55","slug":"alxviii5","status":"publish","type":"page","link":"http:\/\/museumek.eu\/?page_id=55907","title":{"rendered":"A\/LXVIII\/5"},"content":{"rendered":"<p><strong>Abteilung Austria, Keramik 1860 \u2013 1960, Inventarnummer A\/LXVIII\/5<\/strong><\/p>\n<p>Porzellanfabrik Franz Manka, Austria\/B\u00f6hmen, Altrohlau und Tellnitz bei Aussig, um 1920, Saliere eines Service, K\u00fcnstler unbekannt, Werks.-Nr. ohne, Exemplar Nr. ohne, gemarkt keine Firmenmarke, nicht signiert, Literatur: Dieter Z\u00fchlsdorff, Markenlexikon Band 1, Porzellan und Keramik Report 1885 &#8211; 1935, Seite 465, Werk-Teil 3., laufende Nummer des Werkteils 33, dort kurze Beschreibung der Fabrik, weitere Literatur: Ludwig Danckert, Handbuch des Europ\u00e4ischen Porzellans, 7. Auflage, Seite 33, kurze Beschreibung der Fabrik, zur Beschreibung der Fabrik macht das MEK folgende Aussage: zu Franz Manka finden sich unterschiedliche Informationen bei Z\u00fchlsdorf und bei Danckert, beide gehen davon aus, dass Manka die Fabrik in Altrohlau erst 1936 \u00fcbernommen hat, im tschechischen Internet finden sich Verkaufsangebote von Manka Porzellan, dort finden sich zwar auch keine weiteren Angaben zur Fabrik aber die Datierung des Porzellans geht zur\u00fcck bis 1909 und 1919, das MEK schliesst sich der Datierung 1919 an, da das Dekor des Service eindeutig ein Jugendstildekor ist und es nur schwer vorstellbar ist, dass Manka Ende der 1930&#8242; Jahre, also sogar nach der Art Deco Zeit, Porzellan produziert, welche im Jugendstil gehalten ist, genaue Angaben zu den beiden Fabriken Mankas m\u00fcssen noch recherchiert werden,<br \/>\nH\u00f6he 6 cm, Breite 15,5 cm <\/p>\n<p><a href=\"http:\/\/museumek.eu\/?attachment_id=55839\" rel=\"attachment wp-att-55839\"><img loading=\"lazy\" src=\"http:\/\/museumek.eu\/wp-content\/uploads\/2021\/04\/Franz-Manka-Service-quadratische-Schale-1-300x180.jpg\" alt=\"\" title=\"Franz Manka Service quadratische Schale 1\" width=\"300\" height=\"180\" class=\"alignnone size-medium wp-image-55839\" srcset=\"http:\/\/museumek.eu\/wp-content\/uploads\/2021\/04\/Franz-Manka-Service-quadratische-Schale-1-300x180.jpg 300w, http:\/\/museumek.eu\/wp-content\/uploads\/2021\/04\/Franz-Manka-Service-quadratische-Schale-1-150x90.jpg 150w, http:\/\/museumek.eu\/wp-content\/uploads\/2021\/04\/Franz-Manka-Service-quadratische-Schale-1-500x300.jpg 500w, http:\/\/museumek.eu\/wp-content\/uploads\/2021\/04\/Franz-Manka-Service-quadratische-Schale-1.jpg 640w\" sizes=\"(max-width: 300px) 100vw, 300px\" \/><\/a><\/p>\n<p><a href=\"http:\/\/museumek.eu\/?attachment_id=55883\" rel=\"attachment wp-att-55883\"><img loading=\"lazy\" src=\"http:\/\/museumek.eu\/wp-content\/uploads\/2021\/04\/Franz-Manka-Service-Gew\u00fcrzschale-1-151x300.jpg\" alt=\"\" title=\"Franz Manka Service Gew\u00fcrzschale 1\" width=\"151\" height=\"300\" class=\"alignnone size-medium wp-image-55883\" srcset=\"http:\/\/museumek.eu\/wp-content\/uploads\/2021\/04\/Franz-Manka-Service-Gew\u00fcrzschale-1-151x300.jpg 151w, http:\/\/museumek.eu\/wp-content\/uploads\/2021\/04\/Franz-Manka-Service-Gew\u00fcrzschale-1-75x150.jpg 75w\" sizes=\"(max-width: 151px) 100vw, 151px\" \/><\/a><\/p>\n<p><a href=\"http:\/\/museumek.eu\/?attachment_id=55884\" rel=\"attachment wp-att-55884\"><img loading=\"lazy\" src=\"http:\/\/museumek.eu\/wp-content\/uploads\/2021\/04\/Franz-Manka-Service-Gew\u00fcrzschale-2-183x300.jpg\" alt=\"\" title=\"Franz Manka Service Gew\u00fcrzschale 2\" width=\"183\" height=\"300\" class=\"alignnone size-medium wp-image-55884\" srcset=\"http:\/\/museumek.eu\/wp-content\/uploads\/2021\/04\/Franz-Manka-Service-Gew\u00fcrzschale-2-183x300.jpg 183w, http:\/\/museumek.eu\/wp-content\/uploads\/2021\/04\/Franz-Manka-Service-Gew\u00fcrzschale-2-91x150.jpg 91w, http:\/\/museumek.eu\/wp-content\/uploads\/2021\/04\/Franz-Manka-Service-Gew\u00fcrzschale-2.jpg 392w\" sizes=\"(max-width: 183px) 100vw, 183px\" \/><\/a><\/p>\n<p><a href=\"http:\/\/museumek.eu\/?attachment_id=55885\" rel=\"attachment wp-att-55885\"><img loading=\"lazy\" src=\"http:\/\/museumek.eu\/wp-content\/uploads\/2021\/04\/Franz-Manka-Service-Gew\u00fcrzschale-3-142x300.jpg\" alt=\"\" title=\"Franz Manka Service Gew\u00fcrzschale 3\" width=\"142\" height=\"300\" class=\"alignnone size-medium wp-image-55885\" srcset=\"http:\/\/museumek.eu\/wp-content\/uploads\/2021\/04\/Franz-Manka-Service-Gew\u00fcrzschale-3-142x300.jpg 142w, http:\/\/museumek.eu\/wp-content\/uploads\/2021\/04\/Franz-Manka-Service-Gew\u00fcrzschale-3-71x150.jpg 71w\" sizes=\"(max-width: 142px) 100vw, 142px\" \/><\/a><\/p>\n<p><a href=\"http:\/\/museumek.eu\/?attachment_id=55886\" rel=\"attachment wp-att-55886\"><img loading=\"lazy\" src=\"http:\/\/museumek.eu\/wp-content\/uploads\/2021\/04\/Franz-Manka-Service-Gew\u00fcrzschale-4-149x300.jpg\" alt=\"\" title=\"Franz Manka Service Gew\u00fcrzschale 4\" width=\"149\" height=\"300\" class=\"alignnone size-medium wp-image-55886\" srcset=\"http:\/\/museumek.eu\/wp-content\/uploads\/2021\/04\/Franz-Manka-Service-Gew\u00fcrzschale-4-149x300.jpg 149w, http:\/\/museumek.eu\/wp-content\/uploads\/2021\/04\/Franz-Manka-Service-Gew\u00fcrzschale-4-74x150.jpg 74w, http:\/\/museumek.eu\/wp-content\/uploads\/2021\/04\/Franz-Manka-Service-Gew\u00fcrzschale-4.jpg 319w\" sizes=\"(max-width: 149px) 100vw, 149px\" \/><\/a><\/p>\n","protected":false},"excerpt":{"rendered":"<p>Abteilung Austria, Keramik 1860 \u2013 1960, Inventarnummer A\/LXVIII\/5 Porzellanfabrik Franz Manka, Austria\/B\u00f6hmen, Altrohlau und Tellnitz bei Aussig, um 1920, Saliere eines Service, K\u00fcnstler unbekannt, Werks.-Nr. ohne, Exemplar Nr. ohne, gemarkt keine Firmenmarke, nicht signiert, Literatur: Dieter Z\u00fchlsdorff, Markenlexikon Band 1, &hellip; <a href=\"http:\/\/museumek.eu\/?page_id=55907\">Weiterlesen <span class=\"meta-nav\">&rarr;<\/span><\/a><\/p>\n","protected":false},"author":1,"featured_media":0,"parent":55893,"menu_order":5,"comment_status":"closed","ping_status":"open","template":"","meta":[],"_links":{"self":[{"href":"http:\/\/museumek.eu\/index.php?rest_route=\/wp\/v2\/pages\/55907"}],"collection":[{"href":"http:\/\/museumek.eu\/index.php?rest_route=\/wp\/v2\/pages"}],"about":[{"href":"http:\/\/museumek.eu\/index.php?rest_route=\/wp\/v2\/types\/page"}],"author":[{"embeddable":true,"href":"http:\/\/museumek.eu\/index.php?rest_route=\/wp\/v2\/users\/1"}],"replies":[{"embeddable":true,"href":"http:\/\/museumek.eu\/index.php?rest_route=%2Fwp%2Fv2%2Fcomments&post=55907"}],"version-history":[{"count":2,"href":"http:\/\/museumek.eu\/index.php?rest_route=\/wp\/v2\/pages\/55907\/revisions"}],"predecessor-version":[{"id":55909,"href":"http:\/\/museumek.eu\/index.php?rest_route=\/wp\/v2\/pages\/55907\/revisions\/55909"}],"up":[{"embeddable":true,"href":"http:\/\/museumek.eu\/index.php?rest_route=\/wp\/v2\/pages\/55893"}],"wp:attachment":[{"href":"http:\/\/museumek.eu\/index.php?rest_route=%2Fwp%2Fv2%2Fmedia&parent=55907"}],"curies":[{"name":"wp","href":"https:\/\/api.w.org\/{rel}","templated":true}]}}