{"id":55962,"date":"2021-04-21T20:36:58","date_gmt":"2021-04-21T18:36:58","guid":{"rendered":"http:\/\/museumek.eu\/?page_id=55962"},"modified":"2021-04-21T20:36:58","modified_gmt":"2021-04-21T18:36:58","slug":"porzellanfabrik-weisenstadt-durrbeck-ruckdaschel","status":"publish","type":"page","link":"http:\/\/museumek.eu\/?page_id=55962","title":{"rendered":"Porzellanfabrik Wei\u00dfenstadt D\u00fcrrbeck &#038; Ruckd\u00e4schel"},"content":{"rendered":"","protected":false},"excerpt":{"rendered":"","protected":false},"author":1,"featured_media":0,"parent":44,"menu_order":193,"comment_status":"closed","ping_status":"open","template":"","meta":[],"_links":{"self":[{"href":"http:\/\/museumek.eu\/index.php?rest_route=\/wp\/v2\/pages\/55962"}],"collection":[{"href":"http:\/\/museumek.eu\/index.php?rest_route=\/wp\/v2\/pages"}],"about":[{"href":"http:\/\/museumek.eu\/index.php?rest_route=\/wp\/v2\/types\/page"}],"author":[{"embeddable":true,"href":"http:\/\/museumek.eu\/index.php?rest_route=\/wp\/v2\/users\/1"}],"replies":[{"embeddable":true,"href":"http:\/\/museumek.eu\/index.php?rest_route=%2Fwp%2Fv2%2Fcomments&post=55962"}],"version-history":[{"count":1,"href":"http:\/\/museumek.eu\/index.php?rest_route=\/wp\/v2\/pages\/55962\/revisions"}],"predecessor-version":[{"id":55963,"href":"http:\/\/museumek.eu\/index.php?rest_route=\/wp\/v2\/pages\/55962\/revisions\/55963"}],"up":[{"embeddable":true,"href":"http:\/\/museumek.eu\/index.php?rest_route=\/wp\/v2\/pages\/44"}],"wp:attachment":[{"href":"http:\/\/museumek.eu\/index.php?rest_route=%2Fwp%2Fv2%2Fmedia&parent=55962"}],"curies":[{"name":"wp","href":"https:\/\/api.w.org\/{rel}","templated":true}]}}