{"id":56007,"date":"2021-04-22T14:15:14","date_gmt":"2021-04-22T12:15:14","guid":{"rendered":"http:\/\/museumek.eu\/?page_id=56007"},"modified":"2021-04-22T14:15:14","modified_gmt":"2021-04-22T12:15:14","slug":"alxvi5","status":"publish","type":"page","link":"http:\/\/museumek.eu\/?page_id=56007","title":{"rendered":"A\/LXVI\/5"},"content":{"rendered":"<p><strong>Abteilung Austria, Keramik 1860 \u2013 1960, Inventarnummer A\/LXVI\/5<\/strong><\/p>\n<p>Porzellanfabrik Richter, Fenkl &#038; Hahn, Austria, Chodau, um 1920, ovale Platte eines Speiseservice, K\u00fcnstler unbekannt, Werks.-Nr. ohne, Exemplar Nr. ohne, gemarkt Firmenmarke mit RFH (f\u00fcr Richter, Fenkl und Hahn) darunter Czechoslovakia gr\u00fcner Stempel unter Glasur sowie 19087 und 12 (?) schwarz auf Glasur gemalt, nicht signiert, Literatur: Dieter Z\u00fchlsdorff, Markenlexikon Band 1, Porzellan und Keramik Report 1885 &#8211; 1935, Seite 59, Werk-Teil 1., Gruppennummer des Werkteils 1., laufende Nummer innerhalb der Gruppe 1058, identische Marke (dort f\u00fcr die Zeit ab 1918) sowie Seite 484, Werk-Teil 3., laufende Nummer des Werkteils 207, dort kurze Beschreibung der Fabrik, weitere Literatur: Ludwig Danckert, Handbuch des Europ\u00e4ischen Porzellans, 7. Auflage, Seite 109, kurze Beschreibung der Fabrik sowie Abbildung der identischen Marke, 1883 gr\u00fcndeten Albert Richter, Karl Fenkl und Alois Hahn eine Porzellanfabrik in Chodau bei Karlsbad, Firmierung Porzellanfabrik Richter, Fenkl &#038; Hahn, 1885 verstarb Hahn und Albert Richter \u00fcberlie\u00df seinen Anteil seinem Schwiegersohn Anton Langner, Inhaber waren jetzt Karl Fenkl und Anton Langner, die die Porzellanfabrik zu einer der gr\u00f6\u00dften im Karlsbader Raum ausbauten, ob sich die Firmierung in Fenkl &#038; Langner \u00e4nderte ist nicht bekannt, die Fabrik exportierte weltweit und wurde 1947\/1948 still gelegt, H\u00f6he 4 cm, Breite 30 cm, Tiefe 20 cm<\/p>\n<p><a href=\"http:\/\/museumek.eu\/?attachment_id=55995\" rel=\"attachment wp-att-55995\"><img loading=\"lazy\" src=\"http:\/\/museumek.eu\/wp-content\/uploads\/2021\/03\/Richter-Fenkl-und-Hahn-Teile-eines-Speiseservice-Sch\u00fcssel-mit-Deckel-12-300x205.jpg\" alt=\"\" title=\"Richter, Fenkl und Hahn Teile eines Speiseservice Sch\u00fcssel mit Deckel 1\" width=\"300\" height=\"205\" class=\"alignnone size-medium wp-image-55995\" srcset=\"http:\/\/museumek.eu\/wp-content\/uploads\/2021\/03\/Richter-Fenkl-und-Hahn-Teile-eines-Speiseservice-Sch\u00fcssel-mit-Deckel-12-300x205.jpg 300w, http:\/\/museumek.eu\/wp-content\/uploads\/2021\/03\/Richter-Fenkl-und-Hahn-Teile-eines-Speiseservice-Sch\u00fcssel-mit-Deckel-12-150x102.jpg 150w, http:\/\/museumek.eu\/wp-content\/uploads\/2021\/03\/Richter-Fenkl-und-Hahn-Teile-eines-Speiseservice-Sch\u00fcssel-mit-Deckel-12-438x300.jpg 438w, http:\/\/museumek.eu\/wp-content\/uploads\/2021\/03\/Richter-Fenkl-und-Hahn-Teile-eines-Speiseservice-Sch\u00fcssel-mit-Deckel-12.jpg 640w\" sizes=\"(max-width: 300px) 100vw, 300px\" \/><\/a><\/p>\n<p><a href=\"http:\/\/museumek.eu\/?attachment_id=55996\" rel=\"attachment wp-att-55996\"><img loading=\"lazy\" src=\"http:\/\/museumek.eu\/wp-content\/uploads\/2021\/03\/Richter-Fenkl-und-Hahn-Teile-eines-Speiseservice-ovale-Platte-1-300x218.jpg\" alt=\"\" title=\"Richter, Fenkl und Hahn Teile eines Speiseservice ovale Platte 1\" width=\"300\" height=\"218\" class=\"alignnone size-medium wp-image-55996\" srcset=\"http:\/\/museumek.eu\/wp-content\/uploads\/2021\/03\/Richter-Fenkl-und-Hahn-Teile-eines-Speiseservice-ovale-Platte-1-300x218.jpg 300w, http:\/\/museumek.eu\/wp-content\/uploads\/2021\/03\/Richter-Fenkl-und-Hahn-Teile-eines-Speiseservice-ovale-Platte-1-150x109.jpg 150w, http:\/\/museumek.eu\/wp-content\/uploads\/2021\/03\/Richter-Fenkl-und-Hahn-Teile-eines-Speiseservice-ovale-Platte-1-412x300.jpg 412w, http:\/\/museumek.eu\/wp-content\/uploads\/2021\/03\/Richter-Fenkl-und-Hahn-Teile-eines-Speiseservice-ovale-Platte-1.jpg 640w\" sizes=\"(max-width: 300px) 100vw, 300px\" \/><\/a><\/p>\n<p><a href=\"http:\/\/museumek.eu\/?attachment_id=55997\" rel=\"attachment wp-att-55997\"><img loading=\"lazy\" src=\"http:\/\/museumek.eu\/wp-content\/uploads\/2021\/03\/Richter-Fenkl-und-Hahn-Teile-eines-Speiseservice-ovale-Platte-2-300x111.jpg\" alt=\"\" title=\"Richter, Fenkl und Hahn Teile eines Speiseservice ovale Platte 2\" width=\"300\" height=\"111\" class=\"alignnone size-medium wp-image-55997\" srcset=\"http:\/\/museumek.eu\/wp-content\/uploads\/2021\/03\/Richter-Fenkl-und-Hahn-Teile-eines-Speiseservice-ovale-Platte-2-300x111.jpg 300w, http:\/\/museumek.eu\/wp-content\/uploads\/2021\/03\/Richter-Fenkl-und-Hahn-Teile-eines-Speiseservice-ovale-Platte-2-150x55.jpg 150w, http:\/\/museumek.eu\/wp-content\/uploads\/2021\/03\/Richter-Fenkl-und-Hahn-Teile-eines-Speiseservice-ovale-Platte-2-500x185.jpg 500w, http:\/\/museumek.eu\/wp-content\/uploads\/2021\/03\/Richter-Fenkl-und-Hahn-Teile-eines-Speiseservice-ovale-Platte-2.jpg 640w\" sizes=\"(max-width: 300px) 100vw, 300px\" \/><\/a><\/p>\n<p><a href=\"http:\/\/museumek.eu\/?attachment_id=55998\" rel=\"attachment wp-att-55998\"><img loading=\"lazy\" src=\"http:\/\/museumek.eu\/wp-content\/uploads\/2021\/03\/Richter-Fenkl-und-Hahn-Teile-eines-Speiseservice-ovale-Platte-3-202x300.jpg\" alt=\"\" title=\"Richter, Fenkl und Hahn Teile eines Speiseservice ovale Platte 3\" width=\"202\" height=\"300\" class=\"alignnone size-medium wp-image-55998\" srcset=\"http:\/\/museumek.eu\/wp-content\/uploads\/2021\/03\/Richter-Fenkl-und-Hahn-Teile-eines-Speiseservice-ovale-Platte-3-202x300.jpg 202w, http:\/\/museumek.eu\/wp-content\/uploads\/2021\/03\/Richter-Fenkl-und-Hahn-Teile-eines-Speiseservice-ovale-Platte-3-101x150.jpg 101w, http:\/\/museumek.eu\/wp-content\/uploads\/2021\/03\/Richter-Fenkl-und-Hahn-Teile-eines-Speiseservice-ovale-Platte-3.jpg 431w\" sizes=\"(max-width: 202px) 100vw, 202px\" \/><\/a><\/p>\n<p><a href=\"http:\/\/museumek.eu\/?attachment_id=55999\" rel=\"attachment wp-att-55999\"><img loading=\"lazy\" src=\"http:\/\/museumek.eu\/wp-content\/uploads\/2021\/03\/Richter-Fenkl-und-Hahn-Teile-eines-Speiseservice-ovale-Platte-4-175x300.jpg\" alt=\"\" title=\"Richter, Fenkl und Hahn Teile eines Speiseservice ovale Platte 4\" width=\"175\" height=\"300\" class=\"alignnone size-medium wp-image-55999\" srcset=\"http:\/\/museumek.eu\/wp-content\/uploads\/2021\/03\/Richter-Fenkl-und-Hahn-Teile-eines-Speiseservice-ovale-Platte-4-175x300.jpg 175w, http:\/\/museumek.eu\/wp-content\/uploads\/2021\/03\/Richter-Fenkl-und-Hahn-Teile-eines-Speiseservice-ovale-Platte-4-87x150.jpg 87w, http:\/\/museumek.eu\/wp-content\/uploads\/2021\/03\/Richter-Fenkl-und-Hahn-Teile-eines-Speiseservice-ovale-Platte-4.jpg 374w\" sizes=\"(max-width: 175px) 100vw, 175px\" \/><\/a><\/p>\n<p><a href=\"http:\/\/museumek.eu\/?attachment_id=56000\" rel=\"attachment wp-att-56000\"><img loading=\"lazy\" src=\"http:\/\/museumek.eu\/wp-content\/uploads\/2021\/03\/Richter-Fenkl-und-Hahn-Teile-eines-Speiseservice-ovale-Platte-5-300x240.jpg\" alt=\"\" title=\"Richter, Fenkl und Hahn Teile eines Speiseservice ovale Platte 5\" width=\"300\" height=\"240\" class=\"alignnone size-medium wp-image-56000\" srcset=\"http:\/\/museumek.eu\/wp-content\/uploads\/2021\/03\/Richter-Fenkl-und-Hahn-Teile-eines-Speiseservice-ovale-Platte-5-300x240.jpg 300w, http:\/\/museumek.eu\/wp-content\/uploads\/2021\/03\/Richter-Fenkl-und-Hahn-Teile-eines-Speiseservice-ovale-Platte-5-150x120.jpg 150w, http:\/\/museumek.eu\/wp-content\/uploads\/2021\/03\/Richter-Fenkl-und-Hahn-Teile-eines-Speiseservice-ovale-Platte-5-373x300.jpg 373w, http:\/\/museumek.eu\/wp-content\/uploads\/2021\/03\/Richter-Fenkl-und-Hahn-Teile-eines-Speiseservice-ovale-Platte-5.jpg 598w\" sizes=\"(max-width: 300px) 100vw, 300px\" \/><\/a><\/p>\n<p><a href=\"http:\/\/museumek.eu\/?attachment_id=56001\" rel=\"attachment wp-att-56001\"><img loading=\"lazy\" src=\"http:\/\/museumek.eu\/wp-content\/uploads\/2021\/03\/Richter-Fenkl-und-Hahn-Teile-eines-Speiseservice-ovale-Platte-6-300x207.jpg\" alt=\"\" title=\"Richter, Fenkl und Hahn Teile eines Speiseservice ovale Platte 6\" width=\"300\" height=\"207\" class=\"alignnone size-medium wp-image-56001\" srcset=\"http:\/\/museumek.eu\/wp-content\/uploads\/2021\/03\/Richter-Fenkl-und-Hahn-Teile-eines-Speiseservice-ovale-Platte-6-300x207.jpg 300w, http:\/\/museumek.eu\/wp-content\/uploads\/2021\/03\/Richter-Fenkl-und-Hahn-Teile-eines-Speiseservice-ovale-Platte-6-150x103.jpg 150w, http:\/\/museumek.eu\/wp-content\/uploads\/2021\/03\/Richter-Fenkl-und-Hahn-Teile-eines-Speiseservice-ovale-Platte-6-434x300.jpg 434w, http:\/\/museumek.eu\/wp-content\/uploads\/2021\/03\/Richter-Fenkl-und-Hahn-Teile-eines-Speiseservice-ovale-Platte-6.jpg 640w\" sizes=\"(max-width: 300px) 100vw, 300px\" \/><\/a><\/p>\n","protected":false},"excerpt":{"rendered":"<p>Abteilung Austria, Keramik 1860 \u2013 1960, Inventarnummer A\/LXVI\/5 Porzellanfabrik Richter, Fenkl &#038; Hahn, Austria, Chodau, um 1920, ovale Platte eines Speiseservice, K\u00fcnstler unbekannt, Werks.-Nr. ohne, Exemplar Nr. ohne, gemarkt Firmenmarke mit RFH (f\u00fcr Richter, Fenkl und Hahn) darunter Czechoslovakia gr\u00fcner &hellip; <a href=\"http:\/\/museumek.eu\/?page_id=56007\">Weiterlesen <span class=\"meta-nav\">&rarr;<\/span><\/a><\/p>\n","protected":false},"author":1,"featured_media":0,"parent":54668,"menu_order":5,"comment_status":"closed","ping_status":"open","template":"","meta":[],"_links":{"self":[{"href":"http:\/\/museumek.eu\/index.php?rest_route=\/wp\/v2\/pages\/56007"}],"collection":[{"href":"http:\/\/museumek.eu\/index.php?rest_route=\/wp\/v2\/pages"}],"about":[{"href":"http:\/\/museumek.eu\/index.php?rest_route=\/wp\/v2\/types\/page"}],"author":[{"embeddable":true,"href":"http:\/\/museumek.eu\/index.php?rest_route=\/wp\/v2\/users\/1"}],"replies":[{"embeddable":true,"href":"http:\/\/museumek.eu\/index.php?rest_route=%2Fwp%2Fv2%2Fcomments&post=56007"}],"version-history":[{"count":2,"href":"http:\/\/museumek.eu\/index.php?rest_route=\/wp\/v2\/pages\/56007\/revisions"}],"predecessor-version":[{"id":56009,"href":"http:\/\/museumek.eu\/index.php?rest_route=\/wp\/v2\/pages\/56007\/revisions\/56009"}],"up":[{"embeddable":true,"href":"http:\/\/museumek.eu\/index.php?rest_route=\/wp\/v2\/pages\/54668"}],"wp:attachment":[{"href":"http:\/\/museumek.eu\/index.php?rest_route=%2Fwp%2Fv2%2Fmedia&parent=56007"}],"curies":[{"name":"wp","href":"https:\/\/api.w.org\/{rel}","templated":true}]}}