{"id":56269,"date":"2021-04-30T19:09:17","date_gmt":"2021-04-30T17:09:17","guid":{"rendered":"http:\/\/museumek.eu\/?page_id=56269"},"modified":"2021-04-30T19:10:51","modified_gmt":"2021-04-30T17:10:51","slug":"schwarzburger-werkstatten-fur-porzellankunst-max-adolph-pfeiffer-und-nachf-schwarzburger-werkstatten-fur-porzellankunst-max-adolph-pfeiffer-gmbh-und-nachf-schwarzburger-werkstatten-fur-porzellankuns","status":"publish","type":"page","link":"http:\/\/museumek.eu\/?page_id=56269","title":{"rendered":"Schwarzburger Werkst\u00e4tten f\u00fcr Porzellankunst Max Adolph Pfeiffer und Nachf. Schwarzburger Werkst\u00e4tten f\u00fcr Porzellankunst Max Adolph Pfeiffer GmbH und Nachf. Schwarzburger Werkst\u00e4tten f\u00fcr Porzellankunst GmbH und Nachf. Th\u00fcringische Porzellanmanufaktur GmbH vormals Aelteste Volkstedter &#8211; Inv.Nr. D\/CXCVI\/1"},"content":{"rendered":"","protected":false},"excerpt":{"rendered":"","protected":false},"author":1,"featured_media":0,"parent":2810,"menu_order":43,"comment_status":"closed","ping_status":"open","template":"","meta":[],"_links":{"self":[{"href":"http:\/\/museumek.eu\/index.php?rest_route=\/wp\/v2\/pages\/56269"}],"collection":[{"href":"http:\/\/museumek.eu\/index.php?rest_route=\/wp\/v2\/pages"}],"about":[{"href":"http:\/\/museumek.eu\/index.php?rest_route=\/wp\/v2\/types\/page"}],"author":[{"embeddable":true,"href":"http:\/\/museumek.eu\/index.php?rest_route=\/wp\/v2\/users\/1"}],"replies":[{"embeddable":true,"href":"http:\/\/museumek.eu\/index.php?rest_route=%2Fwp%2Fv2%2Fcomments&post=56269"}],"version-history":[{"count":2,"href":"http:\/\/museumek.eu\/index.php?rest_route=\/wp\/v2\/pages\/56269\/revisions"}],"predecessor-version":[{"id":56271,"href":"http:\/\/museumek.eu\/index.php?rest_route=\/wp\/v2\/pages\/56269\/revisions\/56271"}],"up":[{"embeddable":true,"href":"http:\/\/museumek.eu\/index.php?rest_route=\/wp\/v2\/pages\/2810"}],"wp:attachment":[{"href":"http:\/\/museumek.eu\/index.php?rest_route=%2Fwp%2Fv2%2Fmedia&parent=56269"}],"curies":[{"name":"wp","href":"https:\/\/api.w.org\/{rel}","templated":true}]}}