{"id":56272,"date":"2021-04-30T19:11:58","date_gmt":"2021-04-30T17:11:58","guid":{"rendered":"http:\/\/museumek.eu\/?page_id=56272"},"modified":"2021-04-30T22:24:26","modified_gmt":"2021-04-30T20:24:26","slug":"fotos-und-beschreibung","status":"publish","type":"page","link":"http:\/\/museumek.eu\/?page_id=56272","title":{"rendered":"Fotos und Beschreibung"},"content":{"rendered":"<p><strong>Abteilung Deutschland, Keramik 1860 \u2013 1960, Inventarnummer D\/CXCVI\/1<\/strong><\/p>\n<p>Schwarzburger Werkst\u00e4tten f\u00fcr Porzellankunst Max Adolph Pfeiffer und Nachf. Schwarzburger Werkst\u00e4tten f\u00fcr Porzellankunst Max Adolph Pfeiffer GmbH und Nachf. Schwarzburger Werkst\u00e4tten f\u00fcr Porzellankunst GmbH und Nachf. Th\u00fcringische Porzellanmanufaktur GmbH vormals Aelteste Volkstedter, Deutschland, Unterwei\u00dfbach, 1912, Figur Kavalier mit Dreispitz (Gegenst\u00fcck zur Figur: Dame in Tanzpose mit Papagei), K\u00fcnstler Martha Schlameus, Werks.-Nr. U 46 (U 1 bis U 800 sind die Werks.-Nr. f\u00fcr menschliche Figuren und Gruppen), Exemplar Nr. ohne, gemarkt Firmenmarke mit Schwarzburger Werk-st\u00e4tten f\u00fcr Porzellankunst gepresst, darunter ein Fuchs gepresst sowie U 46 gepresst, signiert in einem Kreis der Buchstabe S (f\u00fcr Schlameus), im unteren Teil des Buchstaben S der Buchstabe M (f\u00fcr Martha) alles geritzt, Literatur: Dieter Z\u00fchlsdorff, Markenlexikon, Band 1, Porzellan und Keramik Report 1885 &#8211; 1935, Seite 316, Werk- Teil 1., Gruppennummer des Werkteils 11., laufende Nummer innerhalb der Gruppe 106, identische Marke (dort f\u00fcr die Zeit ab 1909 bis 1937, Anm. MEK: soweit dem MEK bekannt ist, sind nur die St\u00fccke aus der Zeit von 1909 (Gr\u00fcndung) bis 1913 (Pfeiffer verl\u00e4sst die Fabrik und wechselt zu Kgl. PM Meissen, dort Direktor von 1918 bis 1933, Pfeifferzeit), wo sowohl der Schriftzug, als auch der Fuchs gleichzeitig gestempelt oder gepresst worden sind, sp\u00e4tere St\u00fccke und Neuauflagen von St\u00fccken aus der Zeit von 1909 bis 1913 haben nicht diese doppelte Markung, sondern mal den Fuchs und mal diesen oder andere Schriftz\u00fcge) sowie Seite 630, Werkteil 3., laufende Nummer des Werkteils 1293, dort Beschreibung der Fabrik, weitere Literatur: Ludwig Danckert, Handbuch des Europ\u00e4ischen Porzellans, 7. Auflage, Seite 715\/716, dort Beschreibung der Fabrik, die Fabrik wurde am 16.02.1909 durch Max Adolph Pfeiffer in Unterwei\u00dfbach innerhalb der Porzellanfabrik Unterwei\u00dfbach, vormals Porzellanfabrik Unterwei\u00dfbach Porzelius &#038; Mann, gegr\u00fcndet, deren Direktor Pfeiffer von 1908 bis 1913 war, Firmierung Schwarzburger Werkst\u00e4tten f\u00fcr Porzellankunst Max Adolph Pfeiffer, viele bekannte K\u00fcnstler, wie Ernst Barlach Max Esser u. a. fertigten Entw\u00fcrfe f\u00fcr die Fabrik, auf internationalen Ausstellungen bekam die Fabrik Preise, anscheinend hatte Pfeiffer aber wenig kaufm\u00e4nnisches Geschick, deshalb erlischt die Firma bereits wieder 1910 und wird als GmbH neu gegr\u00fcndet, wobei beherrschender GF nun die Porzellanfabrik Unterwei\u00dfbach, vormals Porzellanfabrik Unterwei\u00dfbach Porzelius &#038; Mann ist, Firmierung Schwarzburger Werkst\u00e4tten f\u00fcr Porzellankunst Max Adolph Pfeiffer GmbH, als Pfeiffer 1913 die Fabrik verl\u00e4sst, \u00e4ndert sich die Firmierung in Schwarzburger Werkst\u00e4tten f\u00fcr Porzellankunst GmbH, 1936 Konkurs der gesamten  Porzellanfabrik Unterwei\u00dfbach, vormals Porzellanfabrik Unterwei\u00dfbach Porzelius &#038; Mann, neuer Eigent\u00fcmer ist die Th\u00fcringische Porzellanmanufaktur GmbH vormals Aelteste Volkstedter (wahrscheinlich \u00e4nderte sich auch die Firmierung in die des neuen Eigent\u00fcmers), die Fabrik bestand bis 1948, siehe auch Auktionshaus Mehlis, dort als Lot 3243 diese Figur, dort mit Brandriss, H\u00f6he 24,5 cm, Breite 10 cm  <\/p>\n<p><a href=\"http:\/\/museumek.eu\/?attachment_id=56326\" rel=\"attachment wp-att-56326\"><img loading=\"lazy\" src=\"http:\/\/museumek.eu\/wp-content\/uploads\/2021\/04\/Schwarzburger-Werkst\u00e4tten-f\u00fcr-Porzellankunst-Max-Adolf-Pfeiffer-GmbH-Kavalier-mit-Dreispitz-1-125x300.jpg\" alt=\"\" title=\"Schwarzburger Werkst\u00e4tten f\u00fcr Porzellankunst Max Adolf Pfeiffer GmbH Kavalier mit Dreispitz 1\" width=\"125\" height=\"300\" class=\"alignnone size-medium wp-image-56326\" srcset=\"http:\/\/museumek.eu\/wp-content\/uploads\/2021\/04\/Schwarzburger-Werkst\u00e4tten-f\u00fcr-Porzellankunst-Max-Adolf-Pfeiffer-GmbH-Kavalier-mit-Dreispitz-1-125x300.jpg 125w, http:\/\/museumek.eu\/wp-content\/uploads\/2021\/04\/Schwarzburger-Werkst\u00e4tten-f\u00fcr-Porzellankunst-Max-Adolf-Pfeiffer-GmbH-Kavalier-mit-Dreispitz-1-62x150.jpg 62w, http:\/\/museumek.eu\/wp-content\/uploads\/2021\/04\/Schwarzburger-Werkst\u00e4tten-f\u00fcr-Porzellankunst-Max-Adolf-Pfeiffer-GmbH-Kavalier-mit-Dreispitz-1.jpg 267w\" sizes=\"(max-width: 125px) 100vw, 125px\" \/><\/a><\/p>\n<p><a href=\"http:\/\/museumek.eu\/?attachment_id=56327\" rel=\"attachment wp-att-56327\"><img loading=\"lazy\" src=\"http:\/\/museumek.eu\/wp-content\/uploads\/2021\/04\/Schwarzburger-Werkst\u00e4tten-f\u00fcr-Porzellankunst-Max-Adolf-Pfeiffer-GmbH-Kavalier-mit-Dreispitz-2-125x300.jpg\" alt=\"\" title=\"Schwarzburger Werkst\u00e4tten f\u00fcr Porzellankunst Max Adolf Pfeiffer GmbH Kavalier mit Dreispitz 2\" width=\"125\" height=\"300\" class=\"alignnone size-medium wp-image-56327\" srcset=\"http:\/\/museumek.eu\/wp-content\/uploads\/2021\/04\/Schwarzburger-Werkst\u00e4tten-f\u00fcr-Porzellankunst-Max-Adolf-Pfeiffer-GmbH-Kavalier-mit-Dreispitz-2-125x300.jpg 125w, http:\/\/museumek.eu\/wp-content\/uploads\/2021\/04\/Schwarzburger-Werkst\u00e4tten-f\u00fcr-Porzellankunst-Max-Adolf-Pfeiffer-GmbH-Kavalier-mit-Dreispitz-2-62x150.jpg 62w, http:\/\/museumek.eu\/wp-content\/uploads\/2021\/04\/Schwarzburger-Werkst\u00e4tten-f\u00fcr-Porzellankunst-Max-Adolf-Pfeiffer-GmbH-Kavalier-mit-Dreispitz-2.jpg 267w\" sizes=\"(max-width: 125px) 100vw, 125px\" \/><\/a><\/p>\n<p><a href=\"http:\/\/museumek.eu\/?attachment_id=56328\" rel=\"attachment wp-att-56328\"><img loading=\"lazy\" src=\"http:\/\/museumek.eu\/wp-content\/uploads\/2021\/04\/Schwarzburger-Werkst\u00e4tten-f\u00fcr-Porzellankunst-Max-Adolf-Pfeiffer-GmbH-Kavalier-mit-Dreispitz-3-110x300.jpg\" alt=\"\" title=\"Schwarzburger Werkst\u00e4tten f\u00fcr Porzellankunst Max Adolf Pfeiffer GmbH Kavalier mit Dreispitz 3\" width=\"110\" height=\"300\" class=\"alignnone size-medium wp-image-56328\" srcset=\"http:\/\/museumek.eu\/wp-content\/uploads\/2021\/04\/Schwarzburger-Werkst\u00e4tten-f\u00fcr-Porzellankunst-Max-Adolf-Pfeiffer-GmbH-Kavalier-mit-Dreispitz-3-110x300.jpg 110w, http:\/\/museumek.eu\/wp-content\/uploads\/2021\/04\/Schwarzburger-Werkst\u00e4tten-f\u00fcr-Porzellankunst-Max-Adolf-Pfeiffer-GmbH-Kavalier-mit-Dreispitz-3-55x150.jpg 55w\" sizes=\"(max-width: 110px) 100vw, 110px\" \/><\/a><\/p>\n<p><a href=\"http:\/\/museumek.eu\/?attachment_id=56329\" rel=\"attachment wp-att-56329\"><img loading=\"lazy\" src=\"http:\/\/museumek.eu\/wp-content\/uploads\/2021\/04\/Schwarzburger-Werkst\u00e4tten-f\u00fcr-Porzellankunst-Max-Adolf-Pfeiffer-GmbH-Kavalier-mit-Dreispitz-4-114x300.jpg\" alt=\"\" title=\"Schwarzburger Werkst\u00e4tten f\u00fcr Porzellankunst Max Adolf Pfeiffer GmbH Kavalier mit Dreispitz 4\" width=\"114\" height=\"300\" class=\"alignnone size-medium wp-image-56329\" srcset=\"http:\/\/museumek.eu\/wp-content\/uploads\/2021\/04\/Schwarzburger-Werkst\u00e4tten-f\u00fcr-Porzellankunst-Max-Adolf-Pfeiffer-GmbH-Kavalier-mit-Dreispitz-4-114x300.jpg 114w, http:\/\/museumek.eu\/wp-content\/uploads\/2021\/04\/Schwarzburger-Werkst\u00e4tten-f\u00fcr-Porzellankunst-Max-Adolf-Pfeiffer-GmbH-Kavalier-mit-Dreispitz-4-57x150.jpg 57w\" sizes=\"(max-width: 114px) 100vw, 114px\" \/><\/a><\/p>\n<p><a href=\"http:\/\/museumek.eu\/?attachment_id=56330\" rel=\"attachment wp-att-56330\"><img loading=\"lazy\" src=\"http:\/\/museumek.eu\/wp-content\/uploads\/2021\/04\/Schwarzburger-Werkst\u00e4tten-f\u00fcr-Porzellankunst-Max-Adolf-Pfeiffer-GmbH-Kavalier-mit-Dreispitz-5-288x300.jpg\" alt=\"\" title=\"Schwarzburger Werkst\u00e4tten f\u00fcr Porzellankunst Max Adolf Pfeiffer GmbH Kavalier mit Dreispitz 5\" width=\"288\" height=\"300\" class=\"alignnone size-medium wp-image-56330\" srcset=\"http:\/\/museumek.eu\/wp-content\/uploads\/2021\/04\/Schwarzburger-Werkst\u00e4tten-f\u00fcr-Porzellankunst-Max-Adolf-Pfeiffer-GmbH-Kavalier-mit-Dreispitz-5-288x300.jpg 288w, http:\/\/museumek.eu\/wp-content\/uploads\/2021\/04\/Schwarzburger-Werkst\u00e4tten-f\u00fcr-Porzellankunst-Max-Adolf-Pfeiffer-GmbH-Kavalier-mit-Dreispitz-5-144x150.jpg 144w, http:\/\/museumek.eu\/wp-content\/uploads\/2021\/04\/Schwarzburger-Werkst\u00e4tten-f\u00fcr-Porzellankunst-Max-Adolf-Pfeiffer-GmbH-Kavalier-mit-Dreispitz-5.jpg 480w\" sizes=\"(max-width: 288px) 100vw, 288px\" \/><\/a><\/p>\n<p><a href=\"http:\/\/museumek.eu\/?attachment_id=56331\" rel=\"attachment wp-att-56331\"><img loading=\"lazy\" src=\"http:\/\/museumek.eu\/wp-content\/uploads\/2021\/04\/Schwarzburger-Werkst\u00e4tten-f\u00fcr-Porzellankunst-Max-Adolf-Pfeiffer-GmbH-Kavalier-mit-Dreispitz-6-170x300.jpg\" alt=\"\" title=\"Schwarzburger Werkst\u00e4tten f\u00fcr Porzellankunst Max Adolf Pfeiffer GmbH Kavalier mit Dreispitz 6\" width=\"170\" height=\"300\" class=\"alignnone size-medium wp-image-56331\" srcset=\"http:\/\/museumek.eu\/wp-content\/uploads\/2021\/04\/Schwarzburger-Werkst\u00e4tten-f\u00fcr-Porzellankunst-Max-Adolf-Pfeiffer-GmbH-Kavalier-mit-Dreispitz-6-170x300.jpg 170w, http:\/\/museumek.eu\/wp-content\/uploads\/2021\/04\/Schwarzburger-Werkst\u00e4tten-f\u00fcr-Porzellankunst-Max-Adolf-Pfeiffer-GmbH-Kavalier-mit-Dreispitz-6-85x150.jpg 85w, http:\/\/museumek.eu\/wp-content\/uploads\/2021\/04\/Schwarzburger-Werkst\u00e4tten-f\u00fcr-Porzellankunst-Max-Adolf-Pfeiffer-GmbH-Kavalier-mit-Dreispitz-6.jpg 364w\" sizes=\"(max-width: 170px) 100vw, 170px\" \/><\/a><\/p>\n<p><a href=\"http:\/\/museumek.eu\/?attachment_id=56332\" rel=\"attachment wp-att-56332\"><img loading=\"lazy\" src=\"http:\/\/museumek.eu\/wp-content\/uploads\/2021\/04\/Schwarzburger-Werkst\u00e4tten-f\u00fcr-Porzellankunst-Max-Adolf-Pfeiffer-GmbH-Kavalier-mit-Dreispitz-7-275x300.jpg\" alt=\"\" title=\"Schwarzburger Werkst\u00e4tten f\u00fcr Porzellankunst Max Adolf Pfeiffer GmbH Kavalier mit Dreispitz 7\" width=\"275\" height=\"300\" class=\"alignnone size-medium wp-image-56332\" srcset=\"http:\/\/museumek.eu\/wp-content\/uploads\/2021\/04\/Schwarzburger-Werkst\u00e4tten-f\u00fcr-Porzellankunst-Max-Adolf-Pfeiffer-GmbH-Kavalier-mit-Dreispitz-7-275x300.jpg 275w, http:\/\/museumek.eu\/wp-content\/uploads\/2021\/04\/Schwarzburger-Werkst\u00e4tten-f\u00fcr-Porzellankunst-Max-Adolf-Pfeiffer-GmbH-Kavalier-mit-Dreispitz-7-137x150.jpg 137w, http:\/\/museumek.eu\/wp-content\/uploads\/2021\/04\/Schwarzburger-Werkst\u00e4tten-f\u00fcr-Porzellankunst-Max-Adolf-Pfeiffer-GmbH-Kavalier-mit-Dreispitz-7.jpg 480w\" sizes=\"(max-width: 275px) 100vw, 275px\" \/><\/a><\/p>\n<p><a href=\"http:\/\/museumek.eu\/?attachment_id=56333\" rel=\"attachment wp-att-56333\"><img loading=\"lazy\" src=\"http:\/\/museumek.eu\/wp-content\/uploads\/2021\/04\/Schwarzburger-Werkst\u00e4tten-f\u00fcr-Porzellankunst-Max-Adolf-Pfeiffer-GmbH-Kavalier-mit-Dreispitz-8-300x248.jpg\" alt=\"\" title=\"Schwarzburger Werkst\u00e4tten f\u00fcr Porzellankunst Max Adolf Pfeiffer GmbH Kavalier mit Dreispitz 8\" width=\"300\" height=\"248\" class=\"alignnone size-medium wp-image-56333\" srcset=\"http:\/\/museumek.eu\/wp-content\/uploads\/2021\/04\/Schwarzburger-Werkst\u00e4tten-f\u00fcr-Porzellankunst-Max-Adolf-Pfeiffer-GmbH-Kavalier-mit-Dreispitz-8-300x248.jpg 300w, http:\/\/museumek.eu\/wp-content\/uploads\/2021\/04\/Schwarzburger-Werkst\u00e4tten-f\u00fcr-Porzellankunst-Max-Adolf-Pfeiffer-GmbH-Kavalier-mit-Dreispitz-8-150x124.jpg 150w, http:\/\/museumek.eu\/wp-content\/uploads\/2021\/04\/Schwarzburger-Werkst\u00e4tten-f\u00fcr-Porzellankunst-Max-Adolf-Pfeiffer-GmbH-Kavalier-mit-Dreispitz-8-362x300.jpg 362w, http:\/\/museumek.eu\/wp-content\/uploads\/2021\/04\/Schwarzburger-Werkst\u00e4tten-f\u00fcr-Porzellankunst-Max-Adolf-Pfeiffer-GmbH-Kavalier-mit-Dreispitz-8.jpg 580w\" sizes=\"(max-width: 300px) 100vw, 300px\" \/><\/a><\/p>\n<p><a href=\"http:\/\/museumek.eu\/?attachment_id=56334\" rel=\"attachment wp-att-56334\"><img loading=\"lazy\" src=\"http:\/\/museumek.eu\/wp-content\/uploads\/2021\/04\/Schwarzburger-Werkst\u00e4tten-f\u00fcr-Porzellankunst-Max-Adolf-Pfeiffer-GmbH-Kavalier-mit-Dreispitz-9-300x175.jpg\" alt=\"\" title=\"Schwarzburger Werkst\u00e4tten f\u00fcr Porzellankunst Max Adolf Pfeiffer GmbH Kavalier mit Dreispitz 9\" width=\"300\" height=\"175\" class=\"alignnone size-medium wp-image-56334\" srcset=\"http:\/\/museumek.eu\/wp-content\/uploads\/2021\/04\/Schwarzburger-Werkst\u00e4tten-f\u00fcr-Porzellankunst-Max-Adolf-Pfeiffer-GmbH-Kavalier-mit-Dreispitz-9-300x175.jpg 300w, http:\/\/museumek.eu\/wp-content\/uploads\/2021\/04\/Schwarzburger-Werkst\u00e4tten-f\u00fcr-Porzellankunst-Max-Adolf-Pfeiffer-GmbH-Kavalier-mit-Dreispitz-9-150x87.jpg 150w, http:\/\/museumek.eu\/wp-content\/uploads\/2021\/04\/Schwarzburger-Werkst\u00e4tten-f\u00fcr-Porzellankunst-Max-Adolf-Pfeiffer-GmbH-Kavalier-mit-Dreispitz-9-500x292.jpg 500w, http:\/\/museumek.eu\/wp-content\/uploads\/2021\/04\/Schwarzburger-Werkst\u00e4tten-f\u00fcr-Porzellankunst-Max-Adolf-Pfeiffer-GmbH-Kavalier-mit-Dreispitz-9.jpg 640w\" sizes=\"(max-width: 300px) 100vw, 300px\" \/><\/a><\/p>\n<p><a href=\"http:\/\/museumek.eu\/?attachment_id=56335\" rel=\"attachment wp-att-56335\"><img loading=\"lazy\" src=\"http:\/\/museumek.eu\/wp-content\/uploads\/2021\/04\/Schwarzburger-Werkst\u00e4tten-f\u00fcr-Porzellankunst-Max-Adolf-Pfeiffer-GmbH-Kavalier-mit-Dreispitz-10-185x300.jpg\" alt=\"\" title=\"Schwarzburger Werkst\u00e4tten f\u00fcr Porzellankunst Max Adolf Pfeiffer GmbH Kavalier mit Dreispitz 10\" width=\"185\" height=\"300\" class=\"alignnone size-medium wp-image-56335\" srcset=\"http:\/\/museumek.eu\/wp-content\/uploads\/2021\/04\/Schwarzburger-Werkst\u00e4tten-f\u00fcr-Porzellankunst-Max-Adolf-Pfeiffer-GmbH-Kavalier-mit-Dreispitz-10-185x300.jpg 185w, http:\/\/museumek.eu\/wp-content\/uploads\/2021\/04\/Schwarzburger-Werkst\u00e4tten-f\u00fcr-Porzellankunst-Max-Adolf-Pfeiffer-GmbH-Kavalier-mit-Dreispitz-10-92x150.jpg 92w, http:\/\/museumek.eu\/wp-content\/uploads\/2021\/04\/Schwarzburger-Werkst\u00e4tten-f\u00fcr-Porzellankunst-Max-Adolf-Pfeiffer-GmbH-Kavalier-mit-Dreispitz-10.jpg 396w\" sizes=\"(max-width: 185px) 100vw, 185px\" \/><\/a><\/p>\n<p><a href=\"http:\/\/museumek.eu\/?attachment_id=56336\" rel=\"attachment wp-att-56336\"><img loading=\"lazy\" src=\"http:\/\/museumek.eu\/wp-content\/uploads\/2021\/04\/Schwarzburger-Werkst\u00e4tten-f\u00fcr-Porzellankunst-Max-Adolf-Pfeiffer-GmbH-Kavalier-mit-Dreispitz-11-240x300.jpg\" alt=\"\" title=\"Schwarzburger Werkst\u00e4tten f\u00fcr Porzellankunst Max Adolf Pfeiffer GmbH Kavalier mit Dreispitz 11\" width=\"240\" height=\"300\" class=\"alignnone size-medium wp-image-56336\" srcset=\"http:\/\/museumek.eu\/wp-content\/uploads\/2021\/04\/Schwarzburger-Werkst\u00e4tten-f\u00fcr-Porzellankunst-Max-Adolf-Pfeiffer-GmbH-Kavalier-mit-Dreispitz-11-240x300.jpg 240w, http:\/\/museumek.eu\/wp-content\/uploads\/2021\/04\/Schwarzburger-Werkst\u00e4tten-f\u00fcr-Porzellankunst-Max-Adolf-Pfeiffer-GmbH-Kavalier-mit-Dreispitz-11-120x150.jpg 120w, http:\/\/museumek.eu\/wp-content\/uploads\/2021\/04\/Schwarzburger-Werkst\u00e4tten-f\u00fcr-Porzellankunst-Max-Adolf-Pfeiffer-GmbH-Kavalier-mit-Dreispitz-11.jpg 480w\" sizes=\"(max-width: 240px) 100vw, 240px\" \/><\/a><\/p>\n","protected":false},"excerpt":{"rendered":"<p>Abteilung Deutschland, Keramik 1860 \u2013 1960, Inventarnummer D\/CXCVI\/1 Schwarzburger Werkst\u00e4tten f\u00fcr Porzellankunst Max Adolph Pfeiffer und Nachf. Schwarzburger Werkst\u00e4tten f\u00fcr Porzellankunst Max Adolph Pfeiffer GmbH und Nachf. Schwarzburger Werkst\u00e4tten f\u00fcr Porzellankunst GmbH und Nachf. Th\u00fcringische Porzellanmanufaktur GmbH vormals Aelteste Volkstedter, &hellip; <a href=\"http:\/\/museumek.eu\/?page_id=56272\">Weiterlesen <span class=\"meta-nav\">&rarr;<\/span><\/a><\/p>\n","protected":false},"author":1,"featured_media":0,"parent":56269,"menu_order":1,"comment_status":"closed","ping_status":"open","template":"","meta":[],"_links":{"self":[{"href":"http:\/\/museumek.eu\/index.php?rest_route=\/wp\/v2\/pages\/56272"}],"collection":[{"href":"http:\/\/museumek.eu\/index.php?rest_route=\/wp\/v2\/pages"}],"about":[{"href":"http:\/\/museumek.eu\/index.php?rest_route=\/wp\/v2\/types\/page"}],"author":[{"embeddable":true,"href":"http:\/\/museumek.eu\/index.php?rest_route=\/wp\/v2\/users\/1"}],"replies":[{"embeddable":true,"href":"http:\/\/museumek.eu\/index.php?rest_route=%2Fwp%2Fv2%2Fcomments&post=56272"}],"version-history":[{"count":10,"href":"http:\/\/museumek.eu\/index.php?rest_route=\/wp\/v2\/pages\/56272\/revisions"}],"predecessor-version":[{"id":56344,"href":"http:\/\/museumek.eu\/index.php?rest_route=\/wp\/v2\/pages\/56272\/revisions\/56344"}],"up":[{"embeddable":true,"href":"http:\/\/museumek.eu\/index.php?rest_route=\/wp\/v2\/pages\/56269"}],"wp:attachment":[{"href":"http:\/\/museumek.eu\/index.php?rest_route=%2Fwp%2Fv2%2Fmedia&parent=56272"}],"curies":[{"name":"wp","href":"https:\/\/api.w.org\/{rel}","templated":true}]}}