{"id":5634,"date":"2011-10-03T17:40:38","date_gmt":"2011-10-03T15:40:38","guid":{"rendered":"http:\/\/museumek.eu\/?page_id=5634"},"modified":"2011-10-08T11:18:54","modified_gmt":"2011-10-08T09:18:54","slug":"fotos-und-beschreibung","status":"publish","type":"page","link":"http:\/\/museumek.eu\/?page_id=5634","title":{"rendered":"Fotos und Beschreibung"},"content":{"rendered":"<p><strong>Abteilung Austria\/Ungarn\/B\u00f6hmen, Keramik 1860 \u2013 1960, Inventarnummer A\/II\/1<\/strong><\/p>\n<p>Manufaktur Walter Bosse, Austria, Kufstein, 1924 &#8211; 1936, Wandrelief, K\u00fcnstler Walter Bosse, Werks.-Nr. ohne, Exemplar Nr. ohne, nicht gemarkt, nicht signiert, Literatur: Cherica Schreyer-Hartmann, Hans-Hagen und Johanna Hottenroth, Walter Bosse, Leben Kunst und Handwerk, 1904 \u2013 1979, Abbildung Seite 91 dito Wandrelief, weiblicher Pendant dazu siehe MEK A\/II\/2, H\u00f6he 13,5 cm, Breite 13,5 cm<\/p>\n<p><a href=\"http:\/\/museumek.eu\/wp-content\/uploads\/2011\/08\/Museum-Europ\u00e4ischer-Keramikkunst-Qualit\u00e4tsfotos-104.jpg\"><img loading=\"lazy\" src=\"http:\/\/museumek.eu\/wp-content\/uploads\/2011\/08\/Museum-Europ\u00e4ischer-Keramikkunst-Qualit\u00e4tsfotos-104-300x296.jpg\" alt=\"\" title=\"Museum Europ\u00e4ischer Keramikkunst Qualit\u00e4tsfotos 104\" width=\"300\" height=\"296\" class=\"alignnone size-medium wp-image-634\" srcset=\"http:\/\/museumek.eu\/wp-content\/uploads\/2011\/08\/Museum-Europ\u00e4ischer-Keramikkunst-Qualit\u00e4tsfotos-104-300x296.jpg 300w, http:\/\/museumek.eu\/wp-content\/uploads\/2011\/08\/Museum-Europ\u00e4ischer-Keramikkunst-Qualit\u00e4tsfotos-104-303x300.jpg 303w, http:\/\/museumek.eu\/wp-content\/uploads\/2011\/08\/Museum-Europ\u00e4ischer-Keramikkunst-Qualit\u00e4tsfotos-104.jpg 659w\" sizes=\"(max-width: 300px) 100vw, 300px\" \/><\/a><\/p>\n<p><a href=\"http:\/\/museumek.eu\/wp-content\/uploads\/2011\/08\/Museum-Europ\u00e4ischer-Keramikkunst-198.jpg\"><img loading=\"lazy\" src=\"http:\/\/museumek.eu\/wp-content\/uploads\/2011\/08\/Museum-Europ\u00e4ischer-Keramikkunst-198-300x294.jpg\" alt=\"\" title=\"Museum Europ\u00e4ischer Keramikkunst 198\" width=\"300\" height=\"294\" class=\"alignnone size-medium wp-image-635\" srcset=\"http:\/\/museumek.eu\/wp-content\/uploads\/2011\/08\/Museum-Europ\u00e4ischer-Keramikkunst-198-300x294.jpg 300w, http:\/\/museumek.eu\/wp-content\/uploads\/2011\/08\/Museum-Europ\u00e4ischer-Keramikkunst-198-305x300.jpg 305w, http:\/\/museumek.eu\/wp-content\/uploads\/2011\/08\/Museum-Europ\u00e4ischer-Keramikkunst-198.jpg 707w\" sizes=\"(max-width: 300px) 100vw, 300px\" \/><\/a><\/p>\n<p><strong>Abteilung Austria\/Ungarn\/B\u00f6hmen, Keramik 1860 \u2013 1960, Inventarnummer A\/II\/2<\/strong><\/p>\n<p>Manufaktur Walter Bosse, Austria, Kufstein, 1924 &#8211; 1936, Wandrelief, K\u00fcnstler Walter Bosse, Werks.-Nr. ohne, Exemplar Nr. ohne, nicht gemarkt, nicht signiert, Literatur: Cherica Schreyer-Hartmann, Hans-Hagen und Johanna Hottenroth, Walter Bosse, Leben Kunst und Handwerk, 1904 \u2013 1979, Abbildung Seite 91, m\u00e4nnliches Pendant , siehe MEK A\/I\/1, H\u00f6he 13 cm, Breite 13 cm<\/p>\n<p><a href=\"http:\/\/museumek.eu\/wp-content\/uploads\/2011\/08\/Museum-Europ\u00e4ischer-Keramikkunst-Qualit\u00e4tsfotos-106.jpg\"><img loading=\"lazy\" src=\"http:\/\/museumek.eu\/wp-content\/uploads\/2011\/08\/Museum-Europ\u00e4ischer-Keramikkunst-Qualit\u00e4tsfotos-106-300x291.jpg\" alt=\"\" title=\"Museum Europ\u00e4ischer Keramikkunst Qualit\u00e4tsfotos 106\" width=\"300\" height=\"291\" class=\"alignnone size-medium wp-image-641\" srcset=\"http:\/\/museumek.eu\/wp-content\/uploads\/2011\/08\/Museum-Europ\u00e4ischer-Keramikkunst-Qualit\u00e4tsfotos-106-300x291.jpg 300w, http:\/\/museumek.eu\/wp-content\/uploads\/2011\/08\/Museum-Europ\u00e4ischer-Keramikkunst-Qualit\u00e4tsfotos-106-308x300.jpg 308w, http:\/\/museumek.eu\/wp-content\/uploads\/2011\/08\/Museum-Europ\u00e4ischer-Keramikkunst-Qualit\u00e4tsfotos-106.jpg 672w\" sizes=\"(max-width: 300px) 100vw, 300px\" \/><\/a><\/p>\n<p><strong>Abteilung Austria\/Ungarn\/B\u00f6hmen, Keramik 1860 \u2013 1960, Inventarnummer A\/II\/10<\/strong><\/p>\n<p>Manufaktur Walter Bosse, Austria, Kufstein, 1924 &#8211; 1936, Reliefkopf, K\u00fcnstler Walter Bosse, Werks.-Nr. ohne, Exemplar Nr. ohne, nicht gemarkt, nicht signiert, Literatur: Cherica Schreyer-Hartmann, Hans-Hagen und Johanna Hottenroth, Walter Bosse, Leben Kunst und Handwerk 1904 \u2013 1979, Abbildung Seite 30 sowie Abbildung Seite 53 fast identische Reliefk\u00f6pfe, H\u00f6he 9,5 cm, Breite 8 cm, weiblicher Pendant siehe MEK A\/II\/3<\/p>\n<p><a href=\"http:\/\/museumek.eu\/wp-content\/uploads\/2011\/08\/Museum-Europ\u00e4ischer-Keramikkunst-869.jpg\"><img loading=\"lazy\" src=\"http:\/\/museumek.eu\/wp-content\/uploads\/2011\/08\/Museum-Europ\u00e4ischer-Keramikkunst-869-251x300.jpg\" alt=\"\" title=\"Museum Europ\u00e4ischer Keramikkunst 869\" width=\"251\" height=\"300\" class=\"alignnone size-medium wp-image-2359\" srcset=\"http:\/\/museumek.eu\/wp-content\/uploads\/2011\/08\/Museum-Europ\u00e4ischer-Keramikkunst-869-251x300.jpg 251w, http:\/\/museumek.eu\/wp-content\/uploads\/2011\/08\/Museum-Europ\u00e4ischer-Keramikkunst-869.jpg 477w\" sizes=\"(max-width: 251px) 100vw, 251px\" \/><\/a><\/p>\n<p><strong>Abteilung Austria\/Ungarn\/B\u00f6hmen, Keramik 1860 \u2013 1960, Inventarnummer A\/II\/3<\/strong><\/p>\n<p>Manufaktur Walter Bosse, Austria, Kufstein, 1924 &#8211; 1936, Reliefkopf, K\u00fcnstler Walter Bosse, Werks.-Nr. ohne, Exemplar Nr. ohne, nicht gemarkt, nicht signiert, Literatur: Cherica Schreyer-Hartmann, Hans-Hagen und Johanna Hottenroth, Walter Bosse, Leben Kunst und Handwerk 1904 \u2013 1979, Abbildung Seite 53 identischer Reliefkopf, H\u00f6he 9,5 cm, Breite 7 cm, m\u00e4nnlicher Pendant siehe MEK A\/II\/10<\/p>\n<p><a href=\"http:\/\/museumek.eu\/wp-content\/uploads\/2011\/08\/Museum-Europ\u00e4ischer-Keramikkunst-Qualit\u00e4tsfotos-108.jpg\"><img loading=\"lazy\" src=\"http:\/\/museumek.eu\/wp-content\/uploads\/2011\/08\/Museum-Europ\u00e4ischer-Keramikkunst-Qualit\u00e4tsfotos-108-230x300.jpg\" alt=\"\" title=\"Museum Europ\u00e4ischer Keramikkunst Qualit\u00e4tsfotos 108\" width=\"230\" height=\"300\" class=\"alignnone size-medium wp-image-645\" srcset=\"http:\/\/museumek.eu\/wp-content\/uploads\/2011\/08\/Museum-Europ\u00e4ischer-Keramikkunst-Qualit\u00e4tsfotos-108-230x300.jpg 230w, http:\/\/museumek.eu\/wp-content\/uploads\/2011\/08\/Museum-Europ\u00e4ischer-Keramikkunst-Qualit\u00e4tsfotos-108.jpg 537w\" sizes=\"(max-width: 230px) 100vw, 230px\" \/><\/a><\/p>\n<p><strong>Abteilung Austria\/Ungarn\/B\u00f6hmen, Keramik 1860 \u2013 1960, Inventarnummer A\/II\/8<\/strong><\/p>\n<p>Manufaktur Walter Bosse, Austria, Kufstein, 1924 &#8211; 1936, Reliefkopf, K\u00fcnstler Walter Bosse, Werks.-Nr. ohne, Exemplar Nr. ohne, nicht gemarkt, nicht signiert, H\u00f6he 15 cm,<br \/>\nBreite 13,5 cm, weiblicher Pendant siehe MEK A\/II\/7<\/p>\n<p><a href=\"http:\/\/museumek.eu\/wp-content\/uploads\/2011\/08\/Museum-Europ\u00e4ischer-Keramikkunst-Qualit\u00e4tsfotos-114.jpg\"><img loading=\"lazy\" src=\"http:\/\/museumek.eu\/wp-content\/uploads\/2011\/08\/Museum-Europ\u00e4ischer-Keramikkunst-Qualit\u00e4tsfotos-114-244x300.jpg\" alt=\"\" title=\"Museum Europ\u00e4ischer Keramikkunst Qualit\u00e4tsfotos 114\" width=\"244\" height=\"300\" class=\"alignnone size-medium wp-image-667\" srcset=\"http:\/\/museumek.eu\/wp-content\/uploads\/2011\/08\/Museum-Europ\u00e4ischer-Keramikkunst-Qualit\u00e4tsfotos-114-244x300.jpg 244w, http:\/\/museumek.eu\/wp-content\/uploads\/2011\/08\/Museum-Europ\u00e4ischer-Keramikkunst-Qualit\u00e4tsfotos-114.jpg 699w\" sizes=\"(max-width: 244px) 100vw, 244px\" \/><\/a><\/p>\n<p><strong>Abteilung Austria\/Ungarn\/B\u00f6hmen, Keramik 1860 \u2013 1960, Inventarnummer A\/II\/7<\/strong><\/p>\n<p>Manufaktur Walter Bosse, Austria, Kufstein, 1924 &#8211; 1936, Reliefkopf, K\u00fcnstler Walter Bosse, Werks.-Nr. ohne, Exemplar Nr. ohne, nicht gemarkt, nicht signiert,  Literatur: Cherica Schreyer-Hartmann, Hans-Hagen und Johanna Hottenroth, Walter Bosse, Leben Kunst und Handwerk1904 \u2013 1979, Abbildung Seite 53 fast identisch, H\u00f6he 14 cm, Breite 11 cm, m\u00e4nnlicher Pendant siehe MEK A\/II\/8<\/p>\n<p><a href=\"http:\/\/museumek.eu\/wp-content\/uploads\/2011\/08\/Museum-Europ\u00e4ischer-Keramikkunst-Qualit\u00e4tsfotos-113.jpg\"><img loading=\"lazy\" src=\"http:\/\/museumek.eu\/wp-content\/uploads\/2011\/08\/Museum-Europ\u00e4ischer-Keramikkunst-Qualit\u00e4tsfotos-113-221x300.jpg\" alt=\"\" title=\"Museum Europ\u00e4ischer Keramikkunst Qualit\u00e4tsfotos 113\" width=\"221\" height=\"300\" class=\"alignnone size-medium wp-image-663\" srcset=\"http:\/\/museumek.eu\/wp-content\/uploads\/2011\/08\/Museum-Europ\u00e4ischer-Keramikkunst-Qualit\u00e4tsfotos-113-221x300.jpg 221w, http:\/\/museumek.eu\/wp-content\/uploads\/2011\/08\/Museum-Europ\u00e4ischer-Keramikkunst-Qualit\u00e4tsfotos-113.jpg 629w\" sizes=\"(max-width: 221px) 100vw, 221px\" \/><\/a><\/p>\n<p><strong>Abteilung Austria\/Ungarn\/B\u00f6hmen, Keramik 1860 \u2013 1960, Inventarnummer A\/II\/4<\/strong><\/p>\n<p>Manufaktur Walter Bosse, Austria, Kufstein, 1924 &#8211; 1936, Vase, K\u00fcnstler Walter Bosse, Werks.-Nr. 1084, Exemplar Nr. ohne, nicht gemarkt, nicht signiert, Literatur: Cherica Schreyer-Hartmann, Hans-Hagen und Johanna Hottenroth, Walter Bosse, Leben Kunst und Handwerk1904 \u2013 1979, Abbildung Seite 84<br \/>\ndito Vase, H\u00f6he 15,5 cm, Breite 17 cm<\/p>\n<p><a href=\"http:\/\/museumek.eu\/wp-content\/uploads\/2011\/08\/Museum-Europ\u00e4ischer-Keramikkunst-Qualit\u00e4tsfotos-110.jpg\"><img loading=\"lazy\" src=\"http:\/\/museumek.eu\/wp-content\/uploads\/2011\/08\/Museum-Europ\u00e4ischer-Keramikkunst-Qualit\u00e4tsfotos-110-293x300.jpg\" alt=\"\" title=\"Museum Europ\u00e4ischer Keramikkunst Qualit\u00e4tsfotos 110\" width=\"293\" height=\"300\" class=\"alignnone size-medium wp-image-649\" srcset=\"http:\/\/museumek.eu\/wp-content\/uploads\/2011\/08\/Museum-Europ\u00e4ischer-Keramikkunst-Qualit\u00e4tsfotos-110-293x300.jpg 293w, http:\/\/museumek.eu\/wp-content\/uploads\/2011\/08\/Museum-Europ\u00e4ischer-Keramikkunst-Qualit\u00e4tsfotos-110.jpg 675w\" sizes=\"(max-width: 293px) 100vw, 293px\" \/><\/a><\/p>\n<p><a href=\"http:\/\/museumek.eu\/wp-content\/uploads\/2011\/08\/Museum-Europ\u00e4ischer-Keramikkunst-209.jpg\"><img loading=\"lazy\" src=\"http:\/\/museumek.eu\/wp-content\/uploads\/2011\/08\/Museum-Europ\u00e4ischer-Keramikkunst-209-300x147.jpg\" alt=\"\" title=\"Museum Europ\u00e4ischer Keramikkunst 209\" width=\"300\" height=\"147\" class=\"alignnone size-medium wp-image-650\" srcset=\"http:\/\/museumek.eu\/wp-content\/uploads\/2011\/08\/Museum-Europ\u00e4ischer-Keramikkunst-209-300x147.jpg 300w, http:\/\/museumek.eu\/wp-content\/uploads\/2011\/08\/Museum-Europ\u00e4ischer-Keramikkunst-209-500x245.jpg 500w, http:\/\/museumek.eu\/wp-content\/uploads\/2011\/08\/Museum-Europ\u00e4ischer-Keramikkunst-209.jpg 629w\" sizes=\"(max-width: 300px) 100vw, 300px\" \/><\/a><\/p>\n<p><strong>Abteilung Austria\/Ungarn\/B\u00f6hmen, Keramik 1860 \u2013 1960, Inventarnummer A\/II\/5<\/strong><\/p>\n<p>Manufaktur Walter Bosse, Austria, Kufstein, 1924 &#8211; 1936, Figur Wandersbursche mit Fisch unterm Arm, K\u00fcnstler Walter Bosse, Werks.-Nr. ohne, Exemplar Nr. ohne, nicht gemarkt, nicht signiert, H\u00f6he 19 cm, Breite 11,5 cm<\/p>\n<p><a href=\"http:\/\/museumek.eu\/wp-content\/uploads\/2011\/08\/Museum-Europ\u00e4ischer-Keramikkunst-Qualit\u00e4tsfotos-111.jpg\"><img loading=\"lazy\" src=\"http:\/\/museumek.eu\/wp-content\/uploads\/2011\/08\/Museum-Europ\u00e4ischer-Keramikkunst-Qualit\u00e4tsfotos-111-145x300.jpg\" alt=\"\" title=\"Museum Europ\u00e4ischer Keramikkunst Qualit\u00e4tsfotos 111\" width=\"145\" height=\"300\" class=\"alignnone size-medium wp-image-655\" srcset=\"http:\/\/museumek.eu\/wp-content\/uploads\/2011\/08\/Museum-Europ\u00e4ischer-Keramikkunst-Qualit\u00e4tsfotos-111-145x300.jpg 145w, http:\/\/museumek.eu\/wp-content\/uploads\/2011\/08\/Museum-Europ\u00e4ischer-Keramikkunst-Qualit\u00e4tsfotos-111.jpg 452w\" sizes=\"(max-width: 145px) 100vw, 145px\" \/><\/a><\/p>\n<p><strong>Abteilung Austria\/Ungarn\/B\u00f6hmen, Keramik 1860 \u2013 1960, Inventarnummer A\/II\/6<\/strong><\/p>\n<p>Manufaktur Walter Bosse, Austria, Kufstein, 1924 &#8211; 1936, Wandh\u00e4ngevase mit Edelweiss und Enzian, K\u00fcnstler Walter Bosse, Werks.-Nr. 1276, Exemplar Nr. ohne, nicht gemarkt, nicht signiert, Literatur: Cherica Schreyer-Hartmann, Hans-Hagen und Johanna Hottenroth, Walter Bosse, Leben Kunst und Handwerk 1904 \u2013 1979, Anhang Markenverzeichnis Marke 3, typische Bosse Stempelung mit H\u00f6hen versetzten Zahlen sowie \u00e4hnliche Vasen im Buch, H\u00f6he 11 cm, Breite 18 cm<\/p>\n<p><a href=\"http:\/\/museumek.eu\/wp-content\/uploads\/2011\/08\/Museum-Europ\u00e4ischer-Keramikkunst-Qualit\u00e4tsfotos-112.jpg\"><img loading=\"lazy\" src=\"http:\/\/museumek.eu\/wp-content\/uploads\/2011\/08\/Museum-Europ\u00e4ischer-Keramikkunst-Qualit\u00e4tsfotos-112-300x217.jpg\" alt=\"\" title=\"Museum Europ\u00e4ischer Keramikkunst Qualit\u00e4tsfotos 112\" width=\"300\" height=\"217\" class=\"alignnone size-medium wp-image-659\" srcset=\"http:\/\/museumek.eu\/wp-content\/uploads\/2011\/08\/Museum-Europ\u00e4ischer-Keramikkunst-Qualit\u00e4tsfotos-112-300x217.jpg 300w, http:\/\/museumek.eu\/wp-content\/uploads\/2011\/08\/Museum-Europ\u00e4ischer-Keramikkunst-Qualit\u00e4tsfotos-112-413x300.jpg 413w, http:\/\/museumek.eu\/wp-content\/uploads\/2011\/08\/Museum-Europ\u00e4ischer-Keramikkunst-Qualit\u00e4tsfotos-112.jpg 781w\" sizes=\"(max-width: 300px) 100vw, 300px\" \/><\/a><\/p>\n<p><a href=\"http:\/\/museumek.eu\/wp-content\/uploads\/2011\/08\/Museum-Europ\u00e4ischer-Keramikkunst-204.jpg\"><img loading=\"lazy\" src=\"http:\/\/museumek.eu\/wp-content\/uploads\/2011\/08\/Museum-Europ\u00e4ischer-Keramikkunst-204-300x283.jpg\" alt=\"\" title=\"Museum Europ\u00e4ischer Keramikkunst 204\" width=\"300\" height=\"283\" class=\"alignnone size-medium wp-image-660\" srcset=\"http:\/\/museumek.eu\/wp-content\/uploads\/2011\/08\/Museum-Europ\u00e4ischer-Keramikkunst-204-300x283.jpg 300w, http:\/\/museumek.eu\/wp-content\/uploads\/2011\/08\/Museum-Europ\u00e4ischer-Keramikkunst-204-317x300.jpg 317w, http:\/\/museumek.eu\/wp-content\/uploads\/2011\/08\/Museum-Europ\u00e4ischer-Keramikkunst-204.jpg 527w\" sizes=\"(max-width: 300px) 100vw, 300px\" \/><\/a><\/p>\n<p><strong>Abteilung Austria\/Ungarn\/B\u00f6hmen, Keramik 1860 \u2013 1960, Inventarnummer A\/II\/9<\/strong><\/p>\n<p>Manufaktur Walter Bosse, Austria, Kufstein, 1924 &#8211; 1936, Vase, K\u00fcnstler Walter Bosse, Werks.-Nr. ohne, Exemplar Nr. ohne, gemarkt Bosse Austria Farbstempel, nicht signiert, Literatur: Cherica Schreyer-Hartmann, Hans-Hagen und Johanna Hottenroth, Walter Bosse, Leben Kunst und Handwerk 1904 \u2013 1979, Abbildung Seite nach 157, Markentafel Gummistempel Bosse Austria identisch, H\u00f6he 8,7 cm, Breite 7,7 cm<\/p>\n<p><a href=\"http:\/\/museumek.eu\/wp-content\/uploads\/2011\/08\/Museum-Europ\u00e4ischer-Keramikkunst-Qualit\u00e4tsfotos-1162.jpg\"><img loading=\"lazy\" src=\"http:\/\/museumek.eu\/wp-content\/uploads\/2011\/08\/Museum-Europ\u00e4ischer-Keramikkunst-Qualit\u00e4tsfotos-1162-278x300.jpg\" alt=\"\" title=\"Museum Europ\u00e4ischer Keramikkunst Qualit\u00e4tsfotos 116\" width=\"278\" height=\"300\" class=\"alignnone size-medium wp-image-672\" srcset=\"http:\/\/museumek.eu\/wp-content\/uploads\/2011\/08\/Museum-Europ\u00e4ischer-Keramikkunst-Qualit\u00e4tsfotos-1162-278x300.jpg 278w, http:\/\/museumek.eu\/wp-content\/uploads\/2011\/08\/Museum-Europ\u00e4ischer-Keramikkunst-Qualit\u00e4tsfotos-1162.jpg 625w\" sizes=\"(max-width: 278px) 100vw, 278px\" \/><\/a><\/p>\n<p><a href=\"http:\/\/museumek.eu\/wp-content\/uploads\/2011\/08\/Museum-Europ\u00e4ischer-Keramikkunst-680.jpg\"><img loading=\"lazy\" src=\"http:\/\/museumek.eu\/wp-content\/uploads\/2011\/08\/Museum-Europ\u00e4ischer-Keramikkunst-680-300x184.jpg\" alt=\"\" title=\"Museum Europ\u00e4ischer Keramikkunst 680\" width=\"300\" height=\"184\" class=\"alignnone size-medium wp-image-673\" srcset=\"http:\/\/museumek.eu\/wp-content\/uploads\/2011\/08\/Museum-Europ\u00e4ischer-Keramikkunst-680-300x184.jpg 300w, http:\/\/museumek.eu\/wp-content\/uploads\/2011\/08\/Museum-Europ\u00e4ischer-Keramikkunst-680-486x300.jpg 486w, http:\/\/museumek.eu\/wp-content\/uploads\/2011\/08\/Museum-Europ\u00e4ischer-Keramikkunst-680.jpg 506w\" sizes=\"(max-width: 300px) 100vw, 300px\" \/><\/a><\/p>\n<p><strong>Abteilung Austria\/Ungarn\/B\u00f6hmen, Keramik 1860 \u2013 1960, Inventarnummer A\/II\/11<\/strong><\/p>\n<p>Manufaktur Walter Bosse, Austria, Kufstein, 1924 &#8211; 1936, Wandbild, K\u00fcnstler Walter Bosse, Werks.-Nr. 18 (0) ?, Exemplar Nr. ohne, gemarkt Bosse Austria sowie 18 (0) Farbstempel, nicht signiert, Literatur: Cherica Schreyer-Hartmann, Hans-Hagen und Johanna Hottenroth, Walter Bosse, Leben Kunst und Handwerk 1904 \u2013 1979, Abbildung Seite nach 157, Markentafel Gummistempel Bosse Austria identisch,<br \/>\nH\u00f6he 22,6 cm, Breite 14,4 cm<\/p>\n<p><a href=\"http:\/\/museumek.eu\/wp-content\/uploads\/2011\/10\/Museum-Europ\u00e4ischer-Keramikkunst-1187.jpg\"><img loading=\"lazy\" src=\"http:\/\/museumek.eu\/wp-content\/uploads\/2011\/10\/Museum-Europ\u00e4ischer-Keramikkunst-1187-197x300.jpg\" alt=\"\" title=\"Museum Europ\u00e4ischer Keramikkunst 1187\" width=\"197\" height=\"300\" class=\"alignnone size-medium wp-image-5928\" srcset=\"http:\/\/museumek.eu\/wp-content\/uploads\/2011\/10\/Museum-Europ\u00e4ischer-Keramikkunst-1187-197x300.jpg 197w, http:\/\/museumek.eu\/wp-content\/uploads\/2011\/10\/Museum-Europ\u00e4ischer-Keramikkunst-1187.jpg 551w\" sizes=\"(max-width: 197px) 100vw, 197px\" \/><\/a><\/p>\n<p><a href=\"http:\/\/museumek.eu\/wp-content\/uploads\/2011\/10\/Museum-Europ\u00e4ischer-Keramikkunst-1191.jpg\"><img loading=\"lazy\" src=\"http:\/\/museumek.eu\/wp-content\/uploads\/2011\/10\/Museum-Europ\u00e4ischer-Keramikkunst-1191-252x300.jpg\" alt=\"\" title=\"Museum Europ\u00e4ischer Keramikkunst 1191\" width=\"252\" height=\"300\" class=\"alignnone size-medium wp-image-5929\" srcset=\"http:\/\/museumek.eu\/wp-content\/uploads\/2011\/10\/Museum-Europ\u00e4ischer-Keramikkunst-1191-252x300.jpg 252w, http:\/\/museumek.eu\/wp-content\/uploads\/2011\/10\/Museum-Europ\u00e4ischer-Keramikkunst-1191.jpg 291w\" sizes=\"(max-width: 252px) 100vw, 252px\" \/><\/a><\/p>\n","protected":false},"excerpt":{"rendered":"<p>Abteilung Austria\/Ungarn\/B\u00f6hmen, Keramik 1860 \u2013 1960, Inventarnummer A\/II\/1 Manufaktur Walter Bosse, Austria, Kufstein, 1924 &#8211; 1936, Wandrelief, K\u00fcnstler Walter Bosse, Werks.-Nr. ohne, Exemplar Nr. ohne, nicht gemarkt, nicht signiert, Literatur: Cherica Schreyer-Hartmann, Hans-Hagen und Johanna Hottenroth, Walter Bosse, Leben Kunst &hellip; <a href=\"http:\/\/museumek.eu\/?page_id=5634\">Weiterlesen <span class=\"meta-nav\">&rarr;<\/span><\/a><\/p>\n","protected":false},"author":1,"featured_media":0,"parent":2929,"menu_order":0,"comment_status":"closed","ping_status":"closed","template":"","meta":[],"_links":{"self":[{"href":"http:\/\/museumek.eu\/index.php?rest_route=\/wp\/v2\/pages\/5634"}],"collection":[{"href":"http:\/\/museumek.eu\/index.php?rest_route=\/wp\/v2\/pages"}],"about":[{"href":"http:\/\/museumek.eu\/index.php?rest_route=\/wp\/v2\/types\/page"}],"author":[{"embeddable":true,"href":"http:\/\/museumek.eu\/index.php?rest_route=\/wp\/v2\/users\/1"}],"replies":[{"embeddable":true,"href":"http:\/\/museumek.eu\/index.php?rest_route=%2Fwp%2Fv2%2Fcomments&post=5634"}],"version-history":[{"count":4,"href":"http:\/\/museumek.eu\/index.php?rest_route=\/wp\/v2\/pages\/5634\/revisions"}],"predecessor-version":[{"id":59560,"href":"http:\/\/museumek.eu\/index.php?rest_route=\/wp\/v2\/pages\/5634\/revisions\/59560"}],"up":[{"embeddable":true,"href":"http:\/\/museumek.eu\/index.php?rest_route=\/wp\/v2\/pages\/2929"}],"wp:attachment":[{"href":"http:\/\/museumek.eu\/index.php?rest_route=%2Fwp%2Fv2%2Fmedia&parent=5634"}],"curies":[{"name":"wp","href":"https:\/\/api.w.org\/{rel}","templated":true}]}}