{"id":56406,"date":"2021-05-02T18:49:47","date_gmt":"2021-05-02T16:49:47","guid":{"rendered":"http:\/\/museumek.eu\/?page_id=56406"},"modified":"2021-05-02T18:49:47","modified_gmt":"2021-05-02T16:49:47","slug":"dxxxii7","status":"publish","type":"page","link":"http:\/\/museumek.eu\/?page_id=56406","title":{"rendered":"D\/XXXII\/7"},"content":{"rendered":"<p><strong>Abteilung Deutschland, Keramik 1860 \u2013 1960, Inventarnummer D\/XXXII\/7<\/strong><\/p>\n<p>Steingutfabriken Velten-Vordamm GmbH in Vordamm (Firmierung so ab 1913), vormals Steingutfarbik Vordamm GmbH, vormals M\u00e4rkische Steingutfabrik GmbH, vormals Neum\u00e4rkische Steingutfabrik, vormals Steingutfabrik A. Franke, vormals Steingutfabrik Mendheim &#038; Co., vormals Steingutfabrik Mendheim &#038; Eisenecker und Steingutfabriken Velten-Vordamm GmbH in Velten, Deutschland, Vordamm (Fabrik in Vordamm), um 1927, Vase, K\u00fcnstler unbekannt, Werks.-Nr. ohne, Exemplar Nr. ohne, gemarkt Firmenmarke St, darunter V (f\u00fcr Vordamm), darunter ein nach oben offener Halbkreis sowie A\/0 gr\u00fcn unter Glasur gemalt, nicht signiert, Literatur: Gisela Reineking von Bock, Meister der deutschen Keramik 1900 bis 1950, Seite 287 ff., Beschreibung der Fabrik, die Fabrik wurde 1837 von den beiden Kaufleuten Eduard (? evtl. auch Georg) Mendheim und Eisenecker in Vordamm bei Driesen (heute Nowe Drezdenko, Polen) gegr\u00fcndet, Firmierung wohl Steingutfabrik Mendheim &#038; Eisenecker, um 1850 bis ca. 1866 ist Mendheim Alleineigent\u00fcmer der Fabrik, Firmierung ab da Steingutfabrik Mendheim &#038; Co., es ist nicht bekannt, wer der Eigent\u00fcmer in den Jahren 1866-1880 war, 1880 wird das Unternehmen von H. Hartung gef\u00fchrt, dazu ist aber nichts weiter bekannt, 1884 wird der Berliner Bankier A. Franke neuer Eigent\u00fcmer, Firmierung Steingutfabrik A. Franke, von 1897 bis 1902 ist A. Frankes Neffe Wilhelm Wolff Freiherr von Gudenberg Inhaber und firmiert Neum\u00e4rkische Steingutfabrik und ab 1900 M\u00e4rkische Steingutfabrik GmbH, ab 1902 ist Dr. Hermann Harkort (geb. 1881 in Hagen, gest.1930, wohl in Velten) Gesellschafter, Gesch\u00e4ftsf\u00fchrer und technischer Direktor, weiterer Gesellschafter ist Karl Ernst Osthaus aus Hagen, Firmierung Steingutfabrik Vordamm GmbH, ab 1908 ist Harkort Alleininhaber, die Firmierung bleibt, 1913 baut Harkort in Velten eine weitere Fabrik (oft als Schwesterfabrik bezeichnet), Firmierung ab da Steingutfabriken Velten-Vordamm GmbH (gilt f\u00fcr beide Fabriken), in der Veltener Fabrik wurden vorwiegend Hand gemalte Fayencen und in der Vordammer Fabrik vorwiegend Gebrauchsgeschirre und Kunstkeramiken hergestellt, k\u00fcnstlerische Mitarbeiter der Fabrik sind u. a. Walter Stock, Gerhard Marcks, Ursula Fesca, Gustav Partz, Importbeschr\u00e4nkungen f\u00fchrten den Betrieb 1931 in den Ruin, H\u00f6he 15 cm, Breite 15 cm<\/p>\n<p><a href=\"http:\/\/museumek.eu\/?attachment_id=56371\" rel=\"attachment wp-att-56371\"><img loading=\"lazy\" src=\"http:\/\/museumek.eu\/wp-content\/uploads\/2012\/01\/Velten-Vordamm-Vase-1-270x300.jpg\" alt=\"\" title=\"Velten Vordamm Vase 1\" width=\"270\" height=\"300\" class=\"alignnone size-medium wp-image-56371\" srcset=\"http:\/\/museumek.eu\/wp-content\/uploads\/2012\/01\/Velten-Vordamm-Vase-1-270x300.jpg 270w, http:\/\/museumek.eu\/wp-content\/uploads\/2012\/01\/Velten-Vordamm-Vase-1-135x150.jpg 135w, http:\/\/museumek.eu\/wp-content\/uploads\/2012\/01\/Velten-Vordamm-Vase-1.jpg 480w\" sizes=\"(max-width: 270px) 100vw, 270px\" \/><\/a><\/p>\n<p><a href=\"http:\/\/museumek.eu\/?attachment_id=56372\" rel=\"attachment wp-att-56372\"><img loading=\"lazy\" src=\"http:\/\/museumek.eu\/wp-content\/uploads\/2012\/01\/Velten-Vordamm-Vase-2-300x296.jpg\" alt=\"\" title=\"Velten Vordamm Vase 2\" width=\"300\" height=\"296\" class=\"alignnone size-medium wp-image-56372\" srcset=\"http:\/\/museumek.eu\/wp-content\/uploads\/2012\/01\/Velten-Vordamm-Vase-2-300x296.jpg 300w, http:\/\/museumek.eu\/wp-content\/uploads\/2012\/01\/Velten-Vordamm-Vase-2-150x148.jpg 150w, http:\/\/museumek.eu\/wp-content\/uploads\/2012\/01\/Velten-Vordamm-Vase-2-303x300.jpg 303w, http:\/\/museumek.eu\/wp-content\/uploads\/2012\/01\/Velten-Vordamm-Vase-2.jpg 485w\" sizes=\"(max-width: 300px) 100vw, 300px\" \/><\/a><\/p>\n<p><a href=\"http:\/\/museumek.eu\/?attachment_id=56373\" rel=\"attachment wp-att-56373\"><img loading=\"lazy\" src=\"http:\/\/museumek.eu\/wp-content\/uploads\/2012\/01\/Velten-Vordamm-Vase-3-182x300.jpg\" alt=\"\" title=\"Velten Vordamm Vase 3\" width=\"182\" height=\"300\" class=\"alignnone size-medium wp-image-56373\" srcset=\"http:\/\/museumek.eu\/wp-content\/uploads\/2012\/01\/Velten-Vordamm-Vase-3-182x300.jpg 182w, http:\/\/museumek.eu\/wp-content\/uploads\/2012\/01\/Velten-Vordamm-Vase-3-91x150.jpg 91w, http:\/\/museumek.eu\/wp-content\/uploads\/2012\/01\/Velten-Vordamm-Vase-3.jpg 389w\" sizes=\"(max-width: 182px) 100vw, 182px\" \/><\/a><\/p>\n","protected":false},"excerpt":{"rendered":"<p>Abteilung Deutschland, Keramik 1860 \u2013 1960, Inventarnummer D\/XXXII\/7 Steingutfabriken Velten-Vordamm GmbH in Vordamm (Firmierung so ab 1913), vormals Steingutfarbik Vordamm GmbH, vormals M\u00e4rkische Steingutfabrik GmbH, vormals Neum\u00e4rkische Steingutfabrik, vormals Steingutfabrik A. Franke, vormals Steingutfabrik Mendheim &#038; Co., vormals Steingutfabrik Mendheim &hellip; <a href=\"http:\/\/museumek.eu\/?page_id=56406\">Weiterlesen <span class=\"meta-nav\">&rarr;<\/span><\/a><\/p>\n","protected":false},"author":1,"featured_media":0,"parent":8096,"menu_order":7,"comment_status":"closed","ping_status":"open","template":"","meta":[],"_links":{"self":[{"href":"http:\/\/museumek.eu\/index.php?rest_route=\/wp\/v2\/pages\/56406"}],"collection":[{"href":"http:\/\/museumek.eu\/index.php?rest_route=\/wp\/v2\/pages"}],"about":[{"href":"http:\/\/museumek.eu\/index.php?rest_route=\/wp\/v2\/types\/page"}],"author":[{"embeddable":true,"href":"http:\/\/museumek.eu\/index.php?rest_route=\/wp\/v2\/users\/1"}],"replies":[{"embeddable":true,"href":"http:\/\/museumek.eu\/index.php?rest_route=%2Fwp%2Fv2%2Fcomments&post=56406"}],"version-history":[{"count":2,"href":"http:\/\/museumek.eu\/index.php?rest_route=\/wp\/v2\/pages\/56406\/revisions"}],"predecessor-version":[{"id":56408,"href":"http:\/\/museumek.eu\/index.php?rest_route=\/wp\/v2\/pages\/56406\/revisions\/56408"}],"up":[{"embeddable":true,"href":"http:\/\/museumek.eu\/index.php?rest_route=\/wp\/v2\/pages\/8096"}],"wp:attachment":[{"href":"http:\/\/museumek.eu\/index.php?rest_route=%2Fwp%2Fv2%2Fmedia&parent=56406"}],"curies":[{"name":"wp","href":"https:\/\/api.w.org\/{rel}","templated":true}]}}