{"id":5649,"date":"2011-10-03T17:43:50","date_gmt":"2011-10-03T15:43:50","guid":{"rendered":"http:\/\/museumek.eu\/?page_id=5649"},"modified":"2013-03-31T14:22:28","modified_gmt":"2013-03-31T12:22:28","slug":"fotos-und-beschreibung","status":"publish","type":"page","link":"http:\/\/museumek.eu\/?page_id=5649","title":{"rendered":"Fotos und Beschreibung"},"content":{"rendered":"<p><strong>Abteilung Austria\/Ungarn\/B\u00f6hmen, Keramik 1860 \u2013 1960, Inventarnummer A\/XXI\/1<\/strong><\/p>\n<p>Manufaktur Wiener Kunstkeramische Werkst\u00e4tte Busch &#038; Ludescher, Austria, Wien, um 1912, Figur Bulldogge, K\u00fcnstler Gertrude Dengg (attr), Werksnummer 1494, Exemplar Nr. 5, gemarkt Wiener Kunstkeramische Werkst\u00e4tte Busch &#038; Ludescher, Werkst\u00e4ttenmarke gepresst, Austria gepresst, signiert Dengg, schwer lesbar, Literatur: Waltraud Neuwirth, Wiener Keramik, Seite 487, Marke 301 identisch sowie Waltraud Neuwirth, \u00d6sterreichische Keramik des Jugendstils, Seite 242, dort eine Figur (Bulldogge) von Gertrude Dengg nachgewiesen, weitere Literatur: Brigitte Reuter, Museum f\u00fcr Kunst und Gewerbe, Die Jugendstilsammlung, Band 4: K\u00fcnstler S \u2013 Z, Seite 432, Beschreibung der Manufaktur sowie Seite 433, Abbildung 2375 identische Marke, H\u00f6he 10 cm, Breite 16,5 cm<\/p>\n<p><a href=\"http:\/\/museumek.eu\/wp-content\/uploads\/2011\/08\/Museum-Europ\u00e4ischer-Keramikkunst-Qualit\u00e4tsfotos-257.jpg\"><img loading=\"lazy\" src=\"http:\/\/museumek.eu\/wp-content\/uploads\/2011\/08\/Museum-Europ\u00e4ischer-Keramikkunst-Qualit\u00e4tsfotos-257-300x267.jpg\" alt=\"\" title=\"Museum Europ\u00e4ischer Keramikkunst Qualit\u00e4tsfotos 257\" width=\"300\" height=\"267\" class=\"alignnone size-medium wp-image-1373\" srcset=\"http:\/\/museumek.eu\/wp-content\/uploads\/2011\/08\/Museum-Europ\u00e4ischer-Keramikkunst-Qualit\u00e4tsfotos-257-300x267.jpg 300w, http:\/\/museumek.eu\/wp-content\/uploads\/2011\/08\/Museum-Europ\u00e4ischer-Keramikkunst-Qualit\u00e4tsfotos-257-336x300.jpg 336w, http:\/\/museumek.eu\/wp-content\/uploads\/2011\/08\/Museum-Europ\u00e4ischer-Keramikkunst-Qualit\u00e4tsfotos-257.jpg 714w\" sizes=\"(max-width: 300px) 100vw, 300px\" \/><\/a><\/p>\n<p><a href=\"http:\/\/museumek.eu\/wp-content\/uploads\/2011\/08\/Bulldogge.jpg\"><img loading=\"lazy\" src=\"http:\/\/museumek.eu\/wp-content\/uploads\/2011\/08\/Bulldogge.jpg\" alt=\"\" title=\"Bulldogge\" width=\"262\" height=\"180\" class=\"alignnone size-full wp-image-1374\" \/><\/a><\/p>\n<p><a href=\"http:\/\/museumek.eu\/wp-content\/uploads\/2011\/08\/Bulldogge-1.jpg\"><img loading=\"lazy\" src=\"http:\/\/museumek.eu\/wp-content\/uploads\/2011\/08\/Bulldogge-1.jpg\" alt=\"\" title=\"Bulldogge 1\" width=\"152\" height=\"180\" class=\"alignnone size-full wp-image-1375\" \/><\/a><\/p>\n<p><a href=\"http:\/\/museumek.eu\/wp-content\/uploads\/2011\/08\/Bulldogge-2.jpg\"><img loading=\"lazy\" src=\"http:\/\/museumek.eu\/wp-content\/uploads\/2011\/08\/Bulldogge-2.jpg\" alt=\"\" title=\"Bulldogge 2\" width=\"143\" height=\"126\" class=\"alignnone size-full wp-image-1376\" \/><\/a><\/p>\n<p><a href=\"http:\/\/museumek.eu\/wp-content\/uploads\/2011\/08\/Bulldogge-3.jpg\"><img loading=\"lazy\" src=\"http:\/\/museumek.eu\/wp-content\/uploads\/2011\/08\/Bulldogge-3.jpg\" alt=\"\" title=\"Bulldogge 3\" width=\"188\" height=\"60\" class=\"alignnone size-full wp-image-1377\" \/><\/a><\/p>\n","protected":false},"excerpt":{"rendered":"<p>Abteilung Austria\/Ungarn\/B\u00f6hmen, Keramik 1860 \u2013 1960, Inventarnummer A\/XXI\/1 Manufaktur Wiener Kunstkeramische Werkst\u00e4tte Busch &#038; Ludescher, Austria, Wien, um 1912, Figur Bulldogge, K\u00fcnstler Gertrude Dengg (attr), Werksnummer 1494, Exemplar Nr. 5, gemarkt Wiener Kunstkeramische Werkst\u00e4tte Busch &#038; Ludescher, Werkst\u00e4ttenmarke gepresst, Austria &hellip; <a href=\"http:\/\/museumek.eu\/?page_id=5649\">Weiterlesen <span class=\"meta-nav\">&rarr;<\/span><\/a><\/p>\n","protected":false},"author":1,"featured_media":0,"parent":2944,"menu_order":0,"comment_status":"closed","ping_status":"closed","template":"","meta":[],"_links":{"self":[{"href":"http:\/\/museumek.eu\/index.php?rest_route=\/wp\/v2\/pages\/5649"}],"collection":[{"href":"http:\/\/museumek.eu\/index.php?rest_route=\/wp\/v2\/pages"}],"about":[{"href":"http:\/\/museumek.eu\/index.php?rest_route=\/wp\/v2\/types\/page"}],"author":[{"embeddable":true,"href":"http:\/\/museumek.eu\/index.php?rest_route=\/wp\/v2\/users\/1"}],"replies":[{"embeddable":true,"href":"http:\/\/museumek.eu\/index.php?rest_route=%2Fwp%2Fv2%2Fcomments&post=5649"}],"version-history":[{"count":4,"href":"http:\/\/museumek.eu\/index.php?rest_route=\/wp\/v2\/pages\/5649\/revisions"}],"predecessor-version":[{"id":19199,"href":"http:\/\/museumek.eu\/index.php?rest_route=\/wp\/v2\/pages\/5649\/revisions\/19199"}],"up":[{"embeddable":true,"href":"http:\/\/museumek.eu\/index.php?rest_route=\/wp\/v2\/pages\/2944"}],"wp:attachment":[{"href":"http:\/\/museumek.eu\/index.php?rest_route=%2Fwp%2Fv2%2Fmedia&parent=5649"}],"curies":[{"name":"wp","href":"https:\/\/api.w.org\/{rel}","templated":true}]}}