{"id":56764,"date":"2021-05-09T18:27:23","date_gmt":"2021-05-09T16:27:23","guid":{"rendered":"http:\/\/museumek.eu\/?page_id=56764"},"modified":"2021-05-10T15:25:26","modified_gmt":"2021-05-10T13:25:26","slug":"kurzbiografie-und-inventar-zum-kunstler","status":"publish","type":"page","link":"http:\/\/museumek.eu\/?page_id=56764","title":{"rendered":"Kurzbiografie und Inventar zum K\u00fcnstler"},"content":{"rendered":"<p>Otto Lindig wurde am 4. Januar 1895 in P\u00f6\u00dfneck geboren. Er starb am 4. Juli 1966 in Wiesbaden. Lindig war ein deutscher Keramiker und Bildhauer. Lindig besuchte von 1909 bis 1911 die Zeichen- und Modellierschule in Lichte (Th\u00fcringen) und machte anschlie\u00dfend eine Lehre im Atelier Bechstein in Ilmenau. 1913 trat er in die Keramik- und Modellierklasse der Gro\u00dfherzoglichen Kunstgewerbeschule Weimar unter Henry van de Velde ein. Ab 1915 bis 1918 studierte er Bildhauerei an der staatlichen Akademie Weimar unter Richard Engelmann. 1919 erhielt er ein Meisteratelier an der Kunstgewerbeschule. 1920 wurde durch das Staatliche Bauhaus Weimar im herzoglichen Marstall des Rokokoschlosses in Dornburg\/Saale eine seit 1802 im Familienbetrieb bestehende T\u00f6pferwerkstatt (Krehan) \u00fcbernommen, die der Arbeitsplatz von Gerhard Marcks, Max Krehan, Otto Lindig, Marguerite Friedlaender und Theodor Bogler werden sollte. 1920 wurde Lindig dort Lehrling der Keramikabteilung und machte 1922 die Gesellenpr\u00fcfung. Er \u00fcbernahm zusammen mit seinem Schwager Theodor Bogler als Geselle die technische Leitung der Bauhaust\u00f6pferei. Es war die einzige existierende Bauhauswerkstatt au\u00dferhalb Weimars. Doch waren die M\u00f6glichkeiten zur seriellen Produktion f\u00fcr Lindig und die anderen K\u00fcnstler sehr beschr\u00e4nkt. Er stellte Entw\u00fcrfe her, nach denen nach 1925 in der Keramikwerkstatt Kaffee-, Teegeschirre und Schalen, ferner Vasen und Kr\u00fcge produziert wurden. Die f\u00fcr ihn typische, bestechend einfache Gestaltung fand gro\u00dfen Anklang, f\u00fcr eine Vase erhielt er 1937 den Grand Prix der Pariser Weltausstellung. 1926 machte er in Dornburg die Meisterpr\u00fcfung. 1930 beendeten die Nationalsozialisten die T\u00e4tigkeit des Bauhauses Dornburg. Lindig f\u00fchrte die Werkstatt als privater P\u00e4chter fort. Er konnte seine moderne Formgebung auch unter den neuen Machthabern ungehindert fortsetzen. Die Werkstatt blieb jedoch unrentabel, er konnte weder die Pacht noch andere Zahlungen auch nur ann\u00e4hernd begleichen. Im letzten Kriegsjahr wurde er zur Wehrmacht eingezogen, nach der Kriegsgefangenschaft gab er am 31. M\u00e4rz 1946 die Dornburger Werkstatt endg\u00fcltig auf. 1947 folgte er auf Vermittlung seiner ehemaligen Dornburger Assistentin Liebfriede Bernstiel dem Ruf seines ehemaligen Lehrers Gerhard Marcks an die Landeskunstschule Hamburg (sp\u00e4ter Hochschule f\u00fcr bildende K\u00fcnste). 1947 bis 1960 war er dort Leiter der Keramikabteilung. Zeitweilig lebte und arbeitete er mit seiner Lebensgef\u00e4hrtin Liebfriede Bernstiel in Hamburg, 1952 wurde die gemeinsame Tochter Christiane geboren. <\/p>\n<p><strong>Abteilung Deutschland, Keramik 1860 \u2013 1960, Inventarnummer D\/II\/14<\/strong><\/p>\n<p>Gro\u00dfherzogliche Majolika-Manufaktur und Nachf. Gro\u00dfherzogliche Majolika-Manufaktur Kunstkeramische Werkst\u00e4tten und Nachf. Gro\u00dfherzogliche Majolika-Manufaktur Karlsruhe Kunstkeramische Werkst\u00e4tten GmbH und Nachf. Gro\u00dfherzogliche Majolika-Manufaktur AG und Nachf. Staatliche Majolika-Manufaktur AG, Deutschland, Karlsruhe, um 1935, Teetasse mit Untertasse, dazu Teller, K\u00fcnstler Otto Lindig, Werks.-Nr. 4006, Exemplar Nr. ohne, gemarkt Firmenmarke Krone des Gro\u00dfherzogs, darunter das badische Wappenschild, darunter zwei miteinander verbundene M (f\u00fcr Majolika-Manufaktur), darunter Karlsruhe (seit den 1920&#8242; Jahren, wurde die Zusatzbezeichnung Karlsruhe mit verwendet) mitgegossen und 4006 mitgegossen sowie 1 schwarz auf Glasur gemalt, Untertasse 6 Schwarz auf Glasur gemalt, Teller 7 schwarz auf Glasur gemalt, nicht signiert, Literatur: Monika Bachmayer und Peter Schmitt, Karlsruher Majolika 1901 bis 2001, Seite 115, Werksverzeichnis, dort 4006 aufgef\u00fchrt, dort mit Teetasse m. Untertasse bezeichnet, dort Lindig zugeordnet, dort Jahresangabe 1930 &#8211; 1962 sowie Seite 231, Marke Nr. 8 identisch, die Anf\u00e4nge der Manufaktur gehen zur\u00fcck bis auf das Engagement von Hans Thoma um 1895, der dann auch die Firmenmarke entwarf und die Gr\u00fcndung des Ceramischen Atelier Kronberg im Taunus durch Wilhelm S\u00fc\u00df und Karl Vogel um 1900, welches 1901 nach Karlsruhe umzog und damit den Grundstein legte, f\u00fcr die Gro\u00dfherzogliche Manufaktur, deren Bau durch Herzog Friedrich I. 1901 bewilligt und vollzogen wurde, bereits Ende 1901 begann die Manufaktur mit der Produktion, Firmierung Gro\u00dfherzogliche Majolika-Manufaktur, Wilhelm S\u00fc\u00df wurde Direktor und C. F. Otto M\u00fcller in Karlsruhe, \u00fcbernahm den Vertrieb bis 1907 als Generalverteter, 1909 wurde die Manufaktur in einen Neubau auf den herzoglichen Grund im Hardtwald verlegt, zur gleichen Zeit wurden zum Namen der Manufaktur die beiden Worte: Kunstkeramische Werkst\u00e4tten hinzugef\u00fcgt, Firmierung nun Gro\u00dfherzogliche Majolika-Manufaktur Kunstkeramische Werkst\u00e4tten, 1912 wurde die Manufaktur ins Handelsregister eingetragen, am 01. Juli 1919 wurde die Manufaktur an den als Direktor der Manufaktur t\u00e4tigen August Fricke und die beiden Industriellen Hans Duensing und Max Bicheroux verpachtet, am 25. M\u00e4rz 1919 ging die Manufaktur in den Besitz des Badischen Staates \u00fcber, am 01. Januar 1921 wurde die Manufaktur GmbH, Firmierung Gro\u00dfherzogliche Majolika-Manufaktur Karlsruhe Kunstkeramische Werkst\u00e4tten GmbH, am 31. Mai 1922 wurde die Manufaktur AG, Firmierung Gro\u00dfherzogliche Majolika-Manufaktur AG, ungef\u00e4hr zur gleichen Zeit wurden Kunstateliers f\u00fcr Max Laeuger, Ludwig K\u00f6nig und Paul Speck eingerichtet, 1923 wurde eine Abteilung f\u00fcr kirchliche Kunst eingerichtet, 1927 \u00e4nderte sich die Firmierung in Staatliche Majolika-Manufaktur AG, die Manufaktur arbeitet in geringem Ausma\u00df noch heute, H\u00f6he Tasse 5 cm, Breite 13 cm, Durchmesser Untertasse 16,3 cm, Durchmesser Teller 19,4 cm<\/p>\n<p><a href=\"http:\/\/museumek.eu\/?attachment_id=56671\" rel=\"attachment wp-att-56671\"><img loading=\"lazy\" src=\"http:\/\/museumek.eu\/wp-content\/uploads\/2011\/09\/Karlsruher-Majolika-Gedeck-Otto-Lindig-1-300x181.jpg\" alt=\"\" title=\"Karlsruher Majolika Gedeck Otto Lindig 1\" width=\"300\" height=\"181\" class=\"alignnone size-medium wp-image-56671\" srcset=\"http:\/\/museumek.eu\/wp-content\/uploads\/2011\/09\/Karlsruher-Majolika-Gedeck-Otto-Lindig-1-300x181.jpg 300w, http:\/\/museumek.eu\/wp-content\/uploads\/2011\/09\/Karlsruher-Majolika-Gedeck-Otto-Lindig-1-150x90.jpg 150w, http:\/\/museumek.eu\/wp-content\/uploads\/2011\/09\/Karlsruher-Majolika-Gedeck-Otto-Lindig-1-496x300.jpg 496w, http:\/\/museumek.eu\/wp-content\/uploads\/2011\/09\/Karlsruher-Majolika-Gedeck-Otto-Lindig-1.jpg 640w\" sizes=\"(max-width: 300px) 100vw, 300px\" \/><\/a><\/p>\n<p><a href=\"http:\/\/museumek.eu\/?attachment_id=56672\" rel=\"attachment wp-att-56672\"><img loading=\"lazy\" src=\"http:\/\/museumek.eu\/wp-content\/uploads\/2011\/09\/Karlsruher-Majolika-Gedeck-Otto-Lindig-2-300x161.jpg\" alt=\"\" title=\"Karlsruher Majolika Gedeck Otto Lindig 2\" width=\"300\" height=\"161\" class=\"alignnone size-medium wp-image-56672\" srcset=\"http:\/\/museumek.eu\/wp-content\/uploads\/2011\/09\/Karlsruher-Majolika-Gedeck-Otto-Lindig-2-300x161.jpg 300w, http:\/\/museumek.eu\/wp-content\/uploads\/2011\/09\/Karlsruher-Majolika-Gedeck-Otto-Lindig-2-150x80.jpg 150w, http:\/\/museumek.eu\/wp-content\/uploads\/2011\/09\/Karlsruher-Majolika-Gedeck-Otto-Lindig-2-500x268.jpg 500w, http:\/\/museumek.eu\/wp-content\/uploads\/2011\/09\/Karlsruher-Majolika-Gedeck-Otto-Lindig-2.jpg 640w\" sizes=\"(max-width: 300px) 100vw, 300px\" \/><\/a><\/p>\n<p><a href=\"http:\/\/museumek.eu\/?attachment_id=56673\" rel=\"attachment wp-att-56673\"><img loading=\"lazy\" src=\"http:\/\/museumek.eu\/wp-content\/uploads\/2011\/09\/Karlsruher-Majolika-Gedeck-Otto-Lindig-3-272x300.jpg\" alt=\"\" title=\"Karlsruher Majolika Gedeck Otto Lindig 3\" width=\"272\" height=\"300\" class=\"alignnone size-medium wp-image-56673\" srcset=\"http:\/\/museumek.eu\/wp-content\/uploads\/2011\/09\/Karlsruher-Majolika-Gedeck-Otto-Lindig-3-272x300.jpg 272w, http:\/\/museumek.eu\/wp-content\/uploads\/2011\/09\/Karlsruher-Majolika-Gedeck-Otto-Lindig-3-136x150.jpg 136w, http:\/\/museumek.eu\/wp-content\/uploads\/2011\/09\/Karlsruher-Majolika-Gedeck-Otto-Lindig-3.jpg 480w\" sizes=\"(max-width: 272px) 100vw, 272px\" \/><\/a><\/p>\n<p><a href=\"http:\/\/museumek.eu\/?attachment_id=56674\" rel=\"attachment wp-att-56674\"><img loading=\"lazy\" src=\"http:\/\/museumek.eu\/wp-content\/uploads\/2011\/09\/Karlsruher-Majolika-Gedeck-Otto-Lindig-4-300x288.jpg\" alt=\"\" title=\"Karlsruher Majolika Gedeck Otto Lindig 4\" width=\"300\" height=\"288\" class=\"alignnone size-medium wp-image-56674\" srcset=\"http:\/\/museumek.eu\/wp-content\/uploads\/2011\/09\/Karlsruher-Majolika-Gedeck-Otto-Lindig-4-300x288.jpg 300w, http:\/\/museumek.eu\/wp-content\/uploads\/2011\/09\/Karlsruher-Majolika-Gedeck-Otto-Lindig-4-150x144.jpg 150w, http:\/\/museumek.eu\/wp-content\/uploads\/2011\/09\/Karlsruher-Majolika-Gedeck-Otto-Lindig-4-312x300.jpg 312w, http:\/\/museumek.eu\/wp-content\/uploads\/2011\/09\/Karlsruher-Majolika-Gedeck-Otto-Lindig-4.jpg 500w\" sizes=\"(max-width: 300px) 100vw, 300px\" \/><\/a><\/p>\n<p><a href=\"http:\/\/museumek.eu\/?attachment_id=56675\" rel=\"attachment wp-att-56675\"><img loading=\"lazy\" src=\"http:\/\/museumek.eu\/wp-content\/uploads\/2011\/09\/Karlsruher-Majolika-Gedeck-Otto-Lindig-5-300x291.jpg\" alt=\"\" title=\"Karlsruher Majolika Gedeck Otto Lindig 5\" width=\"300\" height=\"291\" class=\"alignnone size-medium wp-image-56675\" srcset=\"http:\/\/museumek.eu\/wp-content\/uploads\/2011\/09\/Karlsruher-Majolika-Gedeck-Otto-Lindig-5-300x291.jpg 300w, http:\/\/museumek.eu\/wp-content\/uploads\/2011\/09\/Karlsruher-Majolika-Gedeck-Otto-Lindig-5-150x145.jpg 150w, http:\/\/museumek.eu\/wp-content\/uploads\/2011\/09\/Karlsruher-Majolika-Gedeck-Otto-Lindig-5-308x300.jpg 308w, http:\/\/museumek.eu\/wp-content\/uploads\/2011\/09\/Karlsruher-Majolika-Gedeck-Otto-Lindig-5.jpg 494w\" sizes=\"(max-width: 300px) 100vw, 300px\" \/><\/a><\/p>\n<p><a href=\"http:\/\/museumek.eu\/?attachment_id=56676\" rel=\"attachment wp-att-56676\"><img loading=\"lazy\" src=\"http:\/\/museumek.eu\/wp-content\/uploads\/2011\/09\/Karlsruher-Majolika-Gedeck-Otto-Lindig-6-300x286.jpg\" alt=\"\" title=\"Karlsruher Majolika Gedeck Otto Lindig 6\" width=\"300\" height=\"286\" class=\"alignnone size-medium wp-image-56676\" srcset=\"http:\/\/museumek.eu\/wp-content\/uploads\/2011\/09\/Karlsruher-Majolika-Gedeck-Otto-Lindig-6-300x286.jpg 300w, http:\/\/museumek.eu\/wp-content\/uploads\/2011\/09\/Karlsruher-Majolika-Gedeck-Otto-Lindig-6-150x143.jpg 150w, http:\/\/museumek.eu\/wp-content\/uploads\/2011\/09\/Karlsruher-Majolika-Gedeck-Otto-Lindig-6.jpg 502w\" sizes=\"(max-width: 300px) 100vw, 300px\" \/><\/a><\/p>\n<p><a href=\"http:\/\/museumek.eu\/?attachment_id=56677\" rel=\"attachment wp-att-56677\"><img loading=\"lazy\" src=\"http:\/\/museumek.eu\/wp-content\/uploads\/2011\/09\/Karlsruher-Majolika-Gedeck-Otto-Lindig-7-300x262.jpg\" alt=\"\" title=\"Karlsruher Majolika Gedeck Otto Lindig 7\" width=\"300\" height=\"262\" class=\"alignnone size-medium wp-image-56677\" srcset=\"http:\/\/museumek.eu\/wp-content\/uploads\/2011\/09\/Karlsruher-Majolika-Gedeck-Otto-Lindig-7-300x262.jpg 300w, http:\/\/museumek.eu\/wp-content\/uploads\/2011\/09\/Karlsruher-Majolika-Gedeck-Otto-Lindig-7-150x131.jpg 150w, http:\/\/museumek.eu\/wp-content\/uploads\/2011\/09\/Karlsruher-Majolika-Gedeck-Otto-Lindig-7-343x300.jpg 343w, http:\/\/museumek.eu\/wp-content\/uploads\/2011\/09\/Karlsruher-Majolika-Gedeck-Otto-Lindig-7.jpg 549w\" sizes=\"(max-width: 300px) 100vw, 300px\" \/><\/a><\/p>\n<p><a href=\"http:\/\/museumek.eu\/?attachment_id=56678\" rel=\"attachment wp-att-56678\"><img loading=\"lazy\" src=\"http:\/\/museumek.eu\/wp-content\/uploads\/2011\/09\/Karlsruher-Majolika-Gedeck-Otto-Lindig-8-300x292.jpg\" alt=\"\" title=\"Karlsruher Majolika Gedeck Otto Lindig 8\" width=\"300\" height=\"292\" class=\"alignnone size-medium wp-image-56678\" srcset=\"http:\/\/museumek.eu\/wp-content\/uploads\/2011\/09\/Karlsruher-Majolika-Gedeck-Otto-Lindig-8-300x292.jpg 300w, http:\/\/museumek.eu\/wp-content\/uploads\/2011\/09\/Karlsruher-Majolika-Gedeck-Otto-Lindig-8-150x146.jpg 150w, http:\/\/museumek.eu\/wp-content\/uploads\/2011\/09\/Karlsruher-Majolika-Gedeck-Otto-Lindig-8-308x300.jpg 308w, http:\/\/museumek.eu\/wp-content\/uploads\/2011\/09\/Karlsruher-Majolika-Gedeck-Otto-Lindig-8.jpg 493w\" sizes=\"(max-width: 300px) 100vw, 300px\" \/><\/a><\/p>\n<p><a href=\"http:\/\/museumek.eu\/?attachment_id=56679\" rel=\"attachment wp-att-56679\"><img loading=\"lazy\" src=\"http:\/\/museumek.eu\/wp-content\/uploads\/2011\/09\/Karlsruher-Majolika-Gedeck-Otto-Lindig-9-293x300.jpg\" alt=\"\" title=\"Karlsruher Majolika Gedeck Otto Lindig 9\" width=\"293\" height=\"300\" class=\"alignnone size-medium wp-image-56679\" srcset=\"http:\/\/museumek.eu\/wp-content\/uploads\/2011\/09\/Karlsruher-Majolika-Gedeck-Otto-Lindig-9-293x300.jpg 293w, http:\/\/museumek.eu\/wp-content\/uploads\/2011\/09\/Karlsruher-Majolika-Gedeck-Otto-Lindig-9-146x150.jpg 146w, http:\/\/museumek.eu\/wp-content\/uploads\/2011\/09\/Karlsruher-Majolika-Gedeck-Otto-Lindig-9.jpg 480w\" sizes=\"(max-width: 293px) 100vw, 293px\" \/><\/a><\/p>\n<p><a href=\"http:\/\/museumek.eu\/?attachment_id=56680\" rel=\"attachment wp-att-56680\"><img loading=\"lazy\" src=\"http:\/\/museumek.eu\/wp-content\/uploads\/2011\/09\/Karlsruher-Majolika-Gedeck-Otto-Lindig-10jpg-278x300.jpg\" alt=\"\" title=\"Karlsruher Majolika Gedeck Otto Lindig 10jpg\" width=\"278\" height=\"300\" class=\"alignnone size-medium wp-image-56680\" srcset=\"http:\/\/museumek.eu\/wp-content\/uploads\/2011\/09\/Karlsruher-Majolika-Gedeck-Otto-Lindig-10jpg-278x300.jpg 278w, http:\/\/museumek.eu\/wp-content\/uploads\/2011\/09\/Karlsruher-Majolika-Gedeck-Otto-Lindig-10jpg-139x150.jpg 139w, http:\/\/museumek.eu\/wp-content\/uploads\/2011\/09\/Karlsruher-Majolika-Gedeck-Otto-Lindig-10jpg.jpg 480w\" sizes=\"(max-width: 278px) 100vw, 278px\" \/><\/a><\/p>\n","protected":false},"excerpt":{"rendered":"<p>Otto Lindig wurde am 4. Januar 1895 in P\u00f6\u00dfneck geboren. Er starb am 4. Juli 1966 in Wiesbaden. Lindig war ein deutscher Keramiker und Bildhauer. Lindig besuchte von 1909 bis 1911 die Zeichen- und Modellierschule in Lichte (Th\u00fcringen) und machte &hellip; <a href=\"http:\/\/museumek.eu\/?page_id=56764\">Weiterlesen <span class=\"meta-nav\">&rarr;<\/span><\/a><\/p>\n","protected":false},"author":1,"featured_media":0,"parent":56741,"menu_order":1,"comment_status":"closed","ping_status":"open","template":"","meta":[],"_links":{"self":[{"href":"http:\/\/museumek.eu\/index.php?rest_route=\/wp\/v2\/pages\/56764"}],"collection":[{"href":"http:\/\/museumek.eu\/index.php?rest_route=\/wp\/v2\/pages"}],"about":[{"href":"http:\/\/museumek.eu\/index.php?rest_route=\/wp\/v2\/types\/page"}],"author":[{"embeddable":true,"href":"http:\/\/museumek.eu\/index.php?rest_route=\/wp\/v2\/users\/1"}],"replies":[{"embeddable":true,"href":"http:\/\/museumek.eu\/index.php?rest_route=%2Fwp%2Fv2%2Fcomments&post=56764"}],"version-history":[{"count":7,"href":"http:\/\/museumek.eu\/index.php?rest_route=\/wp\/v2\/pages\/56764\/revisions"}],"predecessor-version":[{"id":56815,"href":"http:\/\/museumek.eu\/index.php?rest_route=\/wp\/v2\/pages\/56764\/revisions\/56815"}],"up":[{"embeddable":true,"href":"http:\/\/museumek.eu\/index.php?rest_route=\/wp\/v2\/pages\/56741"}],"wp:attachment":[{"href":"http:\/\/museumek.eu\/index.php?rest_route=%2Fwp%2Fv2%2Fmedia&parent=56764"}],"curies":[{"name":"wp","href":"https:\/\/api.w.org\/{rel}","templated":true}]}}