{"id":56923,"date":"2021-05-16T15:23:13","date_gmt":"2021-05-16T13:23:13","guid":{"rendered":"http:\/\/museumek.eu\/?page_id=56923"},"modified":"2021-05-16T15:23:13","modified_gmt":"2021-05-16T13:23:13","slug":"ni6","status":"publish","type":"page","link":"http:\/\/museumek.eu\/?page_id=56923","title":{"rendered":"N\/I\/6"},"content":{"rendered":"<p><strong>Abteilung Niederlande, Keramik 1860 \u2013 1960, Inventarnummer N\/I\/6<\/strong><\/p>\n<p>Haagsche Plateelbakkerij Rozenburg, vormals N. V. &#8217;s-Gravenhaag-sche Kunstaardewerkfabriek und Nachf. Haagsche Plateelbakkerij N. V. Rozenburg und Nachf. Koninklijke Porcelein- en Aardewerkfabriek N. V. Rozenburg, Niederlande, Den Haag, 1914, Vase mit Vogel inmitten von Blumen, K\u00fcnstler unbekannt, Werks.-Nr. 201 (Auftragsnummer), Exemplar Nr. ohne, gemarkt Firmenmarke mit Krone, Rozenburg, Storch, den Haag schwarz unter Glasur gemalt, Fenster schwarz unter Glasur gemalt, Jahreszeichen Mond (f\u00fcr 1914) und 201. schwarz unter Glasur gemalt, W II G sowie 62 A geritzt, Literatur: Edgar Pelichet, Jugendstilkeramik, Seite 186 Marke und Jahreszeichen Erkl\u00e4rung, weitere Literatur: Gisela Reineking von Bock und Carl-Wolfgang Sch\u00fcmann, Kunstgewerbemuseum der Stadt K\u00f6ln, Sammlung Gertrud und Dr. Karl Funke-Kaiser, Keramik vom Historismus bis zur Gegenwart, Seite 399, Marke Bildtafel 65 identisch, weitere Literatur: Dieter Z\u00fchlsdorff, Markenlexikon Band 1, Porzellan und Keramik Report 1885 &#8211; 1935, Seite 188, Werk-Teil 1., Gruppennummer des Werkteils 2., laufende Nummer innerhalb der Gruppe 1654 identische Marke (dort f\u00fcr die Zeit von 1900 &#8211; 1914) sowie Seiten 487\/488, Werk-Teil 3., laufende Nummer des Werkteils 237, dort Beschreibung der Fabrik sowie Jahreszahlen-Schl\u00fcssel und Erl\u00e4uterung der Bildsymbole, siehe auch Auktionshaus Quittenbaum, M\u00fcnchen, Jubil\u00e4umsauktion 1998 \u2013 2008, vom 29.04.2008, Lot Nr. 767, Vase mit h\u00e4lftiger Gr\u00f6\u00dfe und mit sehr \u00e4hnlichem Dekor, der deutsche ehemaliger Kavallerieoffizier, Freiherr Wolf von Gudenberg, der in Delft bei Joost Thooft &#038; Labouch\u00e8re als Fliesenmaler gearbeitet hatte, beschloss 1883, auf eigene Rechnung\u201a Holl\u00e4ndisches Delft\u2019 herzustellen, ein Steingut, das seit circa Mitte des 17. Jahrhunderts haupts\u00e4chlich in dieser Stadt erzeugt und mit typischer Blau-Wei\u00df Malerei verziert wurde, er errichtete einen Betrieb in Den Haag, Firmierung N. V. &#8217;s-Gravenhaag-sche Kunstaardewerkfabriek, 1885 verlegt er die Fabrik in ein Landhaus in Den Haag, das sich Rozenburg nannte, diesen Namen \u00fcbernahm die Manufaktur, Firmierung Haagsche Plateelbakkerij Rozenburg, die produzierte Fayence war nicht ertragreich, 1885 bis 1889 war A. C. Theodorus Colenbrander k\u00fcnstlerischer Leiter der Fabrik, unter ihm wurde ein neuer Stil entwickelt, mehrfarbige Unterglasurmalerei im fern\u00f6stlichen Stil, Colenbranders Nachfolger wird A. Vosmaer, 1887 wird die Fabrik in eine AG umgewandelt, Firmierung ab da Haagsche Plateelbakkerij N. V. Rozenburg, der wirtschaftliche Erfolg bleibt aus, 1889 Gudenberg scheidet aus der Fabrik aus (inzwischen war er seit 1897 und bis 1902 Inhaber der Steingutfabrik Neum\u00e4rkische Steingutfabrik, vormals Steingutfabrik A. Franke in Vordamm), 1894 wird J. Juriaan Kok (geb. 1861, gest. 1919), k\u00fcnstlerischer Berater der Fabrik und von 1895 bis 1913 Leiter der Fabrik, Kok entwickelte in Zusammenarbeit mit dem Chemiker M. N. Engelen feines, durchsichtiges Porzellan, das sogenannte Eierschalenporzellan, von diesem Porzellan gingen seit 1899 circa 315 Modelle in Serienfertigung, mit diesem Produkt, hatte die Fabrik sehr gro\u00dfen Erfolg auf der Pariser Weltausstellung um im Jahre 1900, von 1898 bis 1914 ist D. de Ruiter Leiter der Malabteilung, seit 1890 wurden die W\u00f6rter &#8222;Rozenburg den Haag&#8220; mit in der Firmenmmarke verwendet, 1892 kam der Storch hinzu, seit der Pariser Weltausstellung 1900, in Anerkennung des gro\u00dfen Erfolgs, geh\u00f6rte die Krone mit zur Bezeichnung, K\u00f6nigin Wilhelmina verlieh der Fabrik den Namen K\u00f6nigliche Porzellan- und Faiencefabrik Rozenburg, Firmierung auf holl\u00e4ndisch Koninklijke Porcelein- en Aardewerkfabriek N. V. Rozenburg, als Jahreszeichen dienten zuerst Buchstaben, seit circa 1899 wurden bildliche Zeichen eingef\u00fchrt, zum Beispiel Bienen, Anker oder Laternen, in den letzten Jahre produzierte die Fabrik haupts\u00e4chlich polychrome bemaltes Steinzeug, Ausf\u00fchrung als polychrome bemaltes Steinzeug, 1917 wurde die Fabrik geschlossen, H\u00f6he 26 cm, Breite 18 cm<\/p>\n<p><a href=\"http:\/\/museumek.eu\/?attachment_id=56891\" rel=\"attachment wp-att-56891\"><img loading=\"lazy\" src=\"http:\/\/museumek.eu\/wp-content\/uploads\/2011\/09\/Rozenburg-Vase-gro\u00df-mit-Vogel-und-Blumen-1-196x300.jpg\" alt=\"\" title=\"Rozenburg Vase gro\u00df mit Vogel und Blumen 1\" width=\"196\" height=\"300\" class=\"alignnone size-medium wp-image-56891\" srcset=\"http:\/\/museumek.eu\/wp-content\/uploads\/2011\/09\/Rozenburg-Vase-gro\u00df-mit-Vogel-und-Blumen-1-196x300.jpg 196w, http:\/\/museumek.eu\/wp-content\/uploads\/2011\/09\/Rozenburg-Vase-gro\u00df-mit-Vogel-und-Blumen-1-98x150.jpg 98w, http:\/\/museumek.eu\/wp-content\/uploads\/2011\/09\/Rozenburg-Vase-gro\u00df-mit-Vogel-und-Blumen-1.jpg 420w\" sizes=\"(max-width: 196px) 100vw, 196px\" \/><\/a><\/p>\n<p><a href=\"http:\/\/museumek.eu\/?attachment_id=56892\" rel=\"attachment wp-att-56892\"><img loading=\"lazy\" src=\"http:\/\/museumek.eu\/wp-content\/uploads\/2011\/09\/Rozenburg-Vase-gro\u00df-mit-Vogel-und-Blumen-2-193x300.jpg\" alt=\"\" title=\"Rozenburg Vase gro\u00df mit Vogel und Blumen 2\" width=\"193\" height=\"300\" class=\"alignnone size-medium wp-image-56892\" srcset=\"http:\/\/museumek.eu\/wp-content\/uploads\/2011\/09\/Rozenburg-Vase-gro\u00df-mit-Vogel-und-Blumen-2-193x300.jpg 193w, http:\/\/museumek.eu\/wp-content\/uploads\/2011\/09\/Rozenburg-Vase-gro\u00df-mit-Vogel-und-Blumen-2-96x150.jpg 96w, http:\/\/museumek.eu\/wp-content\/uploads\/2011\/09\/Rozenburg-Vase-gro\u00df-mit-Vogel-und-Blumen-2.jpg 413w\" sizes=\"(max-width: 193px) 100vw, 193px\" \/><\/a><\/p>\n<p><a href=\"http:\/\/museumek.eu\/?attachment_id=56893\" rel=\"attachment wp-att-56893\"><img loading=\"lazy\" src=\"http:\/\/museumek.eu\/wp-content\/uploads\/2011\/09\/Rozenburg-Vase-gro\u00df-mit-Vogel-und-Blumen-3-228x300.jpg\" alt=\"\" title=\"Rozenburg Vase gro\u00df mit Vogel und Blumen 3\" width=\"228\" height=\"300\" class=\"alignnone size-medium wp-image-56893\" srcset=\"http:\/\/museumek.eu\/wp-content\/uploads\/2011\/09\/Rozenburg-Vase-gro\u00df-mit-Vogel-und-Blumen-3-228x300.jpg 228w, http:\/\/museumek.eu\/wp-content\/uploads\/2011\/09\/Rozenburg-Vase-gro\u00df-mit-Vogel-und-Blumen-3-114x150.jpg 114w, http:\/\/museumek.eu\/wp-content\/uploads\/2011\/09\/Rozenburg-Vase-gro\u00df-mit-Vogel-und-Blumen-3.jpg 480w\" sizes=\"(max-width: 228px) 100vw, 228px\" \/><\/a><\/p>\n<p><a href=\"http:\/\/museumek.eu\/?attachment_id=56894\" rel=\"attachment wp-att-56894\"><img loading=\"lazy\" src=\"http:\/\/museumek.eu\/wp-content\/uploads\/2011\/09\/Rozenburg-Vase-gro\u00df-mit-Vogel-und-Blumen-4-207x300.jpg\" alt=\"\" title=\"Rozenburg Vase gro\u00df mit Vogel und Blumen 4\" width=\"207\" height=\"300\" class=\"alignnone size-medium wp-image-56894\" srcset=\"http:\/\/museumek.eu\/wp-content\/uploads\/2011\/09\/Rozenburg-Vase-gro\u00df-mit-Vogel-und-Blumen-4-207x300.jpg 207w, http:\/\/museumek.eu\/wp-content\/uploads\/2011\/09\/Rozenburg-Vase-gro\u00df-mit-Vogel-und-Blumen-4-103x150.jpg 103w, http:\/\/museumek.eu\/wp-content\/uploads\/2011\/09\/Rozenburg-Vase-gro\u00df-mit-Vogel-und-Blumen-4.jpg 443w\" sizes=\"(max-width: 207px) 100vw, 207px\" \/><\/a><\/p>\n<p><a href=\"http:\/\/museumek.eu\/?attachment_id=56895\" rel=\"attachment wp-att-56895\"><img loading=\"lazy\" src=\"http:\/\/museumek.eu\/wp-content\/uploads\/2011\/09\/Rozenburg-Vase-gro\u00df-mit-Vogel-und-Blumen-5-184x300.jpg\" alt=\"\" title=\"Rozenburg Vase gro\u00df mit Vogel und Blumen 5\" width=\"184\" height=\"300\" class=\"alignnone size-medium wp-image-56895\" srcset=\"http:\/\/museumek.eu\/wp-content\/uploads\/2011\/09\/Rozenburg-Vase-gro\u00df-mit-Vogel-und-Blumen-5-184x300.jpg 184w, http:\/\/museumek.eu\/wp-content\/uploads\/2011\/09\/Rozenburg-Vase-gro\u00df-mit-Vogel-und-Blumen-5-92x150.jpg 92w, http:\/\/museumek.eu\/wp-content\/uploads\/2011\/09\/Rozenburg-Vase-gro\u00df-mit-Vogel-und-Blumen-5.jpg 393w\" sizes=\"(max-width: 184px) 100vw, 184px\" \/><\/a><\/p>\n<p><a href=\"http:\/\/museumek.eu\/?attachment_id=56896\" rel=\"attachment wp-att-56896\"><img loading=\"lazy\" src=\"http:\/\/museumek.eu\/wp-content\/uploads\/2011\/09\/Rozenburg-Vase-gro\u00df-mit-Vogel-und-Blumen-6-190x300.jpg\" alt=\"\" title=\"Rozenburg Vase gro\u00df mit Vogel und Blumen 6\" width=\"190\" height=\"300\" class=\"alignnone size-medium wp-image-56896\" srcset=\"http:\/\/museumek.eu\/wp-content\/uploads\/2011\/09\/Rozenburg-Vase-gro\u00df-mit-Vogel-und-Blumen-6-190x300.jpg 190w, http:\/\/museumek.eu\/wp-content\/uploads\/2011\/09\/Rozenburg-Vase-gro\u00df-mit-Vogel-und-Blumen-6-95x150.jpg 95w, http:\/\/museumek.eu\/wp-content\/uploads\/2011\/09\/Rozenburg-Vase-gro\u00df-mit-Vogel-und-Blumen-6.jpg 407w\" sizes=\"(max-width: 190px) 100vw, 190px\" \/><\/a><\/p>\n<p><a href=\"http:\/\/museumek.eu\/?attachment_id=56897\" rel=\"attachment wp-att-56897\"><img loading=\"lazy\" src=\"http:\/\/museumek.eu\/wp-content\/uploads\/2011\/09\/Rozenburg-Vase-gro\u00df-mit-Vogel-und-Blumen-7-285x300.jpg\" alt=\"\" title=\"Rozenburg Vase gro\u00df mit Vogel und Blumen 7\" width=\"285\" height=\"300\" class=\"alignnone size-medium wp-image-56897\" srcset=\"http:\/\/museumek.eu\/wp-content\/uploads\/2011\/09\/Rozenburg-Vase-gro\u00df-mit-Vogel-und-Blumen-7-285x300.jpg 285w, http:\/\/museumek.eu\/wp-content\/uploads\/2011\/09\/Rozenburg-Vase-gro\u00df-mit-Vogel-und-Blumen-7-142x150.jpg 142w, http:\/\/museumek.eu\/wp-content\/uploads\/2011\/09\/Rozenburg-Vase-gro\u00df-mit-Vogel-und-Blumen-7.jpg 480w\" sizes=\"(max-width: 285px) 100vw, 285px\" \/><\/a><\/p>\n<p><a href=\"http:\/\/museumek.eu\/?attachment_id=56898\" rel=\"attachment wp-att-56898\"><img loading=\"lazy\" src=\"http:\/\/museumek.eu\/wp-content\/uploads\/2011\/09\/Rozenburg-Vase-gro\u00df-mit-Vogel-und-Blumen-8-183x300.jpg\" alt=\"\" title=\"Rozenburg Vase gro\u00df mit Vogel und Blumen 8\" width=\"183\" height=\"300\" class=\"alignnone size-medium wp-image-56898\" srcset=\"http:\/\/museumek.eu\/wp-content\/uploads\/2011\/09\/Rozenburg-Vase-gro\u00df-mit-Vogel-und-Blumen-8-183x300.jpg 183w, http:\/\/museumek.eu\/wp-content\/uploads\/2011\/09\/Rozenburg-Vase-gro\u00df-mit-Vogel-und-Blumen-8-91x150.jpg 91w, http:\/\/museumek.eu\/wp-content\/uploads\/2011\/09\/Rozenburg-Vase-gro\u00df-mit-Vogel-und-Blumen-8.jpg 391w\" sizes=\"(max-width: 183px) 100vw, 183px\" \/><\/a><\/p>\n<p><a href=\"http:\/\/museumek.eu\/?attachment_id=56899\" rel=\"attachment wp-att-56899\"><img loading=\"lazy\" src=\"http:\/\/museumek.eu\/wp-content\/uploads\/2011\/09\/Rozenburg-Vase-gro\u00df-mit-Vogel-und-Blumen-9-249x300.jpg\" alt=\"\" title=\"Rozenburg Vase gro\u00df mit Vogel und Blumen 9\" width=\"249\" height=\"300\" class=\"alignnone size-medium wp-image-56899\" srcset=\"http:\/\/museumek.eu\/wp-content\/uploads\/2011\/09\/Rozenburg-Vase-gro\u00df-mit-Vogel-und-Blumen-9-249x300.jpg 249w, http:\/\/museumek.eu\/wp-content\/uploads\/2011\/09\/Rozenburg-Vase-gro\u00df-mit-Vogel-und-Blumen-9-124x150.jpg 124w, http:\/\/museumek.eu\/wp-content\/uploads\/2011\/09\/Rozenburg-Vase-gro\u00df-mit-Vogel-und-Blumen-9.jpg 480w\" sizes=\"(max-width: 249px) 100vw, 249px\" \/><\/a><\/p>\n<p><a href=\"http:\/\/museumek.eu\/?attachment_id=56900\" rel=\"attachment wp-att-56900\"><img loading=\"lazy\" src=\"http:\/\/museumek.eu\/wp-content\/uploads\/2011\/09\/Rozenburg-Vase-gro\u00df-mit-Vogel-und-Blumen-10-300x160.jpg\" alt=\"\" title=\"Rozenburg Vase gro\u00df mit Vogel und Blumen 10\" width=\"300\" height=\"160\" class=\"alignnone size-medium wp-image-56900\" srcset=\"http:\/\/museumek.eu\/wp-content\/uploads\/2011\/09\/Rozenburg-Vase-gro\u00df-mit-Vogel-und-Blumen-10-300x160.jpg 300w, http:\/\/museumek.eu\/wp-content\/uploads\/2011\/09\/Rozenburg-Vase-gro\u00df-mit-Vogel-und-Blumen-10-150x80.jpg 150w, http:\/\/museumek.eu\/wp-content\/uploads\/2011\/09\/Rozenburg-Vase-gro\u00df-mit-Vogel-und-Blumen-10-500x267.jpg 500w, http:\/\/museumek.eu\/wp-content\/uploads\/2011\/09\/Rozenburg-Vase-gro\u00df-mit-Vogel-und-Blumen-10.jpg 640w\" sizes=\"(max-width: 300px) 100vw, 300px\" \/><\/a><\/p>\n<p><a href=\"http:\/\/museumek.eu\/?attachment_id=56901\" rel=\"attachment wp-att-56901\"><img loading=\"lazy\" src=\"http:\/\/museumek.eu\/wp-content\/uploads\/2011\/09\/Rozenburg-Vase-gro\u00df-mit-Vogel-und-Blumen-11-300x171.jpg\" alt=\"\" title=\"Rozenburg Vase gro\u00df mit Vogel und Blumen 11\" width=\"300\" height=\"171\" class=\"alignnone size-medium wp-image-56901\" srcset=\"http:\/\/museumek.eu\/wp-content\/uploads\/2011\/09\/Rozenburg-Vase-gro\u00df-mit-Vogel-und-Blumen-11-300x171.jpg 300w, http:\/\/museumek.eu\/wp-content\/uploads\/2011\/09\/Rozenburg-Vase-gro\u00df-mit-Vogel-und-Blumen-11-150x85.jpg 150w, http:\/\/museumek.eu\/wp-content\/uploads\/2011\/09\/Rozenburg-Vase-gro\u00df-mit-Vogel-und-Blumen-11-500x285.jpg 500w, http:\/\/museumek.eu\/wp-content\/uploads\/2011\/09\/Rozenburg-Vase-gro\u00df-mit-Vogel-und-Blumen-11.jpg 640w\" sizes=\"(max-width: 300px) 100vw, 300px\" \/><\/a><\/p>\n<p><a href=\"http:\/\/museumek.eu\/wp-content\/uploads\/2012\/01\/Museum-Europ\u00e4ischer-Keramikkunst-1619.jpg\"><img loading=\"lazy\" src=\"http:\/\/museumek.eu\/wp-content\/uploads\/2012\/01\/Museum-Europ\u00e4ischer-Keramikkunst-1619-138x300.jpg\" alt=\"\" title=\"Museum Europ\u00e4ischer Keramikkunst 1619\" width=\"138\" height=\"300\" class=\"alignnone size-medium wp-image-8519\" srcset=\"http:\/\/museumek.eu\/wp-content\/uploads\/2012\/01\/Museum-Europ\u00e4ischer-Keramikkunst-1619-138x300.jpg 138w, http:\/\/museumek.eu\/wp-content\/uploads\/2012\/01\/Museum-Europ\u00e4ischer-Keramikkunst-1619.jpg 447w\" sizes=\"(max-width: 138px) 100vw, 138px\" \/><\/a><\/p>\n","protected":false},"excerpt":{"rendered":"<p>Abteilung Niederlande, Keramik 1860 \u2013 1960, Inventarnummer N\/I\/6 Haagsche Plateelbakkerij Rozenburg, vormals N. V. &#8217;s-Gravenhaag-sche Kunstaardewerkfabriek und Nachf. Haagsche Plateelbakkerij N. V. Rozenburg und Nachf. Koninklijke Porcelein- en Aardewerkfabriek N. V. Rozenburg, Niederlande, Den Haag, 1914, Vase mit Vogel inmitten &hellip; <a href=\"http:\/\/museumek.eu\/?page_id=56923\">Weiterlesen <span class=\"meta-nav\">&rarr;<\/span><\/a><\/p>\n","protected":false},"author":1,"featured_media":0,"parent":2572,"menu_order":6,"comment_status":"closed","ping_status":"open","template":"","meta":[],"_links":{"self":[{"href":"http:\/\/museumek.eu\/index.php?rest_route=\/wp\/v2\/pages\/56923"}],"collection":[{"href":"http:\/\/museumek.eu\/index.php?rest_route=\/wp\/v2\/pages"}],"about":[{"href":"http:\/\/museumek.eu\/index.php?rest_route=\/wp\/v2\/types\/page"}],"author":[{"embeddable":true,"href":"http:\/\/museumek.eu\/index.php?rest_route=\/wp\/v2\/users\/1"}],"replies":[{"embeddable":true,"href":"http:\/\/museumek.eu\/index.php?rest_route=%2Fwp%2Fv2%2Fcomments&post=56923"}],"version-history":[{"count":2,"href":"http:\/\/museumek.eu\/index.php?rest_route=\/wp\/v2\/pages\/56923\/revisions"}],"predecessor-version":[{"id":56925,"href":"http:\/\/museumek.eu\/index.php?rest_route=\/wp\/v2\/pages\/56923\/revisions\/56925"}],"up":[{"embeddable":true,"href":"http:\/\/museumek.eu\/index.php?rest_route=\/wp\/v2\/pages\/2572"}],"wp:attachment":[{"href":"http:\/\/museumek.eu\/index.php?rest_route=%2Fwp%2Fv2%2Fmedia&parent=56923"}],"curies":[{"name":"wp","href":"https:\/\/api.w.org\/{rel}","templated":true}]}}