{"id":56982,"date":"2021-05-16T21:40:05","date_gmt":"2021-05-16T19:40:05","guid":{"rendered":"http:\/\/museumek.eu\/?page_id=56982"},"modified":"2021-05-16T21:41:23","modified_gmt":"2021-05-16T19:41:23","slug":"nviii1","status":"publish","type":"page","link":"http:\/\/museumek.eu\/?page_id=56982","title":{"rendered":"N\/VIII\/1"},"content":{"rendered":"<p><strong>Abteilung Niederlande, Keramik 1860 \u2013 1960, Inventarnummer N\/VIII\/1<\/strong><\/p>\n<p>Plateelbakkerij De Distel und Nachf. Plateelbakkerij De Distel N.V., Niederlande, Amsterdam, um 1905, Vase, K\u00fcnstler unbekannt, Werks.-Nr. ohne, Exemplar Nr. ohne, gemarkt Firmenmarke mit Distel, darunter ein geschwungener Strich schwarz auf Glasur gemalt, LV (K\u00fcnstlersignatur ?) sowie 65\/14 schwarz auf Glasur gemalt, nicht signiert, Literatur: Dieter Z\u00fchlsdorff, Markenlexikon Band 1, Porzellan und Keramik Report 1885 &#8211; 1935, Seite 140, Werk-Teil 1., Gruppennummer des Werkteils 2., laufende Nummer innerhalb der Gruppe 470 sehr \u00e4hnliche Firmenmarke (dort f\u00fcr die Zeit um 1905) sowie Seite 466, Werk-Teil 3., laufende Nummer des Werkteils 43, dort kurze Beschreibung der Fabrik, weitere Literatur: Niederl\u00e4ndische Keramik des Jugendstils 1900 &#8211; 1925 aus der Sammlung Douma, Eine Ausstellung des Kreismuseums Zons, Seite 32, dort kurze Beschreibung der Fabrik, dort beschrieben, dass die Firmenmarke auch nur &#8222;Distel&#8220; als Wort geschrieben ist, weitere Literatur: Europ\u00e4ische Keramik des Jugendstils, Art Nouveau, Ausstellung im Hetjens-Museum, D\u00fcsseldorf, Seite 154, kurze Beschreibung der Fabrik, 1895 gr\u00fcndete Jacobus M. Lob eine keramische Fabrik in Amsterdam, Firmierung Plateelbakkerij De Distel, bereits 1897 wurde die Fabrik AG, Firmierung Plateelbakkerij De Distel N.V., von 1896 bis 1897 war Lambertus Nienhuis, Kunstgewerbler und Keramiker, k\u00fcnstlerischer Leiter der Fabrik (parallel gr\u00fcndete er in Watergraafsmeer seine eigene Fabrik, die als Tegelbakkerij Lotus firmierte), 1897 verlie\u00df Nienhuis Lobs Fabrik und arbeitete bis 1901 in seiner eigenen Fabrik, 1901 \u00fcbernahm Lob die Tegelbakkerij Lotus und Nienhuis wurde wieder k\u00fcnstlerischer Leiter der Lob&#8216; schen Fabrik, generell konzentrierte sich Lob darauf, Kunstkeramik herzustellen und beauftragte bildende K\u00fcnstler, seine Keramik zu entwerfen und zu bemalen, um seinen Produkten einen k\u00fcnstlerischen Mehrwert zu verleihen, die Fabrik produzierte im Stil der Haagschen Plateelbakkerij unter anderen Fliesen, 1910 kaufte Lob die keramische Fabrik Voorheen Amstelhoek, 1911 verlie\u00df Nienhuis die Fabrik und Willem van Norden wurde k\u00fcnstlerischer Leiter, nach WK I war der Markt f\u00fcr Kunstkeramik nicht g\u00fcnstig und Lob beschloss, seine Firma zu verkaufen, 1922 wurde die Fabrik von der Fabrik Goedewaagen&#8217;s Koninklijke Hollandsche Pijpen- en Aardewerksfabriek in Gouda \u00fcbernommen, diese erweiterte in Gouda die eigene Fabrik auf dem Jaagpad, so dass die gesamte Produktion von &#8218;De Distel&#8216; 1925 tats\u00e4chlich dorthin verlagert werden konnte, van Norden erhielt die k\u00fcnstlerische Leitung der neuen T\u00f6pferei, H\u00f6he 18,7 cm, Breite 9 cm<\/p>\n<p><a href=\"http:\/\/museumek.eu\/?attachment_id=56965\" rel=\"attachment wp-att-56965\"><img loading=\"lazy\" src=\"http:\/\/museumek.eu\/wp-content\/uploads\/2021\/05\/Distel-Vase-1-142x300.jpg\" alt=\"\" title=\"Distel Vase 1\" width=\"142\" height=\"300\" class=\"alignnone size-medium wp-image-56965\" srcset=\"http:\/\/museumek.eu\/wp-content\/uploads\/2021\/05\/Distel-Vase-1-142x300.jpg 142w, http:\/\/museumek.eu\/wp-content\/uploads\/2021\/05\/Distel-Vase-1-71x150.jpg 71w\" sizes=\"(max-width: 142px) 100vw, 142px\" \/><\/a><\/p>\n<p><a href=\"http:\/\/museumek.eu\/?attachment_id=56966\" rel=\"attachment wp-att-56966\"><img loading=\"lazy\" src=\"http:\/\/museumek.eu\/wp-content\/uploads\/2021\/05\/Distel-Vase-2-147x300.jpg\" alt=\"\" title=\"Distel Vase 2\" width=\"147\" height=\"300\" class=\"alignnone size-medium wp-image-56966\" srcset=\"http:\/\/museumek.eu\/wp-content\/uploads\/2021\/05\/Distel-Vase-2-147x300.jpg 147w, http:\/\/museumek.eu\/wp-content\/uploads\/2021\/05\/Distel-Vase-2-73x150.jpg 73w, http:\/\/museumek.eu\/wp-content\/uploads\/2021\/05\/Distel-Vase-2.jpg 314w\" sizes=\"(max-width: 147px) 100vw, 147px\" \/><\/a><\/p>\n<p><a href=\"http:\/\/museumek.eu\/?attachment_id=56967\" rel=\"attachment wp-att-56967\"><img loading=\"lazy\" src=\"http:\/\/museumek.eu\/wp-content\/uploads\/2021\/05\/Distel-Vase-3-183x300.jpg\" alt=\"\" title=\"Distel Vase 3\" width=\"183\" height=\"300\" class=\"alignnone size-medium wp-image-56967\" srcset=\"http:\/\/museumek.eu\/wp-content\/uploads\/2021\/05\/Distel-Vase-3-183x300.jpg 183w, http:\/\/museumek.eu\/wp-content\/uploads\/2021\/05\/Distel-Vase-3-91x150.jpg 91w, http:\/\/museumek.eu\/wp-content\/uploads\/2021\/05\/Distel-Vase-3.jpg 392w\" sizes=\"(max-width: 183px) 100vw, 183px\" \/><\/a><\/p>\n<p><a href=\"http:\/\/museumek.eu\/?attachment_id=56968\" rel=\"attachment wp-att-56968\"><img loading=\"lazy\" src=\"http:\/\/museumek.eu\/wp-content\/uploads\/2021\/05\/Distel-Vase-4-117x300.jpg\" alt=\"\" title=\"Distel Vase 4\" width=\"117\" height=\"300\" class=\"alignnone size-medium wp-image-56968\" srcset=\"http:\/\/museumek.eu\/wp-content\/uploads\/2021\/05\/Distel-Vase-4-117x300.jpg 117w, http:\/\/museumek.eu\/wp-content\/uploads\/2021\/05\/Distel-Vase-4-58x150.jpg 58w\" sizes=\"(max-width: 117px) 100vw, 117px\" \/><\/a><\/p>\n<p><a href=\"http:\/\/museumek.eu\/?attachment_id=56969\" rel=\"attachment wp-att-56969\"><img loading=\"lazy\" src=\"http:\/\/museumek.eu\/wp-content\/uploads\/2021\/05\/Distel-Vase-5-148x300.jpg\" alt=\"\" title=\"Distel Vase 5\" width=\"148\" height=\"300\" class=\"alignnone size-medium wp-image-56969\" srcset=\"http:\/\/museumek.eu\/wp-content\/uploads\/2021\/05\/Distel-Vase-5-148x300.jpg 148w, http:\/\/museumek.eu\/wp-content\/uploads\/2021\/05\/Distel-Vase-5-74x150.jpg 74w, http:\/\/museumek.eu\/wp-content\/uploads\/2021\/05\/Distel-Vase-5.jpg 316w\" sizes=\"(max-width: 148px) 100vw, 148px\" \/><\/a><\/p>\n<p><a href=\"http:\/\/museumek.eu\/?attachment_id=56970\" rel=\"attachment wp-att-56970\"><img loading=\"lazy\" src=\"http:\/\/museumek.eu\/wp-content\/uploads\/2021\/05\/Distel-Vase-6-179x300.jpg\" alt=\"\" title=\"Distel Vase 6\" width=\"179\" height=\"300\" class=\"alignnone size-medium wp-image-56970\" srcset=\"http:\/\/museumek.eu\/wp-content\/uploads\/2021\/05\/Distel-Vase-6-179x300.jpg 179w, http:\/\/museumek.eu\/wp-content\/uploads\/2021\/05\/Distel-Vase-6-89x150.jpg 89w, http:\/\/museumek.eu\/wp-content\/uploads\/2021\/05\/Distel-Vase-6.jpg 383w\" sizes=\"(max-width: 179px) 100vw, 179px\" \/><\/a><\/p>\n<p><a href=\"http:\/\/museumek.eu\/?attachment_id=56971\" rel=\"attachment wp-att-56971\"><img loading=\"lazy\" src=\"http:\/\/museumek.eu\/wp-content\/uploads\/2021\/05\/Distel-Vase-7-294x300.jpg\" alt=\"\" title=\"Distel Vase 7\" width=\"294\" height=\"300\" class=\"alignnone size-medium wp-image-56971\" srcset=\"http:\/\/museumek.eu\/wp-content\/uploads\/2021\/05\/Distel-Vase-7-294x300.jpg 294w, http:\/\/museumek.eu\/wp-content\/uploads\/2021\/05\/Distel-Vase-7-147x150.jpg 147w, http:\/\/museumek.eu\/wp-content\/uploads\/2021\/05\/Distel-Vase-7.jpg 480w\" sizes=\"(max-width: 294px) 100vw, 294px\" \/><\/a><\/p>\n<p><a href=\"http:\/\/museumek.eu\/?attachment_id=56973\" rel=\"attachment wp-att-56973\"><img loading=\"lazy\" src=\"http:\/\/museumek.eu\/wp-content\/uploads\/2021\/05\/Distel-Vase-8-300x255.jpg\" alt=\"\" title=\"Distel Vase 8\" width=\"300\" height=\"255\" class=\"alignnone size-medium wp-image-56973\" srcset=\"http:\/\/museumek.eu\/wp-content\/uploads\/2021\/05\/Distel-Vase-8-300x255.jpg 300w, http:\/\/museumek.eu\/wp-content\/uploads\/2021\/05\/Distel-Vase-8-150x127.jpg 150w, http:\/\/museumek.eu\/wp-content\/uploads\/2021\/05\/Distel-Vase-8-352x300.jpg 352w, http:\/\/museumek.eu\/wp-content\/uploads\/2021\/05\/Distel-Vase-8.jpg 564w\" sizes=\"(max-width: 300px) 100vw, 300px\" \/><\/a> <\/p>\n","protected":false},"excerpt":{"rendered":"<p>Abteilung Niederlande, Keramik 1860 \u2013 1960, Inventarnummer N\/VIII\/1 Plateelbakkerij De Distel und Nachf. Plateelbakkerij De Distel N.V., Niederlande, Amsterdam, um 1905, Vase, K\u00fcnstler unbekannt, Werks.-Nr. ohne, Exemplar Nr. ohne, gemarkt Firmenmarke mit Distel, darunter ein geschwungener Strich schwarz auf Glasur &hellip; <a href=\"http:\/\/museumek.eu\/?page_id=56982\">Weiterlesen <span class=\"meta-nav\">&rarr;<\/span><\/a><\/p>\n","protected":false},"author":1,"featured_media":0,"parent":56956,"menu_order":1,"comment_status":"closed","ping_status":"open","template":"","meta":[],"_links":{"self":[{"href":"http:\/\/museumek.eu\/index.php?rest_route=\/wp\/v2\/pages\/56982"}],"collection":[{"href":"http:\/\/museumek.eu\/index.php?rest_route=\/wp\/v2\/pages"}],"about":[{"href":"http:\/\/museumek.eu\/index.php?rest_route=\/wp\/v2\/types\/page"}],"author":[{"embeddable":true,"href":"http:\/\/museumek.eu\/index.php?rest_route=\/wp\/v2\/users\/1"}],"replies":[{"embeddable":true,"href":"http:\/\/museumek.eu\/index.php?rest_route=%2Fwp%2Fv2%2Fcomments&post=56982"}],"version-history":[{"count":5,"href":"http:\/\/museumek.eu\/index.php?rest_route=\/wp\/v2\/pages\/56982\/revisions"}],"predecessor-version":[{"id":56987,"href":"http:\/\/museumek.eu\/index.php?rest_route=\/wp\/v2\/pages\/56982\/revisions\/56987"}],"up":[{"embeddable":true,"href":"http:\/\/museumek.eu\/index.php?rest_route=\/wp\/v2\/pages\/56956"}],"wp:attachment":[{"href":"http:\/\/museumek.eu\/index.php?rest_route=%2Fwp%2Fv2%2Fmedia&parent=56982"}],"curies":[{"name":"wp","href":"https:\/\/api.w.org\/{rel}","templated":true}]}}