{"id":57161,"date":"2021-05-23T11:46:16","date_gmt":"2021-05-23T09:46:16","guid":{"rendered":"http:\/\/museumek.eu\/?page_id=57161"},"modified":"2021-05-23T11:48:46","modified_gmt":"2021-05-23T09:48:46","slug":"dclxvii3","status":"publish","type":"page","link":"http:\/\/museumek.eu\/?page_id=57161","title":{"rendered":"D\/CLXVII\/3"},"content":{"rendered":"<p><strong>Abteilung Deutschland, Keramik 1860 \u2013 1960, Inventarnummer D\/CLXVII\/3<\/strong><\/p>\n<p>Porzellanfabrik Gebr. Metzler &#038; Ortloff, vormals Porzellanfabrik H\u00f6hn und Metzler, Deutschland, Ilmenau, um 1935, Milchk\u00e4nnchen, K\u00fcnstler unbekannt, Werks.-Nr. 1853, Exemplar Nr. ohne, gemarkt erste Firmenmarke in einem Kreis eine Krone, darunter ineinander gesetzt MO (f\u00fcr Metzler &#038; Ortloff) dunkelgr\u00fcner Stempel unter Glasur, gemarkt zweite Firmenmarke M &#038; O. gr\u00fcner Stempel auf Glasur, 14 gr\u00fcner Stempel unter Glasur, Hand-Malerei gr\u00fcner Stempel auf Glasur sowie 722\/4 gepresst, nicht signiert, Literatur f\u00fcr die erste beschriebene Firmenmarke: Dieter Z\u00fchlsdorff, Markenlexikon, Porzellan und Keramik Report 1885 &#8211; 1935, Seite 251, Werkteil 1., Gruppennummer des Werkteils 4., laufende Nummer innerhalb der Gruppe 138, identische Marke (dort f\u00fcr die Zeit von 1910 bis 1935) sowie Seite 526, Werkteil 3., laufende Nummer des Werkteils 562, dort kurze unvollst\u00e4ndige Beschreibung der Fabrik, Literatur f\u00fcr die zweite beschriebene Firmenmarke: Dieter Z\u00fchlsdorff, Markenlexikon, Porzellan und Keramik Report 1885 &#8211; 1935, Seite 251, Werkteil 1., Gruppennummer des Werkteils 4., laufende Nummer innerhalb der Gruppe 140, identische Marke (dort mit Krone, dort f\u00fcr die Zeit von 1910 bis 1935) sowie Seite 526, Werkteil 3., laufende Nummer des Werkteils 562, dort kurze unvollst\u00e4ndige Beschreibung der Fabrik, 1863 kaufte der Ilmenauer Kaufmann Adolf H\u00f6hn das Gel\u00e4nde des ehemaligen Carl-August-Schachtes in der Weimarer Stra\u00dfe in Ilmenau, um dort eine Porzellanfabrik zu gr\u00fcnden, 1865 kaufte H\u00f6hn noch eine kleine Massenm\u00fchle hinzu, in der er die Porzellan-Rohmasse f\u00fcr seine Fabrik fertigen lassen wollte, 1873 konnte H\u00f6hn die Br\u00fcder Rudolf und Robert Metzler aus Sonneberg von einer Teilhaberschaft \u00fcberzeugen, da er, um die Fabrik aufzubauen, noch Kapital und erfahrene Unternehmer ben\u00f6tigte, Firmierung 1873 Porzellanfabrik H\u00f6hn &#038; Metzler, eingetragen ins Handelsregister am 18. April 1873 des Amtes Ilmenau, leider waren die ersten Jahre der Fabrik nicht von Erfolg gepr\u00e4gt, weswegen Adolf H\u00f6hn 1875 als Teilhaber ausschied und sein Kapital abzog, daraufhin suchten die Gebr\u00fcder Metzler nach einem neuen Teilhaber und fanden diesen in Person von Hugo Ortloff, Firmierung ab 1875 Porzellanfabrik Gebr. Metzler &#038; Ortloff, die Fabrik erlebte nach 1875 einen stabilen Aufschwung, so dass sie 1890 bereits etwa 120 Mitarbeiter z\u00e4hlte, die Produktpalette umfasste etwa 2000 verschiedene Artikel, wovon im Jahr etwa 3,5 Millionen St\u00fcck hergestellt wurden, nach 1900 trat der Sohn von Hugo Orloff, Hugo Ortloff jun. In die Fabrik ein und erweiterte die Produktionspallette um Kunstkeramik, nach WK II. wurde die Fabrik verstaatlicht, H\u00f6he 9,3 cm, Breite 13 cm<\/p>\n<p><a href=\"http:\/\/museumek.eu\/?attachment_id=57145\" rel=\"attachment wp-att-57145\"><img loading=\"lazy\" src=\"http:\/\/museumek.eu\/wp-content\/uploads\/2020\/11\/M-O-Milchk\u00e4nnchen-1-300x256.jpg\" alt=\"\" title=\"M &amp; O Milchk\u00e4nnchen 1\" width=\"300\" height=\"256\" class=\"alignnone size-medium wp-image-57145\" srcset=\"http:\/\/museumek.eu\/wp-content\/uploads\/2020\/11\/M-O-Milchk\u00e4nnchen-1-300x256.jpg 300w, http:\/\/museumek.eu\/wp-content\/uploads\/2020\/11\/M-O-Milchk\u00e4nnchen-1-150x128.jpg 150w, http:\/\/museumek.eu\/wp-content\/uploads\/2020\/11\/M-O-Milchk\u00e4nnchen-1-351x300.jpg 351w, http:\/\/museumek.eu\/wp-content\/uploads\/2020\/11\/M-O-Milchk\u00e4nnchen-1.jpg 562w\" sizes=\"(max-width: 300px) 100vw, 300px\" \/><\/a><\/p>\n<p><a href=\"http:\/\/museumek.eu\/?attachment_id=57146\" rel=\"attachment wp-att-57146\"><img loading=\"lazy\" src=\"http:\/\/museumek.eu\/wp-content\/uploads\/2020\/11\/M-O-Milchk\u00e4nnchen-2-2-268x300.jpg\" alt=\"\" title=\"M &amp; O Milchk\u00e4nnchen 2 (2)\" width=\"268\" height=\"300\" class=\"alignnone size-medium wp-image-57146\" srcset=\"http:\/\/museumek.eu\/wp-content\/uploads\/2020\/11\/M-O-Milchk\u00e4nnchen-2-2-268x300.jpg 268w, http:\/\/museumek.eu\/wp-content\/uploads\/2020\/11\/M-O-Milchk\u00e4nnchen-2-2-134x150.jpg 134w, http:\/\/museumek.eu\/wp-content\/uploads\/2020\/11\/M-O-Milchk\u00e4nnchen-2-2.jpg 480w\" sizes=\"(max-width: 268px) 100vw, 268px\" \/><\/a><\/p>\n<p><a href=\"http:\/\/museumek.eu\/?attachment_id=57147\" rel=\"attachment wp-att-57147\"><img loading=\"lazy\" src=\"http:\/\/museumek.eu\/wp-content\/uploads\/2020\/11\/M-O-Milchk\u00e4nnchen-2-300x265.jpg\" alt=\"\" title=\"M &amp; O Milchk\u00e4nnchen 2\" width=\"300\" height=\"265\" class=\"alignnone size-medium wp-image-57147\" srcset=\"http:\/\/museumek.eu\/wp-content\/uploads\/2020\/11\/M-O-Milchk\u00e4nnchen-2-300x265.jpg 300w, http:\/\/museumek.eu\/wp-content\/uploads\/2020\/11\/M-O-Milchk\u00e4nnchen-2-150x132.jpg 150w, http:\/\/museumek.eu\/wp-content\/uploads\/2020\/11\/M-O-Milchk\u00e4nnchen-2-339x300.jpg 339w, http:\/\/museumek.eu\/wp-content\/uploads\/2020\/11\/M-O-Milchk\u00e4nnchen-2.jpg 543w\" sizes=\"(max-width: 300px) 100vw, 300px\" \/><\/a><\/p>\n<p><a href=\"http:\/\/museumek.eu\/?attachment_id=57148\" rel=\"attachment wp-att-57148\"><img loading=\"lazy\" src=\"http:\/\/museumek.eu\/wp-content\/uploads\/2020\/11\/M-O-Milchk\u00e4nnchen-4-249x300.jpg\" alt=\"\" title=\"M &amp; O Milchk\u00e4nnchen 4\" width=\"249\" height=\"300\" class=\"alignnone size-medium wp-image-57148\" srcset=\"http:\/\/museumek.eu\/wp-content\/uploads\/2020\/11\/M-O-Milchk\u00e4nnchen-4-249x300.jpg 249w, http:\/\/museumek.eu\/wp-content\/uploads\/2020\/11\/M-O-Milchk\u00e4nnchen-4-124x150.jpg 124w, http:\/\/museumek.eu\/wp-content\/uploads\/2020\/11\/M-O-Milchk\u00e4nnchen-4.jpg 480w\" sizes=\"(max-width: 249px) 100vw, 249px\" \/><\/a><\/p>\n<p><a href=\"http:\/\/museumek.eu\/?attachment_id=57149\" rel=\"attachment wp-att-57149\"><img loading=\"lazy\" src=\"http:\/\/museumek.eu\/wp-content\/uploads\/2020\/11\/M-O-Milchk\u00e4nnchen-5-300x276.jpg\" alt=\"\" title=\"M &amp; O Milchk\u00e4nnchen 5\" width=\"300\" height=\"276\" class=\"alignnone size-medium wp-image-57149\" srcset=\"http:\/\/museumek.eu\/wp-content\/uploads\/2020\/11\/M-O-Milchk\u00e4nnchen-5-300x276.jpg 300w, http:\/\/museumek.eu\/wp-content\/uploads\/2020\/11\/M-O-Milchk\u00e4nnchen-5-150x138.jpg 150w, http:\/\/museumek.eu\/wp-content\/uploads\/2020\/11\/M-O-Milchk\u00e4nnchen-5-325x300.jpg 325w, http:\/\/museumek.eu\/wp-content\/uploads\/2020\/11\/M-O-Milchk\u00e4nnchen-5.jpg 520w\" sizes=\"(max-width: 300px) 100vw, 300px\" \/><\/a><\/p>\n<p><a href=\"http:\/\/museumek.eu\/?attachment_id=57150\" rel=\"attachment wp-att-57150\"><img loading=\"lazy\" src=\"http:\/\/museumek.eu\/wp-content\/uploads\/2020\/11\/M-O-Milchk\u00e4nnchen-6-300x262.jpg\" alt=\"\" title=\"M &amp; O Milchk\u00e4nnchen 6\" width=\"300\" height=\"262\" class=\"alignnone size-medium wp-image-57150\" srcset=\"http:\/\/museumek.eu\/wp-content\/uploads\/2020\/11\/M-O-Milchk\u00e4nnchen-6-300x262.jpg 300w, http:\/\/museumek.eu\/wp-content\/uploads\/2020\/11\/M-O-Milchk\u00e4nnchen-6-150x131.jpg 150w, http:\/\/museumek.eu\/wp-content\/uploads\/2020\/11\/M-O-Milchk\u00e4nnchen-6-342x300.jpg 342w, http:\/\/museumek.eu\/wp-content\/uploads\/2020\/11\/M-O-Milchk\u00e4nnchen-6.jpg 548w\" sizes=\"(max-width: 300px) 100vw, 300px\" \/><\/a><\/p>\n<p><a href=\"http:\/\/museumek.eu\/?attachment_id=57151\" rel=\"attachment wp-att-57151\"><img loading=\"lazy\" src=\"http:\/\/museumek.eu\/wp-content\/uploads\/2020\/11\/M-O-Milchk\u00e4nnchen-7-289x300.jpg\" alt=\"\" title=\"M &amp; O Milchk\u00e4nnchen 7\" width=\"289\" height=\"300\" class=\"alignnone size-medium wp-image-57151\" srcset=\"http:\/\/museumek.eu\/wp-content\/uploads\/2020\/11\/M-O-Milchk\u00e4nnchen-7-289x300.jpg 289w, http:\/\/museumek.eu\/wp-content\/uploads\/2020\/11\/M-O-Milchk\u00e4nnchen-7-144x150.jpg 144w, http:\/\/museumek.eu\/wp-content\/uploads\/2020\/11\/M-O-Milchk\u00e4nnchen-7.jpg 480w\" sizes=\"(max-width: 289px) 100vw, 289px\" \/><\/a><\/p>\n<p><a href=\"http:\/\/museumek.eu\/?attachment_id=57152\" rel=\"attachment wp-att-57152\"><img loading=\"lazy\" src=\"http:\/\/museumek.eu\/wp-content\/uploads\/2020\/11\/M-O-Milchk\u00e4nnchen-8-300x117.jpg\" alt=\"\" title=\"M &amp; O Milchk\u00e4nnchen 8\" width=\"300\" height=\"117\" class=\"alignnone size-medium wp-image-57152\" srcset=\"http:\/\/museumek.eu\/wp-content\/uploads\/2020\/11\/M-O-Milchk\u00e4nnchen-8-300x117.jpg 300w, http:\/\/museumek.eu\/wp-content\/uploads\/2020\/11\/M-O-Milchk\u00e4nnchen-8-150x58.jpg 150w, http:\/\/museumek.eu\/wp-content\/uploads\/2020\/11\/M-O-Milchk\u00e4nnchen-8-500x196.jpg 500w, http:\/\/museumek.eu\/wp-content\/uploads\/2020\/11\/M-O-Milchk\u00e4nnchen-8.jpg 640w\" sizes=\"(max-width: 300px) 100vw, 300px\" \/><\/a><\/p>\n<p><a href=\"http:\/\/museumek.eu\/?attachment_id=57153\" rel=\"attachment wp-att-57153\"><img loading=\"lazy\" src=\"http:\/\/museumek.eu\/wp-content\/uploads\/2020\/11\/M-O-Milchk\u00e4nnchen-9-300x261.jpg\" alt=\"\" title=\"M &amp; O Milchk\u00e4nnchen 9\" width=\"300\" height=\"261\" class=\"alignnone size-medium wp-image-57153\" srcset=\"http:\/\/museumek.eu\/wp-content\/uploads\/2020\/11\/M-O-Milchk\u00e4nnchen-9-300x261.jpg 300w, http:\/\/museumek.eu\/wp-content\/uploads\/2020\/11\/M-O-Milchk\u00e4nnchen-9-150x130.jpg 150w, http:\/\/museumek.eu\/wp-content\/uploads\/2020\/11\/M-O-Milchk\u00e4nnchen-9-344x300.jpg 344w, http:\/\/museumek.eu\/wp-content\/uploads\/2020\/11\/M-O-Milchk\u00e4nnchen-9.jpg 551w\" sizes=\"(max-width: 300px) 100vw, 300px\" \/><\/a><\/p>\n<p><a href=\"http:\/\/museumek.eu\/?attachment_id=57154\" rel=\"attachment wp-att-57154\"><img loading=\"lazy\" src=\"http:\/\/museumek.eu\/wp-content\/uploads\/2020\/11\/M-O-Milchk\u00e4nnchen-10-300x204.jpg\" alt=\"\" title=\"M &amp; O Milchk\u00e4nnchen 10\" width=\"300\" height=\"204\" class=\"alignnone size-medium wp-image-57154\" srcset=\"http:\/\/museumek.eu\/wp-content\/uploads\/2020\/11\/M-O-Milchk\u00e4nnchen-10-300x204.jpg 300w, http:\/\/museumek.eu\/wp-content\/uploads\/2020\/11\/M-O-Milchk\u00e4nnchen-10-150x102.jpg 150w, http:\/\/museumek.eu\/wp-content\/uploads\/2020\/11\/M-O-Milchk\u00e4nnchen-10-439x300.jpg 439w, http:\/\/museumek.eu\/wp-content\/uploads\/2020\/11\/M-O-Milchk\u00e4nnchen-10.jpg 640w\" sizes=\"(max-width: 300px) 100vw, 300px\" \/><\/a><\/p>\n","protected":false},"excerpt":{"rendered":"<p>Abteilung Deutschland, Keramik 1860 \u2013 1960, Inventarnummer D\/CLXVII\/3 Porzellanfabrik Gebr. Metzler &#038; Ortloff, vormals Porzellanfabrik H\u00f6hn und Metzler, Deutschland, Ilmenau, um 1935, Milchk\u00e4nnchen, K\u00fcnstler unbekannt, Werks.-Nr. 1853, Exemplar Nr. ohne, gemarkt erste Firmenmarke in einem Kreis eine Krone, darunter ineinander &hellip; <a href=\"http:\/\/museumek.eu\/?page_id=57161\">Weiterlesen <span class=\"meta-nav\">&rarr;<\/span><\/a><\/p>\n","protected":false},"author":1,"featured_media":0,"parent":50814,"menu_order":3,"comment_status":"closed","ping_status":"open","template":"","meta":[],"_links":{"self":[{"href":"http:\/\/museumek.eu\/index.php?rest_route=\/wp\/v2\/pages\/57161"}],"collection":[{"href":"http:\/\/museumek.eu\/index.php?rest_route=\/wp\/v2\/pages"}],"about":[{"href":"http:\/\/museumek.eu\/index.php?rest_route=\/wp\/v2\/types\/page"}],"author":[{"embeddable":true,"href":"http:\/\/museumek.eu\/index.php?rest_route=\/wp\/v2\/users\/1"}],"replies":[{"embeddable":true,"href":"http:\/\/museumek.eu\/index.php?rest_route=%2Fwp%2Fv2%2Fcomments&post=57161"}],"version-history":[{"count":5,"href":"http:\/\/museumek.eu\/index.php?rest_route=\/wp\/v2\/pages\/57161\/revisions"}],"predecessor-version":[{"id":57166,"href":"http:\/\/museumek.eu\/index.php?rest_route=\/wp\/v2\/pages\/57161\/revisions\/57166"}],"up":[{"embeddable":true,"href":"http:\/\/museumek.eu\/index.php?rest_route=\/wp\/v2\/pages\/50814"}],"wp:attachment":[{"href":"http:\/\/museumek.eu\/index.php?rest_route=%2Fwp%2Fv2%2Fmedia&parent=57161"}],"curies":[{"name":"wp","href":"https:\/\/api.w.org\/{rel}","templated":true}]}}