{"id":57196,"date":"2021-05-23T20:34:54","date_gmt":"2021-05-23T18:34:54","guid":{"rendered":"http:\/\/museumek.eu\/?page_id=57196"},"modified":"2021-05-23T21:29:56","modified_gmt":"2021-05-23T19:29:56","slug":"porzellan-manufactur-mehlhorn-jager-und-nachf-porzellan-manufacur-ludwig-mehlhorn-und-nachf-e-muhlenfeld-porzellanfabrik-und-nachf-porzellanfabrik-wilhelm-jager-inv-nr-dcxcviii1","status":"publish","type":"page","link":"http:\/\/museumek.eu\/?page_id=57196","title":{"rendered":"Porzellan-Manufactur Mehlhorn &#038; J\u00e4ger und Nachf. Porzellan- Manufacur Ludwig Mehlhorn und Nachf. E. M\u00fchlenfeld Porzellanfabrik und Nachf. Porzellanfabrik Wilhelm J\u00e4ger &#8211; Inv.Nr. D\/CXCVIII\/1"},"content":{"rendered":"","protected":false},"excerpt":{"rendered":"","protected":false},"author":1,"featured_media":0,"parent":51269,"menu_order":257,"comment_status":"closed","ping_status":"open","template":"","meta":[],"_links":{"self":[{"href":"http:\/\/museumek.eu\/index.php?rest_route=\/wp\/v2\/pages\/57196"}],"collection":[{"href":"http:\/\/museumek.eu\/index.php?rest_route=\/wp\/v2\/pages"}],"about":[{"href":"http:\/\/museumek.eu\/index.php?rest_route=\/wp\/v2\/types\/page"}],"author":[{"embeddable":true,"href":"http:\/\/museumek.eu\/index.php?rest_route=\/wp\/v2\/users\/1"}],"replies":[{"embeddable":true,"href":"http:\/\/museumek.eu\/index.php?rest_route=%2Fwp%2Fv2%2Fcomments&post=57196"}],"version-history":[{"count":2,"href":"http:\/\/museumek.eu\/index.php?rest_route=\/wp\/v2\/pages\/57196\/revisions"}],"predecessor-version":[{"id":57212,"href":"http:\/\/museumek.eu\/index.php?rest_route=\/wp\/v2\/pages\/57196\/revisions\/57212"}],"up":[{"embeddable":true,"href":"http:\/\/museumek.eu\/index.php?rest_route=\/wp\/v2\/pages\/51269"}],"wp:attachment":[{"href":"http:\/\/museumek.eu\/index.php?rest_route=%2Fwp%2Fv2%2Fmedia&parent=57196"}],"curies":[{"name":"wp","href":"https:\/\/api.w.org\/{rel}","templated":true}]}}