{"id":57198,"date":"2021-05-23T20:35:54","date_gmt":"2021-05-23T18:35:54","guid":{"rendered":"http:\/\/museumek.eu\/?page_id=57198"},"modified":"2021-05-23T20:38:36","modified_gmt":"2021-05-23T18:38:36","slug":"porzellan-manufactur-mehlhorn-jager-und-nachf-porzellan-manufacur-ludwig-mehlhorn-und-nachf-e-muhlenfeld-porzellanfabrik-und-nachf-porzellanfabrik-wilhelm-jager","status":"publish","type":"page","link":"http:\/\/museumek.eu\/?page_id=57198","title":{"rendered":"Porzellan-Manufactur Mehlhorn &#038; J\u00e4ger und Nachf. Porzellan-Manufactur Ludwig Mehlhorn und Nachf. E. M\u00fchlenfeld Porzellanfabrik und Nachf. Porzellanfabrik Wilhelm J\u00e4ger"},"content":{"rendered":"","protected":false},"excerpt":{"rendered":"","protected":false},"author":1,"featured_media":0,"parent":44,"menu_order":198,"comment_status":"closed","ping_status":"open","template":"","meta":[],"_links":{"self":[{"href":"http:\/\/museumek.eu\/index.php?rest_route=\/wp\/v2\/pages\/57198"}],"collection":[{"href":"http:\/\/museumek.eu\/index.php?rest_route=\/wp\/v2\/pages"}],"about":[{"href":"http:\/\/museumek.eu\/index.php?rest_route=\/wp\/v2\/types\/page"}],"author":[{"embeddable":true,"href":"http:\/\/museumek.eu\/index.php?rest_route=\/wp\/v2\/users\/1"}],"replies":[{"embeddable":true,"href":"http:\/\/museumek.eu\/index.php?rest_route=%2Fwp%2Fv2%2Fcomments&post=57198"}],"version-history":[{"count":2,"href":"http:\/\/museumek.eu\/index.php?rest_route=\/wp\/v2\/pages\/57198\/revisions"}],"predecessor-version":[{"id":57203,"href":"http:\/\/museumek.eu\/index.php?rest_route=\/wp\/v2\/pages\/57198\/revisions\/57203"}],"up":[{"embeddable":true,"href":"http:\/\/museumek.eu\/index.php?rest_route=\/wp\/v2\/pages\/44"}],"wp:attachment":[{"href":"http:\/\/museumek.eu\/index.php?rest_route=%2Fwp%2Fv2%2Fmedia&parent=57198"}],"curies":[{"name":"wp","href":"https:\/\/api.w.org\/{rel}","templated":true}]}}