{"id":57204,"date":"2021-05-23T20:40:01","date_gmt":"2021-05-23T18:40:01","guid":{"rendered":"http:\/\/museumek.eu\/?page_id=57204"},"modified":"2021-05-23T21:36:32","modified_gmt":"2021-05-23T19:36:32","slug":"fotos-und-beschreibung","status":"publish","type":"page","link":"http:\/\/museumek.eu\/?page_id=57204","title":{"rendered":"Fotos und Beschreibung"},"content":{"rendered":"<p><strong>Abteilung Deutschland, Keramik 1860 \u2013 1960, Inventarnummer D\/CXCVIII\/1<\/strong><\/p>\n<p>Porzellan-Manufactur Mehlhorn &#038; J\u00e4ger und Nachf. Porzellan-Manufactur Ludwig Mehlhorn und Nachf. E. M\u00fchlenfeld Porzellanfabrik und Nachf. Porzellanfabrik Wilhelm J\u00e4ger, Deutschland, Eisenberg, vor\/um 1900, Teller mit Zwiebeldekor, K\u00fcnstler unbekannt, Werks.-Nr. ohne, Exemplar Nr. ohne, gemarkt Firmenmarke mit M.P. blauer Stempel unter Glasur, nicht signiert, am 3. Februar 1870 er\u00f6ffneten Ludwig Mehlhorn (Ratskollegienwirt) und Eduard Julius J\u00e4ger (Partikulier) in der Klosterstra\u00dfe 5 in Eisenberg eine Porzellanfabrik, Firmierung wohl Porzellan-Manufactur Mehlhorn &#038; J\u00e4ger, produziert wurden vorwiegend Kaffee- und Tee-sets sowie spezielle Fr\u00fchst\u00fccks-sets und Restaurantgeschirr, alle Artikel wurden haupts\u00e4chlich als Kopie des originalen Meissener Zwiebelmusters dekoriert und da dies sehr beliebt war, war es keine \u00dcberraschung, dass das Gesch\u00e4ft sehr gut lief, bereits 1877 schied E.J. J\u00e4ger als Teilhaber aus und L. Mehlhorn f\u00fchrte die Fabrik unter seinem Namen weiter, Firmierung wohl ab da Porzellan- Manufactur Ludwig Mehlhorn, am 11. September 1881 verkauft Mehlhorn die Manufaktur an Friedrich Eduard M\u00fchlenfeld, Firmierung ab da E. M\u00fchlenfeld Porzellanfabrik, am 28. Juli 1911 kaufte Wilhelm J\u00e4ger die Porzellanfabrik, Firmierung ab da Porzellanfabrik Wilhelm J\u00e4ger, unter der F\u00fchrung von J\u00e4ger wuchs die Fabrik und 1913 besch\u00e4ftigte das Unternehmen bereits 95 Mitarbeiter und steigerte seine Qualit\u00e4t und Leistung, J\u00e4ger verwendete die meisten Formen weiter und benutzte neben eigenen Marken wohl auch die Firmenmarke M.P.M. bis ca. 1939 weiter, nach WK II wurde die Fabrik verstaatlicht, MEK Hinweise zur Firmenmarke: in der \u00e4lteren Markenliteratur wird f\u00fcr die Firmenmarke M.P.M. f\u00e4lschlicherweise ausschlie\u00dflich die Porzellanfabrik E. &#038; A. M\u00fcller, Sch\u00f6nwald, Bayern ausgewiesen, wohl weil sich in den Adressb\u00fcchern der Keramischen Industrie vor 1910 Hinweise finden, dass M\u00fcller so eine Firmenmarke benutzte, allerdings mit den Hinweisen, dass M.P.M. als Pressmarke verwendet worden ist und nicht als gestempelten Firmenmarke und wohl auch nicht mit den Punkten nach den Buchstaben, weiterhin ist offen, ob die Firmenmarke bereits von Mehlhorn benutzt worden ist, was wahrscheinlich ist, weil MPM wohl f\u00fcr Mehlhorn Porzellan-Manufactur steht und eher nicht f\u00fcr E. M\u00fchlenfeld Porzellanfabrik, Durchmesser 20,5 cm <\/p>\n<p><a href=\"http:\/\/museumek.eu\/?attachment_id=57206\" rel=\"attachment wp-att-57206\"><img loading=\"lazy\" src=\"http:\/\/museumek.eu\/wp-content\/uploads\/2021\/05\/M\u00fchlenfeld-Porzellan-Manufaktur-Teller-mit-Zwiebeldekor-1-293x300.jpg\" alt=\"\" title=\"M\u00fchlenfeld Porzellan-Manufaktur Teller mit Zwiebeldekor 1\" width=\"293\" height=\"300\" class=\"alignnone size-medium wp-image-57206\" srcset=\"http:\/\/museumek.eu\/wp-content\/uploads\/2021\/05\/M\u00fchlenfeld-Porzellan-Manufaktur-Teller-mit-Zwiebeldekor-1-293x300.jpg 293w, http:\/\/museumek.eu\/wp-content\/uploads\/2021\/05\/M\u00fchlenfeld-Porzellan-Manufaktur-Teller-mit-Zwiebeldekor-1-146x150.jpg 146w, http:\/\/museumek.eu\/wp-content\/uploads\/2021\/05\/M\u00fchlenfeld-Porzellan-Manufaktur-Teller-mit-Zwiebeldekor-1.jpg 480w\" sizes=\"(max-width: 293px) 100vw, 293px\" \/><\/a><\/p>\n<p><a href=\"http:\/\/museumek.eu\/?attachment_id=57207\" rel=\"attachment wp-att-57207\"><img loading=\"lazy\" src=\"http:\/\/museumek.eu\/wp-content\/uploads\/2021\/05\/M\u00fchlenfeld-Porzellan-Manufaktur-Teller-mit-Zwiebeldekor-2-300x298.jpg\" alt=\"\" title=\"M\u00fchlenfeld Porzellan-Manufaktur Teller mit Zwiebeldekor 2\" width=\"300\" height=\"298\" class=\"alignnone size-medium wp-image-57207\" srcset=\"http:\/\/museumek.eu\/wp-content\/uploads\/2021\/05\/M\u00fchlenfeld-Porzellan-Manufaktur-Teller-mit-Zwiebeldekor-2-300x298.jpg 300w, http:\/\/museumek.eu\/wp-content\/uploads\/2021\/05\/M\u00fchlenfeld-Porzellan-Manufaktur-Teller-mit-Zwiebeldekor-2-150x150.jpg 150w, http:\/\/museumek.eu\/wp-content\/uploads\/2021\/05\/M\u00fchlenfeld-Porzellan-Manufaktur-Teller-mit-Zwiebeldekor-2-301x300.jpg 301w, http:\/\/museumek.eu\/wp-content\/uploads\/2021\/05\/M\u00fchlenfeld-Porzellan-Manufaktur-Teller-mit-Zwiebeldekor-2.jpg 482w\" sizes=\"(max-width: 300px) 100vw, 300px\" \/><\/a><\/p>\n<p><a href=\"http:\/\/museumek.eu\/?attachment_id=57208\" rel=\"attachment wp-att-57208\"><img loading=\"lazy\" src=\"http:\/\/museumek.eu\/wp-content\/uploads\/2021\/05\/M\u00fchlenfeld-Porzellan-Manufaktur-Teller-mit-Zwiebeldekor-3-300x213.jpg\" alt=\"\" title=\"M\u00fchlenfeld Porzellan-Manufaktur Teller mit Zwiebeldekor 3\" width=\"300\" height=\"213\" class=\"alignnone size-medium wp-image-57208\" srcset=\"http:\/\/museumek.eu\/wp-content\/uploads\/2021\/05\/M\u00fchlenfeld-Porzellan-Manufaktur-Teller-mit-Zwiebeldekor-3-300x213.jpg 300w, http:\/\/museumek.eu\/wp-content\/uploads\/2021\/05\/M\u00fchlenfeld-Porzellan-Manufaktur-Teller-mit-Zwiebeldekor-3-150x106.jpg 150w, http:\/\/museumek.eu\/wp-content\/uploads\/2021\/05\/M\u00fchlenfeld-Porzellan-Manufaktur-Teller-mit-Zwiebeldekor-3-421x300.jpg 421w, http:\/\/museumek.eu\/wp-content\/uploads\/2021\/05\/M\u00fchlenfeld-Porzellan-Manufaktur-Teller-mit-Zwiebeldekor-3.jpg 640w\" sizes=\"(max-width: 300px) 100vw, 300px\" \/><\/a><\/p>\n","protected":false},"excerpt":{"rendered":"<p>Abteilung Deutschland, Keramik 1860 \u2013 1960, Inventarnummer D\/CXCVIII\/1 Porzellan-Manufactur Mehlhorn &#038; J\u00e4ger und Nachf. Porzellan-Manufactur Ludwig Mehlhorn und Nachf. E. M\u00fchlenfeld Porzellanfabrik und Nachf. Porzellanfabrik Wilhelm J\u00e4ger, Deutschland, Eisenberg, vor\/um 1900, Teller mit Zwiebeldekor, K\u00fcnstler unbekannt, Werks.-Nr. ohne, Exemplar Nr. &hellip; <a href=\"http:\/\/museumek.eu\/?page_id=57204\">Weiterlesen <span class=\"meta-nav\">&rarr;<\/span><\/a><\/p>\n","protected":false},"author":1,"featured_media":0,"parent":57196,"menu_order":1,"comment_status":"closed","ping_status":"open","template":"","meta":[],"_links":{"self":[{"href":"http:\/\/museumek.eu\/index.php?rest_route=\/wp\/v2\/pages\/57204"}],"collection":[{"href":"http:\/\/museumek.eu\/index.php?rest_route=\/wp\/v2\/pages"}],"about":[{"href":"http:\/\/museumek.eu\/index.php?rest_route=\/wp\/v2\/types\/page"}],"author":[{"embeddable":true,"href":"http:\/\/museumek.eu\/index.php?rest_route=\/wp\/v2\/users\/1"}],"replies":[{"embeddable":true,"href":"http:\/\/museumek.eu\/index.php?rest_route=%2Fwp%2Fv2%2Fcomments&post=57204"}],"version-history":[{"count":6,"href":"http:\/\/museumek.eu\/index.php?rest_route=\/wp\/v2\/pages\/57204\/revisions"}],"predecessor-version":[{"id":57214,"href":"http:\/\/museumek.eu\/index.php?rest_route=\/wp\/v2\/pages\/57204\/revisions\/57214"}],"up":[{"embeddable":true,"href":"http:\/\/museumek.eu\/index.php?rest_route=\/wp\/v2\/pages\/57196"}],"wp:attachment":[{"href":"http:\/\/museumek.eu\/index.php?rest_route=%2Fwp%2Fv2%2Fmedia&parent=57204"}],"curies":[{"name":"wp","href":"https:\/\/api.w.org\/{rel}","templated":true}]}}