{"id":57441,"date":"2021-06-04T13:37:52","date_gmt":"2021-06-04T11:37:52","guid":{"rendered":"http:\/\/museumek.eu\/?page_id=57441"},"modified":"2021-06-04T13:40:30","modified_gmt":"2021-06-04T11:40:30","slug":"57441-2","status":"publish","type":"page","link":"http:\/\/museumek.eu\/?page_id=57441","title":{"rendered":"D\/CLXXIII\/2"},"content":{"rendered":"<p><strong>Abteilung Deutschland, Keramik 1860 \u2013 1960, Inventarnummer D\/CLXXIII\/2<\/strong><\/p>\n<p>Porzellanfabrik K\u00f6nigszelt AG, Vorg\u00e4nger Porzellanfabrik K\u00f6nigszelt AG, vormals August Rappsilber, vormals August Rappsilber Porzellanfabrik, vormals Porzellan-Manufactur August Rappsilber, vormals Porzellan &#038; Chamotte-Fabrik August Rappsilber, vormals Porzellan Manufactur und Chamott-Fabriken C. Heckmann &#038; Rappsilber, vormals Porzellanfabrik Silber &#038; Co., Schlesien\/Deutschland, K\u00f6nigszelt, 1880 bis 1886, Teller mit reichlicher Goldbemalung, K\u00fcnstler unbekannt, Werks.-Nr. ohne, Exemplar Nr. ohne, gemarkt Firmenmarke bekr\u00f6nter Adler mit Zepter und Reichsapfel, darunter A. R. (f\u00fcr August Rappsilber) blauer Stempel unter Glasur sowie 945. in Gold auf Glasur gemalt, nicht signiert, Robert E. R\u00f6ntgen, Deutsche Porzellanmarken von 1710 bis heute, Seite 161\/162, sehr kurze und unvollst\u00e4ndige Beschreibung der Fabrik sowie Seite 162, Marke Nr. 1209 identisch (dort beschrieben f\u00fcr die Zeit von 1880 bis 1886), weitere Literatur: Dieter Z\u00fchlsdorff, Markenlexikon Band 1, Porzellan und Keramik Report 1885 &#8211; 1935, Seite 312, Werk-Teil 1., Gruppennummer 11., laufende Nummer der Gruppe 16, identische Marke (dort f\u00fcr die Zeit von 1880 bis nach 1886) sowie Seite 536, Werk-Teil 3., laufende Nummer des Werkteils 627, dort Beschreibung der Fabrik, weitere Literatur: Gerhardt Schmidt-Stein, Schlesisches Porzellan vor 1945, Seite 102 ff., ausf\u00fchrliche Beschreibung der Fabrik sowie Seite 119, dort identische Marke (dort f\u00fcr die Zeit von 1880 bis 1886), weitere Literatur: Ludwig Danckert, Handbuch des Europ\u00e4ischen Porzellans, 7. Auflage, Seite 284, kurze Beschreibung der Fabrik sowie Marke 15 identisch (die Firmenmarke wurde am 12.06.1880 beim K\u00f6niglichen Amtsgericht eingetragen), weitere Literatur: Otto Pelka, Keramik der Neuzeit, Markentafel V, Markenkasten 72, dort identische Marke abgebildet, weitere Literatur: Gustav Wei\u00df, Ullstein Porzellanbuch, Seite 268, dort eine der Marken Nr. 2 identisch, 1860 gr\u00fcndete der Maurermeister Traugott Silber eine Porzellanfabrik in K\u00f6nigszelt (Schlesien), Firmierung Porzellanfabrik Silber &#038; Co., Silber begann mit zwei Brenn\u00f6fen und stellte Gebrauchsgeschirr her, 1871\/1872 \u00fcbernahmen Carl Heinrich Otto Heckmann (wohl in Berlin geborener Maler) und August Friedrich Wilhelm Rappsilber (geb. 1832 in Frankfurt\/O., von Beruf Maschinenbauer) die Fabrik, Firmierung Porzellan Manufactur und Chamott-Fabriken C. Heckmann &#038; Rappsilber, Heckmann war seit 1964 bereits P\u00e4chter der Gr\u00e4flich Frankenberg&#8217;schen Porzellanfabrik in Tillowitz, Rappsilber war wohl auch P\u00e4chter dieser Fabrik bis 1878, 1874 wurde die K\u00f6nigszelter Porzellanfabrik durch Neubauten erweitert, die Vertretung f\u00fcr die Fabrik lag bei den Heckmann&#8217;schen Br\u00fcdern Adolf und Gustav Heckmann, die in Berlin einen Porzellanwarenhandel betrieben, das Handelsgesch\u00e4ft der Berliner Br\u00fcder ging ca. 1878 pleite, das war wohl auch der Grund, f\u00fcr das Ausscheiden von Heckmann aus der K\u00f6nigszelter Porzellanfabrik, denn ab 1878 war Rappsilber Alleineigent\u00fcmer, Firmierung ab da Porzellan &#038; Chamott-Fabrik August Rappsilber, 1878 beendete Rappsilber auch sein Pachtverh\u00e4ltnis der Tillowitzer Porzellanfabrik, in den Jahren 1878 bis 1886 \u00e4nderte Rappsilber dann zweimal den Namen der Fabrik, zuerst in Porzellan-Manufaktur August Rappsilber und dann in August Rappsilber Porzellanfabrik, 1886 verkaufte Rappsilber die Fabrik an ein Bankenkonsortium unter der F\u00fchrung des Meininger Bankhauses Strupp, welches die Fabrik in eine AG umwandelte, Firmierung Porzellanfabrik K\u00f6nigszelt AG vormals August Rappsilber, AG Gr\u00fcndung 18.12.1886, Eintragung 22.01.1887, 1891 verstarb Rappsilber, 1905 \u00e4nderte die AG ihren Namen in Porzellanfabrik K\u00f6nigszelt AG, 1928 wird die Fabrik von der Porzellanfabriken Lorenz Hutschenreuther AG \u00fcbernommen, nach WK II hat die Fabrik dann polnische Besitzer, Durchmesser 18 cm<\/p>\n<p><a href=\"http:\/\/museumek.eu\/?attachment_id=57426\" rel=\"attachment wp-att-57426\"><img loading=\"lazy\" src=\"http:\/\/museumek.eu\/wp-content\/uploads\/2020\/12\/August-Rappsilber-Teller-mit-starkem-Golddekor-1-300x286.jpg\" alt=\"\" title=\"August Rappsilber Teller mit starkem Golddekor 1\" width=\"300\" height=\"286\" class=\"alignnone size-medium wp-image-57426\" srcset=\"http:\/\/museumek.eu\/wp-content\/uploads\/2020\/12\/August-Rappsilber-Teller-mit-starkem-Golddekor-1-300x286.jpg 300w, http:\/\/museumek.eu\/wp-content\/uploads\/2020\/12\/August-Rappsilber-Teller-mit-starkem-Golddekor-1-150x143.jpg 150w, http:\/\/museumek.eu\/wp-content\/uploads\/2020\/12\/August-Rappsilber-Teller-mit-starkem-Golddekor-1.jpg 502w\" sizes=\"(max-width: 300px) 100vw, 300px\" \/><\/a><\/p>\n<p><a href=\"http:\/\/museumek.eu\/?attachment_id=57427\" rel=\"attachment wp-att-57427\"><img loading=\"lazy\" src=\"http:\/\/museumek.eu\/wp-content\/uploads\/2020\/12\/August-Rappsilber-Teller-mit-starkem-Golddekor-2-300x205.jpg\" alt=\"\" title=\"August Rappsilber Teller mit starkem Golddekor 2\" width=\"300\" height=\"205\" class=\"alignnone size-medium wp-image-57427\" srcset=\"http:\/\/museumek.eu\/wp-content\/uploads\/2020\/12\/August-Rappsilber-Teller-mit-starkem-Golddekor-2-300x205.jpg 300w, http:\/\/museumek.eu\/wp-content\/uploads\/2020\/12\/August-Rappsilber-Teller-mit-starkem-Golddekor-2-150x102.jpg 150w, http:\/\/museumek.eu\/wp-content\/uploads\/2020\/12\/August-Rappsilber-Teller-mit-starkem-Golddekor-2-438x300.jpg 438w, http:\/\/museumek.eu\/wp-content\/uploads\/2020\/12\/August-Rappsilber-Teller-mit-starkem-Golddekor-2.jpg 640w\" sizes=\"(max-width: 300px) 100vw, 300px\" \/><\/a><\/p>\n<p><a href=\"http:\/\/museumek.eu\/?attachment_id=57428\" rel=\"attachment wp-att-57428\"><img loading=\"lazy\" src=\"http:\/\/museumek.eu\/wp-content\/uploads\/2020\/12\/August-Rappsilber-Teller-mit-starkem-Golddekor-3-300x295.jpg\" alt=\"\" title=\"August Rappsilber Teller mit starkem Golddekor 3\" width=\"300\" height=\"295\" class=\"alignnone size-medium wp-image-57428\" srcset=\"http:\/\/museumek.eu\/wp-content\/uploads\/2020\/12\/August-Rappsilber-Teller-mit-starkem-Golddekor-3-300x295.jpg 300w, http:\/\/museumek.eu\/wp-content\/uploads\/2020\/12\/August-Rappsilber-Teller-mit-starkem-Golddekor-3-150x147.jpg 150w, http:\/\/museumek.eu\/wp-content\/uploads\/2020\/12\/August-Rappsilber-Teller-mit-starkem-Golddekor-3-304x300.jpg 304w, http:\/\/museumek.eu\/wp-content\/uploads\/2020\/12\/August-Rappsilber-Teller-mit-starkem-Golddekor-3.jpg 487w\" sizes=\"(max-width: 300px) 100vw, 300px\" \/><\/a><\/p>\n<p><a href=\"http:\/\/museumek.eu\/?attachment_id=57429\" rel=\"attachment wp-att-57429\"><img loading=\"lazy\" src=\"http:\/\/museumek.eu\/wp-content\/uploads\/2020\/12\/August-Rappsilber-Teller-mit-starkem-Golddekor-4-300x221.jpg\" alt=\"\" title=\"August Rappsilber Teller mit starkem Golddekor 4\" width=\"300\" height=\"221\" class=\"alignnone size-medium wp-image-57429\" srcset=\"http:\/\/museumek.eu\/wp-content\/uploads\/2020\/12\/August-Rappsilber-Teller-mit-starkem-Golddekor-4-300x221.jpg 300w, http:\/\/museumek.eu\/wp-content\/uploads\/2020\/12\/August-Rappsilber-Teller-mit-starkem-Golddekor-4-150x110.jpg 150w, http:\/\/museumek.eu\/wp-content\/uploads\/2020\/12\/August-Rappsilber-Teller-mit-starkem-Golddekor-4-405x300.jpg 405w, http:\/\/museumek.eu\/wp-content\/uploads\/2020\/12\/August-Rappsilber-Teller-mit-starkem-Golddekor-4.jpg 640w\" sizes=\"(max-width: 300px) 100vw, 300px\" \/><\/a><\/p>\n<p><a href=\"http:\/\/museumek.eu\/?attachment_id=57430\" rel=\"attachment wp-att-57430\"><img loading=\"lazy\" src=\"http:\/\/museumek.eu\/wp-content\/uploads\/2020\/12\/August-Rappsilber-Teller-mit-starkem-Golddekor-5-245x300.jpg\" alt=\"\" title=\"August Rappsilber Teller mit starkem Golddekor 5\" width=\"245\" height=\"300\" class=\"alignnone size-medium wp-image-57430\" srcset=\"http:\/\/museumek.eu\/wp-content\/uploads\/2020\/12\/August-Rappsilber-Teller-mit-starkem-Golddekor-5-245x300.jpg 245w, http:\/\/museumek.eu\/wp-content\/uploads\/2020\/12\/August-Rappsilber-Teller-mit-starkem-Golddekor-5-122x150.jpg 122w, http:\/\/museumek.eu\/wp-content\/uploads\/2020\/12\/August-Rappsilber-Teller-mit-starkem-Golddekor-5.jpg 480w\" sizes=\"(max-width: 245px) 100vw, 245px\" \/><\/a><\/p>\n<p><a href=\"http:\/\/museumek.eu\/?attachment_id=57431\" rel=\"attachment wp-att-57431\"><img loading=\"lazy\" src=\"http:\/\/museumek.eu\/wp-content\/uploads\/2020\/12\/August-Rappsilber-Teller-mit-starkem-Golddekor-6-300x256.jpg\" alt=\"\" title=\"August Rappsilber Teller mit starkem Golddekor 6\" width=\"300\" height=\"256\" class=\"alignnone size-medium wp-image-57431\" srcset=\"http:\/\/museumek.eu\/wp-content\/uploads\/2020\/12\/August-Rappsilber-Teller-mit-starkem-Golddekor-6-300x256.jpg 300w, http:\/\/museumek.eu\/wp-content\/uploads\/2020\/12\/August-Rappsilber-Teller-mit-starkem-Golddekor-6-150x128.jpg 150w, http:\/\/museumek.eu\/wp-content\/uploads\/2020\/12\/August-Rappsilber-Teller-mit-starkem-Golddekor-6-350x300.jpg 350w, http:\/\/museumek.eu\/wp-content\/uploads\/2020\/12\/August-Rappsilber-Teller-mit-starkem-Golddekor-6.jpg 561w\" sizes=\"(max-width: 300px) 100vw, 300px\" \/><\/a><\/p>\n","protected":false},"excerpt":{"rendered":"<p>Abteilung Deutschland, Keramik 1860 \u2013 1960, Inventarnummer D\/CLXXIII\/2 Porzellanfabrik K\u00f6nigszelt AG, Vorg\u00e4nger Porzellanfabrik K\u00f6nigszelt AG, vormals August Rappsilber, vormals August Rappsilber Porzellanfabrik, vormals Porzellan-Manufactur August Rappsilber, vormals Porzellan &#038; Chamotte-Fabrik August Rappsilber, vormals Porzellan Manufactur und Chamott-Fabriken C. Heckmann &#038; &hellip; <a href=\"http:\/\/museumek.eu\/?page_id=57441\">Weiterlesen <span class=\"meta-nav\">&rarr;<\/span><\/a><\/p>\n","protected":false},"author":1,"featured_media":0,"parent":51516,"menu_order":2,"comment_status":"closed","ping_status":"open","template":"","meta":[],"_links":{"self":[{"href":"http:\/\/museumek.eu\/index.php?rest_route=\/wp\/v2\/pages\/57441"}],"collection":[{"href":"http:\/\/museumek.eu\/index.php?rest_route=\/wp\/v2\/pages"}],"about":[{"href":"http:\/\/museumek.eu\/index.php?rest_route=\/wp\/v2\/types\/page"}],"author":[{"embeddable":true,"href":"http:\/\/museumek.eu\/index.php?rest_route=\/wp\/v2\/users\/1"}],"replies":[{"embeddable":true,"href":"http:\/\/museumek.eu\/index.php?rest_route=%2Fwp%2Fv2%2Fcomments&post=57441"}],"version-history":[{"count":4,"href":"http:\/\/museumek.eu\/index.php?rest_route=\/wp\/v2\/pages\/57441\/revisions"}],"predecessor-version":[{"id":57445,"href":"http:\/\/museumek.eu\/index.php?rest_route=\/wp\/v2\/pages\/57441\/revisions\/57445"}],"up":[{"embeddable":true,"href":"http:\/\/museumek.eu\/index.php?rest_route=\/wp\/v2\/pages\/51516"}],"wp:attachment":[{"href":"http:\/\/museumek.eu\/index.php?rest_route=%2Fwp%2Fv2%2Fmedia&parent=57441"}],"curies":[{"name":"wp","href":"https:\/\/api.w.org\/{rel}","templated":true}]}}