{"id":57610,"date":"2021-06-05T19:55:41","date_gmt":"2021-06-05T17:55:41","guid":{"rendered":"http:\/\/museumek.eu\/?page_id=57610"},"modified":"2021-06-05T19:55:41","modified_gmt":"2021-06-05T17:55:41","slug":"alxx1","status":"publish","type":"page","link":"http:\/\/museumek.eu\/?page_id=57610","title":{"rendered":"A\/LXX\/1"},"content":{"rendered":"<p><strong>Abteilung Austria, Keramik 1860 \u2013 1960, Inventarnummer A\/LXX\/1<\/strong><\/p>\n<p>Gr\u00e4flich Thun\u2018 sche Porzellan-Fabrik in Kl\u00f6sterle und Nachf. Thun\u2018 sche Porzellanfabrik, Austria\/B\u00f6hmen, Kl\u00f6sterle\/Klasterec, um 1920, gro\u00dfe ovale Sch\u00fcssel mit Deckel und zwei Handhaben eines Speiseservice, K\u00fcnstler unbekannt, Werks.-Nr. ohne, Exemplar Nr. ohne, gemarkt Firmenmarke eine Krone, darunter TK (f\u00fcr Thun Kl\u00f6sterle), darunter Thun, wobei der Querstrich des T nach rechts verl\u00e4ngert ist und mit nach unten auslaufendem Buchstabe n, darunter Czechoslovakia gr\u00fcner Stempel unter Glasur und zus\u00e4tzlicher Stempel innen in einem Kreis die Beschriftung REGISTRIRT (was wohl sinngem\u00e4\u00df gesetzlich gesch\u00fctzt bedeutet, wobei das G wie ein Q aussieht und das Wort insgesamt einen sehr falsch geschriebenen Eindruck macht, siehe Saliere aus diesem Service MEK A\/LXX\/7, dort dieser Stempel gut lesbar und siehe MEK A\/LXX\/6, dort eine kleine Souciere aus diesem Service mit \u00e4hnlichem Zusatzstempel, dort richtig geschrieben) gr\u00fcner Stempel unter Glasur sowie 1370 (evtl. Formnummer) gepresst, nicht signiert, Literatur: Dieter Z\u00fchlsdorff, Markenlexikon Band 1, Porzellan und Keramik Report 1885 &#8211; 1935, Seite 255, Werk-Teil 1., Gruppennummer des Werkteils 4., laufende Nummer innerhalb der Gruppe 234 identische Marke (dort f\u00fcr die Zeit ab 1918) sowie Seite 534, Werk-Teil 3., laufende Nummer des Werkteils 607, dort kurze Beschreibung der Fabrik, weitere Literatur: Ludwig Danckert, Handbuch des Europ\u00e4ischen Porzellans, 7. Auflage, Seite 277, kurze Beschreibung der Fabrik, 1794 gr\u00fcndete der Oberforstmeister und Oberdirektor der Graf Thun\u00b4schen Herrschaft Johann Nicolaus Weber unter Mithilfe von Th\u00fcringer Fachleuten, insbesondere dem Arkanisten J. G. Sonntag, im Auftrag des Grafen F. J. Thun in Kl\u00f6sterle an der Eger eine Porzellanfabrik, Firmierung ist nicht bekannt, die Fabrik wird 1797 an Christian Nonne (geb. 1733, gest. 1813) verpachtet, Nonne war u. a. der Gr\u00fcnder der Porzellanfabrik Gie\u00dfh\u00fcbel bei Luditz, Firmierung unter Nonne ist nicht bekannt, Nonne, stellte so sch\u00f6nes Porzellan, dekoriert u. a. von dem Porzellanmaler Anton Nabichl her, dass es in der ganzen Habsburgermonarchie bekannt wurde, in der Zeit von 1803 bis 1820, war ein Herr Habertitzel P\u00e4chter, ab 1820 \u00fcbernahm Graf Mathias Thun selbst die Fabrik, Firmierung wohl ab da Gr\u00e4flich Thun\u2018 sche Porzellan-Fabrik in Kl\u00f6sterle, ab 1848 ist Karl Venier Direktor der Fabrik, er f\u00fchrte die Fabrik zu wirtschaftlicher Bl\u00fcte, 1901 schied Venier aus und gr\u00fcndete zusammen mit einem oder mehreren Br\u00fcdern die Porzellanfabrik Gebr. Venier in Kl\u00f6sterle, seit 1907 ist Dr. Graf Oswald Thun-Hohenstein-Salm-Reifferscheid Inhaber der Thun\u2018 schen Fabrik, die Firmierung \u00e4ndert sich in Thun\u2018 sche Porzellanfabrik, nach WK II wird die Fabrik verstaatlicht, laut Verk\u00e4uferangaben war das Service im hessischen Adelsbesitz derer von Baumbach, H\u00f6he 19 cm, Breite 37 cm<\/p>\n<p><a href=\"http:\/\/museumek.eu\/?attachment_id=57459\" rel=\"attachment wp-att-57459\"><img loading=\"lazy\" src=\"http:\/\/museumek.eu\/wp-content\/uploads\/2021\/06\/Thun-Service-Sch\u00fcssel-mit-Deckel-1-300x231.jpg\" alt=\"\" title=\"Thun Service Sch\u00fcssel mit Deckel 1\" width=\"300\" height=\"231\" class=\"alignnone size-medium wp-image-57459\" srcset=\"http:\/\/museumek.eu\/wp-content\/uploads\/2021\/06\/Thun-Service-Sch\u00fcssel-mit-Deckel-1-300x231.jpg 300w, http:\/\/museumek.eu\/wp-content\/uploads\/2021\/06\/Thun-Service-Sch\u00fcssel-mit-Deckel-1-150x115.jpg 150w, http:\/\/museumek.eu\/wp-content\/uploads\/2021\/06\/Thun-Service-Sch\u00fcssel-mit-Deckel-1-389x300.jpg 389w, http:\/\/museumek.eu\/wp-content\/uploads\/2021\/06\/Thun-Service-Sch\u00fcssel-mit-Deckel-1.jpg 623w\" sizes=\"(max-width: 300px) 100vw, 300px\" \/><\/a><\/p>\n<p><a href=\"http:\/\/museumek.eu\/?attachment_id=57460\" rel=\"attachment wp-att-57460\"><img loading=\"lazy\" src=\"http:\/\/museumek.eu\/wp-content\/uploads\/2021\/06\/Thun-Service-Sch\u00fcssel-mit-Deckel-2-300x182.jpg\" alt=\"\" title=\"Thun Service Sch\u00fcssel mit Deckel 2\" width=\"300\" height=\"182\" class=\"alignnone size-medium wp-image-57460\" srcset=\"http:\/\/museumek.eu\/wp-content\/uploads\/2021\/06\/Thun-Service-Sch\u00fcssel-mit-Deckel-2-300x182.jpg 300w, http:\/\/museumek.eu\/wp-content\/uploads\/2021\/06\/Thun-Service-Sch\u00fcssel-mit-Deckel-2-150x91.jpg 150w, http:\/\/museumek.eu\/wp-content\/uploads\/2021\/06\/Thun-Service-Sch\u00fcssel-mit-Deckel-2-493x300.jpg 493w, http:\/\/museumek.eu\/wp-content\/uploads\/2021\/06\/Thun-Service-Sch\u00fcssel-mit-Deckel-2.jpg 640w\" sizes=\"(max-width: 300px) 100vw, 300px\" \/><\/a><\/p>\n<p><a href=\"http:\/\/museumek.eu\/?attachment_id=57461\" rel=\"attachment wp-att-57461\"><img loading=\"lazy\" src=\"http:\/\/museumek.eu\/wp-content\/uploads\/2021\/06\/Thun-Service-Sch\u00fcssel-mit-Deckel-3-300x173.jpg\" alt=\"\" title=\"Thun Service Sch\u00fcssel mit Deckel 3\" width=\"300\" height=\"173\" class=\"alignnone size-medium wp-image-57461\" srcset=\"http:\/\/museumek.eu\/wp-content\/uploads\/2021\/06\/Thun-Service-Sch\u00fcssel-mit-Deckel-3-300x173.jpg 300w, http:\/\/museumek.eu\/wp-content\/uploads\/2021\/06\/Thun-Service-Sch\u00fcssel-mit-Deckel-3-150x86.jpg 150w, http:\/\/museumek.eu\/wp-content\/uploads\/2021\/06\/Thun-Service-Sch\u00fcssel-mit-Deckel-3-500x289.jpg 500w, http:\/\/museumek.eu\/wp-content\/uploads\/2021\/06\/Thun-Service-Sch\u00fcssel-mit-Deckel-3.jpg 640w\" sizes=\"(max-width: 300px) 100vw, 300px\" \/><\/a><\/p>\n<p><a href=\"http:\/\/museumek.eu\/?attachment_id=57462\" rel=\"attachment wp-att-57462\"><img loading=\"lazy\" src=\"http:\/\/museumek.eu\/wp-content\/uploads\/2021\/06\/Thun-Service-Sch\u00fcssel-mit-Deckel-4-258x300.jpg\" alt=\"\" title=\"Thun Service Sch\u00fcssel mit Deckel 4\" width=\"258\" height=\"300\" class=\"alignnone size-medium wp-image-57462\" srcset=\"http:\/\/museumek.eu\/wp-content\/uploads\/2021\/06\/Thun-Service-Sch\u00fcssel-mit-Deckel-4-258x300.jpg 258w, http:\/\/museumek.eu\/wp-content\/uploads\/2021\/06\/Thun-Service-Sch\u00fcssel-mit-Deckel-4-129x150.jpg 129w, http:\/\/museumek.eu\/wp-content\/uploads\/2021\/06\/Thun-Service-Sch\u00fcssel-mit-Deckel-4.jpg 480w\" sizes=\"(max-width: 258px) 100vw, 258px\" \/><\/a><\/p>\n<p><a href=\"http:\/\/museumek.eu\/?attachment_id=57463\" rel=\"attachment wp-att-57463\"><img loading=\"lazy\" src=\"http:\/\/museumek.eu\/wp-content\/uploads\/2021\/06\/Thun-Service-Sch\u00fcssel-mit-Deckel-5-175x300.jpg\" alt=\"\" title=\"Thun Service Sch\u00fcssel mit Deckel 5\" width=\"175\" height=\"300\" class=\"alignnone size-medium wp-image-57463\" srcset=\"http:\/\/museumek.eu\/wp-content\/uploads\/2021\/06\/Thun-Service-Sch\u00fcssel-mit-Deckel-5-175x300.jpg 175w, http:\/\/museumek.eu\/wp-content\/uploads\/2021\/06\/Thun-Service-Sch\u00fcssel-mit-Deckel-5-87x150.jpg 87w, http:\/\/museumek.eu\/wp-content\/uploads\/2021\/06\/Thun-Service-Sch\u00fcssel-mit-Deckel-5.jpg 375w\" sizes=\"(max-width: 175px) 100vw, 175px\" \/><\/a><\/p>\n<p><a href=\"http:\/\/museumek.eu\/?attachment_id=57464\" rel=\"attachment wp-att-57464\"><img loading=\"lazy\" src=\"http:\/\/museumek.eu\/wp-content\/uploads\/2021\/06\/Thun-Service-Sch\u00fcssel-mit-Deckel-6-281x300.jpg\" alt=\"\" title=\"Thun Service Sch\u00fcssel mit Deckel 6\" width=\"281\" height=\"300\" class=\"alignnone size-medium wp-image-57464\" srcset=\"http:\/\/museumek.eu\/wp-content\/uploads\/2021\/06\/Thun-Service-Sch\u00fcssel-mit-Deckel-6-281x300.jpg 281w, http:\/\/museumek.eu\/wp-content\/uploads\/2021\/06\/Thun-Service-Sch\u00fcssel-mit-Deckel-6-140x150.jpg 140w, http:\/\/museumek.eu\/wp-content\/uploads\/2021\/06\/Thun-Service-Sch\u00fcssel-mit-Deckel-6.jpg 480w\" sizes=\"(max-width: 281px) 100vw, 281px\" \/><\/a><\/p>\n<p><a href=\"http:\/\/museumek.eu\/?attachment_id=57465\" rel=\"attachment wp-att-57465\"><img loading=\"lazy\" src=\"http:\/\/museumek.eu\/wp-content\/uploads\/2021\/06\/Thun-Service-Sch\u00fcssel-mit-Deckel-7-138x300.jpg\" alt=\"\" title=\"Thun Service Sch\u00fcssel mit Deckel 7\" width=\"138\" height=\"300\" class=\"alignnone size-medium wp-image-57465\" srcset=\"http:\/\/museumek.eu\/wp-content\/uploads\/2021\/06\/Thun-Service-Sch\u00fcssel-mit-Deckel-7-138x300.jpg 138w, http:\/\/museumek.eu\/wp-content\/uploads\/2021\/06\/Thun-Service-Sch\u00fcssel-mit-Deckel-7-69x150.jpg 69w, http:\/\/museumek.eu\/wp-content\/uploads\/2021\/06\/Thun-Service-Sch\u00fcssel-mit-Deckel-7.jpg 295w\" sizes=\"(max-width: 138px) 100vw, 138px\" \/><\/a><\/p>\n<p><a href=\"http:\/\/museumek.eu\/?attachment_id=57466\" rel=\"attachment wp-att-57466\"><img loading=\"lazy\" src=\"http:\/\/museumek.eu\/wp-content\/uploads\/2021\/06\/Thun-Service-Sch\u00fcssel-mit-Deckel-8-300x258.jpg\" alt=\"\" title=\"Thun Service Sch\u00fcssel mit Deckel 8\" width=\"300\" height=\"258\" class=\"alignnone size-medium wp-image-57466\" srcset=\"http:\/\/museumek.eu\/wp-content\/uploads\/2021\/06\/Thun-Service-Sch\u00fcssel-mit-Deckel-8-300x258.jpg 300w, http:\/\/museumek.eu\/wp-content\/uploads\/2021\/06\/Thun-Service-Sch\u00fcssel-mit-Deckel-8-150x129.jpg 150w, http:\/\/museumek.eu\/wp-content\/uploads\/2021\/06\/Thun-Service-Sch\u00fcssel-mit-Deckel-8-348x300.jpg 348w, http:\/\/museumek.eu\/wp-content\/uploads\/2021\/06\/Thun-Service-Sch\u00fcssel-mit-Deckel-8.jpg 557w\" sizes=\"(max-width: 300px) 100vw, 300px\" \/><\/a><\/p>\n<p><a href=\"http:\/\/museumek.eu\/?attachment_id=57467\" rel=\"attachment wp-att-57467\"><img loading=\"lazy\" src=\"http:\/\/museumek.eu\/wp-content\/uploads\/2021\/06\/Thun-Service-Sch\u00fcssel-mit-Deckel-9-209x300.jpg\" alt=\"\" title=\"Thun Service Sch\u00fcssel mit Deckel 9\" width=\"209\" height=\"300\" class=\"alignnone size-medium wp-image-57467\" srcset=\"http:\/\/museumek.eu\/wp-content\/uploads\/2021\/06\/Thun-Service-Sch\u00fcssel-mit-Deckel-9-209x300.jpg 209w, http:\/\/museumek.eu\/wp-content\/uploads\/2021\/06\/Thun-Service-Sch\u00fcssel-mit-Deckel-9-104x150.jpg 104w, http:\/\/museumek.eu\/wp-content\/uploads\/2021\/06\/Thun-Service-Sch\u00fcssel-mit-Deckel-9.jpg 446w\" sizes=\"(max-width: 209px) 100vw, 209px\" \/><\/a><\/p>\n<p><a href=\"http:\/\/museumek.eu\/?attachment_id=57468\" rel=\"attachment wp-att-57468\"><img loading=\"lazy\" src=\"http:\/\/museumek.eu\/wp-content\/uploads\/2021\/06\/Thun-Service-Sch\u00fcssel-mit-Deckel-10-300x146.jpg\" alt=\"\" title=\"Thun Service Sch\u00fcssel mit Deckel 10\" width=\"300\" height=\"146\" class=\"alignnone size-medium wp-image-57468\" srcset=\"http:\/\/museumek.eu\/wp-content\/uploads\/2021\/06\/Thun-Service-Sch\u00fcssel-mit-Deckel-10-300x146.jpg 300w, http:\/\/museumek.eu\/wp-content\/uploads\/2021\/06\/Thun-Service-Sch\u00fcssel-mit-Deckel-10-150x73.jpg 150w, http:\/\/museumek.eu\/wp-content\/uploads\/2021\/06\/Thun-Service-Sch\u00fcssel-mit-Deckel-10-500x244.jpg 500w, http:\/\/museumek.eu\/wp-content\/uploads\/2021\/06\/Thun-Service-Sch\u00fcssel-mit-Deckel-10.jpg 640w\" sizes=\"(max-width: 300px) 100vw, 300px\" \/><\/a><\/p>\n","protected":false},"excerpt":{"rendered":"<p>Abteilung Austria, Keramik 1860 \u2013 1960, Inventarnummer A\/LXX\/1 Gr\u00e4flich Thun\u2018 sche Porzellan-Fabrik in Kl\u00f6sterle und Nachf. Thun\u2018 sche Porzellanfabrik, Austria\/B\u00f6hmen, Kl\u00f6sterle\/Klasterec, um 1920, gro\u00dfe ovale Sch\u00fcssel mit Deckel und zwei Handhaben eines Speiseservice, K\u00fcnstler unbekannt, Werks.-Nr. ohne, Exemplar Nr. ohne, &hellip; <a href=\"http:\/\/museumek.eu\/?page_id=57610\">Weiterlesen <span class=\"meta-nav\">&rarr;<\/span><\/a><\/p>\n","protected":false},"author":1,"featured_media":0,"parent":57608,"menu_order":1,"comment_status":"closed","ping_status":"open","template":"","meta":[],"_links":{"self":[{"href":"http:\/\/museumek.eu\/index.php?rest_route=\/wp\/v2\/pages\/57610"}],"collection":[{"href":"http:\/\/museumek.eu\/index.php?rest_route=\/wp\/v2\/pages"}],"about":[{"href":"http:\/\/museumek.eu\/index.php?rest_route=\/wp\/v2\/types\/page"}],"author":[{"embeddable":true,"href":"http:\/\/museumek.eu\/index.php?rest_route=\/wp\/v2\/users\/1"}],"replies":[{"embeddable":true,"href":"http:\/\/museumek.eu\/index.php?rest_route=%2Fwp%2Fv2%2Fcomments&post=57610"}],"version-history":[{"count":2,"href":"http:\/\/museumek.eu\/index.php?rest_route=\/wp\/v2\/pages\/57610\/revisions"}],"predecessor-version":[{"id":57612,"href":"http:\/\/museumek.eu\/index.php?rest_route=\/wp\/v2\/pages\/57610\/revisions\/57612"}],"up":[{"embeddable":true,"href":"http:\/\/museumek.eu\/index.php?rest_route=\/wp\/v2\/pages\/57608"}],"wp:attachment":[{"href":"http:\/\/museumek.eu\/index.php?rest_route=%2Fwp%2Fv2%2Fmedia&parent=57610"}],"curies":[{"name":"wp","href":"https:\/\/api.w.org\/{rel}","templated":true}]}}