{"id":5766,"date":"2011-10-04T13:56:30","date_gmt":"2011-10-04T11:56:30","guid":{"rendered":"http:\/\/museumek.eu\/?page_id=5766"},"modified":"2013-05-10T21:09:05","modified_gmt":"2013-05-10T19:09:05","slug":"ax12","status":"publish","type":"page","link":"http:\/\/museumek.eu\/?page_id=5766","title":{"rendered":"A\/X\/11"},"content":{"rendered":"<p><strong>Abteilung Austria\/Ungarn\/B\u00f6hmen, Keramik 1860 \u2013 1960, Inventarnummer A\/X\/11<\/strong><\/p>\n<p>Gmundner Keramik GES.M.B.H., Austria, Gmunden, um 1925, Figur Madonna mit Kind, K\u00fcnstler Emilie Schlei\u00df (attr), Werksnummer ohne, Exemplar Nr. ohne, gemarkt Firmenmarke Quadrat mit Blumenst\u00f6ckl sowie GK, darunter Austria sowie H schwarz gemalt, Austria gepresst, nicht signiert, Literatur: Irmgard Gollner, Gmundner Keramik, T\u00f6pfertradition einst und jetzt, Seite 86, Markentafeln, dort identische Marke, weitere Literatur: Otto Pelka, Keramik der Neuzeit, Markentafel III, Markenkasten Nr. 45, rechte Marke identisch, Pelka beschreibt hier nicht die Einzelmarken, sondern gleichzeitig auch die Marke der Wiener Keramik, siehe auch Seite 210, Herstellerverzeichnis, Gmunden, Vereinigte Wiener und Gmundner Keramik und Gmundner Tonwarenfabrik Schlei\u00df sowie Seite 218, Namenverzeichnis, Gmunden, Vereinigte Wiener und Gmundner Keramik und Gmundner Tonwarenfabrik Schlei\u00df, M 45, weitere Literatur: J. G. Th. Graesse und E. Jaenicke, F\u00fchrer f\u00fcr Sammler von Porzellan und Fayence, Steinzeug, Steingut usw., Seite 721, Marke Nr. 6 fast identisch, sonst gleiche Markenbeschreibung wie bei Pelka, den Blumenst\u00f6ckelstempel gab es sowohl als Na\u00df- als auch als Trockenstempel, jeweils in unterschiedlichen Varianten (wenn im weiteren Bl\u00fctenstempel steht, dann ist der Bl\u00fctenstempel der Pflanze im botanischem Sinne gemeint), Na\u00dfstempel Variante 1: Bl\u00fctenstempel nicht mit Stempelfarbe ausgef\u00fcllt siehe MEK A\/X\/6, A\/X\/13 sowie A\/X\/15, Variante 2: Bl\u00fctenstempel mit Stempelfarbe ausgef\u00fcllt siehe MEK A\/X\/4 sowie A\/X\/12, Trockenstempel: Variante 1: um den Bl\u00fctenstempel auf 3, 6, 9 und 12 Uhr jeweils ein gepresster Strich siehe MEK A\/X\/7 sowie A\/X\/14, Variante 2: kein Bl\u00fctenstempel, sondern ein Mittelkreuz siehe MEK A\/X\/5, es gibt bisher keinerlei wissenschaftliche Recherche, ob die verschiedenen Stempel einem System unterlagen oder ob sich eine zeitliche Einordnung ergibt, in keiner der o. g. Literatur wird darauf verwiesen, dass die Fabrikmarke in Form dieser 4 verschiedenen Stempel aufgebracht worden ist, insofern sind die vom MEK festgestellten 4 Stempelvarianten nun dokumentiert, die K\u00fcnstlerzuordnung ist vorl\u00e4ufig, H\u00f6he 9 cm, Breite 10 cm<\/p>\n<p><a href=\"http:\/\/museumek.eu\/wp-content\/uploads\/2011\/10\/Museum-Europ\u00e4ischer-Keramikkunst-1171.jpg\"><img loading=\"lazy\" src=\"http:\/\/museumek.eu\/wp-content\/uploads\/2011\/10\/Museum-Europ\u00e4ischer-Keramikkunst-1171-271x300.jpg\" alt=\"\" title=\"Museum Europ\u00e4ischer Keramikkunst 1171\" width=\"271\" height=\"300\" class=\"alignnone size-medium wp-image-5767\" srcset=\"http:\/\/museumek.eu\/wp-content\/uploads\/2011\/10\/Museum-Europ\u00e4ischer-Keramikkunst-1171-271x300.jpg 271w, http:\/\/museumek.eu\/wp-content\/uploads\/2011\/10\/Museum-Europ\u00e4ischer-Keramikkunst-1171.jpg 614w\" sizes=\"(max-width: 271px) 100vw, 271px\" \/><\/a><\/p>\n<p><a href=\"http:\/\/museumek.eu\/wp-content\/uploads\/2011\/10\/Museum-Europ\u00e4ischer-Keramikkunst-1172.jpg\"><img loading=\"lazy\" src=\"http:\/\/museumek.eu\/wp-content\/uploads\/2011\/10\/Museum-Europ\u00e4ischer-Keramikkunst-1172-233x300.jpg\" alt=\"\" title=\"Museum Europ\u00e4ischer Keramikkunst 1172\" width=\"233\" height=\"300\" class=\"alignnone size-medium wp-image-5768\" srcset=\"http:\/\/museumek.eu\/wp-content\/uploads\/2011\/10\/Museum-Europ\u00e4ischer-Keramikkunst-1172-233x300.jpg 233w, http:\/\/museumek.eu\/wp-content\/uploads\/2011\/10\/Museum-Europ\u00e4ischer-Keramikkunst-1172.jpg 300w\" sizes=\"(max-width: 233px) 100vw, 233px\" \/><\/a><\/p>\n<p><a href=\"http:\/\/museumek.eu\/wp-content\/uploads\/2011\/10\/Museum-Europ\u00e4ischer-Keramikkunst-1173.jpg\"><img loading=\"lazy\" src=\"http:\/\/museumek.eu\/wp-content\/uploads\/2011\/10\/Museum-Europ\u00e4ischer-Keramikkunst-1173-300x86.jpg\" alt=\"\" title=\"Museum Europ\u00e4ischer Keramikkunst 1173\" width=\"300\" height=\"86\" class=\"alignnone size-medium wp-image-5769\" srcset=\"http:\/\/museumek.eu\/wp-content\/uploads\/2011\/10\/Museum-Europ\u00e4ischer-Keramikkunst-1173-300x86.jpg 300w, http:\/\/museumek.eu\/wp-content\/uploads\/2011\/10\/Museum-Europ\u00e4ischer-Keramikkunst-1173-500x143.jpg 500w, http:\/\/museumek.eu\/wp-content\/uploads\/2011\/10\/Museum-Europ\u00e4ischer-Keramikkunst-1173.jpg 713w\" sizes=\"(max-width: 300px) 100vw, 300px\" \/><\/a><\/p>\n","protected":false},"excerpt":{"rendered":"<p>Abteilung Austria\/Ungarn\/B\u00f6hmen, Keramik 1860 \u2013 1960, Inventarnummer A\/X\/11 Gmundner Keramik GES.M.B.H., Austria, Gmunden, um 1925, Figur Madonna mit Kind, K\u00fcnstler Emilie Schlei\u00df (attr), Werksnummer ohne, Exemplar Nr. ohne, gemarkt Firmenmarke Quadrat mit Blumenst\u00f6ckl sowie GK, darunter Austria sowie H schwarz &hellip; <a href=\"http:\/\/museumek.eu\/?page_id=5766\">Weiterlesen <span class=\"meta-nav\">&rarr;<\/span><\/a><\/p>\n","protected":false},"author":1,"featured_media":0,"parent":5219,"menu_order":11,"comment_status":"closed","ping_status":"closed","template":"","meta":[],"_links":{"self":[{"href":"http:\/\/museumek.eu\/index.php?rest_route=\/wp\/v2\/pages\/5766"}],"collection":[{"href":"http:\/\/museumek.eu\/index.php?rest_route=\/wp\/v2\/pages"}],"about":[{"href":"http:\/\/museumek.eu\/index.php?rest_route=\/wp\/v2\/types\/page"}],"author":[{"embeddable":true,"href":"http:\/\/museumek.eu\/index.php?rest_route=\/wp\/v2\/users\/1"}],"replies":[{"embeddable":true,"href":"http:\/\/museumek.eu\/index.php?rest_route=%2Fwp%2Fv2%2Fcomments&post=5766"}],"version-history":[{"count":5,"href":"http:\/\/museumek.eu\/index.php?rest_route=\/wp\/v2\/pages\/5766\/revisions"}],"predecessor-version":[{"id":21673,"href":"http:\/\/museumek.eu\/index.php?rest_route=\/wp\/v2\/pages\/5766\/revisions\/21673"}],"up":[{"embeddable":true,"href":"http:\/\/museumek.eu\/index.php?rest_route=\/wp\/v2\/pages\/5219"}],"wp:attachment":[{"href":"http:\/\/museumek.eu\/index.php?rest_route=%2Fwp%2Fv2%2Fmedia&parent=5766"}],"curies":[{"name":"wp","href":"https:\/\/api.w.org\/{rel}","templated":true}]}}