{"id":57735,"date":"2021-06-06T12:27:18","date_gmt":"2021-06-06T10:27:18","guid":{"rendered":"http:\/\/museumek.eu\/?page_id=57735"},"modified":"2021-06-06T12:27:19","modified_gmt":"2021-06-06T10:27:19","slug":"fx17","status":"publish","type":"page","link":"http:\/\/museumek.eu\/?page_id=57735","title":{"rendered":"F\/X\/17"},"content":{"rendered":"<p><strong>Abteilung Frankreich, Keramik 1860 \u2013 1960, Inventarnummer F\/X\/17<\/strong><\/p>\n<p>Utzschneider &#038; Cie. Fabrique de Faience &#038; Porcelaine a Sarreguemines &#038; Digoin und Nachf. Faienceries de Sarreguemines, Digoin et Vitry-le-Francois, anciennement Utzschneider &#038; Cie., Frankreich, Sarreguemines\/Digoin, um 1900, Vase, K\u00fcnstler unbekannt, Werks-Nr. 874 (?), Exemplar Nr. ohne, gemarkt Firmenmarke mit SARREGUEMINES gepresst, 874, 118, V gepresst, 13 schwarz auf Glasur gemalt, nicht signiert, Literatur: Jeffrey B. Snyder and Leslie Bockol, Majolica, British, American &#038; European Wares, Seite 150, Beschreibung der Fabriken sowie Seite 152 und Seite 153, Marken identisch, weitere Literatur: J. A. Schmoll genannt Eisenwerth und Helga Schmoll genannt Eisenwerth, Nancy 1900 Jugendstil in Lothringen, Seite 151, Beschreibung der Fabriken, siehe auch Auktionshaus Quittenbaum, Auktion 77, Teil II, Jugendstil \u2013 Art D\u00e9co vom 21.Oktober 2008, Lot 307, eine Jugendstilvase aus der gleichen Zeit, weitere Literatur: Dieter Z\u00fchlsdorff, Markenlexikon, Porzellan und Keramik Report 1885 &#8211; 1935, Seite 188, Werkteil 1., Gruppennummer 2., laufende Nummer innerhalb der Gruppe 1665, dort identische Marke (dort g\u00fcltig f\u00fcr die Zeit ab 1896, Pressmarke f\u00fcr Majolika) sowie Seite 600, Werkteil Nr. 3, laufende Nummer innerhalb des Werkteils 1114, dort Beschreibung der Fabriken, 1795 gr\u00fcnden Nicolas-Henri Jacobi, Paul-Augustin Jacobi und Joseph Fabry eine Porzellan-, Steingut-, Fayence-, und Majolikafabrik in Sarreguemines, Firmierung nicht bekannt, 1793 tritt Francois Paul Utzschneider als Mitarbeiter in die Fabrik ein und wird 1799 Teilhaber der Fabrik, 1836 \u00fcbernimmt Utzschneiders Schwiegersohn Alexandre de Geiger (1803 &#8211; 1891) die Firmenleitung, 1871 kauft dessen Sohn Paul de Geiger die Fabrik, wahrscheinlich Firmierung ab da Utzschneider &#038; Cie. Fabrique de Faience &#038; Porcelaine a Sarreguemines, nach dem deutsch-franz\u00f6sischem Krieg 1870\/1871 geh\u00f6rt Sarreguemines zu Deutschland, deshalb gr\u00fcndet Paul de Geiger zwei weitere Fabriken in Frankreich (mit finanzieller Unterst\u00fctzung von Villeroy &#038; Boch), 1876 in Digoin (f\u00fcr Zier- und Gebrauchsporzellan) und 1881 in in Vitry-le-Francois (f\u00fcr Bau- und Industriekeramik), wahrscheinlich \u00e4nderte sich 1876 die Firmenbezeichnung in Utzschneider &#038; Cie. Fabriques de Faience &#038; Porcelaine a Sarreguemines &#038; Digoin, im Jahre 1883 ersteigert Utzschneider zusammen mit Villeroy &#038; Boch, die Steingutfabrik Schramberg, nach WK I, werden alle 3 Utzschneider Fabriken zu Faienceries de Sarreguemines, Digoin et Vitry-le-Francois, anciennement Utzschneider &#038; Cie. vereinigt, die Abbildung aus dem Quittenbaum Auktionskatalog erfolgen mit freundlicher Genehmigung von Herrn Askan Quittenbaum, H\u00f6he 16,2 cm, Breite 10,5 cm<\/p>\n<p><a href=\"http:\/\/museumek.eu\/?attachment_id=57719\" rel=\"attachment wp-att-57719\"><img loading=\"lazy\" src=\"http:\/\/museumek.eu\/wp-content\/uploads\/2011\/09\/Sarreguemines-Vase-1-188x300.jpg\" alt=\"\" title=\"Sarreguemines Vase 1\" width=\"188\" height=\"300\" class=\"alignnone size-medium wp-image-57719\" srcset=\"http:\/\/museumek.eu\/wp-content\/uploads\/2011\/09\/Sarreguemines-Vase-1-188x300.jpg 188w, http:\/\/museumek.eu\/wp-content\/uploads\/2011\/09\/Sarreguemines-Vase-1-94x150.jpg 94w, http:\/\/museumek.eu\/wp-content\/uploads\/2011\/09\/Sarreguemines-Vase-1.jpg 403w\" sizes=\"(max-width: 188px) 100vw, 188px\" \/><\/a><\/p>\n<p><a href=\"http:\/\/museumek.eu\/?attachment_id=57720\" rel=\"attachment wp-att-57720\"><img loading=\"lazy\" src=\"http:\/\/museumek.eu\/wp-content\/uploads\/2011\/09\/Sarreguemines-Vase-2-190x300.jpg\" alt=\"\" title=\"Sarreguemines Vase 2\" width=\"190\" height=\"300\" class=\"alignnone size-medium wp-image-57720\" srcset=\"http:\/\/museumek.eu\/wp-content\/uploads\/2011\/09\/Sarreguemines-Vase-2-190x300.jpg 190w, http:\/\/museumek.eu\/wp-content\/uploads\/2011\/09\/Sarreguemines-Vase-2-95x150.jpg 95w, http:\/\/museumek.eu\/wp-content\/uploads\/2011\/09\/Sarreguemines-Vase-2.jpg 406w\" sizes=\"(max-width: 190px) 100vw, 190px\" \/><\/a><\/p>\n<p><a href=\"http:\/\/museumek.eu\/?attachment_id=57721\" rel=\"attachment wp-att-57721\"><img loading=\"lazy\" src=\"http:\/\/museumek.eu\/wp-content\/uploads\/2011\/09\/Sarreguemines-Vase-3-219x300.jpg\" alt=\"\" title=\"Sarreguemines Vase 3\" width=\"219\" height=\"300\" class=\"alignnone size-medium wp-image-57721\" srcset=\"http:\/\/museumek.eu\/wp-content\/uploads\/2011\/09\/Sarreguemines-Vase-3-219x300.jpg 219w, http:\/\/museumek.eu\/wp-content\/uploads\/2011\/09\/Sarreguemines-Vase-3-109x150.jpg 109w, http:\/\/museumek.eu\/wp-content\/uploads\/2011\/09\/Sarreguemines-Vase-3.jpg 468w\" sizes=\"(max-width: 219px) 100vw, 219px\" \/><\/a><\/p>\n<p><a href=\"http:\/\/museumek.eu\/?attachment_id=57722\" rel=\"attachment wp-att-57722\"><img loading=\"lazy\" src=\"http:\/\/museumek.eu\/wp-content\/uploads\/2011\/09\/Sarreguemines-Vase-4-239x300.jpg\" alt=\"\" title=\"Sarreguemines Vase 4\" width=\"239\" height=\"300\" class=\"alignnone size-medium wp-image-57722\" srcset=\"http:\/\/museumek.eu\/wp-content\/uploads\/2011\/09\/Sarreguemines-Vase-4-239x300.jpg 239w, http:\/\/museumek.eu\/wp-content\/uploads\/2011\/09\/Sarreguemines-Vase-4-119x150.jpg 119w, http:\/\/museumek.eu\/wp-content\/uploads\/2011\/09\/Sarreguemines-Vase-4.jpg 480w\" sizes=\"(max-width: 239px) 100vw, 239px\" \/><\/a><\/p>\n<p><a href=\"http:\/\/museumek.eu\/?attachment_id=57723\" rel=\"attachment wp-att-57723\"><img loading=\"lazy\" src=\"http:\/\/museumek.eu\/wp-content\/uploads\/2011\/09\/Sarreguemines-Vase-5-194x300.jpg\" alt=\"\" title=\"Sarreguemines Vase 5\" width=\"194\" height=\"300\" class=\"alignnone size-medium wp-image-57723\" srcset=\"http:\/\/museumek.eu\/wp-content\/uploads\/2011\/09\/Sarreguemines-Vase-5-194x300.jpg 194w, http:\/\/museumek.eu\/wp-content\/uploads\/2011\/09\/Sarreguemines-Vase-5-97x150.jpg 97w, http:\/\/museumek.eu\/wp-content\/uploads\/2011\/09\/Sarreguemines-Vase-5.jpg 414w\" sizes=\"(max-width: 194px) 100vw, 194px\" \/><\/a><\/p>\n<p><a href=\"http:\/\/museumek.eu\/?attachment_id=57724\" rel=\"attachment wp-att-57724\"><img loading=\"lazy\" src=\"http:\/\/museumek.eu\/wp-content\/uploads\/2011\/09\/Sarreguemines-Vase-6-139x300.jpg\" alt=\"\" title=\"Sarreguemines Vase 6\" width=\"139\" height=\"300\" class=\"alignnone size-medium wp-image-57724\" srcset=\"http:\/\/museumek.eu\/wp-content\/uploads\/2011\/09\/Sarreguemines-Vase-6-139x300.jpg 139w, http:\/\/museumek.eu\/wp-content\/uploads\/2011\/09\/Sarreguemines-Vase-6-69x150.jpg 69w, http:\/\/museumek.eu\/wp-content\/uploads\/2011\/09\/Sarreguemines-Vase-6.jpg 298w\" sizes=\"(max-width: 139px) 100vw, 139px\" \/><\/a><\/p>\n<p><a href=\"http:\/\/museumek.eu\/?attachment_id=57725\" rel=\"attachment wp-att-57725\"><img loading=\"lazy\" src=\"http:\/\/museumek.eu\/wp-content\/uploads\/2011\/09\/Sarreguemines-Vase-7-300x148.jpg\" alt=\"\" title=\"Sarreguemines Vase 7\" width=\"300\" height=\"148\" class=\"alignnone size-medium wp-image-57725\" srcset=\"http:\/\/museumek.eu\/wp-content\/uploads\/2011\/09\/Sarreguemines-Vase-7-300x148.jpg 300w, http:\/\/museumek.eu\/wp-content\/uploads\/2011\/09\/Sarreguemines-Vase-7-150x74.jpg 150w, http:\/\/museumek.eu\/wp-content\/uploads\/2011\/09\/Sarreguemines-Vase-7-500x246.jpg 500w, http:\/\/museumek.eu\/wp-content\/uploads\/2011\/09\/Sarreguemines-Vase-7.jpg 640w\" sizes=\"(max-width: 300px) 100vw, 300px\" \/><\/a><\/p>\n<p><a href=\"http:\/\/museumek.eu\/?attachment_id=57726\" rel=\"attachment wp-att-57726\"><img loading=\"lazy\" src=\"http:\/\/museumek.eu\/wp-content\/uploads\/2011\/09\/Sarreguemines-Vase-8-300x74.jpg\" alt=\"\" title=\"Sarreguemines Vase 8\" width=\"300\" height=\"74\" class=\"alignnone size-medium wp-image-57726\" srcset=\"http:\/\/museumek.eu\/wp-content\/uploads\/2011\/09\/Sarreguemines-Vase-8-300x74.jpg 300w, http:\/\/museumek.eu\/wp-content\/uploads\/2011\/09\/Sarreguemines-Vase-8-150x37.jpg 150w, http:\/\/museumek.eu\/wp-content\/uploads\/2011\/09\/Sarreguemines-Vase-8-500x123.jpg 500w, http:\/\/museumek.eu\/wp-content\/uploads\/2011\/09\/Sarreguemines-Vase-8.jpg 640w\" sizes=\"(max-width: 300px) 100vw, 300px\" \/><\/a><\/p>\n<p><a href=\"http:\/\/museumek.eu\/?attachment_id=57727\" rel=\"attachment wp-att-57727\"><img loading=\"lazy\" src=\"http:\/\/museumek.eu\/wp-content\/uploads\/2011\/09\/Sarreguemines-Vase-9-300x152.jpg\" alt=\"\" title=\"Sarreguemines Vase 9\" width=\"300\" height=\"152\" class=\"alignnone size-medium wp-image-57727\" srcset=\"http:\/\/museumek.eu\/wp-content\/uploads\/2011\/09\/Sarreguemines-Vase-9-300x152.jpg 300w, http:\/\/museumek.eu\/wp-content\/uploads\/2011\/09\/Sarreguemines-Vase-9-150x76.jpg 150w, http:\/\/museumek.eu\/wp-content\/uploads\/2011\/09\/Sarreguemines-Vase-9-500x253.jpg 500w, http:\/\/museumek.eu\/wp-content\/uploads\/2011\/09\/Sarreguemines-Vase-9.jpg 640w\" sizes=\"(max-width: 300px) 100vw, 300px\" \/><\/a><\/p>\n<p><a href=\"http:\/\/museumek.eu\/?attachment_id=57728\" rel=\"attachment wp-att-57728\"><img loading=\"lazy\" src=\"http:\/\/museumek.eu\/wp-content\/uploads\/2011\/09\/Sarreguemines-Vase-10-300x226.jpg\" alt=\"\" title=\"Sarreguemines Vase 10\" width=\"300\" height=\"226\" class=\"alignnone size-medium wp-image-57728\" srcset=\"http:\/\/museumek.eu\/wp-content\/uploads\/2011\/09\/Sarreguemines-Vase-10-300x226.jpg 300w, http:\/\/museumek.eu\/wp-content\/uploads\/2011\/09\/Sarreguemines-Vase-10-150x113.jpg 150w, http:\/\/museumek.eu\/wp-content\/uploads\/2011\/09\/Sarreguemines-Vase-10-396x300.jpg 396w, http:\/\/museumek.eu\/wp-content\/uploads\/2011\/09\/Sarreguemines-Vase-10.jpg 635w\" sizes=\"(max-width: 300px) 100vw, 300px\" \/><\/a><\/p>\n<p><a href=\"http:\/\/museumek.eu\/?attachment_id=57729\" rel=\"attachment wp-att-57729\"><img loading=\"lazy\" src=\"http:\/\/museumek.eu\/wp-content\/uploads\/2011\/09\/Sarreguemines-Vase-11-300x282.jpg\" alt=\"\" title=\"Sarreguemines Vase 11\" width=\"300\" height=\"282\" class=\"alignnone size-medium wp-image-57729\" srcset=\"http:\/\/museumek.eu\/wp-content\/uploads\/2011\/09\/Sarreguemines-Vase-11-300x282.jpg 300w, http:\/\/museumek.eu\/wp-content\/uploads\/2011\/09\/Sarreguemines-Vase-11-150x141.jpg 150w, http:\/\/museumek.eu\/wp-content\/uploads\/2011\/09\/Sarreguemines-Vase-11-318x300.jpg 318w, http:\/\/museumek.eu\/wp-content\/uploads\/2011\/09\/Sarreguemines-Vase-11.jpg 510w\" sizes=\"(max-width: 300px) 100vw, 300px\" \/><\/a><\/p>\n<p><a href=\"http:\/\/museumek.eu\/?attachment_id=57730\" rel=\"attachment wp-att-57730\"><img loading=\"lazy\" src=\"http:\/\/museumek.eu\/wp-content\/uploads\/2011\/09\/Sarreguemines-Vase-12-213x300.jpg\" alt=\"\" title=\"Sarreguemines Vase 12\" width=\"213\" height=\"300\" class=\"alignnone size-medium wp-image-57730\" srcset=\"http:\/\/museumek.eu\/wp-content\/uploads\/2011\/09\/Sarreguemines-Vase-12-213x300.jpg 213w, http:\/\/museumek.eu\/wp-content\/uploads\/2011\/09\/Sarreguemines-Vase-12-106x150.jpg 106w, http:\/\/museumek.eu\/wp-content\/uploads\/2011\/09\/Sarreguemines-Vase-12.jpg 456w\" sizes=\"(max-width: 213px) 100vw, 213px\" \/><\/a><\/p>\n<p><a href=\"http:\/\/museumek.eu\/wp-content\/uploads\/2013\/04\/Z-1-Quittenbaum-Jugenstilvase.jpg\"><img loading=\"lazy\" src=\"http:\/\/museumek.eu\/wp-content\/uploads\/2013\/04\/Z-1-Quittenbaum-Jugenstilvase-266x300.jpg\" alt=\"\" title=\"Z 1 Quittenbaum Jugenstilvase\" width=\"266\" height=\"300\" class=\"alignnone size-medium wp-image-19500\" srcset=\"http:\/\/museumek.eu\/wp-content\/uploads\/2013\/04\/Z-1-Quittenbaum-Jugenstilvase-266x300.jpg 266w, http:\/\/museumek.eu\/wp-content\/uploads\/2013\/04\/Z-1-Quittenbaum-Jugenstilvase.jpg 408w\" sizes=\"(max-width: 266px) 100vw, 266px\" \/><\/a><\/p>\n","protected":false},"excerpt":{"rendered":"<p>Abteilung Frankreich, Keramik 1860 \u2013 1960, Inventarnummer F\/X\/17 Utzschneider &#038; Cie. Fabrique de Faience &#038; Porcelaine a Sarreguemines &#038; Digoin und Nachf. Faienceries de Sarreguemines, Digoin et Vitry-le-Francois, anciennement Utzschneider &#038; Cie., Frankreich, Sarreguemines\/Digoin, um 1900, Vase, K\u00fcnstler unbekannt, Werks-Nr. &hellip; <a href=\"http:\/\/museumek.eu\/?page_id=57735\">Weiterlesen <span class=\"meta-nav\">&rarr;<\/span><\/a><\/p>\n","protected":false},"author":1,"featured_media":0,"parent":19494,"menu_order":17,"comment_status":"closed","ping_status":"open","template":"","meta":[],"_links":{"self":[{"href":"http:\/\/museumek.eu\/index.php?rest_route=\/wp\/v2\/pages\/57735"}],"collection":[{"href":"http:\/\/museumek.eu\/index.php?rest_route=\/wp\/v2\/pages"}],"about":[{"href":"http:\/\/museumek.eu\/index.php?rest_route=\/wp\/v2\/types\/page"}],"author":[{"embeddable":true,"href":"http:\/\/museumek.eu\/index.php?rest_route=\/wp\/v2\/users\/1"}],"replies":[{"embeddable":true,"href":"http:\/\/museumek.eu\/index.php?rest_route=%2Fwp%2Fv2%2Fcomments&post=57735"}],"version-history":[{"count":2,"href":"http:\/\/museumek.eu\/index.php?rest_route=\/wp\/v2\/pages\/57735\/revisions"}],"predecessor-version":[{"id":57737,"href":"http:\/\/museumek.eu\/index.php?rest_route=\/wp\/v2\/pages\/57735\/revisions\/57737"}],"up":[{"embeddable":true,"href":"http:\/\/museumek.eu\/index.php?rest_route=\/wp\/v2\/pages\/19494"}],"wp:attachment":[{"href":"http:\/\/museumek.eu\/index.php?rest_route=%2Fwp%2Fv2%2Fmedia&parent=57735"}],"curies":[{"name":"wp","href":"https:\/\/api.w.org\/{rel}","templated":true}]}}