{"id":57779,"date":"2021-06-06T19:14:24","date_gmt":"2021-06-06T17:14:24","guid":{"rendered":"http:\/\/museumek.eu\/?page_id=57779"},"modified":"2021-06-06T19:14:24","modified_gmt":"2021-06-06T17:14:24","slug":"dxc5","status":"publish","type":"page","link":"http:\/\/museumek.eu\/?page_id=57779","title":{"rendered":"D\/XC\/5"},"content":{"rendered":"<p><strong>Abteilung Deutschland, Keramik 1860 \u2013 1960, Inventarnummer D\/XC\/5<\/strong><\/p>\n<p>Porzellanfabrik Marktredewitz J\u00e4ger &#038; Co., vormals Porzellanfabrik Marktredewitz J\u00e4ger, Thomas &#038; Co., Deutschland, Marktredewitz, 1898 -1902, Gedeck mit Jugendstildekor und reichlicher Goldbemalung, K\u00fcnstler unbekannt, Werks.-Nr. ohne, Exemplar Nr. ohne, gemarkt Firmenmarke Tasse und Teller zwei gekreuzte Blumen sowie links mittig J (f\u00fcr J\u00e4ger), rechts mittig T (f\u00fcr Thomas) sowie unten C (f\u00fcr Co.) dunkelgr\u00fcner Stempel unter Glasur, nicht signiert, Literatur: Robert E. R\u00f6ntgen, Deutsche Porzellanmarken von 1710 bis heute (Ausgabe Jahr 2000), Seite 199, kurze unvollst\u00e4ndige Beschreibung der Fabrik sowie Marke 1519 identisch (dort f\u00fcr die Zeit 1898 &#8211; 1902), weitere Literatur: Ludwig Danckert, Handbuch des Europ\u00e4ischen Porzellans, 7. Auflage, Seite 420\/421, kurze unvollst\u00e4ndige Beschreibung der Fabrik sowie Seite 421, eine der abgebildeten Marken identisch, weitere Literatur: Dieter Z\u00fchlsdorff, Markenlexikon, Porzellan und Keramik Report 1885 &#8211; 1935, Band 1, Seite 325, Werk-Teil 1., Gruppennummer des Werkteils 12., laufende Nummer innerhalb der Gruppe 25 identische Marke (dort f\u00fcr die Zeit 1898 &#8211; 1920, Eintrag ins RWZR 1898) sowie Seite 558, Werk-Teil 3., laufende Nummer des Werkteils 807, dort kurze unvollst\u00e4ndige Beschreibung der Fabrik, 1898 gr\u00fcndeten die Br\u00fcder Christoph und Wilhelm J\u00e4ger sowie Friedrich (Fritz) Thomas die Porzellanfabrik J\u00e4ger, Thomas &#038; Co., Baubeginn ab 1897 unter Leitung von Fritz Thomas (geb. 28.05.1865, gest. 12.10.1940), Anm. MEK: es gibt Darstellungen, dass die Fabrik bereits 1872 gegr\u00fcndet worden sein soll und Thomas bereits vor 1998 ausgeschieden ist, da Thomas im Jahre 1872 erst sieben Jahre alt war, ist diese Fabrikdarstellung falsch, m\u00f6glich ist, dass die Fabrik auf einem Gel\u00e4nde und unter evtl. Mitnutzung bereits vorhandener Geb\u00e4ude einer kleineren Porzellandekorations Firma gegr\u00fcndet worden ist, unter Leitung des fachkundigen Thomas, wurden nachweislich neue Fabrikgeb\u00e4ude und Brenn\u00f6fen gebaut und Maschinen angeschafft, die Fabrik war ebenso nachweislich die erste Porzellanfabrik in Marktredewitz, 1902 schied Fritz Thomas aus und gr\u00fcndete mit Karl Ens ebenfalls in Martkredewitz eine Porzellanfabrik (siehe dort), die Br\u00fcder J\u00e4ger f\u00fchrten die Fabrik weiter, sie \u00e4nderten die Firmierung in Porzellanfabrik Marktredewitz J\u00e4ger &#038; Co., in der Zeit von 1905 bis 1936 leitete Friedrich (Fritz) J\u00e4ger, Sohn von Wilhelm J\u00e4ger die Fabrik, ab 1936 leitete der Sohn von Fritz J\u00e4ger, Heinz J\u00e4ger die Fabrik, dieser fiel 1944 an der Ostfront und seine Witwe Gerda J\u00e4ger \u00fcbernahm die Leitung der Fabrik, Anfang der 1920\u2018 Jahre er\u00f6ffnete die Fabrik in M\u00fcnchen-Nymphenburg ein k\u00fcnstlerisch betriebenes Atelier, in M\u00fcnchen lebten viele hervorragende Porzellanmaler und viele namhafte K\u00fcnstler, die M\u00fcnchner Dependance bestand bis ca. 1930, dort wurden auch die ber\u00fchmten Moccatassen dekoriert, einerseits mit herausragender Malerei andererseits nach Entw\u00fcrfen ber\u00fchmter K\u00fcnstler der Zeit, die Weissware kam stets vom Stammwerk in Marktredewitz, evtl. wurde ein Teil der Weissware auch in der Nymphenburger Porzellanmanufaktur dekoriert, die Fabrik wurde 1986 geschlossen, Tasse: H\u00f6he 8,5 cm, Breite 9 cm, Teller: Durchmesser 13,4 cm<\/p>\n<p><a href=\"http:\/\/museumek.eu\/?attachment_id=57751\" rel=\"attachment wp-att-57751\"><img loading=\"lazy\" src=\"http:\/\/museumek.eu\/wp-content\/uploads\/2013\/06\/J\u00e4ger-Thomas-Co.-Gedeck-1-300x265.jpg\" alt=\"\" title=\"J\u00e4ger, Thomas &amp; Co. Gedeck 1\" width=\"300\" height=\"265\" class=\"alignnone size-medium wp-image-57751\" srcset=\"http:\/\/museumek.eu\/wp-content\/uploads\/2013\/06\/J\u00e4ger-Thomas-Co.-Gedeck-1-300x265.jpg 300w, http:\/\/museumek.eu\/wp-content\/uploads\/2013\/06\/J\u00e4ger-Thomas-Co.-Gedeck-1-150x132.jpg 150w, http:\/\/museumek.eu\/wp-content\/uploads\/2013\/06\/J\u00e4ger-Thomas-Co.-Gedeck-1-339x300.jpg 339w, http:\/\/museumek.eu\/wp-content\/uploads\/2013\/06\/J\u00e4ger-Thomas-Co.-Gedeck-1.jpg 543w\" sizes=\"(max-width: 300px) 100vw, 300px\" \/><\/a><\/p>\n<p><a href=\"http:\/\/museumek.eu\/?attachment_id=57752\" rel=\"attachment wp-att-57752\"><img loading=\"lazy\" src=\"http:\/\/museumek.eu\/wp-content\/uploads\/2013\/06\/J\u00e4ger-Thomas-Co.-Gedeck-2-300x296.jpg\" alt=\"\" title=\"J\u00e4ger, Thomas &amp; Co. Gedeck 2\" width=\"300\" height=\"296\" class=\"alignnone size-medium wp-image-57752\" srcset=\"http:\/\/museumek.eu\/wp-content\/uploads\/2013\/06\/J\u00e4ger-Thomas-Co.-Gedeck-2-300x296.jpg 300w, http:\/\/museumek.eu\/wp-content\/uploads\/2013\/06\/J\u00e4ger-Thomas-Co.-Gedeck-2-150x148.jpg 150w, http:\/\/museumek.eu\/wp-content\/uploads\/2013\/06\/J\u00e4ger-Thomas-Co.-Gedeck-2-303x300.jpg 303w, http:\/\/museumek.eu\/wp-content\/uploads\/2013\/06\/J\u00e4ger-Thomas-Co.-Gedeck-2.jpg 486w\" sizes=\"(max-width: 300px) 100vw, 300px\" \/><\/a><\/p>\n<p><a href=\"http:\/\/museumek.eu\/?attachment_id=57753\" rel=\"attachment wp-att-57753\"><img loading=\"lazy\" src=\"http:\/\/museumek.eu\/wp-content\/uploads\/2013\/06\/J\u00e4ger-Thomas-Co.-Gedeck-3-226x300.jpg\" alt=\"\" title=\"J\u00e4ger, Thomas &amp; Co. Gedeck 3\" width=\"226\" height=\"300\" class=\"alignnone size-medium wp-image-57753\" srcset=\"http:\/\/museumek.eu\/wp-content\/uploads\/2013\/06\/J\u00e4ger-Thomas-Co.-Gedeck-3-226x300.jpg 226w, http:\/\/museumek.eu\/wp-content\/uploads\/2013\/06\/J\u00e4ger-Thomas-Co.-Gedeck-3-113x150.jpg 113w, http:\/\/museumek.eu\/wp-content\/uploads\/2013\/06\/J\u00e4ger-Thomas-Co.-Gedeck-3.jpg 480w\" sizes=\"(max-width: 226px) 100vw, 226px\" \/><\/a><\/p>\n<p><a href=\"http:\/\/museumek.eu\/?attachment_id=57754\" rel=\"attachment wp-att-57754\"><img loading=\"lazy\" src=\"http:\/\/museumek.eu\/wp-content\/uploads\/2013\/06\/J\u00e4ger-Thomas-Co.-Gedeck-4-292x300.jpg\" alt=\"\" title=\"J\u00e4ger, Thomas &amp; Co. Gedeck 4\" width=\"292\" height=\"300\" class=\"alignnone size-medium wp-image-57754\" srcset=\"http:\/\/museumek.eu\/wp-content\/uploads\/2013\/06\/J\u00e4ger-Thomas-Co.-Gedeck-4-292x300.jpg 292w, http:\/\/museumek.eu\/wp-content\/uploads\/2013\/06\/J\u00e4ger-Thomas-Co.-Gedeck-4-146x150.jpg 146w, http:\/\/museumek.eu\/wp-content\/uploads\/2013\/06\/J\u00e4ger-Thomas-Co.-Gedeck-4.jpg 480w\" sizes=\"(max-width: 292px) 100vw, 292px\" \/><\/a><\/p>\n<p><a href=\"http:\/\/museumek.eu\/?attachment_id=57755\" rel=\"attachment wp-att-57755\"><img loading=\"lazy\" src=\"http:\/\/museumek.eu\/wp-content\/uploads\/2013\/06\/J\u00e4ger-Thomas-Co.-Gedeck-5-256x300.jpg\" alt=\"\" title=\"J\u00e4ger, Thomas &amp; Co. Gedeck 5\" width=\"256\" height=\"300\" class=\"alignnone size-medium wp-image-57755\" srcset=\"http:\/\/museumek.eu\/wp-content\/uploads\/2013\/06\/J\u00e4ger-Thomas-Co.-Gedeck-5-256x300.jpg 256w, http:\/\/museumek.eu\/wp-content\/uploads\/2013\/06\/J\u00e4ger-Thomas-Co.-Gedeck-5-128x150.jpg 128w, http:\/\/museumek.eu\/wp-content\/uploads\/2013\/06\/J\u00e4ger-Thomas-Co.-Gedeck-5.jpg 480w\" sizes=\"(max-width: 256px) 100vw, 256px\" \/><\/a><\/p>\n<p><a href=\"http:\/\/museumek.eu\/?attachment_id=57756\" rel=\"attachment wp-att-57756\"><img loading=\"lazy\" src=\"http:\/\/museumek.eu\/wp-content\/uploads\/2013\/06\/J\u00e4ger-Thomas-Co.-Gedeck-6-163x300.jpg\" alt=\"\" title=\"J\u00e4ger, Thomas &amp; Co. Gedeck 6\" width=\"163\" height=\"300\" class=\"alignnone size-medium wp-image-57756\" srcset=\"http:\/\/museumek.eu\/wp-content\/uploads\/2013\/06\/J\u00e4ger-Thomas-Co.-Gedeck-6-163x300.jpg 163w, http:\/\/museumek.eu\/wp-content\/uploads\/2013\/06\/J\u00e4ger-Thomas-Co.-Gedeck-6-81x150.jpg 81w, http:\/\/museumek.eu\/wp-content\/uploads\/2013\/06\/J\u00e4ger-Thomas-Co.-Gedeck-6.jpg 348w\" sizes=\"(max-width: 163px) 100vw, 163px\" \/><\/a><\/p>\n<p><a href=\"http:\/\/museumek.eu\/?attachment_id=57757\" rel=\"attachment wp-att-57757\"><img loading=\"lazy\" src=\"http:\/\/museumek.eu\/wp-content\/uploads\/2013\/06\/J\u00e4ger-Thomas-Co.-Gedeck-7-177x300.jpg\" alt=\"\" title=\"J\u00e4ger, Thomas &amp; Co. Gedeck 7\" width=\"177\" height=\"300\" class=\"alignnone size-medium wp-image-57757\" srcset=\"http:\/\/museumek.eu\/wp-content\/uploads\/2013\/06\/J\u00e4ger-Thomas-Co.-Gedeck-7-177x300.jpg 177w, http:\/\/museumek.eu\/wp-content\/uploads\/2013\/06\/J\u00e4ger-Thomas-Co.-Gedeck-7-88x150.jpg 88w, http:\/\/museumek.eu\/wp-content\/uploads\/2013\/06\/J\u00e4ger-Thomas-Co.-Gedeck-7.jpg 378w\" sizes=\"(max-width: 177px) 100vw, 177px\" \/><\/a><\/p>\n<p><a href=\"http:\/\/museumek.eu\/?attachment_id=57758\" rel=\"attachment wp-att-57758\"><img loading=\"lazy\" src=\"http:\/\/museumek.eu\/wp-content\/uploads\/2013\/06\/J\u00e4ger-Thomas-Co.-Gedeck-8-231x300.jpg\" alt=\"\" title=\"J\u00e4ger, Thomas &amp; Co. Gedeck 8\" width=\"231\" height=\"300\" class=\"alignnone size-medium wp-image-57758\" srcset=\"http:\/\/museumek.eu\/wp-content\/uploads\/2013\/06\/J\u00e4ger-Thomas-Co.-Gedeck-8-231x300.jpg 231w, http:\/\/museumek.eu\/wp-content\/uploads\/2013\/06\/J\u00e4ger-Thomas-Co.-Gedeck-8-115x150.jpg 115w, http:\/\/museumek.eu\/wp-content\/uploads\/2013\/06\/J\u00e4ger-Thomas-Co.-Gedeck-8.jpg 480w\" sizes=\"(max-width: 231px) 100vw, 231px\" \/><\/a><\/p>\n<p><a href=\"http:\/\/museumek.eu\/?attachment_id=57759\" rel=\"attachment wp-att-57759\"><img loading=\"lazy\" src=\"http:\/\/museumek.eu\/wp-content\/uploads\/2013\/06\/J\u00e4ger-Thomas-Co.-Gedeck-9-223x300.jpg\" alt=\"\" title=\"J\u00e4ger, Thomas &amp; Co. Gedeck 9\" width=\"223\" height=\"300\" class=\"alignnone size-medium wp-image-57759\" srcset=\"http:\/\/museumek.eu\/wp-content\/uploads\/2013\/06\/J\u00e4ger-Thomas-Co.-Gedeck-9-223x300.jpg 223w, http:\/\/museumek.eu\/wp-content\/uploads\/2013\/06\/J\u00e4ger-Thomas-Co.-Gedeck-9-111x150.jpg 111w, http:\/\/museumek.eu\/wp-content\/uploads\/2013\/06\/J\u00e4ger-Thomas-Co.-Gedeck-9.jpg 477w\" sizes=\"(max-width: 223px) 100vw, 223px\" \/><\/a><\/p>\n<p><a href=\"http:\/\/museumek.eu\/?attachment_id=57761\" rel=\"attachment wp-att-57761\"><img loading=\"lazy\" src=\"http:\/\/museumek.eu\/wp-content\/uploads\/2013\/06\/J\u00e4ger-Thomas-Co.-Gedeck-10-300x282.jpg\" alt=\"\" title=\"J\u00e4ger, Thomas &amp; Co. Gedeck 10\" width=\"300\" height=\"282\" class=\"alignnone size-medium wp-image-57761\" srcset=\"http:\/\/museumek.eu\/wp-content\/uploads\/2013\/06\/J\u00e4ger-Thomas-Co.-Gedeck-10-300x282.jpg 300w, http:\/\/museumek.eu\/wp-content\/uploads\/2013\/06\/J\u00e4ger-Thomas-Co.-Gedeck-10-150x141.jpg 150w, http:\/\/museumek.eu\/wp-content\/uploads\/2013\/06\/J\u00e4ger-Thomas-Co.-Gedeck-10-318x300.jpg 318w, http:\/\/museumek.eu\/wp-content\/uploads\/2013\/06\/J\u00e4ger-Thomas-Co.-Gedeck-10.jpg 509w\" sizes=\"(max-width: 300px) 100vw, 300px\" \/><\/a><\/p>\n<p><a href=\"http:\/\/museumek.eu\/?attachment_id=57760\" rel=\"attachment wp-att-57760\"><img loading=\"lazy\" src=\"http:\/\/museumek.eu\/wp-content\/uploads\/2013\/06\/J\u00e4ger-Thomas-Co.-Gedeck-11-300x293.jpg\" alt=\"\" title=\"J\u00e4ger, Thomas &amp; Co. Gedeck 11\" width=\"300\" height=\"293\" class=\"alignnone size-medium wp-image-57760\" srcset=\"http:\/\/museumek.eu\/wp-content\/uploads\/2013\/06\/J\u00e4ger-Thomas-Co.-Gedeck-11-300x293.jpg 300w, http:\/\/museumek.eu\/wp-content\/uploads\/2013\/06\/J\u00e4ger-Thomas-Co.-Gedeck-11-150x146.jpg 150w, http:\/\/museumek.eu\/wp-content\/uploads\/2013\/06\/J\u00e4ger-Thomas-Co.-Gedeck-11-306x300.jpg 306w, http:\/\/museumek.eu\/wp-content\/uploads\/2013\/06\/J\u00e4ger-Thomas-Co.-Gedeck-11.jpg 490w\" sizes=\"(max-width: 300px) 100vw, 300px\" \/><\/a><\/p>\n<p><a href=\"http:\/\/museumek.eu\/?attachment_id=57762\" rel=\"attachment wp-att-57762\"><img loading=\"lazy\" src=\"http:\/\/museumek.eu\/wp-content\/uploads\/2013\/06\/J\u00e4ger-Thomas-Co.-Gedeck-12-234x300.jpg\" alt=\"\" title=\"J\u00e4ger, Thomas &amp; Co. Gedeck 12\" width=\"234\" height=\"300\" class=\"alignnone size-medium wp-image-57762\" srcset=\"http:\/\/museumek.eu\/wp-content\/uploads\/2013\/06\/J\u00e4ger-Thomas-Co.-Gedeck-12-234x300.jpg 234w, http:\/\/museumek.eu\/wp-content\/uploads\/2013\/06\/J\u00e4ger-Thomas-Co.-Gedeck-12-117x150.jpg 117w, http:\/\/museumek.eu\/wp-content\/uploads\/2013\/06\/J\u00e4ger-Thomas-Co.-Gedeck-12.jpg 480w\" sizes=\"(max-width: 234px) 100vw, 234px\" \/><\/a><\/p>\n<p><a href=\"http:\/\/museumek.eu\/?attachment_id=57763\" rel=\"attachment wp-att-57763\"><img loading=\"lazy\" src=\"http:\/\/museumek.eu\/wp-content\/uploads\/2013\/06\/J\u00e4ger-Thomas-Co.-Gedeck-13-296x300.jpg\" alt=\"\" title=\"J\u00e4ger, Thomas &amp; Co. Gedeck 13\" width=\"296\" height=\"300\" class=\"alignnone size-medium wp-image-57763\" srcset=\"http:\/\/museumek.eu\/wp-content\/uploads\/2013\/06\/J\u00e4ger-Thomas-Co.-Gedeck-13-296x300.jpg 296w, http:\/\/museumek.eu\/wp-content\/uploads\/2013\/06\/J\u00e4ger-Thomas-Co.-Gedeck-13-148x150.jpg 148w, http:\/\/museumek.eu\/wp-content\/uploads\/2013\/06\/J\u00e4ger-Thomas-Co.-Gedeck-13.jpg 480w\" sizes=\"(max-width: 296px) 100vw, 296px\" \/><\/a><\/p>\n<p><a href=\"http:\/\/museumek.eu\/?attachment_id=57764\" rel=\"attachment wp-att-57764\"><img loading=\"lazy\" src=\"http:\/\/museumek.eu\/wp-content\/uploads\/2013\/06\/J\u00e4ger-Thomas-Co.-Gedeck-14-296x300.jpg\" alt=\"\" title=\"J\u00e4ger, Thomas &amp; Co. Gedeck 14\" width=\"296\" height=\"300\" class=\"alignnone size-medium wp-image-57764\" srcset=\"http:\/\/museumek.eu\/wp-content\/uploads\/2013\/06\/J\u00e4ger-Thomas-Co.-Gedeck-14-296x300.jpg 296w, http:\/\/museumek.eu\/wp-content\/uploads\/2013\/06\/J\u00e4ger-Thomas-Co.-Gedeck-14-148x150.jpg 148w, http:\/\/museumek.eu\/wp-content\/uploads\/2013\/06\/J\u00e4ger-Thomas-Co.-Gedeck-14.jpg 480w\" sizes=\"(max-width: 296px) 100vw, 296px\" \/><\/a><\/p>\n","protected":false},"excerpt":{"rendered":"<p>Abteilung Deutschland, Keramik 1860 \u2013 1960, Inventarnummer D\/XC\/5 Porzellanfabrik Marktredewitz J\u00e4ger &#038; Co., vormals Porzellanfabrik Marktredewitz J\u00e4ger, Thomas &#038; Co., Deutschland, Marktredewitz, 1898 -1902, Gedeck mit Jugendstildekor und reichlicher Goldbemalung, K\u00fcnstler unbekannt, Werks.-Nr. ohne, Exemplar Nr. ohne, gemarkt Firmenmarke Tasse &hellip; <a href=\"http:\/\/museumek.eu\/?page_id=57779\">Weiterlesen <span class=\"meta-nav\">&rarr;<\/span><\/a><\/p>\n","protected":false},"author":1,"featured_media":0,"parent":23864,"menu_order":5,"comment_status":"closed","ping_status":"open","template":"","meta":[],"_links":{"self":[{"href":"http:\/\/museumek.eu\/index.php?rest_route=\/wp\/v2\/pages\/57779"}],"collection":[{"href":"http:\/\/museumek.eu\/index.php?rest_route=\/wp\/v2\/pages"}],"about":[{"href":"http:\/\/museumek.eu\/index.php?rest_route=\/wp\/v2\/types\/page"}],"author":[{"embeddable":true,"href":"http:\/\/museumek.eu\/index.php?rest_route=\/wp\/v2\/users\/1"}],"replies":[{"embeddable":true,"href":"http:\/\/museumek.eu\/index.php?rest_route=%2Fwp%2Fv2%2Fcomments&post=57779"}],"version-history":[{"count":2,"href":"http:\/\/museumek.eu\/index.php?rest_route=\/wp\/v2\/pages\/57779\/revisions"}],"predecessor-version":[{"id":57781,"href":"http:\/\/museumek.eu\/index.php?rest_route=\/wp\/v2\/pages\/57779\/revisions\/57781"}],"up":[{"embeddable":true,"href":"http:\/\/museumek.eu\/index.php?rest_route=\/wp\/v2\/pages\/23864"}],"wp:attachment":[{"href":"http:\/\/museumek.eu\/index.php?rest_route=%2Fwp%2Fv2%2Fmedia&parent=57779"}],"curies":[{"name":"wp","href":"https:\/\/api.w.org\/{rel}","templated":true}]}}