{"id":57924,"date":"2021-06-17T22:06:56","date_gmt":"2021-06-17T20:06:56","guid":{"rendered":"http:\/\/museumek.eu\/?page_id=57924"},"modified":"2021-06-17T22:07:23","modified_gmt":"2021-06-17T20:07:23","slug":"dcc1","status":"publish","type":"page","link":"http:\/\/museumek.eu\/?page_id=57924","title":{"rendered":"D\/CC\/1"},"content":{"rendered":"<p><strong>Abteilung Deutschland, Keramik 1860 \u2013 1960, Inventarnummer D\/CC\/1<\/strong><\/p>\n<p>Metallporzellanfabrik Deusch &#038; Co., Deutschland, Waldhausen, um 1930, Kanne, K\u00fcnstler unbekannt, Werks.-Nr. ohne, Exemplar Nr. ohne, gemarkt Firmenmarke eine Kanne, darunter Deusch, das h in einem gro\u00dfem Bogen auslaufend, in dem Bogen METALLPORZELLAN, \u00fcber der Kanne das Wort handgemalt, unter dem auslaufendem h Bogen die W\u00f6rter pure silver dunkelrot auf Glasur gestempelt sowie 27 in Silber auf Glasur gemalt, die Wei\u00dfware stammt von der Porzellanfabrik Hertel, Jacob &#038; Co., in Rehau (Marke ab 1930 g\u00fcltig), die Firmenmarke f\u00fcr die Wei\u00dfware befindet sich unter der Deusch Firmenmarke gr\u00fcn unter Glasur, nicht signiert, das Verfahren zur galvanischen Verbindung von Metallen auf nichtleitenden Grundwerk-stoffen wie Glas und Porzellan erfand gegen Ende des 19. Jahrhunderts der Graveur Friedrich Deusch, er wurde am 25. Mai 1855 in Pforzheim geboren, seine Versuche begann er 1895, bereits 1907 wurden seine Silberporzellane auf der Weltausstellung in Bordeaux mit einer Silbermedaille ausgezeichnet, 1912 erfolgte die Gr\u00fcndung der Metallporzellanfabrik Deusch &#038; Co. in Waldhausen bei Lorch, die 1913 auf der Weltausstellung in Gent die Goldmedaille erhielt, nach dem Tod des Seniorchefs 1919 f\u00fchrten seine S\u00f6hne Alfred, Karl und Fritz Deusch das Unternehmen erfolgreich weiter, die Fabrik exportierte in alle L\u00e4nder und vergr\u00f6\u00dferte sich kontinuierlich, mit \u00fcber 70 Mitarbeitern erweiterten sich auch die Kollektionen und technischen M\u00f6glichkeiten, Nachfolger waren Oskar und Edmund Deusch, die das Unternehmen sicher durch die Kriegs- und Nachkriegszeit f\u00fchrten und schnell wieder Anschluss an die internationalen M\u00e4rkte fanden, wo ihre Produkte mit voller Begeisterung angenommen wurden, die Fabrik besteht noch heute, H\u00f6he 14 cm, Breite 14 cm<\/p>\n<p><a href=\"http:\/\/museumek.eu\/?attachment_id=57908\" rel=\"attachment wp-att-57908\"><img loading=\"lazy\" src=\"http:\/\/museumek.eu\/wp-content\/uploads\/2021\/06\/Deusch-Silberporzellan-Kanne-1-272x300.jpg\" alt=\"\" title=\"Deusch Silberporzellan Kanne 1\" width=\"272\" height=\"300\" class=\"alignnone size-medium wp-image-57908\" srcset=\"http:\/\/museumek.eu\/wp-content\/uploads\/2021\/06\/Deusch-Silberporzellan-Kanne-1-272x300.jpg 272w, http:\/\/museumek.eu\/wp-content\/uploads\/2021\/06\/Deusch-Silberporzellan-Kanne-1-136x150.jpg 136w, http:\/\/museumek.eu\/wp-content\/uploads\/2021\/06\/Deusch-Silberporzellan-Kanne-1.jpg 480w\" sizes=\"(max-width: 272px) 100vw, 272px\" \/><\/a><\/p>\n<p><a href=\"http:\/\/museumek.eu\/?attachment_id=57909\" rel=\"attachment wp-att-57909\"><img loading=\"lazy\" src=\"http:\/\/museumek.eu\/wp-content\/uploads\/2021\/06\/Deusch-Silberporzellan-Kanne-2-289x300.jpg\" alt=\"\" title=\"Deusch Silberporzellan Kanne 2\" width=\"289\" height=\"300\" class=\"alignnone size-medium wp-image-57909\" srcset=\"http:\/\/museumek.eu\/wp-content\/uploads\/2021\/06\/Deusch-Silberporzellan-Kanne-2-289x300.jpg 289w, http:\/\/museumek.eu\/wp-content\/uploads\/2021\/06\/Deusch-Silberporzellan-Kanne-2-144x150.jpg 144w, http:\/\/museumek.eu\/wp-content\/uploads\/2021\/06\/Deusch-Silberporzellan-Kanne-2.jpg 480w\" sizes=\"(max-width: 289px) 100vw, 289px\" \/><\/a><\/p>\n<p><a href=\"http:\/\/museumek.eu\/?attachment_id=57910\" rel=\"attachment wp-att-57910\"><img loading=\"lazy\" src=\"http:\/\/museumek.eu\/wp-content\/uploads\/2021\/06\/Deusch-Silberporzellan-Kanne-3-197x300.jpg\" alt=\"\" title=\"Deusch Silberporzellan Kanne 3\" width=\"197\" height=\"300\" class=\"alignnone size-medium wp-image-57910\" srcset=\"http:\/\/museumek.eu\/wp-content\/uploads\/2021\/06\/Deusch-Silberporzellan-Kanne-3-197x300.jpg 197w, http:\/\/museumek.eu\/wp-content\/uploads\/2021\/06\/Deusch-Silberporzellan-Kanne-3-98x150.jpg 98w, http:\/\/museumek.eu\/wp-content\/uploads\/2021\/06\/Deusch-Silberporzellan-Kanne-3.jpg 421w\" sizes=\"(max-width: 197px) 100vw, 197px\" \/><\/a><\/p>\n<p><a href=\"http:\/\/museumek.eu\/?attachment_id=57911\" rel=\"attachment wp-att-57911\"><img loading=\"lazy\" src=\"http:\/\/museumek.eu\/wp-content\/uploads\/2021\/06\/Deusch-Silberporzellan-Kanne-4-179x300.jpg\" alt=\"\" title=\"Deusch Silberporzellan Kanne 4\" width=\"179\" height=\"300\" class=\"alignnone size-medium wp-image-57911\" srcset=\"http:\/\/museumek.eu\/wp-content\/uploads\/2021\/06\/Deusch-Silberporzellan-Kanne-4-179x300.jpg 179w, http:\/\/museumek.eu\/wp-content\/uploads\/2021\/06\/Deusch-Silberporzellan-Kanne-4-89x150.jpg 89w, http:\/\/museumek.eu\/wp-content\/uploads\/2021\/06\/Deusch-Silberporzellan-Kanne-4.jpg 383w\" sizes=\"(max-width: 179px) 100vw, 179px\" \/><\/a><\/p>\n<p><a href=\"http:\/\/museumek.eu\/?attachment_id=57912\" rel=\"attachment wp-att-57912\"><img loading=\"lazy\" src=\"http:\/\/museumek.eu\/wp-content\/uploads\/2021\/06\/Deusch-Silberporzellan-Kanne-5-282x300.jpg\" alt=\"\" title=\"Deusch Silberporzellan Kanne 5\" width=\"282\" height=\"300\" class=\"alignnone size-medium wp-image-57912\" srcset=\"http:\/\/museumek.eu\/wp-content\/uploads\/2021\/06\/Deusch-Silberporzellan-Kanne-5-282x300.jpg 282w, http:\/\/museumek.eu\/wp-content\/uploads\/2021\/06\/Deusch-Silberporzellan-Kanne-5-141x150.jpg 141w, http:\/\/museumek.eu\/wp-content\/uploads\/2021\/06\/Deusch-Silberporzellan-Kanne-5.jpg 480w\" sizes=\"(max-width: 282px) 100vw, 282px\" \/><\/a><\/p>\n<p><a href=\"http:\/\/museumek.eu\/?attachment_id=57913\" rel=\"attachment wp-att-57913\"><img loading=\"lazy\" src=\"http:\/\/museumek.eu\/wp-content\/uploads\/2021\/06\/Deusch-Silberporzellan-Kanne-6-197x300.jpg\" alt=\"\" title=\"Deusch Silberporzellan Kanne 6\" width=\"197\" height=\"300\" class=\"alignnone size-medium wp-image-57913\" srcset=\"http:\/\/museumek.eu\/wp-content\/uploads\/2021\/06\/Deusch-Silberporzellan-Kanne-6-197x300.jpg 197w, http:\/\/museumek.eu\/wp-content\/uploads\/2021\/06\/Deusch-Silberporzellan-Kanne-6-98x150.jpg 98w, http:\/\/museumek.eu\/wp-content\/uploads\/2021\/06\/Deusch-Silberporzellan-Kanne-6.jpg 421w\" sizes=\"(max-width: 197px) 100vw, 197px\" \/><\/a><\/p>\n<p><a href=\"http:\/\/museumek.eu\/?attachment_id=57914\" rel=\"attachment wp-att-57914\"><img loading=\"lazy\" src=\"http:\/\/museumek.eu\/wp-content\/uploads\/2021\/06\/Deusch-Silberporzellan-Kanne-7-238x300.jpg\" alt=\"\" title=\"Deusch Silberporzellan Kanne 7\" width=\"238\" height=\"300\" class=\"alignnone size-medium wp-image-57914\" srcset=\"http:\/\/museumek.eu\/wp-content\/uploads\/2021\/06\/Deusch-Silberporzellan-Kanne-7-238x300.jpg 238w, http:\/\/museumek.eu\/wp-content\/uploads\/2021\/06\/Deusch-Silberporzellan-Kanne-7-119x150.jpg 119w, http:\/\/museumek.eu\/wp-content\/uploads\/2021\/06\/Deusch-Silberporzellan-Kanne-7.jpg 480w\" sizes=\"(max-width: 238px) 100vw, 238px\" \/><\/a><\/p>\n<p><a href=\"http:\/\/museumek.eu\/?attachment_id=57915\" rel=\"attachment wp-att-57915\"><img loading=\"lazy\" src=\"http:\/\/museumek.eu\/wp-content\/uploads\/2021\/06\/Deusch-Silberporzellan-Kanne-8-247x300.jpg\" alt=\"\" title=\"Deusch Silberporzellan Kanne 8\" width=\"247\" height=\"300\" class=\"alignnone size-medium wp-image-57915\" srcset=\"http:\/\/museumek.eu\/wp-content\/uploads\/2021\/06\/Deusch-Silberporzellan-Kanne-8-247x300.jpg 247w, http:\/\/museumek.eu\/wp-content\/uploads\/2021\/06\/Deusch-Silberporzellan-Kanne-8-123x150.jpg 123w, http:\/\/museumek.eu\/wp-content\/uploads\/2021\/06\/Deusch-Silberporzellan-Kanne-8.jpg 480w\" sizes=\"(max-width: 247px) 100vw, 247px\" \/><\/a><\/p>\n<p><a href=\"http:\/\/museumek.eu\/?attachment_id=57916\" rel=\"attachment wp-att-57916\"><img loading=\"lazy\" src=\"http:\/\/museumek.eu\/wp-content\/uploads\/2021\/06\/Deusch-Silberporzellan-Kanne-9-265x300.jpg\" alt=\"\" title=\"Deusch Silberporzellan Kanne 9\" width=\"265\" height=\"300\" class=\"alignnone size-medium wp-image-57916\" srcset=\"http:\/\/museumek.eu\/wp-content\/uploads\/2021\/06\/Deusch-Silberporzellan-Kanne-9-265x300.jpg 265w, http:\/\/museumek.eu\/wp-content\/uploads\/2021\/06\/Deusch-Silberporzellan-Kanne-9-132x150.jpg 132w, http:\/\/museumek.eu\/wp-content\/uploads\/2021\/06\/Deusch-Silberporzellan-Kanne-9.jpg 480w\" sizes=\"(max-width: 265px) 100vw, 265px\" \/><\/a> <\/p>\n<p><a href=\"http:\/\/museumek.eu\/?attachment_id=57917\" rel=\"attachment wp-att-57917\"><img loading=\"lazy\" src=\"http:\/\/museumek.eu\/wp-content\/uploads\/2021\/06\/Deusch-Silberporzellan-Kanne-10-272x300.jpg\" alt=\"\" title=\"Deusch Silberporzellan Kanne 10\" width=\"272\" height=\"300\" class=\"alignnone size-medium wp-image-57917\" srcset=\"http:\/\/museumek.eu\/wp-content\/uploads\/2021\/06\/Deusch-Silberporzellan-Kanne-10-272x300.jpg 272w, http:\/\/museumek.eu\/wp-content\/uploads\/2021\/06\/Deusch-Silberporzellan-Kanne-10-136x150.jpg 136w, http:\/\/museumek.eu\/wp-content\/uploads\/2021\/06\/Deusch-Silberporzellan-Kanne-10.jpg 480w\" sizes=\"(max-width: 272px) 100vw, 272px\" \/><\/a> <\/p>\n","protected":false},"excerpt":{"rendered":"<p>Abteilung Deutschland, Keramik 1860 \u2013 1960, Inventarnummer D\/CC\/1 Metallporzellanfabrik Deusch &#038; Co., Deutschland, Waldhausen, um 1930, Kanne, K\u00fcnstler unbekannt, Werks.-Nr. ohne, Exemplar Nr. ohne, gemarkt Firmenmarke eine Kanne, darunter Deusch, das h in einem gro\u00dfem Bogen auslaufend, in dem Bogen &hellip; <a href=\"http:\/\/museumek.eu\/?page_id=57924\">Weiterlesen <span class=\"meta-nav\">&rarr;<\/span><\/a><\/p>\n","protected":false},"author":1,"featured_media":0,"parent":57868,"menu_order":1,"comment_status":"closed","ping_status":"open","template":"","meta":[],"_links":{"self":[{"href":"http:\/\/museumek.eu\/index.php?rest_route=\/wp\/v2\/pages\/57924"}],"collection":[{"href":"http:\/\/museumek.eu\/index.php?rest_route=\/wp\/v2\/pages"}],"about":[{"href":"http:\/\/museumek.eu\/index.php?rest_route=\/wp\/v2\/types\/page"}],"author":[{"embeddable":true,"href":"http:\/\/museumek.eu\/index.php?rest_route=\/wp\/v2\/users\/1"}],"replies":[{"embeddable":true,"href":"http:\/\/museumek.eu\/index.php?rest_route=%2Fwp%2Fv2%2Fcomments&post=57924"}],"version-history":[{"count":4,"href":"http:\/\/museumek.eu\/index.php?rest_route=\/wp\/v2\/pages\/57924\/revisions"}],"predecessor-version":[{"id":57928,"href":"http:\/\/museumek.eu\/index.php?rest_route=\/wp\/v2\/pages\/57924\/revisions\/57928"}],"up":[{"embeddable":true,"href":"http:\/\/museumek.eu\/index.php?rest_route=\/wp\/v2\/pages\/57868"}],"wp:attachment":[{"href":"http:\/\/museumek.eu\/index.php?rest_route=%2Fwp%2Fv2%2Fmedia&parent=57924"}],"curies":[{"name":"wp","href":"https:\/\/api.w.org\/{rel}","templated":true}]}}