{"id":5800,"date":"2011-10-04T21:20:35","date_gmt":"2011-10-04T19:20:35","guid":{"rendered":"http:\/\/museumek.eu\/?page_id=5800"},"modified":"2013-04-25T23:38:08","modified_gmt":"2013-04-25T21:38:08","slug":"kurzbiografie-und-inventar-zum-kunstler","status":"publish","type":"page","link":"http:\/\/museumek.eu\/?page_id=5800","title":{"rendered":"Kurzbiografie und Inventar zum K\u00fcnstler"},"content":{"rendered":"<p>Eduard Klablena wurde am 08.04.1981 in Bucany (Ungarn) geboren. Er starb am 07.11.1933 in Langenzersdorf (bei Wien). Seine Familie \u00fcbersiedelte 1883 nach Langenzersdorf. Klablena absolvierte die Fachschule f\u00fcr G\u00fcrtler, Bronzearbeiten und Ziseleure in Wien bei Karl Waschmann. In Waschmanns Atelier lernte er auch das Modellieren. Im Jahr 1900 war er Hospitant an der Kunstgewerbeschule in Wien. Von 1902 bis 1910 lebte Klablena in Deutschland. Im Jahr 1903 war er Hospitant an der Kunstgewerbeschule in Berlin und im Jahr 1906 an der K\u00f6niglichen Akademie in Berlin. Er unterrichtete selbst in Berlin und arbeitete f\u00fcr die K\u00f6nigliche Porzellanmanufaktur in Berlin. In der N\u00e4he von Magdeburg lernte er das Arbeiten mit Keramik.<br \/>\nIm Jahre 1910 kehrte er nach Langenzersdorf zur\u00fcck und gr\u00fcndete sein eigenes Atelier. Klablena verkaufte seine Keramiken auch \u00fcber die Wiener Werkst\u00e4tte. Zu Beginn der 1920&#8242; Jahre gab er 100 seiner Modelle an die Wiener Kunstkeramik- und Porzellanmanufaktur Keramos ab, die diese in gro\u00dfer Auflage produzierte. Dortige Modellnummern 500 &#8211; 599. Ende der 1920&#8242; Jahre verkaufte er weitere Modelle an Keramos. Modellnummern 1100 bis 1193.<\/p>\n<p><strong>Abteilung Austria\/Ungarn\/B\u00f6hmen, Keramik 1860 \u2013 1960, Inventarnummer A\/IV\/6<\/strong><\/p>\n<p>Wiener Kunstkeramik und Porzellanmanufaktur Keramos, Austria, Wien, Ausformung 1930\u2019 Jahre, Figur Eintages-Fohlen, K\u00fcnstler Eduard Klablena, Werks.-Nr. 1118, Exemplar Nr. 6, gemarkt WKK Keramos Made in Austria sowie gespiegeltes EK schwarze Stempel, 1118 sowie 6 gepresst, nicht signiert, Literatur: Uta M. Matschiner, Wiener Kunstkeramik und Porzellanmanufaktur Keramos mit Werksverzeichnis, Seite 418, Nr. 1118, identisches Fohlen, j\u00fcngere Ausf\u00fchrung, Entwurf Eduard Klablena, abgebildet, siehe auch MEK A\/IV\/7, dort die j\u00fcngere Ausf\u00fchrung des Eintages-Fohlen,<br \/>\nH\u00f6he 10,5 cm, Breite 8,5 cm<\/p>\n<p><a href=\"http:\/\/museumek.eu\/wp-content\/uploads\/2011\/08\/Museum-Europ\u00e4ischer-Keramikkunst-Qualit\u00e4tsfotos-127.jpg\"><img loading=\"lazy\" src=\"http:\/\/museumek.eu\/wp-content\/uploads\/2011\/08\/Museum-Europ\u00e4ischer-Keramikkunst-Qualit\u00e4tsfotos-127-248x300.jpg\" alt=\"\" title=\"Museum Europ\u00e4ischer Keramikkunst Qualit\u00e4tsfotos 127\" width=\"248\" height=\"300\" class=\"alignnone size-medium wp-image-723\" srcset=\"http:\/\/museumek.eu\/wp-content\/uploads\/2011\/08\/Museum-Europ\u00e4ischer-Keramikkunst-Qualit\u00e4tsfotos-127-248x300.jpg 248w, http:\/\/museumek.eu\/wp-content\/uploads\/2011\/08\/Museum-Europ\u00e4ischer-Keramikkunst-Qualit\u00e4tsfotos-127.jpg 594w\" sizes=\"(max-width: 248px) 100vw, 248px\" \/><\/a><\/p>\n<p><a href=\"http:\/\/museumek.eu\/wp-content\/uploads\/2011\/08\/Museum-Europ\u00e4ischer-Keramikkunst-227.jpg\"><img loading=\"lazy\" src=\"http:\/\/museumek.eu\/wp-content\/uploads\/2011\/08\/Museum-Europ\u00e4ischer-Keramikkunst-227-178x300.jpg\" alt=\"\" title=\"Museum Europ\u00e4ischer Keramikkunst 227\" width=\"178\" height=\"300\" class=\"alignnone size-medium wp-image-724\" srcset=\"http:\/\/museumek.eu\/wp-content\/uploads\/2011\/08\/Museum-Europ\u00e4ischer-Keramikkunst-227-178x300.jpg 178w, http:\/\/museumek.eu\/wp-content\/uploads\/2011\/08\/Museum-Europ\u00e4ischer-Keramikkunst-227.jpg 535w\" sizes=\"(max-width: 178px) 100vw, 178px\" \/><\/a><\/p>\n<p><a href=\"http:\/\/museumek.eu\/wp-content\/uploads\/2011\/08\/Museum-Europ\u00e4ischer-Keramikkunst-226.jpg\"><img loading=\"lazy\" src=\"http:\/\/museumek.eu\/wp-content\/uploads\/2011\/08\/Museum-Europ\u00e4ischer-Keramikkunst-226-167x300.jpg\" alt=\"\" title=\"Museum Europ\u00e4ischer Keramikkunst 226\" width=\"167\" height=\"300\" class=\"alignnone size-medium wp-image-725\" srcset=\"http:\/\/museumek.eu\/wp-content\/uploads\/2011\/08\/Museum-Europ\u00e4ischer-Keramikkunst-226-167x300.jpg 167w, http:\/\/museumek.eu\/wp-content\/uploads\/2011\/08\/Museum-Europ\u00e4ischer-Keramikkunst-226.jpg 485w\" sizes=\"(max-width: 167px) 100vw, 167px\" \/><\/a><\/p>\n<p><strong>Abteilung Austria\/Ungarn\/B\u00f6hmen, Keramik 1860 \u2013 1960, Inventarnummer A\/IV\/7<\/strong><\/p>\n<p>Wiener Kunstkeramik und Porzellanmanufaktur Keramos, Austria, Wien, Ausformung 1950\u2019 Jahre, Figur Eintages-Fohlen, K\u00fcnstler Eduard Klablena, Werks.-Nr. 1118, Exemplar Nr. 2 (oder 30), gemarkt Keramos Wien Made in Austria schwarzer Stempel, 1118, 30 sowie 2 gepresst, ungedeutetes Zeichen rot gemalt, nicht signiert, Literatur: Uta M. Matschiner, Wiener Kunstkeramik und Porzellanmanufaktur Keramos mit Werksverzeichnis, Seite 418, Nr. 1118, identisches Fohlen, Entwurf Eduard Klablena, abgebildet, siehe auch MEK A\/IV\/6, dort die \u00e4ltere Ausf\u00fchrung des Eintages-Fohlen,<br \/>\nH\u00f6he 9,7 cm, Breite 9 cm<\/p>\n<p><a href=\"http:\/\/museumek.eu\/wp-content\/uploads\/2011\/08\/Museum-Europ\u00e4ischer-Keramikkunst-Qualit\u00e4tsfotos-128.jpg\"><img loading=\"lazy\" src=\"http:\/\/museumek.eu\/wp-content\/uploads\/2011\/08\/Museum-Europ\u00e4ischer-Keramikkunst-Qualit\u00e4tsfotos-128-248x300.jpg\" alt=\"\" title=\"Museum Europ\u00e4ischer Keramikkunst Qualit\u00e4tsfotos 128\" width=\"248\" height=\"300\" class=\"alignnone size-medium wp-image-729\" srcset=\"http:\/\/museumek.eu\/wp-content\/uploads\/2011\/08\/Museum-Europ\u00e4ischer-Keramikkunst-Qualit\u00e4tsfotos-128-248x300.jpg 248w, http:\/\/museumek.eu\/wp-content\/uploads\/2011\/08\/Museum-Europ\u00e4ischer-Keramikkunst-Qualit\u00e4tsfotos-128.jpg 585w\" sizes=\"(max-width: 248px) 100vw, 248px\" \/><\/a><\/p>\n<p><a href=\"http:\/\/museumek.eu\/wp-content\/uploads\/2011\/08\/Museum-Europ\u00e4ischer-Keramikkunst-229.jpg\"><img loading=\"lazy\" src=\"http:\/\/museumek.eu\/wp-content\/uploads\/2011\/08\/Museum-Europ\u00e4ischer-Keramikkunst-229-193x300.jpg\" alt=\"\" title=\"Museum Europ\u00e4ischer Keramikkunst 229\" width=\"193\" height=\"300\" class=\"alignnone size-medium wp-image-730\" srcset=\"http:\/\/museumek.eu\/wp-content\/uploads\/2011\/08\/Museum-Europ\u00e4ischer-Keramikkunst-229-193x300.jpg 193w, http:\/\/museumek.eu\/wp-content\/uploads\/2011\/08\/Museum-Europ\u00e4ischer-Keramikkunst-229.jpg 565w\" sizes=\"(max-width: 193px) 100vw, 193px\" \/><\/a><\/p>\n<p><strong>Abteilung Austria\/Ungarn\/B\u00f6hmen, Keramik 1860 \u2013 1960, Inventarnummer A\/XII\/1<\/strong><\/p>\n<p>Eduard Klablena (attr.), Austria, Langenzersdorf, um 1915, Figur Sitzender Hase, K\u00fcnstler Eduard Klablena, Werksnummer 112, Exemplar Nr. ohne, gemarkt 112 gepresst, evtl. WW geritzt (schwer lesbar), nicht signiert, Literatur: Uta M. Matschiner, Wiener Kunstkeramik und Porzellanmanufaktur Keramos, Seite 206, Biografie des K\u00fcnstlers, unter den rund 200 Modellen, die Klablena an die Manufaktur Keramos zur Produktion weitergab, ist die MEK Figur nicht enthalten, evtl. wurde diese Figur \u00fcber die Wiener Werkst\u00e4tte (\u00fcber die WW wurden auch Modelle von Klablena verkauft) verkauft, eine weitere nachweisbare Figur konnte nicht recherchiert werden, auch nicht in der gro\u00dfen Klablena Sammlung der Wiener Galerie bei der Albertina, siehe dazu Literatur: Christa Zetter und Katharina Zetter-Karner, Kleine Preise vor gro\u00dfem Umbau, Galerie bei der Albertina, Jahr 2010, Seiten 70 bis 72, dort nicht aufgef\u00fchrt,<br \/>\nH\u00f6he 7 cm, Breite 6,5 cm<\/p>\n<p><a href=\"http:\/\/museumek.eu\/wp-content\/uploads\/2011\/08\/Museum-Europ\u00e4ischer-Keramikkunst-Qualit\u00e4tsfotos-184.jpg\"><img loading=\"lazy\" src=\"http:\/\/museumek.eu\/wp-content\/uploads\/2011\/08\/Museum-Europ\u00e4ischer-Keramikkunst-Qualit\u00e4tsfotos-184-228x300.jpg\" alt=\"\" title=\"Museum Europ\u00e4ischer Keramikkunst Qualit\u00e4tsfotos 184\" width=\"228\" height=\"300\" class=\"alignnone size-medium wp-image-999\" srcset=\"http:\/\/museumek.eu\/wp-content\/uploads\/2011\/08\/Museum-Europ\u00e4ischer-Keramikkunst-Qualit\u00e4tsfotos-184-228x300.jpg 228w, http:\/\/museumek.eu\/wp-content\/uploads\/2011\/08\/Museum-Europ\u00e4ischer-Keramikkunst-Qualit\u00e4tsfotos-184.jpg 554w\" sizes=\"(max-width: 228px) 100vw, 228px\" \/><\/a><\/p>\n<p><a href=\"http:\/\/museumek.eu\/wp-content\/uploads\/2011\/08\/Museum-Europ\u00e4ischer-Keramikkunst-283.jpg\"><img loading=\"lazy\" src=\"http:\/\/museumek.eu\/wp-content\/uploads\/2011\/08\/Museum-Europ\u00e4ischer-Keramikkunst-283-300x261.jpg\" alt=\"\" title=\"Museum Europ\u00e4ischer Keramikkunst 283\" width=\"300\" height=\"261\" class=\"alignnone size-medium wp-image-1000\" srcset=\"http:\/\/museumek.eu\/wp-content\/uploads\/2011\/08\/Museum-Europ\u00e4ischer-Keramikkunst-283-300x261.jpg 300w, http:\/\/museumek.eu\/wp-content\/uploads\/2011\/08\/Museum-Europ\u00e4ischer-Keramikkunst-283-344x300.jpg 344w, http:\/\/museumek.eu\/wp-content\/uploads\/2011\/08\/Museum-Europ\u00e4ischer-Keramikkunst-283.jpg 633w\" sizes=\"(max-width: 300px) 100vw, 300px\" \/><\/a><\/p>\n<p><strong>Abteilung Austria\/Ungarn\/B\u00f6hmen, Keramik 1860 \u2013 1960, Inventarnummer A\/XII\/2<\/strong><\/p>\n<p>Eduard Klablena (attr.), Austria, Langenzersdorf (Ausf. evtl. Magdeburg), um 1910, Krug, K\u00fcnstler Eduard Klablena, Werks.-Nr. ohne, Exemplar Nr. Unikat, gemarkt gespiegeltes EK sowie Handarbeit gemalt, signiert = gemarkt, Literatur: Waltraud Neuwirth, Wiener Keramik, Seite 476, wie Marke 169, vermutlich eine seiner ersten keramischen Arbeiten aus der Zeit um 1910, als er im Raum Magdeburg bei einem einheimischem T\u00f6pfer das Arbeiten mit Keramik gelernt hat, siehe dazu auch Literatur: Uta M. Matschiner, Wiener Kunstkeramik und Porzellanmanufaktur Keramos, Seite 206, Biografie des K\u00fcnstlers, der Krug ist noch nicht perfekt ausgef\u00fchrt, Werk eines Lernenden, H\u00f6he 24 cm, Breite 21 cm<\/p>\n<p><a href=\"http:\/\/museumek.eu\/wp-content\/uploads\/2011\/08\/Museum-Europ\u00e4ischer-Keramikkunst-866.jpg\"><img loading=\"lazy\" src=\"http:\/\/museumek.eu\/wp-content\/uploads\/2011\/08\/Museum-Europ\u00e4ischer-Keramikkunst-866-269x300.jpg\" alt=\"\" title=\"Museum Europ\u00e4ischer Keramikkunst 866\" width=\"269\" height=\"300\" class=\"alignnone size-medium wp-image-2413\" srcset=\"http:\/\/museumek.eu\/wp-content\/uploads\/2011\/08\/Museum-Europ\u00e4ischer-Keramikkunst-866-269x300.jpg 269w, http:\/\/museumek.eu\/wp-content\/uploads\/2011\/08\/Museum-Europ\u00e4ischer-Keramikkunst-866.jpg 633w\" sizes=\"(max-width: 269px) 100vw, 269px\" \/><\/a><\/p>\n<p><a href=\"http:\/\/museumek.eu\/wp-content\/uploads\/2011\/08\/Museum-Europ\u00e4ischer-Keramikkunst-868.jpg\"><img loading=\"lazy\" src=\"http:\/\/museumek.eu\/wp-content\/uploads\/2011\/08\/Museum-Europ\u00e4ischer-Keramikkunst-868-300x164.jpg\" alt=\"\" title=\"Museum Europ\u00e4ischer Keramikkunst 868\" width=\"300\" height=\"164\" class=\"alignnone size-medium wp-image-2414\" srcset=\"http:\/\/museumek.eu\/wp-content\/uploads\/2011\/08\/Museum-Europ\u00e4ischer-Keramikkunst-868-300x164.jpg 300w, http:\/\/museumek.eu\/wp-content\/uploads\/2011\/08\/Museum-Europ\u00e4ischer-Keramikkunst-868-500x274.jpg 500w, http:\/\/museumek.eu\/wp-content\/uploads\/2011\/08\/Museum-Europ\u00e4ischer-Keramikkunst-868.jpg 764w\" sizes=\"(max-width: 300px) 100vw, 300px\" \/><\/a><\/p>\n<p><strong>Abteilung Austria\/Ungarn\/B\u00f6hmen, Keramik 1860 \u2013 1960, Inventarnummer A\/XII\/3<\/strong><\/p>\n<p>Eduard Klablena, Austria, Langenzersdorf, um 1912, Figur spielende B\u00e4ren, K\u00fcnstler Eduard Klablena, Werks.-Nr. 4 c, Exemplar Nr. ohne, gemarkt gespiegeltes EK schwarz gemalt, 4 c geritzt, mit Bleistift kaum lesbar evtl. Langenzersdorf, signiert = gemarkt, Literatur: Waltraud Neuwirth, Wiener Keramik, Seite 476, Marke 169 identisch, weitere Literatur: Uta M. Matschiner, Wiener Kunstkeramik und Porzellanmanufaktur Keramos, Seite 206, Biografie des K\u00fcnstlers, unter den rund 200 Modellen, die Klablena an die Manufaktur Keramos zur Produktion weitergab, ist die MEK Figur nicht enthalten, da die MEK Figur auch keinen Stempel der Wiener Werkst\u00e4tte (\u00fcber die WW wurden auch Modelle von Klablena verkauft) tr\u00e4gt, ist davon auszugehen, dass die Figur von Klablena allein vertrieben worden ist, eine weitere nachweisbare Figur konnte nicht recherchiert werden, auch nicht in der gro\u00dfen Klablena Sammlung der Wiener Galerie bei der Albertina, siehe dazu Literatur: Christa Zetter und Katharina Zetter-Karner, Kleine Preise vor gro\u00dfem Umbau, Galerie bei der Albertina, Jahr 2010, Seiten 70 bis 72, dort nicht aufgef\u00fchrt, siehe auch Auktionshaus Quittenbaum, 86. Auktion, Jugendstil \u2013 Art D\u00e9co, vom 20.10.2009, Lot Nr. 424, ein 12,2 cm hoher Affe von Klablena,<br \/>\nH\u00f6he 15,5 cm, Breite 21 cm<\/p>\n<p><a href=\"http:\/\/museumek.eu\/wp-content\/uploads\/2012\/07\/Museum-Europ\u00e4ischer-Keramikkunst-2575.jpg\"><img loading=\"lazy\" src=\"http:\/\/museumek.eu\/wp-content\/uploads\/2012\/07\/Museum-Europ\u00e4ischer-Keramikkunst-2575-300x223.jpg\" alt=\"\" title=\"Museum Europ\u00e4ischer Keramikkunst 2575\" width=\"300\" height=\"223\" class=\"alignnone size-medium wp-image-12081\" srcset=\"http:\/\/museumek.eu\/wp-content\/uploads\/2012\/07\/Museum-Europ\u00e4ischer-Keramikkunst-2575-300x223.jpg 300w, http:\/\/museumek.eu\/wp-content\/uploads\/2012\/07\/Museum-Europ\u00e4ischer-Keramikkunst-2575-402x300.jpg 402w, http:\/\/museumek.eu\/wp-content\/uploads\/2012\/07\/Museum-Europ\u00e4ischer-Keramikkunst-2575.jpg 902w\" sizes=\"(max-width: 300px) 100vw, 300px\" \/><\/a><\/p>\n<p><a href=\"http:\/\/museumek.eu\/wp-content\/uploads\/2012\/07\/Museum-Europ\u00e4ischer-Keramikkunst-2576.jpg\"><img loading=\"lazy\" src=\"http:\/\/museumek.eu\/wp-content\/uploads\/2012\/07\/Museum-Europ\u00e4ischer-Keramikkunst-2576-300x139.jpg\" alt=\"\" title=\"Museum Europ\u00e4ischer Keramikkunst 2576\" width=\"300\" height=\"139\" class=\"alignnone size-medium wp-image-12082\" srcset=\"http:\/\/museumek.eu\/wp-content\/uploads\/2012\/07\/Museum-Europ\u00e4ischer-Keramikkunst-2576-300x139.jpg 300w, http:\/\/museumek.eu\/wp-content\/uploads\/2012\/07\/Museum-Europ\u00e4ischer-Keramikkunst-2576-500x233.jpg 500w, http:\/\/museumek.eu\/wp-content\/uploads\/2012\/07\/Museum-Europ\u00e4ischer-Keramikkunst-2576.jpg 725w\" sizes=\"(max-width: 300px) 100vw, 300px\" \/><\/a><\/p>\n<p><a href=\"http:\/\/museumek.eu\/wp-content\/uploads\/2011\/10\/Z-Klablena.jpg\"><img loading=\"lazy\" src=\"http:\/\/museumek.eu\/wp-content\/uploads\/2011\/10\/Z-Klablena-300x158.jpg\" alt=\"\" title=\"Z Klablena\" width=\"300\" height=\"158\" class=\"alignnone size-medium wp-image-18830\" srcset=\"http:\/\/museumek.eu\/wp-content\/uploads\/2011\/10\/Z-Klablena-300x158.jpg 300w, http:\/\/museumek.eu\/wp-content\/uploads\/2011\/10\/Z-Klablena-500x264.jpg 500w, http:\/\/museumek.eu\/wp-content\/uploads\/2011\/10\/Z-Klablena.jpg 604w\" sizes=\"(max-width: 300px) 100vw, 300px\" \/><\/a><\/p>\n","protected":false},"excerpt":{"rendered":"<p>Eduard Klablena wurde am 08.04.1981 in Bucany (Ungarn) geboren. Er starb am 07.11.1933 in Langenzersdorf (bei Wien). Seine Familie \u00fcbersiedelte 1883 nach Langenzersdorf. Klablena absolvierte die Fachschule f\u00fcr G\u00fcrtler, Bronzearbeiten und Ziseleure in Wien bei Karl Waschmann. In Waschmanns Atelier &hellip; <a href=\"http:\/\/museumek.eu\/?page_id=5800\">Weiterlesen <span class=\"meta-nav\">&rarr;<\/span><\/a><\/p>\n","protected":false},"author":1,"featured_media":0,"parent":1526,"menu_order":0,"comment_status":"closed","ping_status":"closed","template":"","meta":[],"_links":{"self":[{"href":"http:\/\/museumek.eu\/index.php?rest_route=\/wp\/v2\/pages\/5800"}],"collection":[{"href":"http:\/\/museumek.eu\/index.php?rest_route=\/wp\/v2\/pages"}],"about":[{"href":"http:\/\/museumek.eu\/index.php?rest_route=\/wp\/v2\/types\/page"}],"author":[{"embeddable":true,"href":"http:\/\/museumek.eu\/index.php?rest_route=\/wp\/v2\/users\/1"}],"replies":[{"embeddable":true,"href":"http:\/\/museumek.eu\/index.php?rest_route=%2Fwp%2Fv2%2Fcomments&post=5800"}],"version-history":[{"count":10,"href":"http:\/\/museumek.eu\/index.php?rest_route=\/wp\/v2\/pages\/5800\/revisions"}],"predecessor-version":[{"id":20521,"href":"http:\/\/museumek.eu\/index.php?rest_route=\/wp\/v2\/pages\/5800\/revisions\/20521"}],"up":[{"embeddable":true,"href":"http:\/\/museumek.eu\/index.php?rest_route=\/wp\/v2\/pages\/1526"}],"wp:attachment":[{"href":"http:\/\/museumek.eu\/index.php?rest_route=%2Fwp%2Fv2%2Fmedia&parent=5800"}],"curies":[{"name":"wp","href":"https:\/\/api.w.org\/{rel}","templated":true}]}}