{"id":58032,"date":"2021-07-02T21:47:02","date_gmt":"2021-07-02T19:47:02","guid":{"rendered":"http:\/\/museumek.eu\/?page_id=58032"},"modified":"2021-07-02T21:47:02","modified_gmt":"2021-07-02T19:47:02","slug":"alxxi1","status":"publish","type":"page","link":"http:\/\/museumek.eu\/?page_id=58032","title":{"rendered":"A\/LXXI\/1"},"content":{"rendered":"<p><strong>Abteilung Austria, Keramik 1860 \u2013 1960, Inventarnummer A\/LXXI\/1<\/strong><\/p>\n<p>Porzellanfabrik Gebr\u00fcder Benedikt und Nachf. Vereinigte Porzellanfabriken Meierh\u00f6fen vormals Gebr. Benedikt und Nachf. Vereinigte Porzellanfabriken Meierh\u00f6fen AG, Austria\/B\u00f6hmen, Meierh\u00f6fen\/Dvory, um 1930, Servierplatte, K\u00fcnstler unbekannt, Werks.-Nr. ohne, Exemplar Nr. ohne, gemarkt Firmenmarke GB (f\u00fcr Gebr\u00fcder Benedikt) ineinander ligiert, dar\u00fcber Made in, darunter Czecho-Slovakia gr\u00fcnlicher Stempel unter Glasur sowie teilweise nicht lesbarer bl\u00e4ulicher Stempel unter Glasur, davon lesbar Form (?), Dec (f\u00fcr Dekor) dann mit schwarzer Schrift auf Glasur 11.580 (als Dekornummer), nicht signiert, Literatur: Dieter Z\u00fchlsdorff, Markenlexikon Band 1, Porzellan und Keramik Report 1885 &#8211; 1935, Seite 80, Werk-Teil 1., Gruppennummer des Werkteils 1., laufende Nummer innerhalb der Gruppe 1590 identische Marke (dort f\u00fcr die Zeit ab 1929, dort beschrieben ab 1939 mit Made in Germany) sowie Seite 560, Werk-Teil 3., laufende Nummer des Werkteils 820, dort kurze Beschreibung der Fabrik, weitere Literatur: Ludwig Danckert, Handbuch des Europ\u00e4ischen Porzellans, 7. Auflage, Seite 267, dort nur Hinweis auf die Fabrik, die Fabrik wurde 1883 in Meierh\u00f6fen von den Br\u00fcdern Benedikt gegr\u00fcndet, Firmierung Porzellanfabrik Gebr\u00fcder Benedikt, 1910 ist Veit Benedikt Inhaber und Leo Benedikt der Direktor der Fabrik, 1918 kauft die Fabrik den ortsans\u00e4ssigen Konkurrenten, die Porzellanfabrik Moser Brothers. Brittania Porcelain Works, vormals Porzellanfabrik Eberhard &#038; Co. und \u00e4ndert die Firmierung in Vereinigte Porzellanfabriken Meierh\u00f6fen, vormals Gebr. Benedikt, 1928 wird die Fabrik AG, Firmierung ab da Vereinigte Porzellanfabriken Meierh\u00f6fen AG, Leiter der Fabrik ist zu diesem Zeitpunkt Berthold Moser-Benedikt, 1932 Integration der Fabrik in die EPIAG, Breite 36 cm, Tiefe 23,7 cm<\/p>\n<p><a href=\"http:\/\/museumek.eu\/?attachment_id=58020\" rel=\"attachment wp-att-58020\"><img loading=\"lazy\" src=\"http:\/\/museumek.eu\/wp-content\/uploads\/2021\/07\/Gebr\u00fcder-Benedikt-ovale-Vorlegeplatte-1-300x191.jpg\" alt=\"\" title=\"Gebr\u00fcder Benedikt ovale Vorlegeplatte 1\" width=\"300\" height=\"191\" class=\"alignnone size-medium wp-image-58020\" srcset=\"http:\/\/museumek.eu\/wp-content\/uploads\/2021\/07\/Gebr\u00fcder-Benedikt-ovale-Vorlegeplatte-1-300x191.jpg 300w, http:\/\/museumek.eu\/wp-content\/uploads\/2021\/07\/Gebr\u00fcder-Benedikt-ovale-Vorlegeplatte-1-150x95.jpg 150w, http:\/\/museumek.eu\/wp-content\/uploads\/2021\/07\/Gebr\u00fcder-Benedikt-ovale-Vorlegeplatte-1-469x300.jpg 469w, http:\/\/museumek.eu\/wp-content\/uploads\/2021\/07\/Gebr\u00fcder-Benedikt-ovale-Vorlegeplatte-1.jpg 640w\" sizes=\"(max-width: 300px) 100vw, 300px\" \/><\/a><\/p>\n<p><a href=\"http:\/\/museumek.eu\/?attachment_id=58021\" rel=\"attachment wp-att-58021\"><img loading=\"lazy\" src=\"http:\/\/museumek.eu\/wp-content\/uploads\/2021\/07\/Gebr\u00fcder-Benedikt-ovale-Vorlegeplatte-2-284x300.jpg\" alt=\"\" title=\"Gebr\u00fcder Benedikt ovale Vorlegeplatte 2\" width=\"284\" height=\"300\" class=\"alignnone size-medium wp-image-58021\" srcset=\"http:\/\/museumek.eu\/wp-content\/uploads\/2021\/07\/Gebr\u00fcder-Benedikt-ovale-Vorlegeplatte-2-284x300.jpg 284w, http:\/\/museumek.eu\/wp-content\/uploads\/2021\/07\/Gebr\u00fcder-Benedikt-ovale-Vorlegeplatte-2-142x150.jpg 142w, http:\/\/museumek.eu\/wp-content\/uploads\/2021\/07\/Gebr\u00fcder-Benedikt-ovale-Vorlegeplatte-2.jpg 480w\" sizes=\"(max-width: 284px) 100vw, 284px\" \/><\/a><\/p>\n<p><a href=\"http:\/\/museumek.eu\/?attachment_id=58022\" rel=\"attachment wp-att-58022\"><img loading=\"lazy\" src=\"http:\/\/museumek.eu\/wp-content\/uploads\/2021\/07\/Gebr\u00fcder-Benedikt-ovale-Vorlegeplatte-3-205x300.jpg\" alt=\"\" title=\"Gebr\u00fcder Benedikt ovale Vorlegeplatte 3\" width=\"205\" height=\"300\" class=\"alignnone size-medium wp-image-58022\" srcset=\"http:\/\/museumek.eu\/wp-content\/uploads\/2021\/07\/Gebr\u00fcder-Benedikt-ovale-Vorlegeplatte-3-205x300.jpg 205w, http:\/\/museumek.eu\/wp-content\/uploads\/2021\/07\/Gebr\u00fcder-Benedikt-ovale-Vorlegeplatte-3-102x150.jpg 102w, http:\/\/museumek.eu\/wp-content\/uploads\/2021\/07\/Gebr\u00fcder-Benedikt-ovale-Vorlegeplatte-3.jpg 439w\" sizes=\"(max-width: 205px) 100vw, 205px\" \/><\/a><\/p>\n<p><a href=\"http:\/\/museumek.eu\/?attachment_id=58023\" rel=\"attachment wp-att-58023\"><img loading=\"lazy\" src=\"http:\/\/museumek.eu\/wp-content\/uploads\/2021\/07\/Gebr\u00fcder-Benedikt-ovale-Vorlegeplatte-4-215x300.jpg\" alt=\"\" title=\"Gebr\u00fcder Benedikt ovale Vorlegeplatte 4\" width=\"215\" height=\"300\" class=\"alignnone size-medium wp-image-58023\" srcset=\"http:\/\/museumek.eu\/wp-content\/uploads\/2021\/07\/Gebr\u00fcder-Benedikt-ovale-Vorlegeplatte-4-215x300.jpg 215w, http:\/\/museumek.eu\/wp-content\/uploads\/2021\/07\/Gebr\u00fcder-Benedikt-ovale-Vorlegeplatte-4-107x150.jpg 107w, http:\/\/museumek.eu\/wp-content\/uploads\/2021\/07\/Gebr\u00fcder-Benedikt-ovale-Vorlegeplatte-4.jpg 460w\" sizes=\"(max-width: 215px) 100vw, 215px\" \/><\/a><\/p>\n<p><a href=\"http:\/\/museumek.eu\/?attachment_id=58024\" rel=\"attachment wp-att-58024\"><img loading=\"lazy\" src=\"http:\/\/museumek.eu\/wp-content\/uploads\/2021\/07\/Gebr\u00fcder-Benedikt-ovale-Vorlegeplatte-5-300x269.jpg\" alt=\"\" title=\"Gebr\u00fcder Benedikt ovale Vorlegeplatte 5\" width=\"300\" height=\"269\" class=\"alignnone size-medium wp-image-58024\" srcset=\"http:\/\/museumek.eu\/wp-content\/uploads\/2021\/07\/Gebr\u00fcder-Benedikt-ovale-Vorlegeplatte-5-300x269.jpg 300w, http:\/\/museumek.eu\/wp-content\/uploads\/2021\/07\/Gebr\u00fcder-Benedikt-ovale-Vorlegeplatte-5-150x134.jpg 150w, http:\/\/museumek.eu\/wp-content\/uploads\/2021\/07\/Gebr\u00fcder-Benedikt-ovale-Vorlegeplatte-5-334x300.jpg 334w, http:\/\/museumek.eu\/wp-content\/uploads\/2021\/07\/Gebr\u00fcder-Benedikt-ovale-Vorlegeplatte-5.jpg 535w\" sizes=\"(max-width: 300px) 100vw, 300px\" \/><\/a> <\/p>\n<p><a href=\"http:\/\/museumek.eu\/?attachment_id=58025\" rel=\"attachment wp-att-58025\"><img loading=\"lazy\" src=\"http:\/\/museumek.eu\/wp-content\/uploads\/2021\/07\/Gebr\u00fcder-Benedikt-ovale-Vorlegeplatte-6-300x155.jpg\" alt=\"\" title=\"Gebr\u00fcder Benedikt ovale Vorlegeplatte 6\" width=\"300\" height=\"155\" class=\"alignnone size-medium wp-image-58025\" srcset=\"http:\/\/museumek.eu\/wp-content\/uploads\/2021\/07\/Gebr\u00fcder-Benedikt-ovale-Vorlegeplatte-6-300x155.jpg 300w, http:\/\/museumek.eu\/wp-content\/uploads\/2021\/07\/Gebr\u00fcder-Benedikt-ovale-Vorlegeplatte-6-150x77.jpg 150w, http:\/\/museumek.eu\/wp-content\/uploads\/2021\/07\/Gebr\u00fcder-Benedikt-ovale-Vorlegeplatte-6-500x258.jpg 500w, http:\/\/museumek.eu\/wp-content\/uploads\/2021\/07\/Gebr\u00fcder-Benedikt-ovale-Vorlegeplatte-6.jpg 640w\" sizes=\"(max-width: 300px) 100vw, 300px\" \/><\/a><\/p>\n","protected":false},"excerpt":{"rendered":"<p>Abteilung Austria, Keramik 1860 \u2013 1960, Inventarnummer A\/LXXI\/1 Porzellanfabrik Gebr\u00fcder Benedikt und Nachf. Vereinigte Porzellanfabriken Meierh\u00f6fen vormals Gebr. Benedikt und Nachf. Vereinigte Porzellanfabriken Meierh\u00f6fen AG, Austria\/B\u00f6hmen, Meierh\u00f6fen\/Dvory, um 1930, Servierplatte, K\u00fcnstler unbekannt, Werks.-Nr. ohne, Exemplar Nr. ohne, gemarkt Firmenmarke GB &hellip; <a href=\"http:\/\/museumek.eu\/?page_id=58032\">Weiterlesen <span class=\"meta-nav\">&rarr;<\/span><\/a><\/p>\n","protected":false},"author":1,"featured_media":0,"parent":58011,"menu_order":1,"comment_status":"closed","ping_status":"open","template":"","meta":[],"_links":{"self":[{"href":"http:\/\/museumek.eu\/index.php?rest_route=\/wp\/v2\/pages\/58032"}],"collection":[{"href":"http:\/\/museumek.eu\/index.php?rest_route=\/wp\/v2\/pages"}],"about":[{"href":"http:\/\/museumek.eu\/index.php?rest_route=\/wp\/v2\/types\/page"}],"author":[{"embeddable":true,"href":"http:\/\/museumek.eu\/index.php?rest_route=\/wp\/v2\/users\/1"}],"replies":[{"embeddable":true,"href":"http:\/\/museumek.eu\/index.php?rest_route=%2Fwp%2Fv2%2Fcomments&post=58032"}],"version-history":[{"count":2,"href":"http:\/\/museumek.eu\/index.php?rest_route=\/wp\/v2\/pages\/58032\/revisions"}],"predecessor-version":[{"id":58034,"href":"http:\/\/museumek.eu\/index.php?rest_route=\/wp\/v2\/pages\/58032\/revisions\/58034"}],"up":[{"embeddable":true,"href":"http:\/\/museumek.eu\/index.php?rest_route=\/wp\/v2\/pages\/58011"}],"wp:attachment":[{"href":"http:\/\/museumek.eu\/index.php?rest_route=%2Fwp%2Fv2%2Fmedia&parent=58032"}],"curies":[{"name":"wp","href":"https:\/\/api.w.org\/{rel}","templated":true}]}}