{"id":5816,"date":"2011-10-06T14:04:36","date_gmt":"2011-10-06T12:04:36","guid":{"rendered":"http:\/\/museumek.eu\/?page_id=5816"},"modified":"2021-07-09T19:55:45","modified_gmt":"2021-07-09T17:55:45","slug":"axvii6","status":"publish","type":"page","link":"http:\/\/museumek.eu\/?page_id=5816","title":{"rendered":"A\/XVII\/6"},"content":{"rendered":"<p><strong>Abteilung Austria\/Ungarn\/B\u00f6hmen, Keramik 1860 \u2013 1960, Inventarnummer A\/XVII\/6<\/strong><\/p>\n<p>Wilhelm Schiller &#038; Sohn, Fabrikm\u00e4\u00dfige Erzeugung von Siderolith Thonwaaren, vormals Schiller, W &#038; Sohn, Fayence-, Majolika- und Terracottafabrik, B\u00f6hmen\/Austria,<br \/>\nNieder Grund\/Horni Grundt, vor\/um 1900,Wandteller mit persischem Motiv, K\u00fcnstler unbekannt, Werks.-Nr. 6916, Exemplar Nr. ohne, gemarkt Firmenmarke verziertes Rechteck mit WS &#038; S aufgelegt, 6916 gepresst, 11 blau gemalt, nicht signiert, Literatur: Jeffrey B. Snyder and Leslie Bockol, Majolica, British, American &#038; European Wares, Seite 154, Beschreibung der Manufaktur und Beschreibung der Marke, weitere Literatur: Volker M\u00f6lle Riessner, Amphora Die Porzellan- und Keramik- Manufaktur in Nordb\u00f6hmen, Seite 180, Beschreibung der Fabrik sowie Seite 194, Marke Nr. 25 identisch, weitere Literatur: Ludwig Danckert, Handbuch des Europ\u00e4ischen Porzellans, 7.Auflage, Seite 70, kurze unvollst\u00e4ndige Beschreibung der Fabrik und eine der abgebildeten Marken identisch, Dieter Z\u00fchlsdorff, Markenlexikon, Porzellan und Keramik Report 1885 &#8211; 1935, Band 1, Seite 121, Werk-Teil 1., Gruppennummer des Werkteils 1., laufende Nummer innerhalb der Gruppe 2613 identische Marke (dort beschrieben verwendet bis 1910) sowie Seite 476, Werk-Teil 3., laufende Nummer des Werkteils 127., kurze, unvollst\u00e4ndige und teilweise falsche Beschreibung der Fabrik, die Fabrik wurde 1851 von Wilhelm Schiller und seinem Sohn Eduard gegr\u00fcndet, sie firmierte als Schiller, W &#038; Sohn, Fayence-, Majolika- und Terracottafabrik, 1868 Firmierung als Wilhelm Schiller &#038; Sohn, Fabrikm\u00e4\u00dfige Erzeugung von Siderolith Thonwaaren, Schlie\u00dfung wohl 1910, es ist davon auszugehen, dass \u00fcber die gesamte Fabrikationszeit immer die gleiche Fabrikmarke verwendet worden ist, au\u00dferdem ist davon auszugehen, dass \u00fcber den gesamten Fabrikationszeitraum Fayencen-, Majolika- und Siderolithwaren produziert worden sind, auch wenn sich die Fabrikbezeichnung ab 1868 nur noch auf Siderolithwaren bezieht, das MEK hat Keramiken der Fabrik im Bestand, die aus anderen Tongemischen als Siderolith bestehen, aber bezogen auf den sichtbaren Alterungszustand sicher nicht vor 1868 produziert worden sind, da es au\u00dfer der Fabrikmarke keine weiteren Hinweise gibt, ist eine genaue zeitliche Zuordnung, zumindest der Siderolithwaren, nicht m\u00f6glich, Durchmesser 26,3 cm<\/p>\n<p><a href=\"http:\/\/museumek.eu\/wp-content\/uploads\/2011\/10\/Museum-Europ\u00e4ischer-Keramikkunst-1174.jpg\"><img loading=\"lazy\" src=\"http:\/\/museumek.eu\/wp-content\/uploads\/2011\/10\/Museum-Europ\u00e4ischer-Keramikkunst-1174-300x295.jpg\" alt=\"\" title=\"Museum Europ\u00e4ischer Keramikkunst 1174\" width=\"300\" height=\"295\" class=\"alignnone size-medium wp-image-5817\" srcset=\"http:\/\/museumek.eu\/wp-content\/uploads\/2011\/10\/Museum-Europ\u00e4ischer-Keramikkunst-1174-300x295.jpg 300w, http:\/\/museumek.eu\/wp-content\/uploads\/2011\/10\/Museum-Europ\u00e4ischer-Keramikkunst-1174-305x300.jpg 305w, http:\/\/museumek.eu\/wp-content\/uploads\/2011\/10\/Museum-Europ\u00e4ischer-Keramikkunst-1174.jpg 726w\" sizes=\"(max-width: 300px) 100vw, 300px\" \/><\/a><\/p>\n<p><a href=\"http:\/\/museumek.eu\/wp-content\/uploads\/2011\/10\/Museum-Europ\u00e4ischer-Keramikkunst-11761.jpg\"><img loading=\"lazy\" src=\"http:\/\/museumek.eu\/wp-content\/uploads\/2011\/10\/Museum-Europ\u00e4ischer-Keramikkunst-11761-300x276.jpg\" alt=\"\" title=\"Museum Europ\u00e4ischer Keramikkunst 1176\" width=\"300\" height=\"276\" class=\"alignnone size-medium wp-image-5819\" srcset=\"http:\/\/museumek.eu\/wp-content\/uploads\/2011\/10\/Museum-Europ\u00e4ischer-Keramikkunst-11761-300x276.jpg 300w, http:\/\/museumek.eu\/wp-content\/uploads\/2011\/10\/Museum-Europ\u00e4ischer-Keramikkunst-11761-325x300.jpg 325w, http:\/\/museumek.eu\/wp-content\/uploads\/2011\/10\/Museum-Europ\u00e4ischer-Keramikkunst-11761.jpg 428w\" sizes=\"(max-width: 300px) 100vw, 300px\" \/><\/a><\/p>\n<p><a href=\"http:\/\/museumek.eu\/wp-content\/uploads\/2011\/10\/Museum-Europ\u00e4ischer-Keramikkunst-11771.jpg\"><img loading=\"lazy\" src=\"http:\/\/museumek.eu\/wp-content\/uploads\/2011\/10\/Museum-Europ\u00e4ischer-Keramikkunst-11771.jpg\" alt=\"\" title=\"Museum Europ\u00e4ischer Keramikkunst 1177\" width=\"227\" height=\"182\" class=\"alignnone size-full wp-image-5821\" \/><\/a><\/p>\n","protected":false},"excerpt":{"rendered":"<p>Abteilung Austria\/Ungarn\/B\u00f6hmen, Keramik 1860 \u2013 1960, Inventarnummer A\/XVII\/6 Wilhelm Schiller &#038; Sohn, Fabrikm\u00e4\u00dfige Erzeugung von Siderolith Thonwaaren, vormals Schiller, W &#038; Sohn, Fayence-, Majolika- und Terracottafabrik, B\u00f6hmen\/Austria, Nieder Grund\/Horni Grundt, vor\/um 1900,Wandteller mit persischem Motiv, K\u00fcnstler unbekannt, Werks.-Nr. 6916, Exemplar &hellip; <a href=\"http:\/\/museumek.eu\/?page_id=5816\">Weiterlesen <span class=\"meta-nav\">&rarr;<\/span><\/a><\/p>\n","protected":false},"author":1,"featured_media":0,"parent":1199,"menu_order":6,"comment_status":"closed","ping_status":"closed","template":"","meta":[],"_links":{"self":[{"href":"http:\/\/museumek.eu\/index.php?rest_route=\/wp\/v2\/pages\/5816"}],"collection":[{"href":"http:\/\/museumek.eu\/index.php?rest_route=\/wp\/v2\/pages"}],"about":[{"href":"http:\/\/museumek.eu\/index.php?rest_route=\/wp\/v2\/types\/page"}],"author":[{"embeddable":true,"href":"http:\/\/museumek.eu\/index.php?rest_route=\/wp\/v2\/users\/1"}],"replies":[{"embeddable":true,"href":"http:\/\/museumek.eu\/index.php?rest_route=%2Fwp%2Fv2%2Fcomments&post=5816"}],"version-history":[{"count":7,"href":"http:\/\/museumek.eu\/index.php?rest_route=\/wp\/v2\/pages\/5816\/revisions"}],"predecessor-version":[{"id":58317,"href":"http:\/\/museumek.eu\/index.php?rest_route=\/wp\/v2\/pages\/5816\/revisions\/58317"}],"up":[{"embeddable":true,"href":"http:\/\/museumek.eu\/index.php?rest_route=\/wp\/v2\/pages\/1199"}],"wp:attachment":[{"href":"http:\/\/museumek.eu\/index.php?rest_route=%2Fwp%2Fv2%2Fmedia&parent=5816"}],"curies":[{"name":"wp","href":"https:\/\/api.w.org\/{rel}","templated":true}]}}