{"id":58309,"date":"2021-07-09T19:49:29","date_gmt":"2021-07-09T17:49:29","guid":{"rendered":"http:\/\/museumek.eu\/?page_id=58309"},"modified":"2021-07-09T19:49:29","modified_gmt":"2021-07-09T17:49:29","slug":"axvii15","status":"publish","type":"page","link":"http:\/\/museumek.eu\/?page_id=58309","title":{"rendered":"A\/XVII\/15"},"content":{"rendered":"<p><strong>Abteilung Austria\/Ungarn\/B\u00f6hmen, Keramik 1860 \u2013 1960, Inventarnummer A\/XVII\/15<\/strong><\/p>\n<p>Wilhelm Schiller &#038; Sohn, Fabrikm\u00e4\u00dfige Erzeugung von Siderolith Thonwaaren, vormals Schiller, W &#038; Sohn, Fayence-, Majolika- und Terracottafabrik, B\u00f6hmen\/Austria,<br \/>\nNieder Grund\/Horni Grundt, vor\/um 1900, Ente als Wandvase, K\u00fcnstler unbekannt, Werks.-Nr. 11299, Exemplar Nr. ohne, gemarkt Firmenmarke verziertes Rechteck mit WS &#038; S aufgelegt sowie 11299 gepresst, nicht signiert, Literatur: Jeffrey B. Snyder and Leslie Bockol, Majolica, British, American &#038; European Wares, Seite 154, Beschreibung der Manufaktur und Beschreibung der Marke, weitere Literatur: Volker M\u00f6lle Riessner, Amphora Die Porzellan- und Keramik- Manufaktur in Nordb\u00f6hmen, Seite 180, Beschreibung der Fabrik sowie Seite 194, Marke Nr. 25 identisch, weitere Literatur: Ludwig Danckert, Handbuch des Europ\u00e4ischen Porzellans, 7.Auflage, Seite 70, kurze unvollst\u00e4ndige Beschreibung der Fabrik und eine der abgebildeten Marken identisch, Dieter Z\u00fchlsdorff, Markenlexikon, Porzellan und Keramik Report 1885 &#8211; 1935, Band 1, Seite 121, Werk-Teil 1., Gruppennummer des Werkteils 1., laufende Nummer innerhalb der Gruppe 2613 identische Marke (dort beschrieben verwendet bis 1910) sowie Seite 476, Werk-Teil 3., laufende Nummer des Werkteils 127., kurze, unvollst\u00e4ndige und teilweise falsche Beschreibung der Fabrik, die Fabrik wurde 1851 von Wilhelm Schiller und seinem Sohn Eduard gegr\u00fcndet, sie firmierte als Schiller, W &#038; Sohn, Fayence-, Majolika- und Terracottafabrik, 1868 Firmierung als Wilhelm Schiller &#038; Sohn, Fabrikm\u00e4\u00dfige Erzeugung von Siderolith Thonwaaren, Schlie\u00dfung wohl 1910, es ist davon auszugehen, dass \u00fcber die gesamte Fabrikationszeit immer die gleiche Fabrikmarke verwendet worden ist, au\u00dferdem ist davon auszugehen, dass \u00fcber den gesamten Fabrikationszeitraum Fayencen-, Majolika- und Siderolithwaren produziert worden sind, auch wenn sich die Fabrikbezeichnung ab 1868 nur noch auf Siderolithwaren bezieht, das MEK hat Keramiken der Fabrik im Bestand, die aus anderen Tongemischen als Siderolith bestehen, aber bezogen auf den sichtbaren Alterungszustand sicher nicht vor 1868 produziert worden sind, da es au\u00dfer der Fabrikmarke keine weiteren Hinweise gibt, ist eine genaue zeitliche Zuordnung, zumindest der Siderolithwaren, nicht m\u00f6glich, H\u00f6he 12 cm, Breite 25 cm<\/p>\n<p><a href=\"http:\/\/museumek.eu\/?attachment_id=58267\" rel=\"attachment wp-att-58267\"><img loading=\"lazy\" src=\"http:\/\/museumek.eu\/wp-content\/uploads\/2011\/10\/Schiller-Sohn-Ente-1-300x182.jpg\" alt=\"\" title=\"Schiller &amp; Sohn Ente 1\" width=\"300\" height=\"182\" class=\"alignnone size-medium wp-image-58267\" srcset=\"http:\/\/museumek.eu\/wp-content\/uploads\/2011\/10\/Schiller-Sohn-Ente-1-300x182.jpg 300w, http:\/\/museumek.eu\/wp-content\/uploads\/2011\/10\/Schiller-Sohn-Ente-1-150x91.jpg 150w, http:\/\/museumek.eu\/wp-content\/uploads\/2011\/10\/Schiller-Sohn-Ente-1-493x300.jpg 493w, http:\/\/museumek.eu\/wp-content\/uploads\/2011\/10\/Schiller-Sohn-Ente-1.jpg 640w\" sizes=\"(max-width: 300px) 100vw, 300px\" \/><\/a><\/p>\n<p><a href=\"http:\/\/museumek.eu\/?attachment_id=58268\" rel=\"attachment wp-att-58268\"><img loading=\"lazy\" src=\"http:\/\/museumek.eu\/wp-content\/uploads\/2011\/10\/Schiller-Sohn-Ente-2-241x300.jpg\" alt=\"\" title=\"Schiller &amp; Sohn Ente 2\" width=\"241\" height=\"300\" class=\"alignnone size-medium wp-image-58268\" srcset=\"http:\/\/museumek.eu\/wp-content\/uploads\/2011\/10\/Schiller-Sohn-Ente-2-241x300.jpg 241w, http:\/\/museumek.eu\/wp-content\/uploads\/2011\/10\/Schiller-Sohn-Ente-2-120x150.jpg 120w, http:\/\/museumek.eu\/wp-content\/uploads\/2011\/10\/Schiller-Sohn-Ente-2.jpg 480w\" sizes=\"(max-width: 241px) 100vw, 241px\" \/><\/a><\/p>\n<p><a href=\"http:\/\/museumek.eu\/?attachment_id=58269\" rel=\"attachment wp-att-58269\"><img loading=\"lazy\" src=\"http:\/\/museumek.eu\/wp-content\/uploads\/2011\/10\/Schiller-Sohn-Ente-3-198x300.jpg\" alt=\"\" title=\"Schiller &amp; Sohn Ente 3\" width=\"198\" height=\"300\" class=\"alignnone size-medium wp-image-58269\" srcset=\"http:\/\/museumek.eu\/wp-content\/uploads\/2011\/10\/Schiller-Sohn-Ente-3-198x300.jpg 198w, http:\/\/museumek.eu\/wp-content\/uploads\/2011\/10\/Schiller-Sohn-Ente-3-99x150.jpg 99w, http:\/\/museumek.eu\/wp-content\/uploads\/2011\/10\/Schiller-Sohn-Ente-3.jpg 424w\" sizes=\"(max-width: 198px) 100vw, 198px\" \/><\/a><\/p>\n<p><a href=\"http:\/\/museumek.eu\/?attachment_id=58270\" rel=\"attachment wp-att-58270\"><img loading=\"lazy\" src=\"http:\/\/museumek.eu\/wp-content\/uploads\/2011\/10\/Schiller-Sohn-Ente-4-300x245.jpg\" alt=\"\" title=\"Schiller &amp; Sohn Ente 4\" width=\"300\" height=\"245\" class=\"alignnone size-medium wp-image-58270\" srcset=\"http:\/\/museumek.eu\/wp-content\/uploads\/2011\/10\/Schiller-Sohn-Ente-4-300x245.jpg 300w, http:\/\/museumek.eu\/wp-content\/uploads\/2011\/10\/Schiller-Sohn-Ente-4-150x122.jpg 150w, http:\/\/museumek.eu\/wp-content\/uploads\/2011\/10\/Schiller-Sohn-Ente-4-366x300.jpg 366w, http:\/\/museumek.eu\/wp-content\/uploads\/2011\/10\/Schiller-Sohn-Ente-4.jpg 587w\" sizes=\"(max-width: 300px) 100vw, 300px\" \/><\/a><\/p>\n<p><a href=\"http:\/\/museumek.eu\/?attachment_id=58271\" rel=\"attachment wp-att-58271\"><img loading=\"lazy\" src=\"http:\/\/museumek.eu\/wp-content\/uploads\/2011\/10\/Schiller-Sohn-Ente-5-300x223.jpg\" alt=\"\" title=\"Schiller &amp; Sohn Ente 5\" width=\"300\" height=\"223\" class=\"alignnone size-medium wp-image-58271\" srcset=\"http:\/\/museumek.eu\/wp-content\/uploads\/2011\/10\/Schiller-Sohn-Ente-5-300x223.jpg 300w, http:\/\/museumek.eu\/wp-content\/uploads\/2011\/10\/Schiller-Sohn-Ente-5-150x111.jpg 150w, http:\/\/museumek.eu\/wp-content\/uploads\/2011\/10\/Schiller-Sohn-Ente-5-403x300.jpg 403w, http:\/\/museumek.eu\/wp-content\/uploads\/2011\/10\/Schiller-Sohn-Ente-5.jpg 640w\" sizes=\"(max-width: 300px) 100vw, 300px\" \/><\/a><\/p>\n<p><a href=\"http:\/\/museumek.eu\/?attachment_id=58272\" rel=\"attachment wp-att-58272\"><img loading=\"lazy\" src=\"http:\/\/museumek.eu\/wp-content\/uploads\/2011\/10\/Schiller-Sohn-Ente-6-300x159.jpg\" alt=\"\" title=\"Schiller &amp; Sohn Ente 6\" width=\"300\" height=\"159\" class=\"alignnone size-medium wp-image-58272\" srcset=\"http:\/\/museumek.eu\/wp-content\/uploads\/2011\/10\/Schiller-Sohn-Ente-6-300x159.jpg 300w, http:\/\/museumek.eu\/wp-content\/uploads\/2011\/10\/Schiller-Sohn-Ente-6-150x79.jpg 150w, http:\/\/museumek.eu\/wp-content\/uploads\/2011\/10\/Schiller-Sohn-Ente-6-500x266.jpg 500w, http:\/\/museumek.eu\/wp-content\/uploads\/2011\/10\/Schiller-Sohn-Ente-6.jpg 640w\" sizes=\"(max-width: 300px) 100vw, 300px\" \/><\/a><\/p>\n<p><a href=\"http:\/\/museumek.eu\/?attachment_id=58273\" rel=\"attachment wp-att-58273\"><img loading=\"lazy\" src=\"http:\/\/museumek.eu\/wp-content\/uploads\/2011\/10\/Schiller-Sohn-Ente-7-300x157.jpg\" alt=\"\" title=\"Schiller &amp; Sohn Ente 7\" width=\"300\" height=\"157\" class=\"alignnone size-medium wp-image-58273\" srcset=\"http:\/\/museumek.eu\/wp-content\/uploads\/2011\/10\/Schiller-Sohn-Ente-7-300x157.jpg 300w, http:\/\/museumek.eu\/wp-content\/uploads\/2011\/10\/Schiller-Sohn-Ente-7-150x78.jpg 150w, http:\/\/museumek.eu\/wp-content\/uploads\/2011\/10\/Schiller-Sohn-Ente-7-500x263.jpg 500w, http:\/\/museumek.eu\/wp-content\/uploads\/2011\/10\/Schiller-Sohn-Ente-7.jpg 640w\" sizes=\"(max-width: 300px) 100vw, 300px\" \/><\/a><\/p>\n","protected":false},"excerpt":{"rendered":"<p>Abteilung Austria\/Ungarn\/B\u00f6hmen, Keramik 1860 \u2013 1960, Inventarnummer A\/XVII\/15 Wilhelm Schiller &#038; Sohn, Fabrikm\u00e4\u00dfige Erzeugung von Siderolith Thonwaaren, vormals Schiller, W &#038; Sohn, Fayence-, Majolika- und Terracottafabrik, B\u00f6hmen\/Austria, Nieder Grund\/Horni Grundt, vor\/um 1900, Ente als Wandvase, K\u00fcnstler unbekannt, Werks.-Nr. 11299, Exemplar &hellip; <a href=\"http:\/\/museumek.eu\/?page_id=58309\">Weiterlesen <span class=\"meta-nav\">&rarr;<\/span><\/a><\/p>\n","protected":false},"author":1,"featured_media":0,"parent":12812,"menu_order":15,"comment_status":"closed","ping_status":"open","template":"","meta":[],"_links":{"self":[{"href":"http:\/\/museumek.eu\/index.php?rest_route=\/wp\/v2\/pages\/58309"}],"collection":[{"href":"http:\/\/museumek.eu\/index.php?rest_route=\/wp\/v2\/pages"}],"about":[{"href":"http:\/\/museumek.eu\/index.php?rest_route=\/wp\/v2\/types\/page"}],"author":[{"embeddable":true,"href":"http:\/\/museumek.eu\/index.php?rest_route=\/wp\/v2\/users\/1"}],"replies":[{"embeddable":true,"href":"http:\/\/museumek.eu\/index.php?rest_route=%2Fwp%2Fv2%2Fcomments&post=58309"}],"version-history":[{"count":2,"href":"http:\/\/museumek.eu\/index.php?rest_route=\/wp\/v2\/pages\/58309\/revisions"}],"predecessor-version":[{"id":58311,"href":"http:\/\/museumek.eu\/index.php?rest_route=\/wp\/v2\/pages\/58309\/revisions\/58311"}],"up":[{"embeddable":true,"href":"http:\/\/museumek.eu\/index.php?rest_route=\/wp\/v2\/pages\/12812"}],"wp:attachment":[{"href":"http:\/\/museumek.eu\/index.php?rest_route=%2Fwp%2Fv2%2Fmedia&parent=58309"}],"curies":[{"name":"wp","href":"https:\/\/api.w.org\/{rel}","templated":true}]}}