{"id":58445,"date":"2021-07-17T21:53:36","date_gmt":"2021-07-17T19:53:36","guid":{"rendered":"http:\/\/museumek.eu\/?page_id=58445"},"modified":"2021-07-17T22:01:57","modified_gmt":"2021-07-17T20:01:57","slug":"porzellanfabrik-wehinger-co-ag-vormals-porzellanfabrik-wehinger-co-vormals-porzellan-und-tonwarenfabrik-grunes-co-vormals-porzellan-und-tonwarenfabrik-w-f-grunes-vormals-porzellan-u","status":"publish","type":"page","link":"http:\/\/museumek.eu\/?page_id=58445","title":{"rendered":"Porzellanfabrik Wehinger &#038; Co. AG, vormals Porzellanfabrik Wehinger &#038; Co., vormals Porzellan- und Tonwarenfabrik Gr\u00fcnes &#038; Co., vormals  Porzellan- und Tonwarenfabrik W. &#038; F. Gr\u00fcnes, vormals Porzellan- und Tonwarenfabrik Klier, vormals T\u00f6pferei Johann Kempf &#8211; Inv.Nr. A\/LXXIV\/1"},"content":{"rendered":"","protected":false},"excerpt":{"rendered":"","protected":false},"author":1,"featured_media":0,"parent":51269,"menu_order":183,"comment_status":"closed","ping_status":"open","template":"","meta":[],"_links":{"self":[{"href":"http:\/\/museumek.eu\/index.php?rest_route=\/wp\/v2\/pages\/58445"}],"collection":[{"href":"http:\/\/museumek.eu\/index.php?rest_route=\/wp\/v2\/pages"}],"about":[{"href":"http:\/\/museumek.eu\/index.php?rest_route=\/wp\/v2\/types\/page"}],"author":[{"embeddable":true,"href":"http:\/\/museumek.eu\/index.php?rest_route=\/wp\/v2\/users\/1"}],"replies":[{"embeddable":true,"href":"http:\/\/museumek.eu\/index.php?rest_route=%2Fwp%2Fv2%2Fcomments&post=58445"}],"version-history":[{"count":3,"href":"http:\/\/museumek.eu\/index.php?rest_route=\/wp\/v2\/pages\/58445\/revisions"}],"predecessor-version":[{"id":58449,"href":"http:\/\/museumek.eu\/index.php?rest_route=\/wp\/v2\/pages\/58445\/revisions\/58449"}],"up":[{"embeddable":true,"href":"http:\/\/museumek.eu\/index.php?rest_route=\/wp\/v2\/pages\/51269"}],"wp:attachment":[{"href":"http:\/\/museumek.eu\/index.php?rest_route=%2Fwp%2Fv2%2Fmedia&parent=58445"}],"curies":[{"name":"wp","href":"https:\/\/api.w.org\/{rel}","templated":true}]}}