{"id":58466,"date":"2021-07-17T23:19:30","date_gmt":"2021-07-17T21:19:30","guid":{"rendered":"http:\/\/museumek.eu\/?page_id=58466"},"modified":"2021-07-17T23:20:54","modified_gmt":"2021-07-17T21:20:54","slug":"alxxiv1","status":"publish","type":"page","link":"http:\/\/museumek.eu\/?page_id=58466","title":{"rendered":"A\/LXXIV\/1"},"content":{"rendered":"<p><strong>Abteilung Austria\/Ungarn\/B\u00f6hmen, Keramik 1860 \u2013 1960, Inventarnummer A\/LXXIV\/1<\/strong><\/p>\n<p>Porzellanfabrik Wehinger &#038; Co. AG, vormals Porzellanfabrik Wehinger &#038; Co., vormals Porzellan- und Tonwarenfabrik Gr\u00fcnes &#038; Co., vormals Porzellan- und Tonwarenfabrik W. &#038;  F. Gr\u00fcnes, vormals Porzellan- und Tonwarenfabrik Klier, vormals T\u00f6pferei Johann Kempf, Austria\/B\u00f6hmen, Horn (Hory) bei Elbogen, um 1910, Deckeldose, K\u00fcnstler unbekannt, Werks.-Nr. ohne, Exemplar Nr. ohne, gemarkt Firmenmarke mit Deckeltopf (sogenannter Ingwertopf), in dem Topf ein W (f\u00fcr Wehinger), darunter AUSTRIA gr\u00fcner Stempel unter Glasur, nicht signiert, Literatur: Dieter Z\u00fchlsdorff, Markenlexikon, Band 1, Porzellan und Keramik Report 1885 &#8211; 1935, Seite 376, Werk- Teil 1., Gruppenummer des Werkteils 20., laufende Nummer innerhalb der Gruppe 78 identische Marke (dort f\u00fcr die Zeit nach 1910, dort Farbstempel in gr\u00fcn) sowie Seite 524, Werkteil- Nummer 3., laufende Nummer des Werkteils 548, dort kurze unvollst\u00e4ndige Beschreibung der Fabrik, weitere Literatur: Ludwig Danckert, Handbuch des Europ\u00e4ischen Porzellans, 7. Auflage, Seite 248, dort kurze unvollst\u00e4ndige Beschreibung der Fabrik sowie Abbildung der identischen Marke, Johann Kempf und seine Frau Margarethe \u00fcbersiedelten nach dem Ausscheiden aus der Firma Winter &#038; Co. in Elbogen, die sie 1887 mitgegr\u00fcndet hatten und deren Miteigent\u00fcmer sie waren, in die Stadt Horn, mit dem Geld aus dem Verkauf ihres Hauses und ihrem Firmenanteil gr\u00fcndeten sie in Horn bei Elbogen eine neue T\u00f6pferei, die haupts\u00e4chlich undekorierte Haushaltswaren herstellte, die Fabrik war nicht sehr gro\u00df und bekannt aber Kempf und seine Familie konnten einige Jahre davon leben, Firmierung T\u00f6pferei Johann Kempf, 1897 verkauften die Kempfs die T\u00f6pferei an Louise Klier, Firmierung ab da Porzellan- und Tonwarenfabrik Klier, Louise Klier wollte f\u00fcr ihren Mann Alois und sich selbst ein kleines Gesch\u00e4ft aufbauen wollte, daher wurde die viel zu kleine T\u00f6pferei in eine Porzellan- und Steingutfabrik umgewandelt, kurz nach Abschluss des Umbaus und des Produktionsbeginns, \u00e4nderte sich die Situation, als ihr Mann eine Stelle als Hauptdekorateur bei der Porzellanfabrik K. Speck erhielt, die Kliers verkauften die Fabrik an die Br\u00fcder Wenzl und Franz Gr\u00fcnes, Firmierung ab da Porzellan- und Tonwarenfabrik W .&#038; F. Gr\u00fcnes, Wenzl war damals Porzellanwerksleiter in Altrohlau, w\u00e4hrend Franz ein sehr erfolgreicher Kohle- und Getreideh\u00e4ndler in Schlackenwerth war, ein Job, der ihn voll ausmachte und so fungierte er nur als Geldgeber und \u00fcberlie\u00df seinem Bruder die Leitung der Fabrik, das Gesch\u00e4ft florierte und Wenzl konnte Franz bereits im Jahr 1902 auszahlen, die Firmierung \u00e4nderte sich in Porzellan- und Tonwarenfabrik Gr\u00fcnes &#038; Co., bereits in dieser Zeit verf\u00fcgte die Fabrik \u00fcber ein beeindruckendes Produktsortiment mit Kaffee- und Teeservice, Kindertassen, Kompotte, Etageren, Kerzenst\u00e4nder, Vasen und vielem mehr, angesichts des anhaltenden Erfolgs war es nur verst\u00e4ndlich, dass Wenzl Gr\u00fcnes expandieren wollte und nahm deshalb zwei Gesellschafter, den Kaufmann Rudolf Wagner sowie den Direktor der Porzellanmanufaktur in Aich, Heinrich Wehinger, auf, es dauerte nur bis 1905, bis Heinrich Wehinger die gesamte Fabrik \u00fcbernahm und viel in Modernisierung und Erweiterung investierte, wodurch die Fabrik wachsen konnte, die Firmierung \u00e4nderte sich in Porzellanfabrik Wehinger &#038; Co., zwei Jahre sp\u00e4ter besch\u00e4ftigte die Fabrik bereits 150 Arbeiter und die Produktpalette umfasste einige Linien von Hartporzellangeschirr, filigrane Kaffee- und Teeservices, Miniaturen und Vasen, w\u00e4hrend die Weichporzellanprodukte Kaffeekannen und Tassen umfassten, gleichzeitig besa\u00df Wehinger in der Kleinstadt Janessen (tschechisch &#8218;Jeni\u0161ov&#8216;) eine Schamottesteinfabrik, die er im Jahr 1912 an Rudolf Wagner verkaufte, bis zum Jahr 1913 stieg die Mitarbeiterzahl der Fabrik auf  230, Hauptabsatzm\u00e4rkte waren damals die USA, Gro\u00dfbritannien, Kanada und die Niederlande, was sich w\u00e4hrend des Ersten Weltkriegs nicht wesentlich \u00e4nderte (auch wenn sich der Transport manchmal als schwierig erwies), f\u00fcr nach dem Krieg wurde weiteres Wachstum prognostiziert und 1918 kaufte Wehinger die Fabrik in Janessen zur\u00fcck und wandelte sie in eine sekund\u00e4re Porzellanfabrik um, die 1920 in Betrieb ging, beide Fabriken besch\u00e4ftigten damals zusammen 350 Arbeiter, da die Gesch\u00e4fte zu dieser Zeit sehr gut liefen, ordnete Wehinger seine Werke um und \u00fcbertrug sie in eine Aktiengesellschaft, die Firmierung \u00e4nderte sich in Porzellanfabrik Wehinger &#038; Co. AG, wobei das Werk in die H\u00e4nde der Hauptgesellschafter, der Rechtsanw\u00e4lte Dr. Berthold Kn\u00f6pflinacher und Dr. Oswald Kochler, beide aus Horn, gelegt wurde, aber Anw\u00e4lte sind nicht automatisch gute Gesch\u00e4ftsleute und einige Fehlentscheidungen sp\u00e4ter geriet das Unternehmen in finanzielle Schwierigkeiten und drohte bereits 1922 mit der Schlie\u00dfung, was Wehinger zwang, privates Geld zu investieren, um das Schlimmste zu vermeiden, das half dem Unternehmen f\u00fcr die n\u00e4chsten Jahre, aber die Produktpalette schrumpfte und driftete langsam in Richtung billiges Geschirr und Tont\u00f6pfe, am 26. April 1928 war die Firma bei der Stadt Elbogen wegen offener Stromrechnungen in H\u00f6he von 87.937 Kronen und 10 Heller hoch verschuldet, was damals eine gro\u00dfe Summe war, das Unternehmen konnte irgendwie \u00fcberleben, aber es sollte noch schlimmer kommen, als es von der allgemeinen Rezession in der tschechoslowakischen Porzellan- und Keramikindustrie ersch\u00fcttert wurde, 1928 war das Unternehmen zahlungsunf\u00e4hig und meldete Insolvenz an, es wurde f\u00fcr kurze Zeit vom Wirtschaftsverband der Porzellanindustriellen in der Tschechoslowakischen Republik, Karlsbad (Porcella Karlsbad- Gruppe) \u00fcbernommen, welche es h\u00e4tte retten k\u00f6nnen, doch wegen des US-B\u00f6rsencrashs kurz darauf wurde die Fabrik Ende 1929 stillgelegt und fallen gelassen, 1930 wurde die Fabrik offiziell aufgel\u00f6st, H\u00f6he 10 cm, Breite 14,5 cm <\/p>\n<p><a href=\"http:\/\/museumek.eu\/?attachment_id=58452\" rel=\"attachment wp-att-58452\"><img loading=\"lazy\" src=\"http:\/\/museumek.eu\/wp-content\/uploads\/2021\/07\/Wehinger-Dose-1-300x246.jpg\" alt=\"\" title=\"Wehinger Dose 1\" width=\"300\" height=\"246\" class=\"alignnone size-medium wp-image-58452\" srcset=\"http:\/\/museumek.eu\/wp-content\/uploads\/2021\/07\/Wehinger-Dose-1-300x246.jpg 300w, http:\/\/museumek.eu\/wp-content\/uploads\/2021\/07\/Wehinger-Dose-1-150x123.jpg 150w, http:\/\/museumek.eu\/wp-content\/uploads\/2021\/07\/Wehinger-Dose-1-364x300.jpg 364w, http:\/\/museumek.eu\/wp-content\/uploads\/2021\/07\/Wehinger-Dose-1.jpg 583w\" sizes=\"(max-width: 300px) 100vw, 300px\" \/><\/a><\/p>\n<p><a href=\"http:\/\/museumek.eu\/?attachment_id=58453\" rel=\"attachment wp-att-58453\"><img loading=\"lazy\" src=\"http:\/\/museumek.eu\/wp-content\/uploads\/2021\/07\/Wehinger-Dose-2-236x300.jpg\" alt=\"\" title=\"Wehinger Dose 2\" width=\"236\" height=\"300\" class=\"alignnone size-medium wp-image-58453\" srcset=\"http:\/\/museumek.eu\/wp-content\/uploads\/2021\/07\/Wehinger-Dose-2-236x300.jpg 236w, http:\/\/museumek.eu\/wp-content\/uploads\/2021\/07\/Wehinger-Dose-2-118x150.jpg 118w, http:\/\/museumek.eu\/wp-content\/uploads\/2021\/07\/Wehinger-Dose-2.jpg 480w\" sizes=\"(max-width: 236px) 100vw, 236px\" \/><\/a><\/p>\n<p><a href=\"http:\/\/museumek.eu\/?attachment_id=58454\" rel=\"attachment wp-att-58454\"><img loading=\"lazy\" src=\"http:\/\/museumek.eu\/wp-content\/uploads\/2021\/07\/Wehinger-Dose-3-195x300.jpg\" alt=\"\" title=\"Wehinger Dose 3\" width=\"195\" height=\"300\" class=\"alignnone size-medium wp-image-58454\" srcset=\"http:\/\/museumek.eu\/wp-content\/uploads\/2021\/07\/Wehinger-Dose-3-195x300.jpg 195w, http:\/\/museumek.eu\/wp-content\/uploads\/2021\/07\/Wehinger-Dose-3-97x150.jpg 97w, http:\/\/museumek.eu\/wp-content\/uploads\/2021\/07\/Wehinger-Dose-3.jpg 417w\" sizes=\"(max-width: 195px) 100vw, 195px\" \/><\/a><\/p>\n<p><a href=\"http:\/\/museumek.eu\/?attachment_id=58455\" rel=\"attachment wp-att-58455\"><img loading=\"lazy\" src=\"http:\/\/museumek.eu\/wp-content\/uploads\/2021\/07\/Wehinger-Dose-5-288x300.jpg\" alt=\"\" title=\"Wehinger Dose 5\" width=\"288\" height=\"300\" class=\"alignnone size-medium wp-image-58455\" srcset=\"http:\/\/museumek.eu\/wp-content\/uploads\/2021\/07\/Wehinger-Dose-5-288x300.jpg 288w, http:\/\/museumek.eu\/wp-content\/uploads\/2021\/07\/Wehinger-Dose-5-144x150.jpg 144w, http:\/\/museumek.eu\/wp-content\/uploads\/2021\/07\/Wehinger-Dose-5.jpg 480w\" sizes=\"(max-width: 288px) 100vw, 288px\" \/><\/a><\/p>\n<p><a href=\"http:\/\/museumek.eu\/?attachment_id=58456\" rel=\"attachment wp-att-58456\"><img loading=\"lazy\" src=\"http:\/\/museumek.eu\/wp-content\/uploads\/2021\/07\/Wehinger-Dose-4-243x300.jpg\" alt=\"\" title=\"Wehinger Dose 4\" width=\"243\" height=\"300\" class=\"alignnone size-medium wp-image-58456\" srcset=\"http:\/\/museumek.eu\/wp-content\/uploads\/2021\/07\/Wehinger-Dose-4-243x300.jpg 243w, http:\/\/museumek.eu\/wp-content\/uploads\/2021\/07\/Wehinger-Dose-4-121x150.jpg 121w, http:\/\/museumek.eu\/wp-content\/uploads\/2021\/07\/Wehinger-Dose-4.jpg 480w\" sizes=\"(max-width: 243px) 100vw, 243px\" \/><\/a><\/p>\n<p><a href=\"http:\/\/museumek.eu\/?attachment_id=58457\" rel=\"attachment wp-att-58457\"><img loading=\"lazy\" src=\"http:\/\/museumek.eu\/wp-content\/uploads\/2021\/07\/Wehinger-Dose-6-300x213.jpg\" alt=\"\" title=\"Wehinger Dose 6\" width=\"300\" height=\"213\" class=\"alignnone size-medium wp-image-58457\" srcset=\"http:\/\/museumek.eu\/wp-content\/uploads\/2021\/07\/Wehinger-Dose-6-300x213.jpg 300w, http:\/\/museumek.eu\/wp-content\/uploads\/2021\/07\/Wehinger-Dose-6-150x106.jpg 150w, http:\/\/museumek.eu\/wp-content\/uploads\/2021\/07\/Wehinger-Dose-6-421x300.jpg 421w, http:\/\/museumek.eu\/wp-content\/uploads\/2021\/07\/Wehinger-Dose-6.jpg 640w\" sizes=\"(max-width: 300px) 100vw, 300px\" \/><\/a><\/p>\n<p><a href=\"http:\/\/museumek.eu\/?attachment_id=58458\" rel=\"attachment wp-att-58458\"><img loading=\"lazy\" src=\"http:\/\/museumek.eu\/wp-content\/uploads\/2021\/07\/Wehinger-Dose-7-258x300.jpg\" alt=\"\" title=\"Wehinger Dose 7\" width=\"258\" height=\"300\" class=\"alignnone size-medium wp-image-58458\" srcset=\"http:\/\/museumek.eu\/wp-content\/uploads\/2021\/07\/Wehinger-Dose-7-258x300.jpg 258w, http:\/\/museumek.eu\/wp-content\/uploads\/2021\/07\/Wehinger-Dose-7-129x150.jpg 129w, http:\/\/museumek.eu\/wp-content\/uploads\/2021\/07\/Wehinger-Dose-7.jpg 480w\" sizes=\"(max-width: 258px) 100vw, 258px\" \/><\/a><\/p>\n<p><a href=\"http:\/\/museumek.eu\/?attachment_id=58459\" rel=\"attachment wp-att-58459\"><img loading=\"lazy\" src=\"http:\/\/museumek.eu\/wp-content\/uploads\/2021\/07\/Wehinger-Dose-8-300x182.jpg\" alt=\"\" title=\"Wehinger Dose 8\" width=\"300\" height=\"182\" class=\"alignnone size-medium wp-image-58459\" srcset=\"http:\/\/museumek.eu\/wp-content\/uploads\/2021\/07\/Wehinger-Dose-8-300x182.jpg 300w, http:\/\/museumek.eu\/wp-content\/uploads\/2021\/07\/Wehinger-Dose-8-150x91.jpg 150w, http:\/\/museumek.eu\/wp-content\/uploads\/2021\/07\/Wehinger-Dose-8-493x300.jpg 493w, http:\/\/museumek.eu\/wp-content\/uploads\/2021\/07\/Wehinger-Dose-8.jpg 640w\" sizes=\"(max-width: 300px) 100vw, 300px\" \/><\/a><\/p>\n<p><a href=\"http:\/\/museumek.eu\/?attachment_id=58460\" rel=\"attachment wp-att-58460\"><img loading=\"lazy\" src=\"http:\/\/museumek.eu\/wp-content\/uploads\/2021\/07\/Wehinger-Dose-9-229x300.jpg\" alt=\"\" title=\"Wehinger Dose 9\" width=\"229\" height=\"300\" class=\"alignnone size-medium wp-image-58460\" srcset=\"http:\/\/museumek.eu\/wp-content\/uploads\/2021\/07\/Wehinger-Dose-9-229x300.jpg 229w, http:\/\/museumek.eu\/wp-content\/uploads\/2021\/07\/Wehinger-Dose-9-114x150.jpg 114w, http:\/\/museumek.eu\/wp-content\/uploads\/2021\/07\/Wehinger-Dose-9.jpg 480w\" sizes=\"(max-width: 229px) 100vw, 229px\" \/><\/a> <\/p>\n","protected":false},"excerpt":{"rendered":"<p>Abteilung Austria\/Ungarn\/B\u00f6hmen, Keramik 1860 \u2013 1960, Inventarnummer A\/LXXIV\/1 Porzellanfabrik Wehinger &#038; Co. AG, vormals Porzellanfabrik Wehinger &#038; Co., vormals Porzellan- und Tonwarenfabrik Gr\u00fcnes &#038; Co., vormals Porzellan- und Tonwarenfabrik W. &#038; F. Gr\u00fcnes, vormals Porzellan- und Tonwarenfabrik Klier, vormals T\u00f6pferei &hellip; <a href=\"http:\/\/museumek.eu\/?page_id=58466\">Weiterlesen <span class=\"meta-nav\">&rarr;<\/span><\/a><\/p>\n","protected":false},"author":1,"featured_media":0,"parent":58443,"menu_order":1,"comment_status":"closed","ping_status":"open","template":"","meta":[],"_links":{"self":[{"href":"http:\/\/museumek.eu\/index.php?rest_route=\/wp\/v2\/pages\/58466"}],"collection":[{"href":"http:\/\/museumek.eu\/index.php?rest_route=\/wp\/v2\/pages"}],"about":[{"href":"http:\/\/museumek.eu\/index.php?rest_route=\/wp\/v2\/types\/page"}],"author":[{"embeddable":true,"href":"http:\/\/museumek.eu\/index.php?rest_route=\/wp\/v2\/users\/1"}],"replies":[{"embeddable":true,"href":"http:\/\/museumek.eu\/index.php?rest_route=%2Fwp%2Fv2%2Fcomments&post=58466"}],"version-history":[{"count":5,"href":"http:\/\/museumek.eu\/index.php?rest_route=\/wp\/v2\/pages\/58466\/revisions"}],"predecessor-version":[{"id":58471,"href":"http:\/\/museumek.eu\/index.php?rest_route=\/wp\/v2\/pages\/58466\/revisions\/58471"}],"up":[{"embeddable":true,"href":"http:\/\/museumek.eu\/index.php?rest_route=\/wp\/v2\/pages\/58443"}],"wp:attachment":[{"href":"http:\/\/museumek.eu\/index.php?rest_route=%2Fwp%2Fv2%2Fmedia&parent=58466"}],"curies":[{"name":"wp","href":"https:\/\/api.w.org\/{rel}","templated":true}]}}