{"id":58860,"date":"2021-07-24T14:18:20","date_gmt":"2021-07-24T12:18:20","guid":{"rendered":"http:\/\/museumek.eu\/?page_id=58860"},"modified":"2021-07-24T14:18:20","modified_gmt":"2021-07-24T12:18:20","slug":"dcciii2","status":"publish","type":"page","link":"http:\/\/museumek.eu\/?page_id=58860","title":{"rendered":"D\/CCIII\/2"},"content":{"rendered":"<p><strong>Abteilung Deutschland, Keramik 1860 \u2013 1960, Inventarnummer D\/CCIII\/2<\/strong><\/p>\n<p>Striegauer Porzellanfabrik C. Walter &#038; Co. und Nachf. Striegauer Porzellanfabrik A.-G., vormals C. Walter &#038; Co., Deutschland\/Schlesien, Stanowitz bei Striegau, vor\/um 1900, Milchk\u00e4nnchen eines Kaffeekerns, K\u00fcnstler unbekannt, Werks.-Nr. ohne, Exemplar Nr. ohne, gemarkt Firmenmarke Adler mit Zepter und Reichsapfel, darunter St. P. M. (f\u00fcr Striegauer Porzellanmanufaktur) blauer Stempel unter Glasur sowie X mit Punkt dar\u00fcber und 2801 in Gold auf Glasur gemalt, nicht signiert, Literatur: Adressbuch der keramischen Industrie, 9. Auflage vom Januar 1906, Seite 245, dort eingetragen: Striegauer Porzellanfabrik A.-G., vormals C. Walter &#038; Co. in Stanowitz bei Striegau, Rgbz. Breslau, Prov. Schlesien, besteht seit 1873, dort identische Marke abgebildet, dort beschrieben, Marke in Blau unter Glasur, weitere Literatur: Dieter Z\u00fchlsdorff, Markenlexikon, Band 1, Porzellan und Keramik Report 1885 &#8211; 1935, Seite 66, Werk-Teil 1., Gruppennummer des Werkteils 1., laufende Nummer innerhalb der Gruppe 1238, identische Marke (dort f\u00fcr die Zeit von 1887 bis 1932) sowie Seite 617, Werk-Teil 3., laufende Nummer des Werkteils 1211, dort kurze Beschreibung der Fabrik, weitere Literatur: Ludwig Danckert, Handbuch des Europ\u00e4ischen Porzellans, 7. Auflage, Seite 671, dort sehr kurze unvollst\u00e4ndige Beschreibung der Fabrik sowie eine der abgebildeten Marken identisch, weitere Literatur: Emanuel Poche, Porzellanmarken aus aller Welt, Marke 1557 identisch, weitere Literatur: Gustav Wei\u00df, Ullstein Porzellanbuch, Seite 306, Marke Nr. 5 identisch, weitere Literatur: Otto Pelka, Keramik der Neuzeit, Markentafel IX, Markenkasten 146, dort identische Marke abgebildet, weitere Literatur: Gerhard Schmidt-Stein, Schlesisches Porzellan vor 1945, Seite 179 ff., Beschreibung der Fabrik sowie Seite 183 identische Marke abgebildet (dort f\u00fcr die Zeit von ca. 1885 bis ca. 1918), 1873 gr\u00fcndete Conrad Walter aus Striegau in der ehemaligen Walkm\u00fchle der Striegauer Tuchmacher-Innung in Nieder-Stanowitz eine Porzellanfabrik, Firmierung Striegauer Porzellanfabrik C. Walter &#038; Co., Sitz der der Commanditgesellschaft war Striegau, 1888 waren folgende Striegauer B\u00fcrger Inhaber: Conrad Walter, Paul Mei\u00dfner und Adolf Welzel, Walter arbeitete als Direktor und Mei\u00dfner als Prokurist, 1898 verlegte die Commanditgesellschaft ihren Sitz von Striegau nach Stanowitz, im gleichen Jahr wurde die Fabrik AG, Firmierung Striegauer Porzellanfabrik A.-G., vormals C. Walter &#038; Co., die Direktion der AG \u00fcbernahm Conrad Walter, die Fabrik verf\u00fcgte \u00fcber Musterlager in Berlin, Hamburg und Paris, die Fabrik stellte au\u00dferdem auf der Leipziger Messe aus, um 1905 besch\u00e4ftigte die Fabrik ungef\u00e4hr 130 Arbeiter, 1905 schied Walter aus dem Vorstand der AG aus und war von da an im Aufsichtsrat t\u00e4tig, als neuer Direktor der Fabrik wurde Johannes Wolff berufen, dieser verstarb allerdings bereits ein halbes Jahr sp\u00e4ter an einem Schlaganfall, Nachfolger wurde Friedrich Wilhelm Flamm, vorher Prokurist der Porzellanfabrik Hermann Ohme in Nieder-Salzbrunn, Flamm blieb Direktor bis zum Konkurs der Fabrik im Jahre 1933, die Fabrik war Mitglied im Verband Deutscher Porzellangeschirrfabriken G.m.b.H. Berlin, die Fabrik versuchte sich auch in der Produktion von Kleinplastiken, in der Spitze besch\u00e4ftige die Fabrik ca. 300 Mitarbeiter, 1932 musste die Fabrik einen Zwangsvergleich mit ihren Gl\u00e4ubigern schlie\u00dfen und am 27.01.1933 wurde das Konkursverfahren er\u00f6ffnet,<br \/>\nH\u00f6he 11,5 cm, Breite 15,5 cm  <\/p>\n<p><a href=\"http:\/\/museumek.eu\/?attachment_id=58813\" rel=\"attachment wp-att-58813\"><img loading=\"lazy\" src=\"http:\/\/museumek.eu\/wp-content\/uploads\/2021\/07\/Striegauer-Kaffeekern-hier-Kanne-1-300x234.jpg\" alt=\"\" title=\"Striegauer Kaffeekern hier Kanne 1\" width=\"300\" height=\"234\" class=\"alignnone size-medium wp-image-58813\" srcset=\"http:\/\/museumek.eu\/wp-content\/uploads\/2021\/07\/Striegauer-Kaffeekern-hier-Kanne-1-300x234.jpg 300w, http:\/\/museumek.eu\/wp-content\/uploads\/2021\/07\/Striegauer-Kaffeekern-hier-Kanne-1-150x117.jpg 150w, http:\/\/museumek.eu\/wp-content\/uploads\/2021\/07\/Striegauer-Kaffeekern-hier-Kanne-1-383x300.jpg 383w, http:\/\/museumek.eu\/wp-content\/uploads\/2021\/07\/Striegauer-Kaffeekern-hier-Kanne-1.jpg 614w\" sizes=\"(max-width: 300px) 100vw, 300px\" \/><\/a><\/p>\n<p><a href=\"http:\/\/museumek.eu\/?attachment_id=58836\" rel=\"attachment wp-att-58836\"><img loading=\"lazy\" src=\"http:\/\/museumek.eu\/wp-content\/uploads\/2021\/07\/Striegauer-Kaffeekern-hier-Milchk\u00e4nnchen-1-300x237.jpg\" alt=\"\" title=\"Striegauer Kaffeekern hier Milchk\u00e4nnchen 1\" width=\"300\" height=\"237\" class=\"alignnone size-medium wp-image-58836\" srcset=\"http:\/\/museumek.eu\/wp-content\/uploads\/2021\/07\/Striegauer-Kaffeekern-hier-Milchk\u00e4nnchen-1-300x237.jpg 300w, http:\/\/museumek.eu\/wp-content\/uploads\/2021\/07\/Striegauer-Kaffeekern-hier-Milchk\u00e4nnchen-1-150x118.jpg 150w, http:\/\/museumek.eu\/wp-content\/uploads\/2021\/07\/Striegauer-Kaffeekern-hier-Milchk\u00e4nnchen-1-379x300.jpg 379w, http:\/\/museumek.eu\/wp-content\/uploads\/2021\/07\/Striegauer-Kaffeekern-hier-Milchk\u00e4nnchen-1.jpg 607w\" sizes=\"(max-width: 300px) 100vw, 300px\" \/><\/a><\/p>\n<p><a href=\"http:\/\/museumek.eu\/?attachment_id=58837\" rel=\"attachment wp-att-58837\"><img loading=\"lazy\" src=\"http:\/\/museumek.eu\/wp-content\/uploads\/2021\/07\/Striegauer-Kaffeekern-hier-Milchk\u00e4nnchen-2-234x300.jpg\" alt=\"\" title=\"Striegauer Kaffeekern hier Milchk\u00e4nnchen 2\" width=\"234\" height=\"300\" class=\"alignnone size-medium wp-image-58837\" srcset=\"http:\/\/museumek.eu\/wp-content\/uploads\/2021\/07\/Striegauer-Kaffeekern-hier-Milchk\u00e4nnchen-2-234x300.jpg 234w, http:\/\/museumek.eu\/wp-content\/uploads\/2021\/07\/Striegauer-Kaffeekern-hier-Milchk\u00e4nnchen-2-117x150.jpg 117w, http:\/\/museumek.eu\/wp-content\/uploads\/2021\/07\/Striegauer-Kaffeekern-hier-Milchk\u00e4nnchen-2.jpg 480w\" sizes=\"(max-width: 234px) 100vw, 234px\" \/><\/a><\/p>\n<p><a href=\"http:\/\/museumek.eu\/?attachment_id=58838\" rel=\"attachment wp-att-58838\"><img loading=\"lazy\" src=\"http:\/\/museumek.eu\/wp-content\/uploads\/2021\/07\/Striegauer-Kaffeekern-hier-Milchk\u00e4nnchen-3-300x243.jpg\" alt=\"\" title=\"Striegauer Kaffeekern hier Milchk\u00e4nnchen 3\" width=\"300\" height=\"243\" class=\"alignnone size-medium wp-image-58838\" srcset=\"http:\/\/museumek.eu\/wp-content\/uploads\/2021\/07\/Striegauer-Kaffeekern-hier-Milchk\u00e4nnchen-3-300x243.jpg 300w, http:\/\/museumek.eu\/wp-content\/uploads\/2021\/07\/Striegauer-Kaffeekern-hier-Milchk\u00e4nnchen-3-150x121.jpg 150w, http:\/\/museumek.eu\/wp-content\/uploads\/2021\/07\/Striegauer-Kaffeekern-hier-Milchk\u00e4nnchen-3-369x300.jpg 369w, http:\/\/museumek.eu\/wp-content\/uploads\/2021\/07\/Striegauer-Kaffeekern-hier-Milchk\u00e4nnchen-3.jpg 591w\" sizes=\"(max-width: 300px) 100vw, 300px\" \/><\/a><\/p>\n<p><a href=\"http:\/\/museumek.eu\/?attachment_id=58839\" rel=\"attachment wp-att-58839\"><img loading=\"lazy\" src=\"http:\/\/museumek.eu\/wp-content\/uploads\/2021\/07\/Striegauer-Kaffeekern-hier-Milchk\u00e4nnchen-4-213x300.jpg\" alt=\"\" title=\"Striegauer Kaffeekern hier Milchk\u00e4nnchen 4\" width=\"213\" height=\"300\" class=\"alignnone size-medium wp-image-58839\" srcset=\"http:\/\/museumek.eu\/wp-content\/uploads\/2021\/07\/Striegauer-Kaffeekern-hier-Milchk\u00e4nnchen-4-213x300.jpg 213w, http:\/\/museumek.eu\/wp-content\/uploads\/2021\/07\/Striegauer-Kaffeekern-hier-Milchk\u00e4nnchen-4-106x150.jpg 106w, http:\/\/museumek.eu\/wp-content\/uploads\/2021\/07\/Striegauer-Kaffeekern-hier-Milchk\u00e4nnchen-4.jpg 456w\" sizes=\"(max-width: 213px) 100vw, 213px\" \/><\/a><\/p>\n<p><a href=\"http:\/\/museumek.eu\/?attachment_id=58840\" rel=\"attachment wp-att-58840\"><img loading=\"lazy\" src=\"http:\/\/museumek.eu\/wp-content\/uploads\/2021\/07\/Striegauer-Kaffeekern-hier-Milchk\u00e4nnchen-5-300x250.jpg\" alt=\"\" title=\"Striegauer Kaffeekern hier Milchk\u00e4nnchen 5\" width=\"300\" height=\"250\" class=\"alignnone size-medium wp-image-58840\" srcset=\"http:\/\/museumek.eu\/wp-content\/uploads\/2021\/07\/Striegauer-Kaffeekern-hier-Milchk\u00e4nnchen-5-300x250.jpg 300w, http:\/\/museumek.eu\/wp-content\/uploads\/2021\/07\/Striegauer-Kaffeekern-hier-Milchk\u00e4nnchen-5-150x125.jpg 150w, http:\/\/museumek.eu\/wp-content\/uploads\/2021\/07\/Striegauer-Kaffeekern-hier-Milchk\u00e4nnchen-5-358x300.jpg 358w, http:\/\/museumek.eu\/wp-content\/uploads\/2021\/07\/Striegauer-Kaffeekern-hier-Milchk\u00e4nnchen-5.jpg 574w\" sizes=\"(max-width: 300px) 100vw, 300px\" \/><\/a><\/p>\n<p><a href=\"http:\/\/museumek.eu\/?attachment_id=58841\" rel=\"attachment wp-att-58841\"><img loading=\"lazy\" src=\"http:\/\/museumek.eu\/wp-content\/uploads\/2021\/07\/Striegauer-Kaffeekern-hier-Milchk\u00e4nnchen-6-227x300.jpg\" alt=\"\" title=\"Striegauer Kaffeekern hier Milchk\u00e4nnchen 6\" width=\"227\" height=\"300\" class=\"alignnone size-medium wp-image-58841\" srcset=\"http:\/\/museumek.eu\/wp-content\/uploads\/2021\/07\/Striegauer-Kaffeekern-hier-Milchk\u00e4nnchen-6-227x300.jpg 227w, http:\/\/museumek.eu\/wp-content\/uploads\/2021\/07\/Striegauer-Kaffeekern-hier-Milchk\u00e4nnchen-6-113x150.jpg 113w, http:\/\/museumek.eu\/wp-content\/uploads\/2021\/07\/Striegauer-Kaffeekern-hier-Milchk\u00e4nnchen-6.jpg 390w\" sizes=\"(max-width: 227px) 100vw, 227px\" \/><\/a><\/p>\n<p><a href=\"http:\/\/museumek.eu\/?attachment_id=58842\" rel=\"attachment wp-att-58842\"><img loading=\"lazy\" src=\"http:\/\/museumek.eu\/wp-content\/uploads\/2021\/07\/Striegauer-Kaffeekern-hier-Milchk\u00e4nnchen-7-300x300.jpg\" alt=\"\" title=\"Striegauer Kaffeekern hier Milchk\u00e4nnchen 7\" width=\"300\" height=\"300\" class=\"alignnone size-medium wp-image-58842\" srcset=\"http:\/\/museumek.eu\/wp-content\/uploads\/2021\/07\/Striegauer-Kaffeekern-hier-Milchk\u00e4nnchen-7-300x300.jpg 300w, http:\/\/museumek.eu\/wp-content\/uploads\/2021\/07\/Striegauer-Kaffeekern-hier-Milchk\u00e4nnchen-7-150x150.jpg 150w, http:\/\/museumek.eu\/wp-content\/uploads\/2021\/07\/Striegauer-Kaffeekern-hier-Milchk\u00e4nnchen-7.jpg 318w\" sizes=\"(max-width: 300px) 100vw, 300px\" \/><\/a><\/p>\n","protected":false},"excerpt":{"rendered":"<p>Abteilung Deutschland, Keramik 1860 \u2013 1960, Inventarnummer D\/CCIII\/2 Striegauer Porzellanfabrik C. Walter &#038; Co. und Nachf. Striegauer Porzellanfabrik A.-G., vormals C. Walter &#038; Co., Deutschland\/Schlesien, Stanowitz bei Striegau, vor\/um 1900, Milchk\u00e4nnchen eines Kaffeekerns, K\u00fcnstler unbekannt, Werks.-Nr. ohne, Exemplar Nr. ohne, &hellip; <a href=\"http:\/\/museumek.eu\/?page_id=58860\">Weiterlesen <span class=\"meta-nav\">&rarr;<\/span><\/a><\/p>\n","protected":false},"author":1,"featured_media":0,"parent":58810,"menu_order":2,"comment_status":"closed","ping_status":"open","template":"","meta":[],"_links":{"self":[{"href":"http:\/\/museumek.eu\/index.php?rest_route=\/wp\/v2\/pages\/58860"}],"collection":[{"href":"http:\/\/museumek.eu\/index.php?rest_route=\/wp\/v2\/pages"}],"about":[{"href":"http:\/\/museumek.eu\/index.php?rest_route=\/wp\/v2\/types\/page"}],"author":[{"embeddable":true,"href":"http:\/\/museumek.eu\/index.php?rest_route=\/wp\/v2\/users\/1"}],"replies":[{"embeddable":true,"href":"http:\/\/museumek.eu\/index.php?rest_route=%2Fwp%2Fv2%2Fcomments&post=58860"}],"version-history":[{"count":2,"href":"http:\/\/museumek.eu\/index.php?rest_route=\/wp\/v2\/pages\/58860\/revisions"}],"predecessor-version":[{"id":58862,"href":"http:\/\/museumek.eu\/index.php?rest_route=\/wp\/v2\/pages\/58860\/revisions\/58862"}],"up":[{"embeddable":true,"href":"http:\/\/museumek.eu\/index.php?rest_route=\/wp\/v2\/pages\/58810"}],"wp:attachment":[{"href":"http:\/\/museumek.eu\/index.php?rest_route=%2Fwp%2Fv2%2Fmedia&parent=58860"}],"curies":[{"name":"wp","href":"https:\/\/api.w.org\/{rel}","templated":true}]}}