{"id":58863,"date":"2021-07-24T14:20:01","date_gmt":"2021-07-24T12:20:01","guid":{"rendered":"http:\/\/museumek.eu\/?page_id=58863"},"modified":"2021-07-24T14:20:37","modified_gmt":"2021-07-24T12:20:37","slug":"dcciii3","status":"publish","type":"page","link":"http:\/\/museumek.eu\/?page_id=58863","title":{"rendered":"D\/CCIII\/3"},"content":{"rendered":"<p><strong>Abteilung Deutschland, Keramik 1860 \u2013 1960, Inventarnummer D\/CCIII\/3<\/strong><\/p>\n<p>Striegauer Porzellanfabrik C. Walter &#038; Co. und Nachf. Striegauer Porzellanfabrik A.-G., vormals C. Walter &#038; Co., Deutschland\/Schlesien, Stanowitz bei Striegau, vor\/um 1900, Zuckerdose eines Kaffeekerns, K\u00fcnstler unbekannt, Werks.-Nr. ohne, Exemplar Nr. ohne, gemarkt keine Fabrikmarke aber I sowie UTA (? Form-Dekorname ?) gepresst, nicht signiert, Literatur: Adressbuch der keramischen Industrie, 9. Auflage vom Januar 1906, Seite 245, dort eingetragen: Striegauer Porzellanfabrik A.-G., vormals C. Walter &#038; Co. in Stanowitz bei Striegau, Rgbz. Breslau, Prov. Schlesien, besteht seit 1873, weitere Literatur: Dieter Z\u00fchlsdorff, Markenlexikon, Band 1, Porzellan und Keramik Report 1885 &#8211; 1935, Seite 617, Werk-Teil 3., laufende Nummer des Werkteils 1211, dort kurze Beschreibung der Fabrik, weitere Literatur: Ludwig Danckert, Handbuch des Europ\u00e4ischen Porzellans, 7. Auflage, Seite 671, dort sehr kurze unvollst\u00e4ndige Beschreibung der Fabrik, weitere Literatur: Gerhard Schmidt-Stein, Schlesisches Porzellan vor 1945, Seite 179 ff., Beschreibung der Fabrik, 1873 gr\u00fcndete Conrad Walter aus Striegau in der ehemaligen Walkm\u00fchle der Striegauer Tuchmacher-Innung in Nieder-Stanowitz eine Porzellanfabrik, Firmierung Striegauer Porzellanfabrik C. Walter &#038; Co., Sitz der der Commanditgesellschaft war Striegau, 1888 waren folgende Striegauer B\u00fcrger Inhaber: Conrad Walter, Paul Mei\u00dfner und Adolf Welzel, Walter arbeitete als Direktor und Mei\u00dfner als Prokurist, 1898 verlegte die Commanditgesellschaft ihren Sitz von Striegau nach Stanowitz, im gleichen Jahr wurde die Fabrik AG, Firmierung Striegauer Porzellanfabrik A.-G., vormals C. Walter &#038; Co., die Direktion der AG \u00fcbernahm Conrad Walter, die Fabrik verf\u00fcgte \u00fcber Musterlager in Berlin, Hamburg und Paris, die Fabrik stellte au\u00dferdem auf der Leipziger Messe aus, um 1905 besch\u00e4ftigte die Fabrik ungef\u00e4hr 130 Arbeiter, 1905 schied Walter aus dem Vorstand der AG aus und war von da an im Aufsichtsrat t\u00e4tig, als neuer Direktor der Fabrik wurde Johannes Wolff berufen, dieser verstarb allerdings bereits ein halbes Jahr sp\u00e4ter an einem Schlaganfall, Nachfolger wurde Friedrich Wilhelm Flamm, vorher Prokurist der Porzellanfabrik Hermann Ohme in Nieder-Salzbrunn, Flamm blieb Direktor bis zum Konkurs der Fabrik im Jahre 1933, die Fabrik war Mitglied im Verband Deutscher Porzellangeschirrfabriken G.m.b.H. Berlin, die Fabrik versuchte sich auch in der Produktion von Kleinplastiken, in der Spitze besch\u00e4ftige die Fabrik ca. 300 Mitarbeiter, 1932 musste die Fabrik einen Zwangsvergleich mit ihren Gl\u00e4ubigern schlie\u00dfen und am 27.01.1933 wurde das Konkursverfahren er\u00f6ffnet,<br \/>\nH\u00f6he 12 cm, Breite 15 cm <\/p>\n<p><a href=\"http:\/\/museumek.eu\/?attachment_id=58813\" rel=\"attachment wp-att-58813\"><img loading=\"lazy\" src=\"http:\/\/museumek.eu\/wp-content\/uploads\/2021\/07\/Striegauer-Kaffeekern-hier-Kanne-1-300x234.jpg\" alt=\"\" title=\"Striegauer Kaffeekern hier Kanne 1\" width=\"300\" height=\"234\" class=\"alignnone size-medium wp-image-58813\" srcset=\"http:\/\/museumek.eu\/wp-content\/uploads\/2021\/07\/Striegauer-Kaffeekern-hier-Kanne-1-300x234.jpg 300w, http:\/\/museumek.eu\/wp-content\/uploads\/2021\/07\/Striegauer-Kaffeekern-hier-Kanne-1-150x117.jpg 150w, http:\/\/museumek.eu\/wp-content\/uploads\/2021\/07\/Striegauer-Kaffeekern-hier-Kanne-1-383x300.jpg 383w, http:\/\/museumek.eu\/wp-content\/uploads\/2021\/07\/Striegauer-Kaffeekern-hier-Kanne-1.jpg 614w\" sizes=\"(max-width: 300px) 100vw, 300px\" \/><\/a><\/p>\n<p><a href=\"http:\/\/museumek.eu\/?attachment_id=58845\" rel=\"attachment wp-att-58845\"><img loading=\"lazy\" src=\"http:\/\/museumek.eu\/wp-content\/uploads\/2021\/07\/Striegauer-Kaffeekern-hier-Zuckerdose-1-300x282.jpg\" alt=\"\" title=\"Striegauer Kaffeekern hier Zuckerdose 1\" width=\"300\" height=\"282\" class=\"alignnone size-medium wp-image-58845\" srcset=\"http:\/\/museumek.eu\/wp-content\/uploads\/2021\/07\/Striegauer-Kaffeekern-hier-Zuckerdose-1-300x282.jpg 300w, http:\/\/museumek.eu\/wp-content\/uploads\/2021\/07\/Striegauer-Kaffeekern-hier-Zuckerdose-1-150x141.jpg 150w, http:\/\/museumek.eu\/wp-content\/uploads\/2021\/07\/Striegauer-Kaffeekern-hier-Zuckerdose-1-318x300.jpg 318w, http:\/\/museumek.eu\/wp-content\/uploads\/2021\/07\/Striegauer-Kaffeekern-hier-Zuckerdose-1.jpg 509w\" sizes=\"(max-width: 300px) 100vw, 300px\" \/><\/a><\/p>\n<p><a href=\"http:\/\/museumek.eu\/?attachment_id=58846\" rel=\"attachment wp-att-58846\"><img loading=\"lazy\" src=\"http:\/\/museumek.eu\/wp-content\/uploads\/2021\/07\/Striegauer-Kaffeekern-hier-Zuckerdose-2-247x300.jpg\" alt=\"\" title=\"Striegauer Kaffeekern hier Zuckerdose 2\" width=\"247\" height=\"300\" class=\"alignnone size-medium wp-image-58846\" srcset=\"http:\/\/museumek.eu\/wp-content\/uploads\/2021\/07\/Striegauer-Kaffeekern-hier-Zuckerdose-2-247x300.jpg 247w, http:\/\/museumek.eu\/wp-content\/uploads\/2021\/07\/Striegauer-Kaffeekern-hier-Zuckerdose-2-123x150.jpg 123w, http:\/\/museumek.eu\/wp-content\/uploads\/2021\/07\/Striegauer-Kaffeekern-hier-Zuckerdose-2.jpg 480w\" sizes=\"(max-width: 247px) 100vw, 247px\" \/><\/a><\/p>\n<p><a href=\"http:\/\/museumek.eu\/?attachment_id=58847\" rel=\"attachment wp-att-58847\"><img loading=\"lazy\" src=\"http:\/\/museumek.eu\/wp-content\/uploads\/2021\/07\/Striegauer-Kaffeekern-hier-Zuckerdose-3-216x300.jpg\" alt=\"\" title=\"Striegauer Kaffeekern hier Zuckerdose 3\" width=\"216\" height=\"300\" class=\"alignnone size-medium wp-image-58847\" srcset=\"http:\/\/museumek.eu\/wp-content\/uploads\/2021\/07\/Striegauer-Kaffeekern-hier-Zuckerdose-3-216x300.jpg 216w, http:\/\/museumek.eu\/wp-content\/uploads\/2021\/07\/Striegauer-Kaffeekern-hier-Zuckerdose-3-108x150.jpg 108w, http:\/\/museumek.eu\/wp-content\/uploads\/2021\/07\/Striegauer-Kaffeekern-hier-Zuckerdose-3.jpg 462w\" sizes=\"(max-width: 216px) 100vw, 216px\" \/><\/a><\/p>\n<p><a href=\"http:\/\/museumek.eu\/?attachment_id=58848\" rel=\"attachment wp-att-58848\"><img loading=\"lazy\" src=\"http:\/\/museumek.eu\/wp-content\/uploads\/2021\/07\/Striegauer-Kaffeekern-hier-Zuckerdose-4-300x280.jpg\" alt=\"\" title=\"Striegauer Kaffeekern hier Zuckerdose 4\" width=\"300\" height=\"280\" class=\"alignnone size-medium wp-image-58848\" srcset=\"http:\/\/museumek.eu\/wp-content\/uploads\/2021\/07\/Striegauer-Kaffeekern-hier-Zuckerdose-4-300x280.jpg 300w, http:\/\/museumek.eu\/wp-content\/uploads\/2021\/07\/Striegauer-Kaffeekern-hier-Zuckerdose-4-150x140.jpg 150w, http:\/\/museumek.eu\/wp-content\/uploads\/2021\/07\/Striegauer-Kaffeekern-hier-Zuckerdose-4-320x300.jpg 320w, http:\/\/museumek.eu\/wp-content\/uploads\/2021\/07\/Striegauer-Kaffeekern-hier-Zuckerdose-4.jpg 513w\" sizes=\"(max-width: 300px) 100vw, 300px\" \/><\/a><\/p>\n<p><a href=\"http:\/\/museumek.eu\/?attachment_id=58849\" rel=\"attachment wp-att-58849\"><img loading=\"lazy\" src=\"http:\/\/museumek.eu\/wp-content\/uploads\/2021\/07\/Striegauer-Kaffeekern-hier-Zuckerdose-5-300x197.jpg\" alt=\"\" title=\"Striegauer Kaffeekern hier Zuckerdose 5\" width=\"300\" height=\"197\" class=\"alignnone size-medium wp-image-58849\" srcset=\"http:\/\/museumek.eu\/wp-content\/uploads\/2021\/07\/Striegauer-Kaffeekern-hier-Zuckerdose-5-300x197.jpg 300w, http:\/\/museumek.eu\/wp-content\/uploads\/2021\/07\/Striegauer-Kaffeekern-hier-Zuckerdose-5-150x98.jpg 150w, http:\/\/museumek.eu\/wp-content\/uploads\/2021\/07\/Striegauer-Kaffeekern-hier-Zuckerdose-5-454x300.jpg 454w, http:\/\/museumek.eu\/wp-content\/uploads\/2021\/07\/Striegauer-Kaffeekern-hier-Zuckerdose-5.jpg 640w\" sizes=\"(max-width: 300px) 100vw, 300px\" \/><\/a><\/p>\n<p><a href=\"http:\/\/museumek.eu\/?attachment_id=58850\" rel=\"attachment wp-att-58850\"><img loading=\"lazy\" src=\"http:\/\/museumek.eu\/wp-content\/uploads\/2021\/07\/Striegauer-Kaffeekern-hier-Zuckerdose-6-300x300.jpg\" alt=\"\" title=\"Striegauer Kaffeekern hier Zuckerdose 6\" width=\"300\" height=\"300\" class=\"alignnone size-medium wp-image-58850\" srcset=\"http:\/\/museumek.eu\/wp-content\/uploads\/2021\/07\/Striegauer-Kaffeekern-hier-Zuckerdose-6-300x300.jpg 300w, http:\/\/museumek.eu\/wp-content\/uploads\/2021\/07\/Striegauer-Kaffeekern-hier-Zuckerdose-6-150x150.jpg 150w, http:\/\/museumek.eu\/wp-content\/uploads\/2021\/07\/Striegauer-Kaffeekern-hier-Zuckerdose-6-299x300.jpg 299w, http:\/\/museumek.eu\/wp-content\/uploads\/2021\/07\/Striegauer-Kaffeekern-hier-Zuckerdose-6.jpg 318w\" sizes=\"(max-width: 300px) 100vw, 300px\" \/><\/a><\/p>\n","protected":false},"excerpt":{"rendered":"<p>Abteilung Deutschland, Keramik 1860 \u2013 1960, Inventarnummer D\/CCIII\/3 Striegauer Porzellanfabrik C. Walter &#038; Co. und Nachf. Striegauer Porzellanfabrik A.-G., vormals C. Walter &#038; Co., Deutschland\/Schlesien, Stanowitz bei Striegau, vor\/um 1900, Zuckerdose eines Kaffeekerns, K\u00fcnstler unbekannt, Werks.-Nr. ohne, Exemplar Nr. ohne, &hellip; <a href=\"http:\/\/museumek.eu\/?page_id=58863\">Weiterlesen <span class=\"meta-nav\">&rarr;<\/span><\/a><\/p>\n","protected":false},"author":1,"featured_media":0,"parent":58810,"menu_order":3,"comment_status":"closed","ping_status":"open","template":"","meta":[],"_links":{"self":[{"href":"http:\/\/museumek.eu\/index.php?rest_route=\/wp\/v2\/pages\/58863"}],"collection":[{"href":"http:\/\/museumek.eu\/index.php?rest_route=\/wp\/v2\/pages"}],"about":[{"href":"http:\/\/museumek.eu\/index.php?rest_route=\/wp\/v2\/types\/page"}],"author":[{"embeddable":true,"href":"http:\/\/museumek.eu\/index.php?rest_route=\/wp\/v2\/users\/1"}],"replies":[{"embeddable":true,"href":"http:\/\/museumek.eu\/index.php?rest_route=%2Fwp%2Fv2%2Fcomments&post=58863"}],"version-history":[{"count":4,"href":"http:\/\/museumek.eu\/index.php?rest_route=\/wp\/v2\/pages\/58863\/revisions"}],"predecessor-version":[{"id":58867,"href":"http:\/\/museumek.eu\/index.php?rest_route=\/wp\/v2\/pages\/58863\/revisions\/58867"}],"up":[{"embeddable":true,"href":"http:\/\/museumek.eu\/index.php?rest_route=\/wp\/v2\/pages\/58810"}],"wp:attachment":[{"href":"http:\/\/museumek.eu\/index.php?rest_route=%2Fwp%2Fv2%2Fmedia&parent=58863"}],"curies":[{"name":"wp","href":"https:\/\/api.w.org\/{rel}","templated":true}]}}