{"id":58904,"date":"2021-07-24T17:47:54","date_gmt":"2021-07-24T15:47:54","guid":{"rendered":"http:\/\/museumek.eu\/?page_id=58904"},"modified":"2021-07-24T17:49:06","modified_gmt":"2021-07-24T15:49:06","slug":"nix1","status":"publish","type":"page","link":"http:\/\/museumek.eu\/?page_id=58904","title":{"rendered":"N\/IX\/1"},"content":{"rendered":"<p><strong>Abteilung Niederlande, Keramik 1860 \u2013 1960, Inventarnummer N\/IX\/1<\/strong><\/p>\n<p>Utrechtse Pottenfabriek Klaas Jan Mobach, Niederlande, Utrecht, um\/nach 1930, Kanne, K\u00fcnstler unbekannt, Werks.-Nr. 365, Exemplar Nr. ohne, gemarkt Firmenmarke mit MOBACH, darunter UTRECHT gepresst sowie 365 geritzt, nicht signiert, Literatur: Dieter Z\u00fchlsdorff, Markenlexikon Band 1, Porzellan und Keramik Report 1885 &#8211; 1935, Seite 198, Werk-Teil 1., Gruppennummer des Werkteils 2., laufende Nummer innerhalb der Gruppe 1924 identische Marke (dort f\u00fcr die Zeit ab 1920) sowie Seite 631, Werk-Teil 3., laufende Nummer des Werkteils 1299, dort kurze Beschreibung der Fabrik, 1895 gr\u00fcndete Klaas Jan Mobach in Utrecht seine eigene T\u00f6pferei, Firmierung Utrechtsche Pottenfabriek, zun\u00e4chst wurde mit der Herstellung von Keramik mit friesischen Schnitzereien begonnen, nach 1900 folgen die klaren Linien der Neuen Kunst, nach 1900 traten 3 S\u00f6hne Mobachs in die Fabrik ein, Bouke Mobach, Johannes Dirk Mobach sowie Ale Mobach, 1915 trat auch Mobachs Enkel Klaas Jan Mobach jun. in die Fabrik ein, ab 1926 arbeitete man mit T\u00f6pfen mit rauer Oberfl\u00e4che, Bouke Mobach begann mit dem Reduktionsbrand von Glasuren und der Verwendung von selbstentwickelten Glanzglasuren, in den 1930&#8217;er Jahren produzierte Mobach auch Kleinserien orientalisch inspirierter Keramik, einfarbig (manchmal metallfarben) glasierte T\u00f6pfe, Vasen und Schalen, nach dem Krieg wurde die Fabrik wieder in Betrieb genommen und in den f\u00fcnfziger Jahren, Vasen und Schalen wurden aus rotem Brennton hergestellt, Ende der 1960&#8217;er Jahre fertigte Klaas Mobach jun. gedrehte Vasen- und Schalenformen mit bunten Engoben in geometrischen Motiven, die Fabrik ist heute noch, inzwischen in der f\u00fcnften Generation, t\u00e4tig, H\u00f6he 19 cm, Breite 18 cm<\/p>\n<p><a href=\"http:\/\/museumek.eu\/?attachment_id=58889\" rel=\"attachment wp-att-58889\"><img loading=\"lazy\" src=\"http:\/\/museumek.eu\/wp-content\/uploads\/2021\/07\/Mobach-Utrecht-Vase-2-269x300.jpg\" alt=\"\" title=\"Mobach Utrecht Vase 2\" width=\"269\" height=\"300\" class=\"alignnone size-medium wp-image-58889\" srcset=\"http:\/\/museumek.eu\/wp-content\/uploads\/2021\/07\/Mobach-Utrecht-Vase-2-269x300.jpg 269w, http:\/\/museumek.eu\/wp-content\/uploads\/2021\/07\/Mobach-Utrecht-Vase-2-134x150.jpg 134w, http:\/\/museumek.eu\/wp-content\/uploads\/2021\/07\/Mobach-Utrecht-Vase-2.jpg 480w\" sizes=\"(max-width: 269px) 100vw, 269px\" \/><\/a><\/p>\n<p><a href=\"http:\/\/museumek.eu\/?attachment_id=58890\" rel=\"attachment wp-att-58890\"><img loading=\"lazy\" src=\"http:\/\/museumek.eu\/wp-content\/uploads\/2021\/07\/Mobach-Utrecht-Vase-1-273x300.jpg\" alt=\"\" title=\"Mobach Utrecht Vase 1\" width=\"273\" height=\"300\" class=\"alignnone size-medium wp-image-58890\" srcset=\"http:\/\/museumek.eu\/wp-content\/uploads\/2021\/07\/Mobach-Utrecht-Vase-1-273x300.jpg 273w, http:\/\/museumek.eu\/wp-content\/uploads\/2021\/07\/Mobach-Utrecht-Vase-1-136x150.jpg 136w, http:\/\/museumek.eu\/wp-content\/uploads\/2021\/07\/Mobach-Utrecht-Vase-1.jpg 480w\" sizes=\"(max-width: 273px) 100vw, 273px\" \/><\/a><\/p>\n<p><a href=\"http:\/\/museumek.eu\/?attachment_id=58891\" rel=\"attachment wp-att-58891\"><img loading=\"lazy\" src=\"http:\/\/museumek.eu\/wp-content\/uploads\/2021\/07\/Mobach-Utrecht-Vase-3-244x300.jpg\" alt=\"\" title=\"Mobach Utrecht Vase 3\" width=\"244\" height=\"300\" class=\"alignnone size-medium wp-image-58891\" srcset=\"http:\/\/museumek.eu\/wp-content\/uploads\/2021\/07\/Mobach-Utrecht-Vase-3-244x300.jpg 244w, http:\/\/museumek.eu\/wp-content\/uploads\/2021\/07\/Mobach-Utrecht-Vase-3-122x150.jpg 122w, http:\/\/museumek.eu\/wp-content\/uploads\/2021\/07\/Mobach-Utrecht-Vase-3.jpg 480w\" sizes=\"(max-width: 244px) 100vw, 244px\" \/><\/a><\/p>\n<p><a href=\"http:\/\/museumek.eu\/?attachment_id=58892\" rel=\"attachment wp-att-58892\"><img loading=\"lazy\" src=\"http:\/\/museumek.eu\/wp-content\/uploads\/2021\/07\/Mobach-Utrecht-Vase-4-248x300.jpg\" alt=\"\" title=\"Mobach Utrecht Vase 4\" width=\"248\" height=\"300\" class=\"alignnone size-medium wp-image-58892\" srcset=\"http:\/\/museumek.eu\/wp-content\/uploads\/2021\/07\/Mobach-Utrecht-Vase-4-248x300.jpg 248w, http:\/\/museumek.eu\/wp-content\/uploads\/2021\/07\/Mobach-Utrecht-Vase-4-124x150.jpg 124w, http:\/\/museumek.eu\/wp-content\/uploads\/2021\/07\/Mobach-Utrecht-Vase-4.jpg 480w\" sizes=\"(max-width: 248px) 100vw, 248px\" \/><\/a><\/p>\n<p><a href=\"http:\/\/museumek.eu\/?attachment_id=58893\" rel=\"attachment wp-att-58893\"><img loading=\"lazy\" src=\"http:\/\/museumek.eu\/wp-content\/uploads\/2021\/07\/Mobach-Utrecht-Vase-5-237x300.jpg\" alt=\"\" title=\"Mobach Utrecht Vase 5\" width=\"237\" height=\"300\" class=\"alignnone size-medium wp-image-58893\" srcset=\"http:\/\/museumek.eu\/wp-content\/uploads\/2021\/07\/Mobach-Utrecht-Vase-5-237x300.jpg 237w, http:\/\/museumek.eu\/wp-content\/uploads\/2021\/07\/Mobach-Utrecht-Vase-5-118x150.jpg 118w, http:\/\/museumek.eu\/wp-content\/uploads\/2021\/07\/Mobach-Utrecht-Vase-5.jpg 480w\" sizes=\"(max-width: 237px) 100vw, 237px\" \/><\/a><\/p>\n<p><a href=\"http:\/\/museumek.eu\/?attachment_id=58894\" rel=\"attachment wp-att-58894\"><img loading=\"lazy\" src=\"http:\/\/museumek.eu\/wp-content\/uploads\/2021\/07\/Mobach-Utrecht-Vase-6-258x300.jpg\" alt=\"\" title=\"Mobach Utrecht Vase 6\" width=\"258\" height=\"300\" class=\"alignnone size-medium wp-image-58894\" srcset=\"http:\/\/museumek.eu\/wp-content\/uploads\/2021\/07\/Mobach-Utrecht-Vase-6-258x300.jpg 258w, http:\/\/museumek.eu\/wp-content\/uploads\/2021\/07\/Mobach-Utrecht-Vase-6-129x150.jpg 129w, http:\/\/museumek.eu\/wp-content\/uploads\/2021\/07\/Mobach-Utrecht-Vase-6.jpg 480w\" sizes=\"(max-width: 258px) 100vw, 258px\" \/><\/a><\/p>\n<p><a href=\"http:\/\/museumek.eu\/?attachment_id=58895\" rel=\"attachment wp-att-58895\"><img loading=\"lazy\" src=\"http:\/\/museumek.eu\/wp-content\/uploads\/2021\/07\/Mobach-Utrecht-Vase-7-300x298.jpg\" alt=\"\" title=\"Mobach Utrecht Vase 7\" width=\"300\" height=\"298\" class=\"alignnone size-medium wp-image-58895\" srcset=\"http:\/\/museumek.eu\/wp-content\/uploads\/2021\/07\/Mobach-Utrecht-Vase-7-300x298.jpg 300w, http:\/\/museumek.eu\/wp-content\/uploads\/2021\/07\/Mobach-Utrecht-Vase-7-150x150.jpg 150w, http:\/\/museumek.eu\/wp-content\/uploads\/2021\/07\/Mobach-Utrecht-Vase-7-301x300.jpg 301w, http:\/\/museumek.eu\/wp-content\/uploads\/2021\/07\/Mobach-Utrecht-Vase-7.jpg 482w\" sizes=\"(max-width: 300px) 100vw, 300px\" \/><\/a><\/p>\n<p><a href=\"http:\/\/museumek.eu\/?attachment_id=58896\" rel=\"attachment wp-att-58896\"><img loading=\"lazy\" src=\"http:\/\/museumek.eu\/wp-content\/uploads\/2021\/07\/Mobach-Utrecht-Vase-8-290x300.jpg\" alt=\"\" title=\"Mobach Utrecht Vase 8\" width=\"290\" height=\"300\" class=\"alignnone size-medium wp-image-58896\" srcset=\"http:\/\/museumek.eu\/wp-content\/uploads\/2021\/07\/Mobach-Utrecht-Vase-8-290x300.jpg 290w, http:\/\/museumek.eu\/wp-content\/uploads\/2021\/07\/Mobach-Utrecht-Vase-8-145x150.jpg 145w, http:\/\/museumek.eu\/wp-content\/uploads\/2021\/07\/Mobach-Utrecht-Vase-8.jpg 480w\" sizes=\"(max-width: 290px) 100vw, 290px\" \/><\/a> <\/p>\n<p><a href=\"http:\/\/museumek.eu\/?attachment_id=58897\" rel=\"attachment wp-att-58897\"><img loading=\"lazy\" src=\"http:\/\/museumek.eu\/wp-content\/uploads\/2021\/07\/Mobach-Utrecht-Vase-9-300x119.jpg\" alt=\"\" title=\"Mobach Utrecht Vase 9\" width=\"300\" height=\"119\" class=\"alignnone size-medium wp-image-58897\" srcset=\"http:\/\/museumek.eu\/wp-content\/uploads\/2021\/07\/Mobach-Utrecht-Vase-9-300x119.jpg 300w, http:\/\/museumek.eu\/wp-content\/uploads\/2021\/07\/Mobach-Utrecht-Vase-9-150x59.jpg 150w, http:\/\/museumek.eu\/wp-content\/uploads\/2021\/07\/Mobach-Utrecht-Vase-9-500x198.jpg 500w, http:\/\/museumek.eu\/wp-content\/uploads\/2021\/07\/Mobach-Utrecht-Vase-9.jpg 640w\" sizes=\"(max-width: 300px) 100vw, 300px\" \/><\/a><\/p>\n<p><a href=\"http:\/\/museumek.eu\/?attachment_id=58898\" rel=\"attachment wp-att-58898\"><img loading=\"lazy\" src=\"http:\/\/museumek.eu\/wp-content\/uploads\/2021\/07\/Mobach-Utrecht-Vase-10-300x265.jpg\" alt=\"\" title=\"Mobach Utrecht Vase 10\" width=\"300\" height=\"265\" class=\"alignnone size-medium wp-image-58898\" srcset=\"http:\/\/museumek.eu\/wp-content\/uploads\/2021\/07\/Mobach-Utrecht-Vase-10-300x265.jpg 300w, http:\/\/museumek.eu\/wp-content\/uploads\/2021\/07\/Mobach-Utrecht-Vase-10-150x132.jpg 150w, http:\/\/museumek.eu\/wp-content\/uploads\/2021\/07\/Mobach-Utrecht-Vase-10-339x300.jpg 339w, http:\/\/museumek.eu\/wp-content\/uploads\/2021\/07\/Mobach-Utrecht-Vase-10.jpg 543w\" sizes=\"(max-width: 300px) 100vw, 300px\" \/><\/a><\/p>\n","protected":false},"excerpt":{"rendered":"<p>Abteilung Niederlande, Keramik 1860 \u2013 1960, Inventarnummer N\/IX\/1 Utrechtse Pottenfabriek Klaas Jan Mobach, Niederlande, Utrecht, um\/nach 1930, Kanne, K\u00fcnstler unbekannt, Werks.-Nr. 365, Exemplar Nr. ohne, gemarkt Firmenmarke mit MOBACH, darunter UTRECHT gepresst sowie 365 geritzt, nicht signiert, Literatur: Dieter Z\u00fchlsdorff, &hellip; <a href=\"http:\/\/museumek.eu\/?page_id=58904\">Weiterlesen <span class=\"meta-nav\">&rarr;<\/span><\/a><\/p>\n","protected":false},"author":1,"featured_media":0,"parent":58883,"menu_order":1,"comment_status":"closed","ping_status":"open","template":"","meta":[],"_links":{"self":[{"href":"http:\/\/museumek.eu\/index.php?rest_route=\/wp\/v2\/pages\/58904"}],"collection":[{"href":"http:\/\/museumek.eu\/index.php?rest_route=\/wp\/v2\/pages"}],"about":[{"href":"http:\/\/museumek.eu\/index.php?rest_route=\/wp\/v2\/types\/page"}],"author":[{"embeddable":true,"href":"http:\/\/museumek.eu\/index.php?rest_route=\/wp\/v2\/users\/1"}],"replies":[{"embeddable":true,"href":"http:\/\/museumek.eu\/index.php?rest_route=%2Fwp%2Fv2%2Fcomments&post=58904"}],"version-history":[{"count":5,"href":"http:\/\/museumek.eu\/index.php?rest_route=\/wp\/v2\/pages\/58904\/revisions"}],"predecessor-version":[{"id":58909,"href":"http:\/\/museumek.eu\/index.php?rest_route=\/wp\/v2\/pages\/58904\/revisions\/58909"}],"up":[{"embeddable":true,"href":"http:\/\/museumek.eu\/index.php?rest_route=\/wp\/v2\/pages\/58883"}],"wp:attachment":[{"href":"http:\/\/museumek.eu\/index.php?rest_route=%2Fwp%2Fv2%2Fmedia&parent=58904"}],"curies":[{"name":"wp","href":"https:\/\/api.w.org\/{rel}","templated":true}]}}