{"id":58931,"date":"2021-07-24T19:16:53","date_gmt":"2021-07-24T17:16:53","guid":{"rendered":"http:\/\/museumek.eu\/?page_id=58931"},"modified":"2021-07-24T19:16:53","modified_gmt":"2021-07-24T17:16:53","slug":"dviii47","status":"publish","type":"page","link":"http:\/\/museumek.eu\/?page_id=58931","title":{"rendered":"D\/VIII\/47"},"content":{"rendered":"<p><strong>Abteilung Deutschland, Keramik 1860 \u2013 1960, Inventarnummer D\/VIII\/47<\/strong><\/p>\n<p>Manufaktur Villeroy &#038; Boch, Deutschland, Mettlach, 1919, patriotischer Teller, K\u00fcnstler unbekannt, Werks.-Nr. ohne, Exemplar Nr. ohne, gemarkt spezieller Stempel, wohl anl\u00e4sslich der franz\u00f6sischen Anspr\u00fcche auf das Saargebiet 1919, in einem k\u00fcnstlerischem Rahmen Mettlach, darunter Rhein Preussen. schwarz unter Glasur, nicht signiert, Durchmesser 21,2 cm<\/p>\n<p><a href=\"http:\/\/museumek.eu\/?attachment_id=58922\" rel=\"attachment wp-att-58922\"><img loading=\"lazy\" src=\"http:\/\/museumek.eu\/wp-content\/uploads\/2011\/09\/Mettlach-Rhein-Teller-1-300x300.jpg\" alt=\"\" title=\"Mettlach Rhein Teller 1\" width=\"300\" height=\"300\" class=\"alignnone size-medium wp-image-58922\" srcset=\"http:\/\/museumek.eu\/wp-content\/uploads\/2011\/09\/Mettlach-Rhein-Teller-1-300x300.jpg 300w, http:\/\/museumek.eu\/wp-content\/uploads\/2011\/09\/Mettlach-Rhein-Teller-1-150x150.jpg 150w, http:\/\/museumek.eu\/wp-content\/uploads\/2011\/09\/Mettlach-Rhein-Teller-1-299x300.jpg 299w, http:\/\/museumek.eu\/wp-content\/uploads\/2011\/09\/Mettlach-Rhein-Teller-1.jpg 480w\" sizes=\"(max-width: 300px) 100vw, 300px\" \/><\/a><\/p>\n<p><a href=\"http:\/\/museumek.eu\/?attachment_id=58923\" rel=\"attachment wp-att-58923\"><img loading=\"lazy\" src=\"http:\/\/museumek.eu\/wp-content\/uploads\/2011\/09\/Mettlach-Rhein-Teller-2-225x300.jpg\" alt=\"\" title=\"Mettlach Rhein Teller 2\" width=\"225\" height=\"300\" class=\"alignnone size-medium wp-image-58923\" srcset=\"http:\/\/museumek.eu\/wp-content\/uploads\/2011\/09\/Mettlach-Rhein-Teller-2-225x300.jpg 225w, http:\/\/museumek.eu\/wp-content\/uploads\/2011\/09\/Mettlach-Rhein-Teller-2-112x150.jpg 112w, http:\/\/museumek.eu\/wp-content\/uploads\/2011\/09\/Mettlach-Rhein-Teller-2.jpg 480w\" sizes=\"(max-width: 225px) 100vw, 225px\" \/><\/a><\/p>\n<p><a href=\"http:\/\/museumek.eu\/?attachment_id=58924\" rel=\"attachment wp-att-58924\"><img loading=\"lazy\" src=\"http:\/\/museumek.eu\/wp-content\/uploads\/2011\/09\/Mettlach-Rhein-Teller-3-276x300.jpg\" alt=\"\" title=\"Mettlach Rhein Teller 3\" width=\"276\" height=\"300\" class=\"alignnone size-medium wp-image-58924\" srcset=\"http:\/\/museumek.eu\/wp-content\/uploads\/2011\/09\/Mettlach-Rhein-Teller-3-276x300.jpg 276w, http:\/\/museumek.eu\/wp-content\/uploads\/2011\/09\/Mettlach-Rhein-Teller-3-138x150.jpg 138w, http:\/\/museumek.eu\/wp-content\/uploads\/2011\/09\/Mettlach-Rhein-Teller-3.jpg 480w\" sizes=\"(max-width: 276px) 100vw, 276px\" \/><\/a><\/p>\n<p><a href=\"http:\/\/museumek.eu\/?attachment_id=58925\" rel=\"attachment wp-att-58925\"><img loading=\"lazy\" src=\"http:\/\/museumek.eu\/wp-content\/uploads\/2011\/09\/Mettlach-Rhein-Teller-4-300x293.jpg\" alt=\"\" title=\"Mettlach Rhein Teller 4\" width=\"300\" height=\"293\" class=\"alignnone size-medium wp-image-58925\" srcset=\"http:\/\/museumek.eu\/wp-content\/uploads\/2011\/09\/Mettlach-Rhein-Teller-4-300x293.jpg 300w, http:\/\/museumek.eu\/wp-content\/uploads\/2011\/09\/Mettlach-Rhein-Teller-4-150x146.jpg 150w, http:\/\/museumek.eu\/wp-content\/uploads\/2011\/09\/Mettlach-Rhein-Teller-4-306x300.jpg 306w, http:\/\/museumek.eu\/wp-content\/uploads\/2011\/09\/Mettlach-Rhein-Teller-4.jpg 490w\" sizes=\"(max-width: 300px) 100vw, 300px\" \/><\/a><\/p>\n<p><a href=\"http:\/\/museumek.eu\/?attachment_id=58926\" rel=\"attachment wp-att-58926\"><img loading=\"lazy\" src=\"http:\/\/museumek.eu\/wp-content\/uploads\/2011\/09\/Mettlach-Rhein-Teller-5-300x174.jpg\" alt=\"\" title=\"Mettlach Rhein Teller 5\" width=\"300\" height=\"174\" class=\"alignnone size-medium wp-image-58926\" srcset=\"http:\/\/museumek.eu\/wp-content\/uploads\/2011\/09\/Mettlach-Rhein-Teller-5-300x174.jpg 300w, http:\/\/museumek.eu\/wp-content\/uploads\/2011\/09\/Mettlach-Rhein-Teller-5-150x87.jpg 150w, http:\/\/museumek.eu\/wp-content\/uploads\/2011\/09\/Mettlach-Rhein-Teller-5-500x290.jpg 500w, http:\/\/museumek.eu\/wp-content\/uploads\/2011\/09\/Mettlach-Rhein-Teller-5.jpg 640w\" sizes=\"(max-width: 300px) 100vw, 300px\" \/><\/a> <\/p>\n","protected":false},"excerpt":{"rendered":"<p>Abteilung Deutschland, Keramik 1860 \u2013 1960, Inventarnummer D\/VIII\/47 Manufaktur Villeroy &#038; Boch, Deutschland, Mettlach, 1919, patriotischer Teller, K\u00fcnstler unbekannt, Werks.-Nr. ohne, Exemplar Nr. ohne, gemarkt spezieller Stempel, wohl anl\u00e4sslich der franz\u00f6sischen Anspr\u00fcche auf das Saargebiet 1919, in einem k\u00fcnstlerischem Rahmen &hellip; <a href=\"http:\/\/museumek.eu\/?page_id=58931\">Weiterlesen <span class=\"meta-nav\">&rarr;<\/span><\/a><\/p>\n","protected":false},"author":1,"featured_media":0,"parent":47443,"menu_order":47,"comment_status":"closed","ping_status":"open","template":"","meta":[],"_links":{"self":[{"href":"http:\/\/museumek.eu\/index.php?rest_route=\/wp\/v2\/pages\/58931"}],"collection":[{"href":"http:\/\/museumek.eu\/index.php?rest_route=\/wp\/v2\/pages"}],"about":[{"href":"http:\/\/museumek.eu\/index.php?rest_route=\/wp\/v2\/types\/page"}],"author":[{"embeddable":true,"href":"http:\/\/museumek.eu\/index.php?rest_route=\/wp\/v2\/users\/1"}],"replies":[{"embeddable":true,"href":"http:\/\/museumek.eu\/index.php?rest_route=%2Fwp%2Fv2%2Fcomments&post=58931"}],"version-history":[{"count":2,"href":"http:\/\/museumek.eu\/index.php?rest_route=\/wp\/v2\/pages\/58931\/revisions"}],"predecessor-version":[{"id":58933,"href":"http:\/\/museumek.eu\/index.php?rest_route=\/wp\/v2\/pages\/58931\/revisions\/58933"}],"up":[{"embeddable":true,"href":"http:\/\/museumek.eu\/index.php?rest_route=\/wp\/v2\/pages\/47443"}],"wp:attachment":[{"href":"http:\/\/museumek.eu\/index.php?rest_route=%2Fwp%2Fv2%2Fmedia&parent=58931"}],"curies":[{"name":"wp","href":"https:\/\/api.w.org\/{rel}","templated":true}]}}