{"id":59105,"date":"2021-07-27T14:13:35","date_gmt":"2021-07-27T12:13:35","guid":{"rendered":"http:\/\/museumek.eu\/?page_id=59105"},"modified":"2021-07-27T14:13:35","modified_gmt":"2021-07-27T12:13:35","slug":"fx18","status":"publish","type":"page","link":"http:\/\/museumek.eu\/?page_id=59105","title":{"rendered":"F\/X\/18"},"content":{"rendered":"<p><strong>Abteilung Frankreich, Keramik 1860 \u2013 1960, Inventarnummer F\/X\/18<\/strong><\/p>\n<p>Utzschneider &#038; Cie. Fabrique de Faience &#038; Porcelaine a Sarreguemines &#038; Digoin und Nachf. Faienceries de Sarreguemines, Digoin et Vitry-le-Francois, anciennement Utzschneider &#038; Cie., Frankreich, Sarreguemines\/Digoin, um\/nach 1890, Wandteller Schwarzw\u00e4lderin, Werks-Nr. ohne\/Exemplar Nr. ohne, gemarkt Firmenmarke mit U &#038; C sowie Sarreguemines schwarzer Stempel unter Glasur, darunter Schwarzw\u00e4lderin. in blassem schwarz unter Glasur, darunter Nach Photoglob Co. (die Photoglob AG ist ein 1889 gegr\u00fcndeter schweizerischer Verlag unter anderem f\u00fcr Ansichtskarten, Panoramabilder), darunter Z\u00dcRICH schwarzer Stempel unter Glasur, darunter Brevet\u00e9: S.G.D.G. (ist die Bezeichnung f\u00fcr ein Patent wie es in Frankreich bis zum Jahr 1968 galt, der Ausdruck steht f\u00fcr \u201eBrevet\u00e9 Sans Garantie Du Gouvernement\u201c und bedeutet \u00fcbersetzt: \u201ePatent ohne Garantie der Regierung\u201c) schwarzer Stempel unter Glasur, darunter B (?) P schwarz unter Glasur sowie unbekanntes Zeichen gepresst, nicht signiert, bei dem Dekor handelt es sich um ein sepiafarbenes Umdruckdekor \u201eCalvados\u201c, welches f\u00fcr die Weltausstellung 1889 verwendet wurde, auf Bildtellern zur Weltausstellung von 1889 findet man f\u00fcr die besondere Keramikmasse \u201eIvoire\u201c-Elfenbein (wegen der gelblichen Farbe) die Ordnungszahl 228, somit konnte man die verschiedenen Keramikmassen beim Brand in Bezug auf Branddauer und Brandhitze unterscheiden, Literatur: Henri Gauvin, Alain Benedick, Jean-Jacques Becker, Sarreguemines-Les Marques de Fabrique, Jahr 2005, weitere Literatur: J.G. Th. Gr\u00e4sse und E. Jaennicke, F\u00fchrer f\u00fcr Sammler von Porzellan und Fayence, Steinzeug, Steingut usw., Seite 153, Marke Nr. 2 identisch, weitere Literatur: Jeffrey B. Snyder and Leslie Bockol, Majolica, British, American &#038; European Wares, Seite 150, Beschreibung der Fabriken sowie Seite 153, Marke identisch, weitere Literatur: Otto Pelka, Keramik der Neuzeit, Markentafel XI, Markenkasten 176, Abbildung der identischen Marke sowie Seite 222, Namensverzeichnis der Manufakturen, Fabrik dort aufgef\u00fchrt, weitere Literatur: J. A. Schmoll genannt Eisenwerth und Helga Schmoll genannt Eisenwerth, Nancy 1900 Jugendstil in Lothringen, Seite 151, Beschreibung der Fabriken sowie Seite 448, identische Marke abgebildet, weitere Literatur: Dieter Z\u00fchlsdorff, Markenlexikon, Porzellan und Keramik Report 1885 &#8211; 1935, Seite 188, Werkteil 1., Gruppennummer 2., laufende Nummer innerhalb der Gruppe 1667, dort identische Marke (dort g\u00fcltig f\u00fcr die Zeit ab 1890, f\u00fcr Fayencen) sowie Seite 600, Werkteil Nr. 3, laufende Nummer innerhalb des Werkteils 1114, dort Beschreibung der Fabriken, 1795 gr\u00fcnden Nicolas-Henri Jacobi, Paul-Augustin Jacobi und Joseph Fabry eine Porzellan-, Steingut-, Fayence-, und Majolikafabrik in Sarreguemines, Firmierung nicht bekannt, 1793 tritt Francois Paul Utzschneider als Mitarbeiter in die Fabrik ein und wird 1799 Teilhaber der Fabrik, 1836 \u00fcbernimmt Utzschneiders Schwiegersohn Alexandre de Geiger (1803 &#8211; 1891) die Firmenleitung, 1871 kauft dessen Sohn Paul de Geiger die Fabrik, wahrscheinlich Firmierung ab da Utzschneider &#038; Cie. Fabrique de Faience &#038; Porcelaine a Sarreguemines, nach dem deutsch-franz\u00f6sischem Krieg 1870\/1871 geh\u00f6rt Sarreguemines zu Deutschland, deshalb gr\u00fcndet Paul de Geiger zwei weitere Fabriken in Frankreich (mit finanzieller Unterst\u00fctzung von Villeroy &#038; Boch), 1876 in Digoin (f\u00fcr Zier- und Gebrauchsporzellan) und 1881 in in Vitry-le-Francois (f\u00fcr Bau- und Industriekeramik), wahrscheinlich \u00e4nderte sich 1876 die Firmenbezeichnung in Utzschneider &#038; Cie. Fabriques de Faience &#038; Porcelaine a Sarreguemines &#038; Digoin, im Jahre 1883 ersteigert Utzschneider zusammen mit Villeroy &#038; Boch, die Steingutfabrik Schramberg, nach WK I, werden alle 3 Utzschneider Fabriken zu Faienceries de Sarreguemines, Digoin et Vitry-le-Francois, anciennement Utzschneider &#038; Cie. vereinigt, Durchmesser 22 cm<\/p>\n<p><a href=\"http:\/\/museumek.eu\/?attachment_id=59092\" rel=\"attachment wp-att-59092\"><img loading=\"lazy\" src=\"http:\/\/museumek.eu\/wp-content\/uploads\/2011\/09\/Sarreguemines-Phototeller-1-300x292.jpg\" alt=\"\" title=\"Sarreguemines Phototeller 1\" width=\"300\" height=\"292\" class=\"alignnone size-medium wp-image-59092\" srcset=\"http:\/\/museumek.eu\/wp-content\/uploads\/2011\/09\/Sarreguemines-Phototeller-1-300x292.jpg 300w, http:\/\/museumek.eu\/wp-content\/uploads\/2011\/09\/Sarreguemines-Phototeller-1-150x146.jpg 150w, http:\/\/museumek.eu\/wp-content\/uploads\/2011\/09\/Sarreguemines-Phototeller-1-308x300.jpg 308w, http:\/\/museumek.eu\/wp-content\/uploads\/2011\/09\/Sarreguemines-Phototeller-1.jpg 493w\" sizes=\"(max-width: 300px) 100vw, 300px\" \/><\/a><\/p>\n<p><a href=\"http:\/\/museumek.eu\/?attachment_id=59093\" rel=\"attachment wp-att-59093\"><img loading=\"lazy\" src=\"http:\/\/museumek.eu\/wp-content\/uploads\/2011\/09\/Sarreguemines-Phototeller-2-259x300.jpg\" alt=\"\" title=\"Sarreguemines Phototeller 2\" width=\"259\" height=\"300\" class=\"alignnone size-medium wp-image-59093\" srcset=\"http:\/\/museumek.eu\/wp-content\/uploads\/2011\/09\/Sarreguemines-Phototeller-2-259x300.jpg 259w, http:\/\/museumek.eu\/wp-content\/uploads\/2011\/09\/Sarreguemines-Phototeller-2-129x150.jpg 129w, http:\/\/museumek.eu\/wp-content\/uploads\/2011\/09\/Sarreguemines-Phototeller-2.jpg 480w\" sizes=\"(max-width: 259px) 100vw, 259px\" \/><\/a><\/p>\n<p><a href=\"http:\/\/museumek.eu\/?attachment_id=59094\" rel=\"attachment wp-att-59094\"><img loading=\"lazy\" src=\"http:\/\/museumek.eu\/wp-content\/uploads\/2011\/09\/Sarreguemines-Phototeller-3-300x289.jpg\" alt=\"\" title=\"Sarreguemines Phototeller 3\" width=\"300\" height=\"289\" class=\"alignnone size-medium wp-image-59094\" srcset=\"http:\/\/museumek.eu\/wp-content\/uploads\/2011\/09\/Sarreguemines-Phototeller-3-300x289.jpg 300w, http:\/\/museumek.eu\/wp-content\/uploads\/2011\/09\/Sarreguemines-Phototeller-3-150x144.jpg 150w, http:\/\/museumek.eu\/wp-content\/uploads\/2011\/09\/Sarreguemines-Phototeller-3-311x300.jpg 311w, http:\/\/museumek.eu\/wp-content\/uploads\/2011\/09\/Sarreguemines-Phototeller-3.jpg 498w\" sizes=\"(max-width: 300px) 100vw, 300px\" \/><\/a><\/p>\n<p><a href=\"http:\/\/museumek.eu\/?attachment_id=59095\" rel=\"attachment wp-att-59095\"><img loading=\"lazy\" src=\"http:\/\/museumek.eu\/wp-content\/uploads\/2011\/09\/Sarreguemines-Phototeller-4-300x270.jpg\" alt=\"\" title=\"Sarreguemines Phototeller 4\" width=\"300\" height=\"270\" class=\"alignnone size-medium wp-image-59095\" srcset=\"http:\/\/museumek.eu\/wp-content\/uploads\/2011\/09\/Sarreguemines-Phototeller-4-300x270.jpg 300w, http:\/\/museumek.eu\/wp-content\/uploads\/2011\/09\/Sarreguemines-Phototeller-4-150x135.jpg 150w, http:\/\/museumek.eu\/wp-content\/uploads\/2011\/09\/Sarreguemines-Phototeller-4-333x300.jpg 333w, http:\/\/museumek.eu\/wp-content\/uploads\/2011\/09\/Sarreguemines-Phototeller-4.jpg 533w\" sizes=\"(max-width: 300px) 100vw, 300px\" \/><\/a><\/p>\n<p><a href=\"http:\/\/museumek.eu\/?attachment_id=59096\" rel=\"attachment wp-att-59096\"><img loading=\"lazy\" src=\"http:\/\/museumek.eu\/wp-content\/uploads\/2011\/09\/Sarreguemines-Phototeller-5-300x137.jpg\" alt=\"\" title=\"Sarreguemines Phototeller 5\" width=\"300\" height=\"137\" class=\"alignnone size-medium wp-image-59096\" srcset=\"http:\/\/museumek.eu\/wp-content\/uploads\/2011\/09\/Sarreguemines-Phototeller-5-300x137.jpg 300w, http:\/\/museumek.eu\/wp-content\/uploads\/2011\/09\/Sarreguemines-Phototeller-5-150x68.jpg 150w, http:\/\/museumek.eu\/wp-content\/uploads\/2011\/09\/Sarreguemines-Phototeller-5-500x228.jpg 500w, http:\/\/museumek.eu\/wp-content\/uploads\/2011\/09\/Sarreguemines-Phototeller-5.jpg 640w\" sizes=\"(max-width: 300px) 100vw, 300px\" \/><\/a><\/p>\n<p><a href=\"http:\/\/museumek.eu\/?attachment_id=59097\" rel=\"attachment wp-att-59097\"><img loading=\"lazy\" src=\"http:\/\/museumek.eu\/wp-content\/uploads\/2011\/09\/Sarreguemines-Phototeller-6-300x227.jpg\" alt=\"\" title=\"Sarreguemines Phototeller 6\" width=\"300\" height=\"227\" class=\"alignnone size-medium wp-image-59097\" srcset=\"http:\/\/museumek.eu\/wp-content\/uploads\/2011\/09\/Sarreguemines-Phototeller-6-300x227.jpg 300w, http:\/\/museumek.eu\/wp-content\/uploads\/2011\/09\/Sarreguemines-Phototeller-6-150x113.jpg 150w, http:\/\/museumek.eu\/wp-content\/uploads\/2011\/09\/Sarreguemines-Phototeller-6-396x300.jpg 396w, http:\/\/museumek.eu\/wp-content\/uploads\/2011\/09\/Sarreguemines-Phototeller-6.jpg 634w\" sizes=\"(max-width: 300px) 100vw, 300px\" \/><\/a><\/p>\n<p><a href=\"http:\/\/museumek.eu\/?attachment_id=59098\" rel=\"attachment wp-att-59098\"><img loading=\"lazy\" src=\"http:\/\/museumek.eu\/wp-content\/uploads\/2011\/09\/Sarreguemines-Phototeller-7-174x300.jpg\" alt=\"\" title=\"Sarreguemines Phototeller 7\" width=\"174\" height=\"300\" class=\"alignnone size-medium wp-image-59098\" srcset=\"http:\/\/museumek.eu\/wp-content\/uploads\/2011\/09\/Sarreguemines-Phototeller-7-174x300.jpg 174w, http:\/\/museumek.eu\/wp-content\/uploads\/2011\/09\/Sarreguemines-Phototeller-7-87x150.jpg 87w, http:\/\/museumek.eu\/wp-content\/uploads\/2011\/09\/Sarreguemines-Phototeller-7.jpg 372w\" sizes=\"(max-width: 174px) 100vw, 174px\" \/><\/a><\/p>\n","protected":false},"excerpt":{"rendered":"<p>Abteilung Frankreich, Keramik 1860 \u2013 1960, Inventarnummer F\/X\/18 Utzschneider &#038; Cie. Fabrique de Faience &#038; Porcelaine a Sarreguemines &#038; Digoin und Nachf. Faienceries de Sarreguemines, Digoin et Vitry-le-Francois, anciennement Utzschneider &#038; Cie., Frankreich, Sarreguemines\/Digoin, um\/nach 1890, Wandteller Schwarzw\u00e4lderin, Werks-Nr. ohne\/Exemplar &hellip; <a href=\"http:\/\/museumek.eu\/?page_id=59105\">Weiterlesen <span class=\"meta-nav\">&rarr;<\/span><\/a><\/p>\n","protected":false},"author":1,"featured_media":0,"parent":19494,"menu_order":18,"comment_status":"closed","ping_status":"open","template":"","meta":[],"_links":{"self":[{"href":"http:\/\/museumek.eu\/index.php?rest_route=\/wp\/v2\/pages\/59105"}],"collection":[{"href":"http:\/\/museumek.eu\/index.php?rest_route=\/wp\/v2\/pages"}],"about":[{"href":"http:\/\/museumek.eu\/index.php?rest_route=\/wp\/v2\/types\/page"}],"author":[{"embeddable":true,"href":"http:\/\/museumek.eu\/index.php?rest_route=\/wp\/v2\/users\/1"}],"replies":[{"embeddable":true,"href":"http:\/\/museumek.eu\/index.php?rest_route=%2Fwp%2Fv2%2Fcomments&post=59105"}],"version-history":[{"count":2,"href":"http:\/\/museumek.eu\/index.php?rest_route=\/wp\/v2\/pages\/59105\/revisions"}],"predecessor-version":[{"id":59107,"href":"http:\/\/museumek.eu\/index.php?rest_route=\/wp\/v2\/pages\/59105\/revisions\/59107"}],"up":[{"embeddable":true,"href":"http:\/\/museumek.eu\/index.php?rest_route=\/wp\/v2\/pages\/19494"}],"wp:attachment":[{"href":"http:\/\/museumek.eu\/index.php?rest_route=%2Fwp%2Fv2%2Fmedia&parent=59105"}],"curies":[{"name":"wp","href":"https:\/\/api.w.org\/{rel}","templated":true}]}}