{"id":59166,"date":"2021-07-28T19:55:05","date_gmt":"2021-07-28T17:55:05","guid":{"rendered":"http:\/\/museumek.eu\/?page_id=59166"},"modified":"2021-07-28T19:55:05","modified_gmt":"2021-07-28T17:55:05","slug":"dviii49","status":"publish","type":"page","link":"http:\/\/museumek.eu\/?page_id=59166","title":{"rendered":"D\/VIII\/49"},"content":{"rendered":"<p><strong>Abteilung Deutschland, Keramik 1860 \u2013 1960, Inventarnummer D\/VIII\/49<\/strong><\/p>\n<p>Manufaktur Villeroy &#038; Boch, Deutschland, Bonn, 1900 &#8211; 1925, Teller, K\u00fcnstler unbekannt, Werks.-Nr. ohne, Exemplar Nr. ohne, gemarkt Firmenmarke mit Merkurstempel darin VILLEROY &#038; BOCH sowie BONN roter Stempel unter Glasur, 1202 darunter 22 gr\u00fcne Stempel unter Glasur, CE, darunter 40, darunter 8 gepresst, nicht signiert, Literatur: Margit Berwig, Michael Weisser und Adelhart Zippelius, Steingutfabrik und Kunstt\u00f6pferei Franz Anton Mehlem in Bonn und Steingutfabrik Villeroy &#038; Boch Bonn, Katalog 3 zur Ausstellung Volkskunst im Wandel, Seiten 65 ff., dort beschrieben, dass Villeroy &#038; Boch 1920 die Steingutfabrik und Kunstt\u00f6pferei Franz Anton Mehlem in Bonn gekauft hat und das auf Veranlassung von Luitwin von Boch 1925 die Produktion von Steingutgeschirr zugunsten von Sanit\u00e4rware eingestellt worden ist, au\u00dferdem beschrieben, dass Villeroy &#038; Boch 1931 die Schlie\u00dfung des Bonner Betriebes veranlasste, weitere Literatur: Dieter Z\u00fchlsdorff, Markenlexikon, Porzellan und Keramikreport 1885 &#8211; 1935, Seite 307, Werk-Teil 1., Gruppennummer des Werkteils 9. laufende Nummer innerhalb der Gruppe 61 identische Marke (dort f\u00fcr die Zeit ab 1920) sowie Seite 476, Werk-Teil 3., laufende Nummer des Werkteils 131, dort Beschreibung der Fabrik, die Fabrik wurde 1931 stillgelegt und die Produktion nach Dresden verlagert, Durchmesser 24,5 cm<\/p>\n<p><a href=\"http:\/\/museumek.eu\/?attachment_id=59154\" rel=\"attachment wp-att-59154\"><img loading=\"lazy\" src=\"http:\/\/museumek.eu\/wp-content\/uploads\/2011\/09\/Villeroy-Boch-Bonn-Teller-1-300x298.jpg\" alt=\"\" title=\"Villeroy &amp; Boch Bonn Teller 1\" width=\"300\" height=\"298\" class=\"alignnone size-medium wp-image-59154\" srcset=\"http:\/\/museumek.eu\/wp-content\/uploads\/2011\/09\/Villeroy-Boch-Bonn-Teller-1-300x298.jpg 300w, http:\/\/museumek.eu\/wp-content\/uploads\/2011\/09\/Villeroy-Boch-Bonn-Teller-1-150x150.jpg 150w, http:\/\/museumek.eu\/wp-content\/uploads\/2011\/09\/Villeroy-Boch-Bonn-Teller-1-301x300.jpg 301w, http:\/\/museumek.eu\/wp-content\/uploads\/2011\/09\/Villeroy-Boch-Bonn-Teller-1.jpg 482w\" sizes=\"(max-width: 300px) 100vw, 300px\" \/><\/a><\/p>\n<p><a href=\"http:\/\/museumek.eu\/?attachment_id=59155\" rel=\"attachment wp-att-59155\"><img loading=\"lazy\" src=\"http:\/\/museumek.eu\/wp-content\/uploads\/2011\/09\/Villeroy-Boch-Bonn-Teller-2-300x298.jpg\" alt=\"\" title=\"Villeroy &amp; Boch Bonn Teller 2\" width=\"300\" height=\"298\" class=\"alignnone size-medium wp-image-59155\" srcset=\"http:\/\/museumek.eu\/wp-content\/uploads\/2011\/09\/Villeroy-Boch-Bonn-Teller-2-300x298.jpg 300w, http:\/\/museumek.eu\/wp-content\/uploads\/2011\/09\/Villeroy-Boch-Bonn-Teller-2-150x150.jpg 150w, http:\/\/museumek.eu\/wp-content\/uploads\/2011\/09\/Villeroy-Boch-Bonn-Teller-2-301x300.jpg 301w, http:\/\/museumek.eu\/wp-content\/uploads\/2011\/09\/Villeroy-Boch-Bonn-Teller-2.jpg 482w\" sizes=\"(max-width: 300px) 100vw, 300px\" \/><\/a><\/p>\n<p><a href=\"http:\/\/museumek.eu\/?attachment_id=59156\" rel=\"attachment wp-att-59156\"><img loading=\"lazy\" src=\"http:\/\/museumek.eu\/wp-content\/uploads\/2011\/09\/Villeroy-Boch-Bonn-Teller-3-199x300.jpg\" alt=\"\" title=\"Villeroy &amp; Boch Bonn Teller 3\" width=\"199\" height=\"300\" class=\"alignnone size-medium wp-image-59156\" srcset=\"http:\/\/museumek.eu\/wp-content\/uploads\/2011\/09\/Villeroy-Boch-Bonn-Teller-3-199x300.jpg 199w, http:\/\/museumek.eu\/wp-content\/uploads\/2011\/09\/Villeroy-Boch-Bonn-Teller-3-99x150.jpg 99w, http:\/\/museumek.eu\/wp-content\/uploads\/2011\/09\/Villeroy-Boch-Bonn-Teller-3.jpg 426w\" sizes=\"(max-width: 199px) 100vw, 199px\" \/><\/a><\/p>\n<p><a href=\"http:\/\/museumek.eu\/?attachment_id=59157\" rel=\"attachment wp-att-59157\"><img loading=\"lazy\" src=\"http:\/\/museumek.eu\/wp-content\/uploads\/2011\/09\/Villeroy-Boch-Bonn-Teller-4-300x277.jpg\" alt=\"\" title=\"Villeroy &amp; Boch Bonn Teller 4\" width=\"300\" height=\"277\" class=\"alignnone size-medium wp-image-59157\" srcset=\"http:\/\/museumek.eu\/wp-content\/uploads\/2011\/09\/Villeroy-Boch-Bonn-Teller-4-300x277.jpg 300w, http:\/\/museumek.eu\/wp-content\/uploads\/2011\/09\/Villeroy-Boch-Bonn-Teller-4-150x138.jpg 150w, http:\/\/museumek.eu\/wp-content\/uploads\/2011\/09\/Villeroy-Boch-Bonn-Teller-4.jpg 518w\" sizes=\"(max-width: 300px) 100vw, 300px\" \/><\/a> Manufaktur Villeroy &#038; Boch, Deutschland, Bonn, zeitliche Einordnung der abgebildeten Marke: 1920 &#8211; 1925  <\/p>\n<p><a href=\"http:\/\/museumek.eu\/?attachment_id=59158\" rel=\"attachment wp-att-59158\"><img loading=\"lazy\" src=\"http:\/\/museumek.eu\/wp-content\/uploads\/2011\/09\/Villeroy-Boch-Bonn-Teller-5-300x251.jpg\" alt=\"\" title=\"Villeroy &amp; Boch Bonn Teller 5\" width=\"300\" height=\"251\" class=\"alignnone size-medium wp-image-59158\" srcset=\"http:\/\/museumek.eu\/wp-content\/uploads\/2011\/09\/Villeroy-Boch-Bonn-Teller-5-300x251.jpg 300w, http:\/\/museumek.eu\/wp-content\/uploads\/2011\/09\/Villeroy-Boch-Bonn-Teller-5-150x125.jpg 150w, http:\/\/museumek.eu\/wp-content\/uploads\/2011\/09\/Villeroy-Boch-Bonn-Teller-5-358x300.jpg 358w, http:\/\/museumek.eu\/wp-content\/uploads\/2011\/09\/Villeroy-Boch-Bonn-Teller-5.jpg 573w\" sizes=\"(max-width: 300px) 100vw, 300px\" \/><\/a><\/p>\n<p><a href=\"http:\/\/museumek.eu\/?attachment_id=59159\" rel=\"attachment wp-att-59159\"><img loading=\"lazy\" src=\"http:\/\/museumek.eu\/wp-content\/uploads\/2011\/09\/Villeroy-Boch-Bonn-Teller-6-229x300.jpg\" alt=\"\" title=\"Villeroy &amp; Boch Bonn Teller 6\" width=\"229\" height=\"300\" class=\"alignnone size-medium wp-image-59159\" srcset=\"http:\/\/museumek.eu\/wp-content\/uploads\/2011\/09\/Villeroy-Boch-Bonn-Teller-6-229x300.jpg 229w, http:\/\/museumek.eu\/wp-content\/uploads\/2011\/09\/Villeroy-Boch-Bonn-Teller-6-114x150.jpg 114w, http:\/\/museumek.eu\/wp-content\/uploads\/2011\/09\/Villeroy-Boch-Bonn-Teller-6.jpg 469w\" sizes=\"(max-width: 229px) 100vw, 229px\" \/><\/a><\/p>\n","protected":false},"excerpt":{"rendered":"<p>Abteilung Deutschland, Keramik 1860 \u2013 1960, Inventarnummer D\/VIII\/49 Manufaktur Villeroy &#038; Boch, Deutschland, Bonn, 1900 &#8211; 1925, Teller, K\u00fcnstler unbekannt, Werks.-Nr. ohne, Exemplar Nr. ohne, gemarkt Firmenmarke mit Merkurstempel darin VILLEROY &#038; BOCH sowie BONN roter Stempel unter Glasur, 1202 &hellip; <a href=\"http:\/\/museumek.eu\/?page_id=59166\">Weiterlesen <span class=\"meta-nav\">&rarr;<\/span><\/a><\/p>\n","protected":false},"author":1,"featured_media":0,"parent":47443,"menu_order":49,"comment_status":"closed","ping_status":"open","template":"","meta":[],"_links":{"self":[{"href":"http:\/\/museumek.eu\/index.php?rest_route=\/wp\/v2\/pages\/59166"}],"collection":[{"href":"http:\/\/museumek.eu\/index.php?rest_route=\/wp\/v2\/pages"}],"about":[{"href":"http:\/\/museumek.eu\/index.php?rest_route=\/wp\/v2\/types\/page"}],"author":[{"embeddable":true,"href":"http:\/\/museumek.eu\/index.php?rest_route=\/wp\/v2\/users\/1"}],"replies":[{"embeddable":true,"href":"http:\/\/museumek.eu\/index.php?rest_route=%2Fwp%2Fv2%2Fcomments&post=59166"}],"version-history":[{"count":2,"href":"http:\/\/museumek.eu\/index.php?rest_route=\/wp\/v2\/pages\/59166\/revisions"}],"predecessor-version":[{"id":59168,"href":"http:\/\/museumek.eu\/index.php?rest_route=\/wp\/v2\/pages\/59166\/revisions\/59168"}],"up":[{"embeddable":true,"href":"http:\/\/museumek.eu\/index.php?rest_route=\/wp\/v2\/pages\/47443"}],"wp:attachment":[{"href":"http:\/\/museumek.eu\/index.php?rest_route=%2Fwp%2Fv2%2Fmedia&parent=59166"}],"curies":[{"name":"wp","href":"https:\/\/api.w.org\/{rel}","templated":true}]}}